{"id":134420,"date":"2024-02-13T15:03:58","date_gmt":"2024-02-13T13:03:58","guid":{"rendered":"https:\/\/metaltale.com\/produktas\/uhe-kettaga-seade\/"},"modified":"2024-02-13T15:03:58","modified_gmt":"2024-02-13T13:03:58","slug":"uhe-kettaga-seade","status":"publish","type":"product","link":"https:\/\/metaltale.com\/et\/toode\/uhe-kettaga-seade\/","title":{"rendered":"\u00dche kettaga seade"},"content":{"rendered":"<div class=\"prod_data\">\n<p><strong>Mudel<\/strong> 70.462.AI..40<br \/>\n<strong>EAN.<\/strong>  5905369916618<br \/>\nMaterjal Ketus<br \/>\n<strong>\u00dcldine k\u00f5rgus (cm)<\/strong> 7<br \/>\n\u00dcldine laius (cm) 6,5<br \/>\n<strong>\u00dcldl\u00e4bim\u00f5\u00f5t (cm<\/strong> ) 4,5<br \/>\n<strong>Aluse l\u00e4bim\u00f5\u00f5t (cm)<\/strong> 2,3<br \/>\n<strong>V\u00e4rv<\/strong> teras<\/p>\n<p>Plokk on valmistatud k\u00f5ige kvaliteetsemast vormimaterjalist.<\/p>\n<p>Seda saab paigaldada seinale ja lakke.<\/p>\n<p>Sellel on palju rakendusi ja seda saab kasutada n\u00e4iteks lampide, lillede jne riputamiseks.<\/p>\n<p>See sisaldab ratast l\u00e4bim\u00f5\u00f5duga 45 mm, paksusega 10 mm ja soonte s\u00fcgavusega 4 mm.<\/p>\n<p>130 mm kahepoolne kruvi: 15 mm metriline keermestus \u00fchel pool, 60 mm puiduga teisel pool.<\/p>\n<\/div>\n","protected":false},"excerpt":{"rendered":"<p>Mudel 70.462.AI..40 EAN. 5905369916618 Materjal Ketus \u00dcldine k\u00f5rgus (cm) 7 \u00dcldine laius (cm) 6,5 \u00dcldl\u00e4bim\u00f5\u00f5t (cm ) 4,5 Aluse l\u00e4bim\u00f5\u00f5t<\/p>\n","protected":false},"featured_media":74763,"comment_status":"open","ping_status":"closed","template":"","meta":{"_acf_changed":false,"pmpro_default_level":""},"product_brand":[],"product_cat":[24176,23836],"product_tag":[],"class_list":{"0":"post-134420","1":"product","2":"type-product","3":"status-publish","4":"has-post-thumbnail","6":"product_cat-ripatsid-ja-konksud","7":"product_cat-moobli-tarvikud","8":"pmpro-has-access","10":"first","11":"instock","12":"shipping-taxable","13":"purchasable","14":"product-type-simple"},"acf":[],"yoast_head":"<!-- This site is optimized with the Yoast SEO plugin v24.9 - https:\/\/yoast.com\/wordpress\/plugins\/seo\/ -->\n<title>\u00dche kettaga seade - MetalTale.com<\/title>\n<meta name=\"robots\" content=\"index, follow, max-snippet:-1, max-image-preview:large, max-video-preview:-1\" \/>\n<link rel=\"canonical\" href=\"https:\/\/metaltale.com\/et\/toode\/uhe-kettaga-seade\/\" \/>\n<meta property=\"og:locale\" content=\"et_EE\" \/>\n<meta property=\"og:type\" content=\"article\" \/>\n<meta property=\"og:title\" content=\"\u00dche kettaga seade - MetalTale.com\" \/>\n<meta property=\"og:description\" content=\"Mudel 70.462.AI..40 EAN. 5905369916618 Materjal Ketus \u00dcldine k\u00f5rgus (cm) 7 \u00dcldine laius (cm) 6,5 \u00dcldl\u00e4bim\u00f5\u00f5t (cm ) 4,5 Aluse l\u00e4bim\u00f5\u00f5t\" \/>\n<meta property=\"og:url\" content=\"https:\/\/metaltale.com\/et\/toode\/uhe-kettaga-seade\/\" \/>\n<meta property=\"og:site_name\" content=\"MetalTale.com\" \/>\n<meta property=\"og:image\" content=\"https:\/\/metaltale.com\/wp-content\/uploads\/2023\/09\/Vieno-disko-blokas.jpg\" \/>\n\t<meta property=\"og:image:width\" content=\"800\" \/>\n\t<meta property=\"og:image:height\" content=\"800\" \/>\n\t<meta property=\"og:image:type\" content=\"image\/jpeg\" \/>\n<meta name=\"twitter:card\" content=\"summary_large_image\" \/>\n<script type=\"application\/ld+json\" class=\"yoast-schema-graph\">{\"@context\":\"https:\/\/schema.org\",\"@graph\":[{\"@type\":\"WebPage\",\"@id\":\"https:\/\/metaltale.com\/et\/toode\/uhe-kettaga-seade\/\",\"url\":\"https:\/\/metaltale.com\/et\/toode\/uhe-kettaga-seade\/\",\"name\":\"\u00dche kettaga seade - MetalTale.com\",\"isPartOf\":{\"@id\":\"https:\/\/metaltale.com\/et\/#website\"},\"primaryImageOfPage\":{\"@id\":\"https:\/\/metaltale.com\/et\/toode\/uhe-kettaga-seade\/#primaryimage\"},\"image\":{\"@id\":\"https:\/\/metaltale.com\/et\/toode\/uhe-kettaga-seade\/#primaryimage\"},\"thumbnailUrl\":\"https:\/\/metaltale.com\/wp-content\/uploads\/2023\/09\/Vieno-disko-blokas.jpg\",\"datePublished\":\"2024-02-13T13:03:58+00:00\",\"breadcrumb\":{\"@id\":\"https:\/\/metaltale.com\/et\/toode\/uhe-kettaga-seade\/#breadcrumb\"},\"inLanguage\":\"et\",\"potentialAction\":[{\"@type\":\"ReadAction\",\"target\":[\"https:\/\/metaltale.com\/et\/toode\/uhe-kettaga-seade\/\"]}]},{\"@type\":\"ImageObject\",\"inLanguage\":\"et\",\"@id\":\"https:\/\/metaltale.com\/et\/toode\/uhe-kettaga-seade\/#primaryimage\",\"url\":\"https:\/\/metaltale.com\/wp-content\/uploads\/2023\/09\/Vieno-disko-blokas.jpg\",\"contentUrl\":\"https:\/\/metaltale.com\/wp-content\/uploads\/2023\/09\/Vieno-disko-blokas.jpg\",\"width\":800,\"height\":800},{\"@type\":\"BreadcrumbList\",\"@id\":\"https:\/\/metaltale.com\/et\/toode\/uhe-kettaga-seade\/#breadcrumb\",\"itemListElement\":[{\"@type\":\"ListItem\",\"position\":1,\"name\":\"Home\",\"item\":\"https:\/\/metaltale.com\/et\/kodu\/\"},{\"@type\":\"ListItem\",\"position\":2,\"name\":\"Kauplus\",\"item\":\"https:\/\/metaltale.com\/et\/shop\/\"},{\"@type\":\"ListItem\",\"position\":3,\"name\":\"\u00dche kettaga seade\"}]},{\"@type\":\"WebSite\",\"@id\":\"https:\/\/metaltale.com\/et\/#website\",\"url\":\"https:\/\/metaltale.com\/et\/\",\"name\":\"Metaltale.com\",\"description\":\"\",\"potentialAction\":[{\"@type\":\"SearchAction\",\"target\":{\"@type\":\"EntryPoint\",\"urlTemplate\":\"https:\/\/metaltale.com\/et\/?s={search_term_string}\"},\"query-input\":{\"@type\":\"PropertyValueSpecification\",\"valueRequired\":true,\"valueName\":\"search_term_string\"}}],\"inLanguage\":\"et\"}]}<\/script>\n<!-- \/ Yoast SEO plugin. -->","yoast_head_json":{"title":"\u00dche kettaga seade - MetalTale.com","robots":{"index":"index","follow":"follow","max-snippet":"max-snippet:-1","max-image-preview":"max-image-preview:large","max-video-preview":"max-video-preview:-1"},"canonical":"https:\/\/metaltale.com\/et\/toode\/uhe-kettaga-seade\/","og_locale":"et_EE","og_type":"article","og_title":"\u00dche kettaga seade - MetalTale.com","og_description":"Mudel 70.462.AI..40 EAN. 5905369916618 Materjal Ketus \u00dcldine k\u00f5rgus (cm) 7 \u00dcldine laius (cm) 6,5 \u00dcldl\u00e4bim\u00f5\u00f5t (cm ) 4,5 Aluse l\u00e4bim\u00f5\u00f5t","og_url":"https:\/\/metaltale.com\/et\/toode\/uhe-kettaga-seade\/","og_site_name":"MetalTale.com","og_image":[{"width":800,"height":800,"url":"https:\/\/metaltale.com\/wp-content\/uploads\/2023\/09\/Vieno-disko-blokas.jpg","type":"image\/jpeg"}],"twitter_card":"summary_large_image","schema":{"@context":"https:\/\/schema.org","@graph":[{"@type":"WebPage","@id":"https:\/\/metaltale.com\/et\/toode\/uhe-kettaga-seade\/","url":"https:\/\/metaltale.com\/et\/toode\/uhe-kettaga-seade\/","name":"\u00dche kettaga seade - MetalTale.com","isPartOf":{"@id":"https:\/\/metaltale.com\/et\/#website"},"primaryImageOfPage":{"@id":"https:\/\/metaltale.com\/et\/toode\/uhe-kettaga-seade\/#primaryimage"},"image":{"@id":"https:\/\/metaltale.com\/et\/toode\/uhe-kettaga-seade\/#primaryimage"},"thumbnailUrl":"https:\/\/metaltale.com\/wp-content\/uploads\/2023\/09\/Vieno-disko-blokas.jpg","datePublished":"2024-02-13T13:03:58+00:00","breadcrumb":{"@id":"https:\/\/metaltale.com\/et\/toode\/uhe-kettaga-seade\/#breadcrumb"},"inLanguage":"et","potentialAction":[{"@type":"ReadAction","target":["https:\/\/metaltale.com\/et\/toode\/uhe-kettaga-seade\/"]}]},{"@type":"ImageObject","inLanguage":"et","@id":"https:\/\/metaltale.com\/et\/toode\/uhe-kettaga-seade\/#primaryimage","url":"https:\/\/metaltale.com\/wp-content\/uploads\/2023\/09\/Vieno-disko-blokas.jpg","contentUrl":"https:\/\/metaltale.com\/wp-content\/uploads\/2023\/09\/Vieno-disko-blokas.jpg","width":800,"height":800},{"@type":"BreadcrumbList","@id":"https:\/\/metaltale.com\/et\/toode\/uhe-kettaga-seade\/#breadcrumb","itemListElement":[{"@type":"ListItem","position":1,"name":"Home","item":"https:\/\/metaltale.com\/et\/kodu\/"},{"@type":"ListItem","position":2,"name":"Kauplus","item":"https:\/\/metaltale.com\/et\/shop\/"},{"@type":"ListItem","position":3,"name":"\u00dche kettaga seade"}]},{"@type":"WebSite","@id":"https:\/\/metaltale.com\/et\/#website","url":"https:\/\/metaltale.com\/et\/","name":"Metaltale.com","description":"","potentialAction":[{"@type":"SearchAction","target":{"@type":"EntryPoint","urlTemplate":"https:\/\/metaltale.com\/et\/?s={search_term_string}"},"query-input":{"@type":"PropertyValueSpecification","valueRequired":true,"valueName":"search_term_string"}}],"inLanguage":"et"}]}},"_links":{"self":[{"href":"https:\/\/metaltale.com\/et\/wp-json\/wp\/v2\/product\/134420","targetHints":{"allow":["GET"]}}],"collection":[{"href":"https:\/\/metaltale.com\/et\/wp-json\/wp\/v2\/product"}],"about":[{"href":"https:\/\/metaltale.com\/et\/wp-json\/wp\/v2\/types\/product"}],"replies":[{"embeddable":true,"href":"https:\/\/metaltale.com\/et\/wp-json\/wp\/v2\/comments?post=134420"}],"version-history":[{"count":0,"href":"https:\/\/metaltale.com\/et\/wp-json\/wp\/v2\/product\/134420\/revisions"}],"wp:featuredmedia":[{"embeddable":true,"href":"https:\/\/metaltale.com\/et\/wp-json\/wp\/v2\/media\/74763"}],"wp:attachment":[{"href":"https:\/\/metaltale.com\/et\/wp-json\/wp\/v2\/media?parent=134420"}],"wp:term":[{"taxonomy":"product_brand","embeddable":true,"href":"https:\/\/metaltale.com\/et\/wp-json\/wp\/v2\/product_brand?post=134420"},{"taxonomy":"product_cat","embeddable":true,"href":"https:\/\/metaltale.com\/et\/wp-json\/wp\/v2\/product_cat?post=134420"},{"taxonomy":"product_tag","embeddable":true,"href":"https:\/\/metaltale.com\/et\/wp-json\/wp\/v2\/product_tag?post=134420"}],"curies":[{"name":"wp","href":"https:\/\/api.w.org\/{rel}","templated":true}]}}