{"id":134413,"date":"2024-02-13T15:17:46","date_gmt":"2024-02-13T13:17:46","guid":{"rendered":"https:\/\/metaltale.com\/produktas\/klaasist-siseuks-akron-frosted-80x200-cm-paremal-pool\/"},"modified":"2024-02-13T15:17:46","modified_gmt":"2024-02-13T13:17:46","slug":"klaasist-siseuks-akron-frosted-80x200-cm-paremal-pool","status":"publish","type":"product","link":"https:\/\/metaltale.com\/et\/toode\/klaasist-siseuks-akron-frosted-80x200-cm-paremal-pool\/","title":{"rendered":"Klaasist siseuks AKRON FROSTED 80&#215;200 cm, paremal pool"},"content":{"rendered":"<div class=\"prod_data\"><strong>SAVE-mudel<\/strong>. SG8.ML.PRGR<br \/>\n<strong>Materjal<\/strong> teras<br \/>\n<strong>Paksus (cm)<\/strong> 4<br \/>\n<strong>\u00dcldine k\u00f5rgus (cm)<\/strong> 200<br \/>\n<strong>\u00dcldine laius (cm)<\/strong> 80<br \/>\nKlaasi t\u00fc\u00fcp Karastatud klaas<br \/>\nRaami v\u00e4rv Must<br \/>\n<strong>Klaasi paksus (cm)<\/strong> 0,4<br \/>\n<strong>Klaasi v\u00e4rv<\/strong> L\u00e4bipaistev<br \/>\n<strong>Viimistlus<\/strong> pulberv\u00e4rvitud<br \/>\n<strong>Pinna t\u00fc\u00fcp<\/strong> Silea<\/p>\n<p>-uksed on valmistatud terase ja karastatud klaasi kombinatsioonist.<\/p>\n<p>-Sisaldab: ukseleht, ukseraam, k\u00e4epide.<\/p>\n<p>-K\u00f5rgeima kvaliteediga terasest valmistatud raam tagab stabiilsuse ja kasutusmugavuse.<\/p>\n<p>-4 mm paksune klaas ohutuse tagamiseks<\/p>\n<p>-Peen v\u00e4rvimine kaitseb ust kriimustuste eest.<\/p>\n<p>-Ukselehe m\u00f5\u00f5tmed koos piirdega 886x2063x40 mm<\/p>\n<p>-universaalne v\u00e4limus tagab, et uks sobib ideaalselt mis tahes stiiliga, alates loftidest kuni moodsate ruumideni.<\/p>\n<p>Kui otsite oma elutuppa originaalset ja samas elegantset ust, on Akroni siseuksed ideaalne valik. Uksed on saadaval mattklaasiga, mis v\u00f5imaldab ruumi valgustamisel privaatsust. Raam on pulberv\u00e4rvitud, et taluda kahjustusi. Vertikaalsete ja horisontaalsete rullikute kasutamine lisab tootele iseloomu ja r\u00f5hutab selle kaasaegset stiili. Klaasist l\u00fckanduksed ei ole mitte ainult esteetiliselt meeldivad, vaid ka funktsionaalsed. K\u00f5rgeima kvaliteediga materjalide kasutamine tagab vastupidavuse ja kasutuskindluse. Akroni klaasuksed on ideaalne valik t\u00f6\u00f6stuslike, loft- v\u00f5i moodsate interj\u00f6\u00f6ride jaoks.<\/p>\n<\/div>\n","protected":false},"excerpt":{"rendered":"<p>SAVE-mudel. SG8.ML.PRGR Materjal teras Paksus (cm) 4 \u00dcldine k\u00f5rgus (cm) 200 \u00dcldine laius (cm) 80 Klaasi t\u00fc\u00fcp Karastatud klaas Raami<\/p>\n","protected":false},"featured_media":107746,"comment_status":"open","ping_status":"closed","template":"","meta":{"_acf_changed":false,"pmpro_default_level":""},"product_brand":[],"product_cat":[24143],"product_tag":[],"class_list":{"0":"post-134413","1":"product","2":"type-product","3":"status-publish","4":"has-post-thumbnail","6":"product_cat-liuguksed","7":"pmpro-has-access","9":"first","10":"instock","11":"shipping-taxable","12":"purchasable","13":"product-type-simple"},"acf":[],"yoast_head":"<!-- This site is optimized with the Yoast SEO plugin v24.9 - https:\/\/yoast.com\/wordpress\/plugins\/seo\/ -->\n<title>Klaasist siseuks AKRON FROSTED 80x200 cm, paremal pool - MetalTale.com<\/title>\n<meta name=\"robots\" content=\"index, follow, max-snippet:-1, max-image-preview:large, max-video-preview:-1\" \/>\n<link rel=\"canonical\" href=\"https:\/\/metaltale.com\/et\/toode\/klaasist-siseuks-akron-frosted-80x200-cm-paremal-pool\/\" \/>\n<meta property=\"og:locale\" content=\"et_EE\" \/>\n<meta property=\"og:type\" content=\"article\" \/>\n<meta property=\"og:title\" content=\"Klaasist siseuks AKRON FROSTED 80x200 cm, paremal pool - MetalTale.com\" \/>\n<meta property=\"og:description\" content=\"SAVE-mudel. SG8.ML.PRGR Materjal teras Paksus (cm) 4 \u00dcldine k\u00f5rgus (cm) 200 \u00dcldine laius (cm) 80 Klaasi t\u00fc\u00fcp Karastatud klaas Raami\" \/>\n<meta property=\"og:url\" content=\"https:\/\/metaltale.com\/et\/toode\/klaasist-siseuks-akron-frosted-80x200-cm-paremal-pool\/\" \/>\n<meta property=\"og:site_name\" content=\"MetalTale.com\" \/>\n<meta property=\"og:image\" content=\"https:\/\/metaltale.com\/wp-content\/uploads\/2023\/11\/Stiklinx117s-vidinx117s-palx117px117s-durys-AKRON-MLECZNE-80x200-Left.jpg\" \/>\n\t<meta property=\"og:image:width\" content=\"800\" \/>\n\t<meta property=\"og:image:height\" content=\"800\" \/>\n\t<meta property=\"og:image:type\" content=\"image\/jpeg\" \/>\n<meta name=\"twitter:card\" content=\"summary_large_image\" \/>\n<meta name=\"twitter:label1\" content=\"Est. reading time\" \/>\n\t<meta name=\"twitter:data1\" content=\"1 minut\" \/>\n<script type=\"application\/ld+json\" class=\"yoast-schema-graph\">{\"@context\":\"https:\/\/schema.org\",\"@graph\":[{\"@type\":\"WebPage\",\"@id\":\"https:\/\/metaltale.com\/et\/toode\/klaasist-siseuks-akron-frosted-80x200-cm-paremal-pool\/\",\"url\":\"https:\/\/metaltale.com\/et\/toode\/klaasist-siseuks-akron-frosted-80x200-cm-paremal-pool\/\",\"name\":\"Klaasist siseuks AKRON FROSTED 80x200 cm, paremal pool - MetalTale.com\",\"isPartOf\":{\"@id\":\"https:\/\/metaltale.com\/et\/#website\"},\"primaryImageOfPage\":{\"@id\":\"https:\/\/metaltale.com\/et\/toode\/klaasist-siseuks-akron-frosted-80x200-cm-paremal-pool\/#primaryimage\"},\"image\":{\"@id\":\"https:\/\/metaltale.com\/et\/toode\/klaasist-siseuks-akron-frosted-80x200-cm-paremal-pool\/#primaryimage\"},\"thumbnailUrl\":\"https:\/\/metaltale.com\/wp-content\/uploads\/2023\/11\/Stiklinx117s-vidinx117s-palx117px117s-durys-AKRON-MLECZNE-80x200-Left.jpg\",\"datePublished\":\"2024-02-13T13:17:46+00:00\",\"breadcrumb\":{\"@id\":\"https:\/\/metaltale.com\/et\/toode\/klaasist-siseuks-akron-frosted-80x200-cm-paremal-pool\/#breadcrumb\"},\"inLanguage\":\"et\",\"potentialAction\":[{\"@type\":\"ReadAction\",\"target\":[\"https:\/\/metaltale.com\/et\/toode\/klaasist-siseuks-akron-frosted-80x200-cm-paremal-pool\/\"]}]},{\"@type\":\"ImageObject\",\"inLanguage\":\"et\",\"@id\":\"https:\/\/metaltale.com\/et\/toode\/klaasist-siseuks-akron-frosted-80x200-cm-paremal-pool\/#primaryimage\",\"url\":\"https:\/\/metaltale.com\/wp-content\/uploads\/2023\/11\/Stiklinx117s-vidinx117s-palx117px117s-durys-AKRON-MLECZNE-80x200-Left.jpg\",\"contentUrl\":\"https:\/\/metaltale.com\/wp-content\/uploads\/2023\/11\/Stiklinx117s-vidinx117s-palx117px117s-durys-AKRON-MLECZNE-80x200-Left.jpg\",\"width\":800,\"height\":800,\"caption\":\"Klaasist siseuks AKRON FROSTED 80x200 cm, paremal pool\"},{\"@type\":\"BreadcrumbList\",\"@id\":\"https:\/\/metaltale.com\/et\/toode\/klaasist-siseuks-akron-frosted-80x200-cm-paremal-pool\/#breadcrumb\",\"itemListElement\":[{\"@type\":\"ListItem\",\"position\":1,\"name\":\"Home\",\"item\":\"https:\/\/metaltale.com\/et\/kodu\/\"},{\"@type\":\"ListItem\",\"position\":2,\"name\":\"Kauplus\",\"item\":\"https:\/\/metaltale.com\/et\/shop\/\"},{\"@type\":\"ListItem\",\"position\":3,\"name\":\"Klaasist siseuks AKRON FROSTED 80&#215;200 cm, paremal pool\"}]},{\"@type\":\"WebSite\",\"@id\":\"https:\/\/metaltale.com\/et\/#website\",\"url\":\"https:\/\/metaltale.com\/et\/\",\"name\":\"Metaltale.com\",\"description\":\"\",\"potentialAction\":[{\"@type\":\"SearchAction\",\"target\":{\"@type\":\"EntryPoint\",\"urlTemplate\":\"https:\/\/metaltale.com\/et\/?s={search_term_string}\"},\"query-input\":{\"@type\":\"PropertyValueSpecification\",\"valueRequired\":true,\"valueName\":\"search_term_string\"}}],\"inLanguage\":\"et\"}]}<\/script>\n<!-- \/ Yoast SEO plugin. -->","yoast_head_json":{"title":"Klaasist siseuks AKRON FROSTED 80x200 cm, paremal pool - MetalTale.com","robots":{"index":"index","follow":"follow","max-snippet":"max-snippet:-1","max-image-preview":"max-image-preview:large","max-video-preview":"max-video-preview:-1"},"canonical":"https:\/\/metaltale.com\/et\/toode\/klaasist-siseuks-akron-frosted-80x200-cm-paremal-pool\/","og_locale":"et_EE","og_type":"article","og_title":"Klaasist siseuks AKRON FROSTED 80x200 cm, paremal pool - MetalTale.com","og_description":"SAVE-mudel. SG8.ML.PRGR Materjal teras Paksus (cm) 4 \u00dcldine k\u00f5rgus (cm) 200 \u00dcldine laius (cm) 80 Klaasi t\u00fc\u00fcp Karastatud klaas Raami","og_url":"https:\/\/metaltale.com\/et\/toode\/klaasist-siseuks-akron-frosted-80x200-cm-paremal-pool\/","og_site_name":"MetalTale.com","og_image":[{"width":800,"height":800,"url":"https:\/\/metaltale.com\/wp-content\/uploads\/2023\/11\/Stiklinx117s-vidinx117s-palx117px117s-durys-AKRON-MLECZNE-80x200-Left.jpg","type":"image\/jpeg"}],"twitter_card":"summary_large_image","twitter_misc":{"Est. reading time":"1 minut"},"schema":{"@context":"https:\/\/schema.org","@graph":[{"@type":"WebPage","@id":"https:\/\/metaltale.com\/et\/toode\/klaasist-siseuks-akron-frosted-80x200-cm-paremal-pool\/","url":"https:\/\/metaltale.com\/et\/toode\/klaasist-siseuks-akron-frosted-80x200-cm-paremal-pool\/","name":"Klaasist siseuks AKRON FROSTED 80x200 cm, paremal pool - MetalTale.com","isPartOf":{"@id":"https:\/\/metaltale.com\/et\/#website"},"primaryImageOfPage":{"@id":"https:\/\/metaltale.com\/et\/toode\/klaasist-siseuks-akron-frosted-80x200-cm-paremal-pool\/#primaryimage"},"image":{"@id":"https:\/\/metaltale.com\/et\/toode\/klaasist-siseuks-akron-frosted-80x200-cm-paremal-pool\/#primaryimage"},"thumbnailUrl":"https:\/\/metaltale.com\/wp-content\/uploads\/2023\/11\/Stiklinx117s-vidinx117s-palx117px117s-durys-AKRON-MLECZNE-80x200-Left.jpg","datePublished":"2024-02-13T13:17:46+00:00","breadcrumb":{"@id":"https:\/\/metaltale.com\/et\/toode\/klaasist-siseuks-akron-frosted-80x200-cm-paremal-pool\/#breadcrumb"},"inLanguage":"et","potentialAction":[{"@type":"ReadAction","target":["https:\/\/metaltale.com\/et\/toode\/klaasist-siseuks-akron-frosted-80x200-cm-paremal-pool\/"]}]},{"@type":"ImageObject","inLanguage":"et","@id":"https:\/\/metaltale.com\/et\/toode\/klaasist-siseuks-akron-frosted-80x200-cm-paremal-pool\/#primaryimage","url":"https:\/\/metaltale.com\/wp-content\/uploads\/2023\/11\/Stiklinx117s-vidinx117s-palx117px117s-durys-AKRON-MLECZNE-80x200-Left.jpg","contentUrl":"https:\/\/metaltale.com\/wp-content\/uploads\/2023\/11\/Stiklinx117s-vidinx117s-palx117px117s-durys-AKRON-MLECZNE-80x200-Left.jpg","width":800,"height":800,"caption":"Klaasist siseuks AKRON FROSTED 80x200 cm, paremal pool"},{"@type":"BreadcrumbList","@id":"https:\/\/metaltale.com\/et\/toode\/klaasist-siseuks-akron-frosted-80x200-cm-paremal-pool\/#breadcrumb","itemListElement":[{"@type":"ListItem","position":1,"name":"Home","item":"https:\/\/metaltale.com\/et\/kodu\/"},{"@type":"ListItem","position":2,"name":"Kauplus","item":"https:\/\/metaltale.com\/et\/shop\/"},{"@type":"ListItem","position":3,"name":"Klaasist siseuks AKRON FROSTED 80&#215;200 cm, paremal pool"}]},{"@type":"WebSite","@id":"https:\/\/metaltale.com\/et\/#website","url":"https:\/\/metaltale.com\/et\/","name":"Metaltale.com","description":"","potentialAction":[{"@type":"SearchAction","target":{"@type":"EntryPoint","urlTemplate":"https:\/\/metaltale.com\/et\/?s={search_term_string}"},"query-input":{"@type":"PropertyValueSpecification","valueRequired":true,"valueName":"search_term_string"}}],"inLanguage":"et"}]}},"_links":{"self":[{"href":"https:\/\/metaltale.com\/et\/wp-json\/wp\/v2\/product\/134413","targetHints":{"allow":["GET"]}}],"collection":[{"href":"https:\/\/metaltale.com\/et\/wp-json\/wp\/v2\/product"}],"about":[{"href":"https:\/\/metaltale.com\/et\/wp-json\/wp\/v2\/types\/product"}],"replies":[{"embeddable":true,"href":"https:\/\/metaltale.com\/et\/wp-json\/wp\/v2\/comments?post=134413"}],"version-history":[{"count":0,"href":"https:\/\/metaltale.com\/et\/wp-json\/wp\/v2\/product\/134413\/revisions"}],"wp:featuredmedia":[{"embeddable":true,"href":"https:\/\/metaltale.com\/et\/wp-json\/wp\/v2\/media\/107746"}],"wp:attachment":[{"href":"https:\/\/metaltale.com\/et\/wp-json\/wp\/v2\/media?parent=134413"}],"wp:term":[{"taxonomy":"product_brand","embeddable":true,"href":"https:\/\/metaltale.com\/et\/wp-json\/wp\/v2\/product_brand?post=134413"},{"taxonomy":"product_cat","embeddable":true,"href":"https:\/\/metaltale.com\/et\/wp-json\/wp\/v2\/product_cat?post=134413"},{"taxonomy":"product_tag","embeddable":true,"href":"https:\/\/metaltale.com\/et\/wp-json\/wp\/v2\/product_tag?post=134413"}],"curies":[{"name":"wp","href":"https:\/\/api.w.org\/{rel}","templated":true}]}}