{"id":134403,"date":"2024-02-13T15:17:05","date_gmt":"2024-02-13T13:17:05","guid":{"rendered":"https:\/\/metaltale.com\/produktas\/klaasist-siseuks-factor-frosted-80x200-cm-vasakpoolne\/"},"modified":"2024-02-13T15:17:05","modified_gmt":"2024-02-13T13:17:05","slug":"klaasist-siseuks-factor-frosted-80x200-cm-vasakpoolne","status":"publish","type":"product","link":"https:\/\/metaltale.com\/et\/toode\/klaasist-siseuks-factor-frosted-80x200-cm-vasakpoolne\/","title":{"rendered":"Klaasist siseuks FACTOR FROSTED 80&#215;200 cm, vasakpoolne"},"content":{"rendered":"<div class=\"prod_data\"><strong>SAVE-mudel<\/strong>. SG61.ML.PRGR<br \/>\n<strong>Materjal<\/strong> teras<br \/>\n<strong>Paksus (cm)<\/strong> 4<br \/>\n<strong>\u00dcldine k\u00f5rgus (cm)<\/strong> 200<br \/>\n<strong>\u00dcldine laius (cm)<\/strong> 80<br \/>\nKlaasi t\u00fc\u00fcp Karastatud klaas<br \/>\nRaami v\u00e4rv Must<br \/>\n<strong>Klaasi paksus (cm)<\/strong> 0,4<br \/>\n<strong>Klaasi v\u00e4rv<\/strong> Milky<br \/>\n<strong>Viimistlus<\/strong> pulberv\u00e4rvitud<br \/>\n<strong>Pinna t\u00fc\u00fcp<\/strong> Silea<\/p>\n<p>-uksed on valmistatud terase ja karastatud klaasi kombinatsioonist.<\/p>\n<p>-Sisaldab: ukseleht, ukseraam, k\u00e4epide.<\/p>\n<p>-K\u00f5rgeima kvaliteediga terasest valmistatud raam tagab stabiilsuse ja kasutusmugavuse.<\/p>\n<p>-4 mm paksune klaas ohutuse tagamiseks<\/p>\n<p>-Peen v\u00e4rvimine kaitseb ust kriimustuste eest.<\/p>\n<p>-Ukselehe m\u00f5\u00f5tmed koos piirdega 886x2063x40 mm<\/p>\n<p>-universaalne v\u00e4limus tagab, et uks sobib ideaalselt mis tahes stiiliga, alates loftidest kuni moodsate ruumideni.<\/p>\n<p>Need klaasist l\u00fckanduksed on ideaalne lahendus loft- v\u00f5i t\u00f6\u00f6stuslike interj\u00f6\u00f6ride jaoks. Klaasist uste kasutamine on originaalne ja elegantne lahendus, mis lisab meie interj\u00f6\u00f6ridele ainulaadse n\u00fcansi. Uksed on privaatsuse ja pehme valguse hajutamise eesm\u00e4rgil mattklaasiga. Uksele on iseloomulikuks tunnuseks ka talade kasutamine nii horisontaalselt kui ka vertikaalselt. Ukseraam on pulberv\u00e4rvitud, et kaitsta seda kriimustuste ja kahjustuste eest. Kutsume teid tutvuma meie uue avanevate klaasuste kollektsiooniga, milles on \u00fchendatud funktsionaalsus, esteetika ja vastupidavus.<\/p>\n<\/div>\n","protected":false},"excerpt":{"rendered":"<p>SAVE-mudel. SG61.ML.PRGR Materjal teras Paksus (cm) 4 \u00dcldine k\u00f5rgus (cm) 200 \u00dcldine laius (cm) 80 Klaasi t\u00fc\u00fcp Karastatud klaas Raami<\/p>\n","protected":false},"featured_media":107569,"comment_status":"open","ping_status":"closed","template":"","meta":{"_acf_changed":false,"pmpro_default_level":""},"product_brand":[],"product_cat":[24143],"product_tag":[],"class_list":{"0":"post-134403","1":"product","2":"type-product","3":"status-publish","4":"has-post-thumbnail","6":"product_cat-liuguksed","7":"pmpro-has-access","9":"first","10":"instock","11":"shipping-taxable","12":"purchasable","13":"product-type-simple"},"acf":[],"yoast_head":"<!-- This site is optimized with the Yoast SEO plugin v24.9 - https:\/\/yoast.com\/wordpress\/plugins\/seo\/ -->\n<title>Klaasist siseuks FACTOR FROSTED 80x200 cm, vasakpoolne - MetalTale.com<\/title>\n<meta name=\"robots\" content=\"index, follow, max-snippet:-1, max-image-preview:large, max-video-preview:-1\" \/>\n<link rel=\"canonical\" href=\"https:\/\/metaltale.com\/et\/toode\/klaasist-siseuks-factor-frosted-80x200-cm-vasakpoolne\/\" \/>\n<meta property=\"og:locale\" content=\"et_EE\" \/>\n<meta property=\"og:type\" content=\"article\" \/>\n<meta property=\"og:title\" content=\"Klaasist siseuks FACTOR FROSTED 80x200 cm, vasakpoolne - MetalTale.com\" \/>\n<meta property=\"og:description\" content=\"SAVE-mudel. SG61.ML.PRGR Materjal teras Paksus (cm) 4 \u00dcldine k\u00f5rgus (cm) 200 \u00dcldine laius (cm) 80 Klaasi t\u00fc\u00fcp Karastatud klaas Raami\" \/>\n<meta property=\"og:url\" content=\"https:\/\/metaltale.com\/et\/toode\/klaasist-siseuks-factor-frosted-80x200-cm-vasakpoolne\/\" \/>\n<meta property=\"og:site_name\" content=\"MetalTale.com\" \/>\n<meta property=\"og:image\" content=\"https:\/\/metaltale.com\/wp-content\/uploads\/2023\/11\/Stiklo-interjero-palx117px117s-durys-FACTOR-MILK-80x200-dex161inx117.jpg\" \/>\n\t<meta property=\"og:image:width\" content=\"800\" \/>\n\t<meta property=\"og:image:height\" content=\"800\" \/>\n\t<meta property=\"og:image:type\" content=\"image\/jpeg\" \/>\n<meta name=\"twitter:card\" content=\"summary_large_image\" \/>\n<meta name=\"twitter:label1\" content=\"Est. reading time\" \/>\n\t<meta name=\"twitter:data1\" content=\"1 minut\" \/>\n<script type=\"application\/ld+json\" class=\"yoast-schema-graph\">{\"@context\":\"https:\/\/schema.org\",\"@graph\":[{\"@type\":\"WebPage\",\"@id\":\"https:\/\/metaltale.com\/et\/toode\/klaasist-siseuks-factor-frosted-80x200-cm-vasakpoolne\/\",\"url\":\"https:\/\/metaltale.com\/et\/toode\/klaasist-siseuks-factor-frosted-80x200-cm-vasakpoolne\/\",\"name\":\"Klaasist siseuks FACTOR FROSTED 80x200 cm, vasakpoolne - MetalTale.com\",\"isPartOf\":{\"@id\":\"https:\/\/metaltale.com\/et\/#website\"},\"primaryImageOfPage\":{\"@id\":\"https:\/\/metaltale.com\/et\/toode\/klaasist-siseuks-factor-frosted-80x200-cm-vasakpoolne\/#primaryimage\"},\"image\":{\"@id\":\"https:\/\/metaltale.com\/et\/toode\/klaasist-siseuks-factor-frosted-80x200-cm-vasakpoolne\/#primaryimage\"},\"thumbnailUrl\":\"https:\/\/metaltale.com\/wp-content\/uploads\/2023\/11\/Stiklo-interjero-palx117px117s-durys-FACTOR-MILK-80x200-dex161inx117.jpg\",\"datePublished\":\"2024-02-13T13:17:05+00:00\",\"breadcrumb\":{\"@id\":\"https:\/\/metaltale.com\/et\/toode\/klaasist-siseuks-factor-frosted-80x200-cm-vasakpoolne\/#breadcrumb\"},\"inLanguage\":\"et\",\"potentialAction\":[{\"@type\":\"ReadAction\",\"target\":[\"https:\/\/metaltale.com\/et\/toode\/klaasist-siseuks-factor-frosted-80x200-cm-vasakpoolne\/\"]}]},{\"@type\":\"ImageObject\",\"inLanguage\":\"et\",\"@id\":\"https:\/\/metaltale.com\/et\/toode\/klaasist-siseuks-factor-frosted-80x200-cm-vasakpoolne\/#primaryimage\",\"url\":\"https:\/\/metaltale.com\/wp-content\/uploads\/2023\/11\/Stiklo-interjero-palx117px117s-durys-FACTOR-MILK-80x200-dex161inx117.jpg\",\"contentUrl\":\"https:\/\/metaltale.com\/wp-content\/uploads\/2023\/11\/Stiklo-interjero-palx117px117s-durys-FACTOR-MILK-80x200-dex161inx117.jpg\",\"width\":800,\"height\":800,\"caption\":\"Klaasist siseuks FACTOR FROSTED 80x200 cm, vasakpoolne\"},{\"@type\":\"BreadcrumbList\",\"@id\":\"https:\/\/metaltale.com\/et\/toode\/klaasist-siseuks-factor-frosted-80x200-cm-vasakpoolne\/#breadcrumb\",\"itemListElement\":[{\"@type\":\"ListItem\",\"position\":1,\"name\":\"Home\",\"item\":\"https:\/\/metaltale.com\/et\/kodu\/\"},{\"@type\":\"ListItem\",\"position\":2,\"name\":\"Kauplus\",\"item\":\"https:\/\/metaltale.com\/et\/shop\/\"},{\"@type\":\"ListItem\",\"position\":3,\"name\":\"Klaasist siseuks FACTOR FROSTED 80&#215;200 cm, vasakpoolne\"}]},{\"@type\":\"WebSite\",\"@id\":\"https:\/\/metaltale.com\/et\/#website\",\"url\":\"https:\/\/metaltale.com\/et\/\",\"name\":\"Metaltale.com\",\"description\":\"\",\"potentialAction\":[{\"@type\":\"SearchAction\",\"target\":{\"@type\":\"EntryPoint\",\"urlTemplate\":\"https:\/\/metaltale.com\/et\/?s={search_term_string}\"},\"query-input\":{\"@type\":\"PropertyValueSpecification\",\"valueRequired\":true,\"valueName\":\"search_term_string\"}}],\"inLanguage\":\"et\"}]}<\/script>\n<!-- \/ Yoast SEO plugin. -->","yoast_head_json":{"title":"Klaasist siseuks FACTOR FROSTED 80x200 cm, vasakpoolne - MetalTale.com","robots":{"index":"index","follow":"follow","max-snippet":"max-snippet:-1","max-image-preview":"max-image-preview:large","max-video-preview":"max-video-preview:-1"},"canonical":"https:\/\/metaltale.com\/et\/toode\/klaasist-siseuks-factor-frosted-80x200-cm-vasakpoolne\/","og_locale":"et_EE","og_type":"article","og_title":"Klaasist siseuks FACTOR FROSTED 80x200 cm, vasakpoolne - MetalTale.com","og_description":"SAVE-mudel. SG61.ML.PRGR Materjal teras Paksus (cm) 4 \u00dcldine k\u00f5rgus (cm) 200 \u00dcldine laius (cm) 80 Klaasi t\u00fc\u00fcp Karastatud klaas Raami","og_url":"https:\/\/metaltale.com\/et\/toode\/klaasist-siseuks-factor-frosted-80x200-cm-vasakpoolne\/","og_site_name":"MetalTale.com","og_image":[{"width":800,"height":800,"url":"https:\/\/metaltale.com\/wp-content\/uploads\/2023\/11\/Stiklo-interjero-palx117px117s-durys-FACTOR-MILK-80x200-dex161inx117.jpg","type":"image\/jpeg"}],"twitter_card":"summary_large_image","twitter_misc":{"Est. reading time":"1 minut"},"schema":{"@context":"https:\/\/schema.org","@graph":[{"@type":"WebPage","@id":"https:\/\/metaltale.com\/et\/toode\/klaasist-siseuks-factor-frosted-80x200-cm-vasakpoolne\/","url":"https:\/\/metaltale.com\/et\/toode\/klaasist-siseuks-factor-frosted-80x200-cm-vasakpoolne\/","name":"Klaasist siseuks FACTOR FROSTED 80x200 cm, vasakpoolne - MetalTale.com","isPartOf":{"@id":"https:\/\/metaltale.com\/et\/#website"},"primaryImageOfPage":{"@id":"https:\/\/metaltale.com\/et\/toode\/klaasist-siseuks-factor-frosted-80x200-cm-vasakpoolne\/#primaryimage"},"image":{"@id":"https:\/\/metaltale.com\/et\/toode\/klaasist-siseuks-factor-frosted-80x200-cm-vasakpoolne\/#primaryimage"},"thumbnailUrl":"https:\/\/metaltale.com\/wp-content\/uploads\/2023\/11\/Stiklo-interjero-palx117px117s-durys-FACTOR-MILK-80x200-dex161inx117.jpg","datePublished":"2024-02-13T13:17:05+00:00","breadcrumb":{"@id":"https:\/\/metaltale.com\/et\/toode\/klaasist-siseuks-factor-frosted-80x200-cm-vasakpoolne\/#breadcrumb"},"inLanguage":"et","potentialAction":[{"@type":"ReadAction","target":["https:\/\/metaltale.com\/et\/toode\/klaasist-siseuks-factor-frosted-80x200-cm-vasakpoolne\/"]}]},{"@type":"ImageObject","inLanguage":"et","@id":"https:\/\/metaltale.com\/et\/toode\/klaasist-siseuks-factor-frosted-80x200-cm-vasakpoolne\/#primaryimage","url":"https:\/\/metaltale.com\/wp-content\/uploads\/2023\/11\/Stiklo-interjero-palx117px117s-durys-FACTOR-MILK-80x200-dex161inx117.jpg","contentUrl":"https:\/\/metaltale.com\/wp-content\/uploads\/2023\/11\/Stiklo-interjero-palx117px117s-durys-FACTOR-MILK-80x200-dex161inx117.jpg","width":800,"height":800,"caption":"Klaasist siseuks FACTOR FROSTED 80x200 cm, vasakpoolne"},{"@type":"BreadcrumbList","@id":"https:\/\/metaltale.com\/et\/toode\/klaasist-siseuks-factor-frosted-80x200-cm-vasakpoolne\/#breadcrumb","itemListElement":[{"@type":"ListItem","position":1,"name":"Home","item":"https:\/\/metaltale.com\/et\/kodu\/"},{"@type":"ListItem","position":2,"name":"Kauplus","item":"https:\/\/metaltale.com\/et\/shop\/"},{"@type":"ListItem","position":3,"name":"Klaasist siseuks FACTOR FROSTED 80&#215;200 cm, vasakpoolne"}]},{"@type":"WebSite","@id":"https:\/\/metaltale.com\/et\/#website","url":"https:\/\/metaltale.com\/et\/","name":"Metaltale.com","description":"","potentialAction":[{"@type":"SearchAction","target":{"@type":"EntryPoint","urlTemplate":"https:\/\/metaltale.com\/et\/?s={search_term_string}"},"query-input":{"@type":"PropertyValueSpecification","valueRequired":true,"valueName":"search_term_string"}}],"inLanguage":"et"}]}},"_links":{"self":[{"href":"https:\/\/metaltale.com\/et\/wp-json\/wp\/v2\/product\/134403","targetHints":{"allow":["GET"]}}],"collection":[{"href":"https:\/\/metaltale.com\/et\/wp-json\/wp\/v2\/product"}],"about":[{"href":"https:\/\/metaltale.com\/et\/wp-json\/wp\/v2\/types\/product"}],"replies":[{"embeddable":true,"href":"https:\/\/metaltale.com\/et\/wp-json\/wp\/v2\/comments?post=134403"}],"version-history":[{"count":0,"href":"https:\/\/metaltale.com\/et\/wp-json\/wp\/v2\/product\/134403\/revisions"}],"wp:featuredmedia":[{"embeddable":true,"href":"https:\/\/metaltale.com\/et\/wp-json\/wp\/v2\/media\/107569"}],"wp:attachment":[{"href":"https:\/\/metaltale.com\/et\/wp-json\/wp\/v2\/media?parent=134403"}],"wp:term":[{"taxonomy":"product_brand","embeddable":true,"href":"https:\/\/metaltale.com\/et\/wp-json\/wp\/v2\/product_brand?post=134403"},{"taxonomy":"product_cat","embeddable":true,"href":"https:\/\/metaltale.com\/et\/wp-json\/wp\/v2\/product_cat?post=134403"},{"taxonomy":"product_tag","embeddable":true,"href":"https:\/\/metaltale.com\/et\/wp-json\/wp\/v2\/product_tag?post=134403"}],"curies":[{"name":"wp","href":"https:\/\/api.w.org\/{rel}","templated":true}]}}