{"id":134389,"date":"2024-02-13T13:19:04","date_gmt":"2024-02-13T11:19:04","guid":{"rendered":"https:\/\/metaltale.com\/produktas\/vest-liuguksekaepidemed-2\/"},"modified":"2024-02-13T13:19:04","modified_gmt":"2024-02-13T11:19:04","slug":"vest-liuguksekaepidemed-2","status":"publish","type":"product","link":"https:\/\/metaltale.com\/et\/toode\/vest-liuguksekaepidemed-2\/","title":{"rendered":"VEST liuguksek\u00e4epidemed"},"content":{"rendered":"<div class=\"prod_data\"><strong>SAVE-mudel<\/strong>. STH  <br \/><strong>Materjal<\/strong> teras  <br \/>\u00dcldine laius (cm) 4 <br \/>Koguprojektsioon (cm) 4 <br \/>Aukude <strong>vahekaugus (cm)<\/strong> 40 \/ 80  <br \/><strong>V\u00e4rv<\/strong> Must  <br \/><strong>LISAINFO<\/strong> K\u00e4epide on m\u00f5eldud ustele, mille paksus on min. 35 mm  <\/p>\n<hr>\n<p>&#8211; Kvaliteetsest terasest valmistatud k\u00e4epide tagab kasutuskindluse<br \/>&#8211; Pulbriline pinnakate tagab keskmisest suurema vastupidavuse<br \/>&#8211; k\u00e4sipuu v\u00e4rv sobib ideaalselt k\u00f5igi Rustykalneuchwyty.pl poe pakkumises olevate mustade juhiste v\u00e4rviga.<br \/>&#8211; t\u00f6\u00f6 t\u00e4psus ja t\u00e4helepanu igale detailile on t\u00e4ieliku mugavuse garantii.<br \/>&#8211; K\u00e4epideme universaalne olemus v\u00f5imaldab paigaldada liuguksed, m\u00f6\u00f6bliuksed ja sahtlifronti.<br \/>&#8211; toodet saab edukalt kasutada praktilise v\u00e4ravahoidjana<br \/>&#8211; k\u00e4sipuude lihtsa arhitektuuri t\u00f5ttu sobivad need ideaalselt igasse interj\u00f6\u00f6ri, olenemata stiilist.<\/p>\n<hr>\n<p>Rustykalneuchwyty.pl laias liuguste uksek\u00e4epidemete valikus on nii toorest arhitektuuri kui ka kaunistatud, originaalseid disainilahendusi. N\u00e4idatud l\u00fckanduksek\u00e4epidemed on valmistatud \u00fcksikasjalikult, et tagada mugav ja usaldusv\u00e4\u00e4rne kasutamine. Selle kategooria tooted r\u00f5hutavad kogu libiseva s\u00fcsteemi iseloomu ja ilu. Kahe erineva k\u00e4sipuu paigaldamine samale uksemudelile v\u00f5ib disaini radikaalselt muuta. S\u00f5ltuvalt mudelist annavad meie pakutavad k\u00e4epidemed tugeva v\u00f5i pehme aktsendi kaasaegsetele, retro- ja loft-interj\u00f6\u00f6ridele.<\/p>\n<\/div>\n","protected":false},"excerpt":{"rendered":"<p>SAVE-mudel. STH Materjal teras \u00dcldine laius (cm) 4 Koguprojektsioon (cm) 4 Aukude vahekaugus (cm) 40 \/ 80 V\u00e4rv Must LISAINFO<\/p>\n","protected":false},"featured_media":75849,"comment_status":"open","ping_status":"closed","template":"","meta":{"_acf_changed":false,"pmpro_default_level":""},"product_brand":[],"product_cat":[24144],"product_tag":[],"class_list":{"0":"post-134389","1":"product","2":"type-product","3":"status-publish","4":"has-post-thumbnail","6":"product_cat-ukse-liugkaepidemed","7":"pmpro-has-access","9":"first","10":"instock","11":"shipping-taxable","12":"purchasable","13":"product-type-simple"},"acf":[],"yoast_head":"<!-- This site is optimized with the Yoast SEO plugin v24.9 - https:\/\/yoast.com\/wordpress\/plugins\/seo\/ -->\n<title>VEST liuguksek\u00e4epidemed - MetalTale.com<\/title>\n<meta name=\"robots\" content=\"index, follow, max-snippet:-1, max-image-preview:large, max-video-preview:-1\" \/>\n<link rel=\"canonical\" href=\"https:\/\/metaltale.com\/et\/toode\/vest-liuguksekaepidemed-2\/\" \/>\n<meta property=\"og:locale\" content=\"et_EE\" \/>\n<meta property=\"og:type\" content=\"article\" \/>\n<meta property=\"og:title\" content=\"VEST liuguksek\u00e4epidemed - MetalTale.com\" \/>\n<meta property=\"og:description\" content=\"SAVE-mudel. STH Materjal teras \u00dcldine laius (cm) 4 Koguprojektsioon (cm) 4 Aukude vahekaugus (cm) 40 \/ 80 V\u00e4rv Must LISAINFO\" \/>\n<meta property=\"og:url\" content=\"https:\/\/metaltale.com\/et\/toode\/vest-liuguksekaepidemed-2\/\" \/>\n<meta property=\"og:site_name\" content=\"MetalTale.com\" \/>\n<meta name=\"twitter:card\" content=\"summary_large_image\" \/>\n<meta name=\"twitter:label1\" content=\"Est. reading time\" \/>\n\t<meta name=\"twitter:data1\" content=\"1 minut\" \/>\n<script type=\"application\/ld+json\" class=\"yoast-schema-graph\">{\"@context\":\"https:\/\/schema.org\",\"@graph\":[{\"@type\":\"WebPage\",\"@id\":\"https:\/\/metaltale.com\/et\/toode\/vest-liuguksekaepidemed-2\/\",\"url\":\"https:\/\/metaltale.com\/et\/toode\/vest-liuguksekaepidemed-2\/\",\"name\":\"VEST liuguksek\u00e4epidemed - MetalTale.com\",\"isPartOf\":{\"@id\":\"https:\/\/metaltale.com\/et\/#website\"},\"primaryImageOfPage\":{\"@id\":\"https:\/\/metaltale.com\/et\/toode\/vest-liuguksekaepidemed-2\/#primaryimage\"},\"image\":{\"@id\":\"https:\/\/metaltale.com\/et\/toode\/vest-liuguksekaepidemed-2\/#primaryimage\"},\"thumbnailUrl\":\"https:\/\/metaltale.com\/wp-content\/uploads\/2023\/10\/Laikiklis-VEST-100.jpg\",\"datePublished\":\"2024-02-13T11:19:04+00:00\",\"breadcrumb\":{\"@id\":\"https:\/\/metaltale.com\/et\/toode\/vest-liuguksekaepidemed-2\/#breadcrumb\"},\"inLanguage\":\"et\",\"potentialAction\":[{\"@type\":\"ReadAction\",\"target\":[\"https:\/\/metaltale.com\/et\/toode\/vest-liuguksekaepidemed-2\/\"]}]},{\"@type\":\"ImageObject\",\"inLanguage\":\"et\",\"@id\":\"https:\/\/metaltale.com\/et\/toode\/vest-liuguksekaepidemed-2\/#primaryimage\",\"url\":\"https:\/\/metaltale.com\/wp-content\/uploads\/2023\/10\/Laikiklis-VEST-100.jpg\",\"contentUrl\":\"https:\/\/metaltale.com\/wp-content\/uploads\/2023\/10\/Laikiklis-VEST-100.jpg\",\"width\":800,\"height\":800},{\"@type\":\"BreadcrumbList\",\"@id\":\"https:\/\/metaltale.com\/et\/toode\/vest-liuguksekaepidemed-2\/#breadcrumb\",\"itemListElement\":[{\"@type\":\"ListItem\",\"position\":1,\"name\":\"Home\",\"item\":\"https:\/\/metaltale.com\/et\/kodu\/\"},{\"@type\":\"ListItem\",\"position\":2,\"name\":\"Kauplus\",\"item\":\"https:\/\/metaltale.com\/et\/shop\/\"},{\"@type\":\"ListItem\",\"position\":3,\"name\":\"VEST liuguksek\u00e4epidemed\"}]},{\"@type\":\"WebSite\",\"@id\":\"https:\/\/metaltale.com\/et\/#website\",\"url\":\"https:\/\/metaltale.com\/et\/\",\"name\":\"Metaltale.com\",\"description\":\"\",\"potentialAction\":[{\"@type\":\"SearchAction\",\"target\":{\"@type\":\"EntryPoint\",\"urlTemplate\":\"https:\/\/metaltale.com\/et\/?s={search_term_string}\"},\"query-input\":{\"@type\":\"PropertyValueSpecification\",\"valueRequired\":true,\"valueName\":\"search_term_string\"}}],\"inLanguage\":\"et\"}]}<\/script>\n<!-- \/ Yoast SEO plugin. -->","yoast_head_json":{"title":"VEST liuguksek\u00e4epidemed - MetalTale.com","robots":{"index":"index","follow":"follow","max-snippet":"max-snippet:-1","max-image-preview":"max-image-preview:large","max-video-preview":"max-video-preview:-1"},"canonical":"https:\/\/metaltale.com\/et\/toode\/vest-liuguksekaepidemed-2\/","og_locale":"et_EE","og_type":"article","og_title":"VEST liuguksek\u00e4epidemed - MetalTale.com","og_description":"SAVE-mudel. STH Materjal teras \u00dcldine laius (cm) 4 Koguprojektsioon (cm) 4 Aukude vahekaugus (cm) 40 \/ 80 V\u00e4rv Must LISAINFO","og_url":"https:\/\/metaltale.com\/et\/toode\/vest-liuguksekaepidemed-2\/","og_site_name":"MetalTale.com","twitter_card":"summary_large_image","twitter_misc":{"Est. reading time":"1 minut"},"schema":{"@context":"https:\/\/schema.org","@graph":[{"@type":"WebPage","@id":"https:\/\/metaltale.com\/et\/toode\/vest-liuguksekaepidemed-2\/","url":"https:\/\/metaltale.com\/et\/toode\/vest-liuguksekaepidemed-2\/","name":"VEST liuguksek\u00e4epidemed - MetalTale.com","isPartOf":{"@id":"https:\/\/metaltale.com\/et\/#website"},"primaryImageOfPage":{"@id":"https:\/\/metaltale.com\/et\/toode\/vest-liuguksekaepidemed-2\/#primaryimage"},"image":{"@id":"https:\/\/metaltale.com\/et\/toode\/vest-liuguksekaepidemed-2\/#primaryimage"},"thumbnailUrl":"https:\/\/metaltale.com\/wp-content\/uploads\/2023\/10\/Laikiklis-VEST-100.jpg","datePublished":"2024-02-13T11:19:04+00:00","breadcrumb":{"@id":"https:\/\/metaltale.com\/et\/toode\/vest-liuguksekaepidemed-2\/#breadcrumb"},"inLanguage":"et","potentialAction":[{"@type":"ReadAction","target":["https:\/\/metaltale.com\/et\/toode\/vest-liuguksekaepidemed-2\/"]}]},{"@type":"ImageObject","inLanguage":"et","@id":"https:\/\/metaltale.com\/et\/toode\/vest-liuguksekaepidemed-2\/#primaryimage","url":"https:\/\/metaltale.com\/wp-content\/uploads\/2023\/10\/Laikiklis-VEST-100.jpg","contentUrl":"https:\/\/metaltale.com\/wp-content\/uploads\/2023\/10\/Laikiklis-VEST-100.jpg","width":800,"height":800},{"@type":"BreadcrumbList","@id":"https:\/\/metaltale.com\/et\/toode\/vest-liuguksekaepidemed-2\/#breadcrumb","itemListElement":[{"@type":"ListItem","position":1,"name":"Home","item":"https:\/\/metaltale.com\/et\/kodu\/"},{"@type":"ListItem","position":2,"name":"Kauplus","item":"https:\/\/metaltale.com\/et\/shop\/"},{"@type":"ListItem","position":3,"name":"VEST liuguksek\u00e4epidemed"}]},{"@type":"WebSite","@id":"https:\/\/metaltale.com\/et\/#website","url":"https:\/\/metaltale.com\/et\/","name":"Metaltale.com","description":"","potentialAction":[{"@type":"SearchAction","target":{"@type":"EntryPoint","urlTemplate":"https:\/\/metaltale.com\/et\/?s={search_term_string}"},"query-input":{"@type":"PropertyValueSpecification","valueRequired":true,"valueName":"search_term_string"}}],"inLanguage":"et"}]}},"_links":{"self":[{"href":"https:\/\/metaltale.com\/et\/wp-json\/wp\/v2\/product\/134389","targetHints":{"allow":["GET"]}}],"collection":[{"href":"https:\/\/metaltale.com\/et\/wp-json\/wp\/v2\/product"}],"about":[{"href":"https:\/\/metaltale.com\/et\/wp-json\/wp\/v2\/types\/product"}],"replies":[{"embeddable":true,"href":"https:\/\/metaltale.com\/et\/wp-json\/wp\/v2\/comments?post=134389"}],"version-history":[{"count":0,"href":"https:\/\/metaltale.com\/et\/wp-json\/wp\/v2\/product\/134389\/revisions"}],"wp:featuredmedia":[{"embeddable":true,"href":"https:\/\/metaltale.com\/et\/wp-json\/wp\/v2\/media\/75849"}],"wp:attachment":[{"href":"https:\/\/metaltale.com\/et\/wp-json\/wp\/v2\/media?parent=134389"}],"wp:term":[{"taxonomy":"product_brand","embeddable":true,"href":"https:\/\/metaltale.com\/et\/wp-json\/wp\/v2\/product_brand?post=134389"},{"taxonomy":"product_cat","embeddable":true,"href":"https:\/\/metaltale.com\/et\/wp-json\/wp\/v2\/product_cat?post=134389"},{"taxonomy":"product_tag","embeddable":true,"href":"https:\/\/metaltale.com\/et\/wp-json\/wp\/v2\/product_tag?post=134389"}],"curies":[{"name":"wp","href":"https:\/\/api.w.org\/{rel}","templated":true}]}}