{"id":134345,"date":"2024-02-13T14:17:06","date_gmt":"2024-02-13T12:17:06","guid":{"rendered":"https:\/\/metaltale.com\/produktas\/ventilatsioonivore-drobne-140x140-mm-must\/"},"modified":"2024-02-13T14:17:06","modified_gmt":"2024-02-13T12:17:06","slug":"ventilatsioonivore-drobne-140x140-mm-must","status":"publish","type":"product","link":"https:\/\/metaltale.com\/et\/toode\/ventilatsioonivore-drobne-140x140-mm-must\/","title":{"rendered":"Ventilatsiooniv\u00f5re DROBNE 140&#215;140 mm must"},"content":{"rendered":"<div class=\"prod_data\">\n<p><strong>Mudel<\/strong> FOR. KW. DXX<br \/>\n<strong>Materjal<\/strong> teras<br \/>\n<strong>Materjali paksus (cm<\/strong> ) 0,15<br \/>\n<strong>Koguk\u00f5rgus (cm<\/strong> ) Valikuv\u00f5imalus<br \/>\n<strong>Koguprojektsioon (cm)<\/strong> 0,6<br \/>\nV\u00e4rv Must<\/p>\n<p>Valmistatud kvaliteetsest terasest<br \/>\nV\u00e4rvikindlus ja kriimustuskindlus pulberv\u00e4rviga katmisel<br \/>\nDetailidele t\u00e4helepanu p\u00f6\u00f6ranud k\u00e4sit\u00f6\u00f6 tagab pika kasutusea<br \/>\nMitmesugused m\u00f5\u00f5tmed v\u00f5imaldavad valida sobiva v\u00f5re oma augu jaoks.<br \/>\nV\u00e4ike ventilatsiooni v\u00f5re takistab t\u00f5husalt putukate sisenemist<br \/>\nT\u00e4nu 1,5 mm paksusele teraskonstruktsioonile on v\u00f5red v\u00e4ga vastupidava ja massiivse konstruktsiooniga.<br \/>\nToodet kasutatakse laialdaselt ventilaatorite, ventilatsiooniavade v\u00f5i kaminate v\u00f5rkudena<\/p>\n<\/div>\n","protected":false},"excerpt":{"rendered":"<p>Mudel FOR. KW. DXX Materjal teras Materjali paksus (cm ) 0,15 Koguk\u00f5rgus (cm ) Valikuv\u00f5imalus Koguprojektsioon (cm) 0,6 V\u00e4rv Must<\/p>\n","protected":false},"featured_media":131649,"comment_status":"open","ping_status":"closed","template":"","meta":{"_acf_changed":false,"pmpro_default_level":""},"product_brand":[],"product_cat":[24163,23836],"product_tag":[],"class_list":{"0":"post-134345","1":"product","2":"type-product","3":"status-publish","4":"has-post-thumbnail","6":"product_cat-ventilatsioonirestid","7":"product_cat-moobli-tarvikud","8":"pmpro-has-access","10":"first","11":"instock","12":"shipping-taxable","13":"purchasable","14":"product-type-simple"},"acf":[],"yoast_head":"<!-- This site is optimized with the Yoast SEO plugin v24.9 - https:\/\/yoast.com\/wordpress\/plugins\/seo\/ -->\n<title>Ventilatsiooniv\u00f5re DROBNE 140x140 mm must - MetalTale.com<\/title>\n<meta name=\"robots\" content=\"index, follow, max-snippet:-1, max-image-preview:large, max-video-preview:-1\" \/>\n<link rel=\"canonical\" href=\"https:\/\/metaltale.com\/et\/toode\/ventilatsioonivore-drobne-140x140-mm-must\/\" \/>\n<meta property=\"og:locale\" content=\"et_EE\" \/>\n<meta property=\"og:type\" content=\"article\" \/>\n<meta property=\"og:title\" content=\"Ventilatsiooniv\u00f5re DROBNE 140x140 mm must - MetalTale.com\" \/>\n<meta property=\"og:description\" content=\"Mudel FOR. KW. DXX Materjal teras Materjali paksus (cm ) 0,15 Koguk\u00f5rgus (cm ) Valikuv\u00f5imalus Koguprojektsioon (cm) 0,6 V\u00e4rv Must\" \/>\n<meta property=\"og:url\" content=\"https:\/\/metaltale.com\/et\/toode\/ventilatsioonivore-drobne-140x140-mm-must\/\" \/>\n<meta property=\"og:site_name\" content=\"MetalTale.com\" \/>\n<meta property=\"og:image\" content=\"https:\/\/metaltale.com\/wp-content\/uploads\/2024\/02\/Ventiliacijos-groteles-DROBNE-140x140-mm-juoda.jpg\" \/>\n\t<meta property=\"og:image:width\" content=\"800\" \/>\n\t<meta property=\"og:image:height\" content=\"800\" \/>\n\t<meta property=\"og:image:type\" content=\"image\/jpeg\" \/>\n<meta name=\"twitter:card\" content=\"summary_large_image\" \/>\n<script type=\"application\/ld+json\" class=\"yoast-schema-graph\">{\"@context\":\"https:\/\/schema.org\",\"@graph\":[{\"@type\":\"WebPage\",\"@id\":\"https:\/\/metaltale.com\/et\/toode\/ventilatsioonivore-drobne-140x140-mm-must\/\",\"url\":\"https:\/\/metaltale.com\/et\/toode\/ventilatsioonivore-drobne-140x140-mm-must\/\",\"name\":\"Ventilatsiooniv\u00f5re DROBNE 140x140 mm must - MetalTale.com\",\"isPartOf\":{\"@id\":\"https:\/\/metaltale.com\/et\/#website\"},\"primaryImageOfPage\":{\"@id\":\"https:\/\/metaltale.com\/et\/toode\/ventilatsioonivore-drobne-140x140-mm-must\/#primaryimage\"},\"image\":{\"@id\":\"https:\/\/metaltale.com\/et\/toode\/ventilatsioonivore-drobne-140x140-mm-must\/#primaryimage\"},\"thumbnailUrl\":\"https:\/\/metaltale.com\/wp-content\/uploads\/2024\/02\/Ventiliacijos-groteles-DROBNE-140x140-mm-juoda.jpg\",\"datePublished\":\"2024-02-13T12:17:06+00:00\",\"breadcrumb\":{\"@id\":\"https:\/\/metaltale.com\/et\/toode\/ventilatsioonivore-drobne-140x140-mm-must\/#breadcrumb\"},\"inLanguage\":\"et\",\"potentialAction\":[{\"@type\":\"ReadAction\",\"target\":[\"https:\/\/metaltale.com\/et\/toode\/ventilatsioonivore-drobne-140x140-mm-must\/\"]}]},{\"@type\":\"ImageObject\",\"inLanguage\":\"et\",\"@id\":\"https:\/\/metaltale.com\/et\/toode\/ventilatsioonivore-drobne-140x140-mm-must\/#primaryimage\",\"url\":\"https:\/\/metaltale.com\/wp-content\/uploads\/2024\/02\/Ventiliacijos-groteles-DROBNE-140x140-mm-juoda.jpg\",\"contentUrl\":\"https:\/\/metaltale.com\/wp-content\/uploads\/2024\/02\/Ventiliacijos-groteles-DROBNE-140x140-mm-juoda.jpg\",\"width\":800,\"height\":800,\"caption\":\"Ventilatsiooniv\u00f5re DROBNE 140x140 mm must\"},{\"@type\":\"BreadcrumbList\",\"@id\":\"https:\/\/metaltale.com\/et\/toode\/ventilatsioonivore-drobne-140x140-mm-must\/#breadcrumb\",\"itemListElement\":[{\"@type\":\"ListItem\",\"position\":1,\"name\":\"Home\",\"item\":\"https:\/\/metaltale.com\/et\/kodu\/\"},{\"@type\":\"ListItem\",\"position\":2,\"name\":\"Kauplus\",\"item\":\"https:\/\/metaltale.com\/et\/shop\/\"},{\"@type\":\"ListItem\",\"position\":3,\"name\":\"Ventilatsiooniv\u00f5re DROBNE 140&#215;140 mm must\"}]},{\"@type\":\"WebSite\",\"@id\":\"https:\/\/metaltale.com\/et\/#website\",\"url\":\"https:\/\/metaltale.com\/et\/\",\"name\":\"Metaltale.com\",\"description\":\"\",\"potentialAction\":[{\"@type\":\"SearchAction\",\"target\":{\"@type\":\"EntryPoint\",\"urlTemplate\":\"https:\/\/metaltale.com\/et\/?s={search_term_string}\"},\"query-input\":{\"@type\":\"PropertyValueSpecification\",\"valueRequired\":true,\"valueName\":\"search_term_string\"}}],\"inLanguage\":\"et\"}]}<\/script>\n<!-- \/ Yoast SEO plugin. -->","yoast_head_json":{"title":"Ventilatsiooniv\u00f5re DROBNE 140x140 mm must - MetalTale.com","robots":{"index":"index","follow":"follow","max-snippet":"max-snippet:-1","max-image-preview":"max-image-preview:large","max-video-preview":"max-video-preview:-1"},"canonical":"https:\/\/metaltale.com\/et\/toode\/ventilatsioonivore-drobne-140x140-mm-must\/","og_locale":"et_EE","og_type":"article","og_title":"Ventilatsiooniv\u00f5re DROBNE 140x140 mm must - MetalTale.com","og_description":"Mudel FOR. KW. DXX Materjal teras Materjali paksus (cm ) 0,15 Koguk\u00f5rgus (cm ) Valikuv\u00f5imalus Koguprojektsioon (cm) 0,6 V\u00e4rv Must","og_url":"https:\/\/metaltale.com\/et\/toode\/ventilatsioonivore-drobne-140x140-mm-must\/","og_site_name":"MetalTale.com","og_image":[{"width":800,"height":800,"url":"https:\/\/metaltale.com\/wp-content\/uploads\/2024\/02\/Ventiliacijos-groteles-DROBNE-140x140-mm-juoda.jpg","type":"image\/jpeg"}],"twitter_card":"summary_large_image","schema":{"@context":"https:\/\/schema.org","@graph":[{"@type":"WebPage","@id":"https:\/\/metaltale.com\/et\/toode\/ventilatsioonivore-drobne-140x140-mm-must\/","url":"https:\/\/metaltale.com\/et\/toode\/ventilatsioonivore-drobne-140x140-mm-must\/","name":"Ventilatsiooniv\u00f5re DROBNE 140x140 mm must - MetalTale.com","isPartOf":{"@id":"https:\/\/metaltale.com\/et\/#website"},"primaryImageOfPage":{"@id":"https:\/\/metaltale.com\/et\/toode\/ventilatsioonivore-drobne-140x140-mm-must\/#primaryimage"},"image":{"@id":"https:\/\/metaltale.com\/et\/toode\/ventilatsioonivore-drobne-140x140-mm-must\/#primaryimage"},"thumbnailUrl":"https:\/\/metaltale.com\/wp-content\/uploads\/2024\/02\/Ventiliacijos-groteles-DROBNE-140x140-mm-juoda.jpg","datePublished":"2024-02-13T12:17:06+00:00","breadcrumb":{"@id":"https:\/\/metaltale.com\/et\/toode\/ventilatsioonivore-drobne-140x140-mm-must\/#breadcrumb"},"inLanguage":"et","potentialAction":[{"@type":"ReadAction","target":["https:\/\/metaltale.com\/et\/toode\/ventilatsioonivore-drobne-140x140-mm-must\/"]}]},{"@type":"ImageObject","inLanguage":"et","@id":"https:\/\/metaltale.com\/et\/toode\/ventilatsioonivore-drobne-140x140-mm-must\/#primaryimage","url":"https:\/\/metaltale.com\/wp-content\/uploads\/2024\/02\/Ventiliacijos-groteles-DROBNE-140x140-mm-juoda.jpg","contentUrl":"https:\/\/metaltale.com\/wp-content\/uploads\/2024\/02\/Ventiliacijos-groteles-DROBNE-140x140-mm-juoda.jpg","width":800,"height":800,"caption":"Ventilatsiooniv\u00f5re DROBNE 140x140 mm must"},{"@type":"BreadcrumbList","@id":"https:\/\/metaltale.com\/et\/toode\/ventilatsioonivore-drobne-140x140-mm-must\/#breadcrumb","itemListElement":[{"@type":"ListItem","position":1,"name":"Home","item":"https:\/\/metaltale.com\/et\/kodu\/"},{"@type":"ListItem","position":2,"name":"Kauplus","item":"https:\/\/metaltale.com\/et\/shop\/"},{"@type":"ListItem","position":3,"name":"Ventilatsiooniv\u00f5re DROBNE 140&#215;140 mm must"}]},{"@type":"WebSite","@id":"https:\/\/metaltale.com\/et\/#website","url":"https:\/\/metaltale.com\/et\/","name":"Metaltale.com","description":"","potentialAction":[{"@type":"SearchAction","target":{"@type":"EntryPoint","urlTemplate":"https:\/\/metaltale.com\/et\/?s={search_term_string}"},"query-input":{"@type":"PropertyValueSpecification","valueRequired":true,"valueName":"search_term_string"}}],"inLanguage":"et"}]}},"_links":{"self":[{"href":"https:\/\/metaltale.com\/et\/wp-json\/wp\/v2\/product\/134345","targetHints":{"allow":["GET"]}}],"collection":[{"href":"https:\/\/metaltale.com\/et\/wp-json\/wp\/v2\/product"}],"about":[{"href":"https:\/\/metaltale.com\/et\/wp-json\/wp\/v2\/types\/product"}],"replies":[{"embeddable":true,"href":"https:\/\/metaltale.com\/et\/wp-json\/wp\/v2\/comments?post=134345"}],"version-history":[{"count":0,"href":"https:\/\/metaltale.com\/et\/wp-json\/wp\/v2\/product\/134345\/revisions"}],"wp:featuredmedia":[{"embeddable":true,"href":"https:\/\/metaltale.com\/et\/wp-json\/wp\/v2\/media\/131649"}],"wp:attachment":[{"href":"https:\/\/metaltale.com\/et\/wp-json\/wp\/v2\/media?parent=134345"}],"wp:term":[{"taxonomy":"product_brand","embeddable":true,"href":"https:\/\/metaltale.com\/et\/wp-json\/wp\/v2\/product_brand?post=134345"},{"taxonomy":"product_cat","embeddable":true,"href":"https:\/\/metaltale.com\/et\/wp-json\/wp\/v2\/product_cat?post=134345"},{"taxonomy":"product_tag","embeddable":true,"href":"https:\/\/metaltale.com\/et\/wp-json\/wp\/v2\/product_tag?post=134345"}],"curies":[{"name":"wp","href":"https:\/\/api.w.org\/{rel}","templated":true}]}}