{"id":134331,"date":"2024-02-13T15:01:05","date_gmt":"2024-02-13T13:01:05","guid":{"rendered":"https:\/\/metaltale.com\/produktas\/pilt-3d-loft-mozaiko-5-122x55-cm\/"},"modified":"2024-02-13T15:01:05","modified_gmt":"2024-02-13T13:01:05","slug":"pilt-3d-loft-mozaiko-5-122x55-cm","status":"publish","type":"product","link":"https:\/\/metaltale.com\/et\/toode\/pilt-3d-loft-mozaiko-5-122x55-cm\/","title":{"rendered":"Pilt 3D LOFT MOZAIKO 5; 122&#215;55 cm"},"content":{"rendered":"<div class=\"prod_data\">\n<p><strong>Mudel<\/strong> PT. F22206<br \/>\n<strong>EAN.<\/strong>  5907772074831<br \/>\n<strong>Laius (cm)<\/strong> 122<br \/>\nK\u00f5rgus (cm) 55<br \/>\n<strong>Paksus (cm<\/strong> ) 7,5<br \/>\n<strong>Materjal<\/strong> puit<br \/>\nKujundid Ristk\u00fclikukujuline<br \/>\nOrienteerumine Universaalne<br \/>\nMotiiv Muu<\/p>\n<p>&#8211; Puu 3D vaade<br \/>\n&#8211; Ehtsad \u00fcleulatuvused , mis annavad uimastava kolmem\u00f5\u00f5tmelise efekti.<br \/>\n&#8211; impregneerimine l\u00e4bipaistva lakiga tagab v\u00e4rvi s\u00e4ilimise ja kriimustuskindluse.<br \/>\n&#8211; puidust raam loob tugeva struktuuri, mis kaitseb pilti moonutuste eest<br \/>\n&#8211; kolmem\u00f5\u00f5tmeline mosaiikviimistlus<\/p>\n<hr>\n<p>T\u00e4ielikult t\u00e4ispuidust valmistatud kolmem\u00f5\u00f5tmeline seinakate. Maal koosneb suurde ristk\u00fclikusse suletud v\u00e4ikestest ruutudest, mis meenutavad sajandeid tuntud mosaiiki. See mudel sobib nii moodsasse kui ka klassikalisemasse interj\u00f6\u00f6ri. Kasutades sinise, valge ja pruuni tooni v\u00e4rve, lisab see pilt rahulikku ja hubast tunnet kaasaegsetesse ja loft-interj\u00f6\u00f6ridesse. Pildi autentsust lisab n\u00e4htav tera, mis paistab l\u00e4bi v\u00e4rvi. Maali t\u00e4iendavaks eeliseks on v\u00f5imalus riputada seda nii vertikaalselt kui ka horisontaalselt. &#8220;Mosaiko 5 on rohkem kui lihtsalt seinakaunistus, see on ajatu, dekoratiivne ja suurep\u00e4rane kingiidee.<\/p>\n<\/div>\n","protected":false},"excerpt":{"rendered":"<p>Mudel PT. F22206 EAN. 5907772074831 Laius (cm) 122 K\u00f5rgus (cm) 55 Paksus (cm ) 7,5 Materjal puit Kujundid Ristk\u00fclikukujuline Orienteerumine<\/p>\n","protected":false},"featured_media":74271,"comment_status":"open","ping_status":"closed","template":"","meta":{"_acf_changed":false,"pmpro_default_level":""},"product_brand":[],"product_cat":[23913,23895],"product_tag":[],"class_list":{"0":"post-134331","1":"product","2":"type-product","3":"status-publish","4":"has-post-thumbnail","6":"product_cat-3d-paveikslai-et","7":"product_cat-kaunistused","8":"pmpro-has-access","10":"first","11":"instock","12":"shipping-taxable","13":"purchasable","14":"product-type-simple"},"acf":[],"yoast_head":"<!-- This site is optimized with the Yoast SEO plugin v24.9 - https:\/\/yoast.com\/wordpress\/plugins\/seo\/ -->\n<title>Pilt 3D LOFT MOZAIKO 5; 122x55 cm - MetalTale.com<\/title>\n<meta name=\"robots\" content=\"index, follow, max-snippet:-1, max-image-preview:large, max-video-preview:-1\" \/>\n<link rel=\"canonical\" href=\"https:\/\/metaltale.com\/et\/toode\/pilt-3d-loft-mozaiko-5-122x55-cm\/\" \/>\n<meta property=\"og:locale\" content=\"et_EE\" \/>\n<meta property=\"og:type\" content=\"article\" \/>\n<meta property=\"og:title\" content=\"Pilt 3D LOFT MOZAIKO 5; 122x55 cm - MetalTale.com\" \/>\n<meta property=\"og:description\" content=\"Mudel PT. F22206 EAN. 5907772074831 Laius (cm) 122 K\u00f5rgus (cm) 55 Paksus (cm ) 7,5 Materjal puit Kujundid Ristk\u00fclikukujuline Orienteerumine\" \/>\n<meta property=\"og:url\" content=\"https:\/\/metaltale.com\/et\/toode\/pilt-3d-loft-mozaiko-5-122x55-cm\/\" \/>\n<meta property=\"og:site_name\" content=\"MetalTale.com\" \/>\n<meta name=\"twitter:card\" content=\"summary_large_image\" \/>\n<meta name=\"twitter:label1\" content=\"Est. reading time\" \/>\n\t<meta name=\"twitter:data1\" content=\"1 minut\" \/>\n<script type=\"application\/ld+json\" class=\"yoast-schema-graph\">{\"@context\":\"https:\/\/schema.org\",\"@graph\":[{\"@type\":\"WebPage\",\"@id\":\"https:\/\/metaltale.com\/et\/toode\/pilt-3d-loft-mozaiko-5-122x55-cm\/\",\"url\":\"https:\/\/metaltale.com\/et\/toode\/pilt-3d-loft-mozaiko-5-122x55-cm\/\",\"name\":\"Pilt 3D LOFT MOZAIKO 5; 122x55 cm - MetalTale.com\",\"isPartOf\":{\"@id\":\"https:\/\/metaltale.com\/et\/#website\"},\"primaryImageOfPage\":{\"@id\":\"https:\/\/metaltale.com\/et\/toode\/pilt-3d-loft-mozaiko-5-122x55-cm\/#primaryimage\"},\"image\":{\"@id\":\"https:\/\/metaltale.com\/et\/toode\/pilt-3d-loft-mozaiko-5-122x55-cm\/#primaryimage\"},\"thumbnailUrl\":\"https:\/\/metaltale.com\/wp-content\/uploads\/2023\/09\/3D-vaizdas-LOFT-MOZAIKO-5.jpg\",\"datePublished\":\"2024-02-13T13:01:05+00:00\",\"breadcrumb\":{\"@id\":\"https:\/\/metaltale.com\/et\/toode\/pilt-3d-loft-mozaiko-5-122x55-cm\/#breadcrumb\"},\"inLanguage\":\"et\",\"potentialAction\":[{\"@type\":\"ReadAction\",\"target\":[\"https:\/\/metaltale.com\/et\/toode\/pilt-3d-loft-mozaiko-5-122x55-cm\/\"]}]},{\"@type\":\"ImageObject\",\"inLanguage\":\"et\",\"@id\":\"https:\/\/metaltale.com\/et\/toode\/pilt-3d-loft-mozaiko-5-122x55-cm\/#primaryimage\",\"url\":\"https:\/\/metaltale.com\/wp-content\/uploads\/2023\/09\/3D-vaizdas-LOFT-MOZAIKO-5.jpg\",\"contentUrl\":\"https:\/\/metaltale.com\/wp-content\/uploads\/2023\/09\/3D-vaizdas-LOFT-MOZAIKO-5.jpg\",\"width\":800,\"height\":800},{\"@type\":\"BreadcrumbList\",\"@id\":\"https:\/\/metaltale.com\/et\/toode\/pilt-3d-loft-mozaiko-5-122x55-cm\/#breadcrumb\",\"itemListElement\":[{\"@type\":\"ListItem\",\"position\":1,\"name\":\"Home\",\"item\":\"https:\/\/metaltale.com\/et\/kodu\/\"},{\"@type\":\"ListItem\",\"position\":2,\"name\":\"Kauplus\",\"item\":\"https:\/\/metaltale.com\/et\/shop\/\"},{\"@type\":\"ListItem\",\"position\":3,\"name\":\"Pilt 3D LOFT MOZAIKO 5; 122&#215;55 cm\"}]},{\"@type\":\"WebSite\",\"@id\":\"https:\/\/metaltale.com\/et\/#website\",\"url\":\"https:\/\/metaltale.com\/et\/\",\"name\":\"Metaltale.com\",\"description\":\"\",\"potentialAction\":[{\"@type\":\"SearchAction\",\"target\":{\"@type\":\"EntryPoint\",\"urlTemplate\":\"https:\/\/metaltale.com\/et\/?s={search_term_string}\"},\"query-input\":{\"@type\":\"PropertyValueSpecification\",\"valueRequired\":true,\"valueName\":\"search_term_string\"}}],\"inLanguage\":\"et\"}]}<\/script>\n<!-- \/ Yoast SEO plugin. -->","yoast_head_json":{"title":"Pilt 3D LOFT MOZAIKO 5; 122x55 cm - MetalTale.com","robots":{"index":"index","follow":"follow","max-snippet":"max-snippet:-1","max-image-preview":"max-image-preview:large","max-video-preview":"max-video-preview:-1"},"canonical":"https:\/\/metaltale.com\/et\/toode\/pilt-3d-loft-mozaiko-5-122x55-cm\/","og_locale":"et_EE","og_type":"article","og_title":"Pilt 3D LOFT MOZAIKO 5; 122x55 cm - MetalTale.com","og_description":"Mudel PT. F22206 EAN. 5907772074831 Laius (cm) 122 K\u00f5rgus (cm) 55 Paksus (cm ) 7,5 Materjal puit Kujundid Ristk\u00fclikukujuline Orienteerumine","og_url":"https:\/\/metaltale.com\/et\/toode\/pilt-3d-loft-mozaiko-5-122x55-cm\/","og_site_name":"MetalTale.com","twitter_card":"summary_large_image","twitter_misc":{"Est. reading time":"1 minut"},"schema":{"@context":"https:\/\/schema.org","@graph":[{"@type":"WebPage","@id":"https:\/\/metaltale.com\/et\/toode\/pilt-3d-loft-mozaiko-5-122x55-cm\/","url":"https:\/\/metaltale.com\/et\/toode\/pilt-3d-loft-mozaiko-5-122x55-cm\/","name":"Pilt 3D LOFT MOZAIKO 5; 122x55 cm - MetalTale.com","isPartOf":{"@id":"https:\/\/metaltale.com\/et\/#website"},"primaryImageOfPage":{"@id":"https:\/\/metaltale.com\/et\/toode\/pilt-3d-loft-mozaiko-5-122x55-cm\/#primaryimage"},"image":{"@id":"https:\/\/metaltale.com\/et\/toode\/pilt-3d-loft-mozaiko-5-122x55-cm\/#primaryimage"},"thumbnailUrl":"https:\/\/metaltale.com\/wp-content\/uploads\/2023\/09\/3D-vaizdas-LOFT-MOZAIKO-5.jpg","datePublished":"2024-02-13T13:01:05+00:00","breadcrumb":{"@id":"https:\/\/metaltale.com\/et\/toode\/pilt-3d-loft-mozaiko-5-122x55-cm\/#breadcrumb"},"inLanguage":"et","potentialAction":[{"@type":"ReadAction","target":["https:\/\/metaltale.com\/et\/toode\/pilt-3d-loft-mozaiko-5-122x55-cm\/"]}]},{"@type":"ImageObject","inLanguage":"et","@id":"https:\/\/metaltale.com\/et\/toode\/pilt-3d-loft-mozaiko-5-122x55-cm\/#primaryimage","url":"https:\/\/metaltale.com\/wp-content\/uploads\/2023\/09\/3D-vaizdas-LOFT-MOZAIKO-5.jpg","contentUrl":"https:\/\/metaltale.com\/wp-content\/uploads\/2023\/09\/3D-vaizdas-LOFT-MOZAIKO-5.jpg","width":800,"height":800},{"@type":"BreadcrumbList","@id":"https:\/\/metaltale.com\/et\/toode\/pilt-3d-loft-mozaiko-5-122x55-cm\/#breadcrumb","itemListElement":[{"@type":"ListItem","position":1,"name":"Home","item":"https:\/\/metaltale.com\/et\/kodu\/"},{"@type":"ListItem","position":2,"name":"Kauplus","item":"https:\/\/metaltale.com\/et\/shop\/"},{"@type":"ListItem","position":3,"name":"Pilt 3D LOFT MOZAIKO 5; 122&#215;55 cm"}]},{"@type":"WebSite","@id":"https:\/\/metaltale.com\/et\/#website","url":"https:\/\/metaltale.com\/et\/","name":"Metaltale.com","description":"","potentialAction":[{"@type":"SearchAction","target":{"@type":"EntryPoint","urlTemplate":"https:\/\/metaltale.com\/et\/?s={search_term_string}"},"query-input":{"@type":"PropertyValueSpecification","valueRequired":true,"valueName":"search_term_string"}}],"inLanguage":"et"}]}},"_links":{"self":[{"href":"https:\/\/metaltale.com\/et\/wp-json\/wp\/v2\/product\/134331","targetHints":{"allow":["GET"]}}],"collection":[{"href":"https:\/\/metaltale.com\/et\/wp-json\/wp\/v2\/product"}],"about":[{"href":"https:\/\/metaltale.com\/et\/wp-json\/wp\/v2\/types\/product"}],"replies":[{"embeddable":true,"href":"https:\/\/metaltale.com\/et\/wp-json\/wp\/v2\/comments?post=134331"}],"version-history":[{"count":0,"href":"https:\/\/metaltale.com\/et\/wp-json\/wp\/v2\/product\/134331\/revisions"}],"wp:featuredmedia":[{"embeddable":true,"href":"https:\/\/metaltale.com\/et\/wp-json\/wp\/v2\/media\/74271"}],"wp:attachment":[{"href":"https:\/\/metaltale.com\/et\/wp-json\/wp\/v2\/media?parent=134331"}],"wp:term":[{"taxonomy":"product_brand","embeddable":true,"href":"https:\/\/metaltale.com\/et\/wp-json\/wp\/v2\/product_brand?post=134331"},{"taxonomy":"product_cat","embeddable":true,"href":"https:\/\/metaltale.com\/et\/wp-json\/wp\/v2\/product_cat?post=134331"},{"taxonomy":"product_tag","embeddable":true,"href":"https:\/\/metaltale.com\/et\/wp-json\/wp\/v2\/product_tag?post=134331"}],"curies":[{"name":"wp","href":"https:\/\/api.w.org\/{rel}","templated":true}]}}