{"id":134330,"date":"2024-01-12T21:10:24","date_gmt":"2024-01-12T19:10:24","guid":{"rendered":"https:\/\/metaltale.com\/produktas\/tvirta-tool\/"},"modified":"2024-01-12T21:10:24","modified_gmt":"2024-01-12T19:10:24","slug":"tvirta-tool","status":"publish","type":"product","link":"https:\/\/metaltale.com\/et\/toode\/tvirta-tool\/","title":{"rendered":"TVIRTA tool"},"content":{"rendered":"<div class=\"prod_data\"><strong>Mudel<\/strong> FOR. K1-CZ-R  <br \/>Tugev <strong>kollektsioon<\/strong>  <br \/><strong>Materjal<\/strong> \u00d6ko nahk, metall  <br \/><strong>\u00dcldine k\u00f5rgus (cm<\/strong> ) 50\/90  <br \/><strong>\u00dcldine laius (cm)<\/strong> 45  <br \/><strong>S\u00fcgavus (cm)<\/strong> 45  <br \/><strong>V\u00e4rv<\/strong> Pruun  <br \/><strong>Tarnet\u00fc\u00fcp<\/strong> Toode paigalduselementides  <\/p>\n<p>Tool on valmistatud metallist ja keskkonnas\u00f5bralikust nahast, mis tagab toote vastupidavuse.<\/p>\n<p>Tepitud polsterdus annab ebatavalise iseloomu<\/p>\n<p>Jalad on valmistatud pulberv\u00e4rvitud metallist, mis tagab t\u00e4iendava kriimustuskindluse.<\/p>\n<p>Toodete v\u00e4rvus v\u00f5ib erineda fotogaleriis n\u00e4idatud v\u00e4rvusest, mis v\u00f5ib olla tingitud individuaalsetest monitoriseadetest ja materjalide iseloomust.<\/p>\n<hr>\n<p>Toode on ideaalne valik inimestele, kes otsivad mugavust koos esteetilise v\u00e4limusega. Tool sobib ideaalselt s\u00f6\u00f6gituppa, k\u00f6\u00f6ki v\u00f5i elutuppa, kontorisse ja isegi kohvikusse. Iste ja seljatugi on polsterdatud kunstmokkadega, mis j\u00e4tavad mulje vananenud pinnast. Tooli jalad on valmistatud mustast metallist, mis lisab kogu konstruktsioonile elegantsust ja \u0161ikkust. Kavandataval toolil ei ole k\u00e4etoed. Lisaks sellele on polsterdus tikitud, mis kujutab endast \u00fcldstruktuuri mitmekesisust, mis on \u00fcsna lihtne.<\/p>\n<\/div>\n","protected":false},"excerpt":{"rendered":"<p>Mudel FOR. K1-CZ-R Tugev kollektsioon Materjal \u00d6ko nahk, metall \u00dcldine k\u00f5rgus (cm ) 50\/90 \u00dcldine laius (cm) 45 S\u00fcgavus (cm)<\/p>\n","protected":false},"featured_media":74889,"comment_status":"open","ping_status":"closed","template":"","meta":{"_acf_changed":false,"pmpro_default_level":""},"product_brand":[],"product_cat":[24138],"product_tag":[],"class_list":{"0":"post-134330","1":"product","2":"type-product","3":"status-publish","4":"has-post-thumbnail","6":"product_cat-toostusmoobel","7":"pmpro-has-access","9":"first","10":"outofstock","11":"shipping-taxable","12":"purchasable","13":"product-type-simple"},"acf":[],"yoast_head":"<!-- This site is optimized with the Yoast SEO plugin v24.9 - https:\/\/yoast.com\/wordpress\/plugins\/seo\/ -->\n<title>TVIRTA tool - MetalTale.com<\/title>\n<meta name=\"robots\" content=\"index, follow, max-snippet:-1, max-image-preview:large, max-video-preview:-1\" \/>\n<link rel=\"canonical\" href=\"https:\/\/metaltale.com\/et\/toode\/tvirta-tool\/\" \/>\n<meta property=\"og:locale\" content=\"et_EE\" \/>\n<meta property=\"og:type\" content=\"article\" \/>\n<meta property=\"og:title\" content=\"TVIRTA tool - MetalTale.com\" \/>\n<meta property=\"og:description\" content=\"Mudel FOR. K1-CZ-R Tugev kollektsioon Materjal \u00d6ko nahk, metall \u00dcldine k\u00f5rgus (cm ) 50\/90 \u00dcldine laius (cm) 45 S\u00fcgavus (cm)\" \/>\n<meta property=\"og:url\" content=\"https:\/\/metaltale.com\/et\/toode\/tvirta-tool\/\" \/>\n<meta property=\"og:site_name\" content=\"MetalTale.com\" \/>\n<meta name=\"twitter:card\" content=\"summary_large_image\" \/>\n<meta name=\"twitter:label1\" content=\"Est. reading time\" \/>\n\t<meta name=\"twitter:data1\" content=\"1 minut\" \/>\n<script type=\"application\/ld+json\" class=\"yoast-schema-graph\">{\"@context\":\"https:\/\/schema.org\",\"@graph\":[{\"@type\":\"WebPage\",\"@id\":\"https:\/\/metaltale.com\/et\/toode\/tvirta-tool\/\",\"url\":\"https:\/\/metaltale.com\/et\/toode\/tvirta-tool\/\",\"name\":\"TVIRTA tool - MetalTale.com\",\"isPartOf\":{\"@id\":\"https:\/\/metaltale.com\/et\/#website\"},\"primaryImageOfPage\":{\"@id\":\"https:\/\/metaltale.com\/et\/toode\/tvirta-tool\/#primaryimage\"},\"image\":{\"@id\":\"https:\/\/metaltale.com\/et\/toode\/tvirta-tool\/#primaryimage\"},\"thumbnailUrl\":\"https:\/\/metaltale.com\/wp-content\/uploads\/2023\/09\/TVIRTA-kx117dx117.jpg\",\"datePublished\":\"2024-01-12T19:10:24+00:00\",\"breadcrumb\":{\"@id\":\"https:\/\/metaltale.com\/et\/toode\/tvirta-tool\/#breadcrumb\"},\"inLanguage\":\"et\",\"potentialAction\":[{\"@type\":\"ReadAction\",\"target\":[\"https:\/\/metaltale.com\/et\/toode\/tvirta-tool\/\"]}]},{\"@type\":\"ImageObject\",\"inLanguage\":\"et\",\"@id\":\"https:\/\/metaltale.com\/et\/toode\/tvirta-tool\/#primaryimage\",\"url\":\"https:\/\/metaltale.com\/wp-content\/uploads\/2023\/09\/TVIRTA-kx117dx117.jpg\",\"contentUrl\":\"https:\/\/metaltale.com\/wp-content\/uploads\/2023\/09\/TVIRTA-kx117dx117.jpg\",\"width\":800,\"height\":800},{\"@type\":\"BreadcrumbList\",\"@id\":\"https:\/\/metaltale.com\/et\/toode\/tvirta-tool\/#breadcrumb\",\"itemListElement\":[{\"@type\":\"ListItem\",\"position\":1,\"name\":\"Home\",\"item\":\"https:\/\/metaltale.com\/et\/kodu\/\"},{\"@type\":\"ListItem\",\"position\":2,\"name\":\"Kauplus\",\"item\":\"https:\/\/metaltale.com\/et\/shop\/\"},{\"@type\":\"ListItem\",\"position\":3,\"name\":\"TVIRTA tool\"}]},{\"@type\":\"WebSite\",\"@id\":\"https:\/\/metaltale.com\/et\/#website\",\"url\":\"https:\/\/metaltale.com\/et\/\",\"name\":\"Metaltale.com\",\"description\":\"\",\"potentialAction\":[{\"@type\":\"SearchAction\",\"target\":{\"@type\":\"EntryPoint\",\"urlTemplate\":\"https:\/\/metaltale.com\/et\/?s={search_term_string}\"},\"query-input\":{\"@type\":\"PropertyValueSpecification\",\"valueRequired\":true,\"valueName\":\"search_term_string\"}}],\"inLanguage\":\"et\"}]}<\/script>\n<!-- \/ Yoast SEO plugin. -->","yoast_head_json":{"title":"TVIRTA tool - MetalTale.com","robots":{"index":"index","follow":"follow","max-snippet":"max-snippet:-1","max-image-preview":"max-image-preview:large","max-video-preview":"max-video-preview:-1"},"canonical":"https:\/\/metaltale.com\/et\/toode\/tvirta-tool\/","og_locale":"et_EE","og_type":"article","og_title":"TVIRTA tool - MetalTale.com","og_description":"Mudel FOR. K1-CZ-R Tugev kollektsioon Materjal \u00d6ko nahk, metall \u00dcldine k\u00f5rgus (cm ) 50\/90 \u00dcldine laius (cm) 45 S\u00fcgavus (cm)","og_url":"https:\/\/metaltale.com\/et\/toode\/tvirta-tool\/","og_site_name":"MetalTale.com","twitter_card":"summary_large_image","twitter_misc":{"Est. reading time":"1 minut"},"schema":{"@context":"https:\/\/schema.org","@graph":[{"@type":"WebPage","@id":"https:\/\/metaltale.com\/et\/toode\/tvirta-tool\/","url":"https:\/\/metaltale.com\/et\/toode\/tvirta-tool\/","name":"TVIRTA tool - MetalTale.com","isPartOf":{"@id":"https:\/\/metaltale.com\/et\/#website"},"primaryImageOfPage":{"@id":"https:\/\/metaltale.com\/et\/toode\/tvirta-tool\/#primaryimage"},"image":{"@id":"https:\/\/metaltale.com\/et\/toode\/tvirta-tool\/#primaryimage"},"thumbnailUrl":"https:\/\/metaltale.com\/wp-content\/uploads\/2023\/09\/TVIRTA-kx117dx117.jpg","datePublished":"2024-01-12T19:10:24+00:00","breadcrumb":{"@id":"https:\/\/metaltale.com\/et\/toode\/tvirta-tool\/#breadcrumb"},"inLanguage":"et","potentialAction":[{"@type":"ReadAction","target":["https:\/\/metaltale.com\/et\/toode\/tvirta-tool\/"]}]},{"@type":"ImageObject","inLanguage":"et","@id":"https:\/\/metaltale.com\/et\/toode\/tvirta-tool\/#primaryimage","url":"https:\/\/metaltale.com\/wp-content\/uploads\/2023\/09\/TVIRTA-kx117dx117.jpg","contentUrl":"https:\/\/metaltale.com\/wp-content\/uploads\/2023\/09\/TVIRTA-kx117dx117.jpg","width":800,"height":800},{"@type":"BreadcrumbList","@id":"https:\/\/metaltale.com\/et\/toode\/tvirta-tool\/#breadcrumb","itemListElement":[{"@type":"ListItem","position":1,"name":"Home","item":"https:\/\/metaltale.com\/et\/kodu\/"},{"@type":"ListItem","position":2,"name":"Kauplus","item":"https:\/\/metaltale.com\/et\/shop\/"},{"@type":"ListItem","position":3,"name":"TVIRTA tool"}]},{"@type":"WebSite","@id":"https:\/\/metaltale.com\/et\/#website","url":"https:\/\/metaltale.com\/et\/","name":"Metaltale.com","description":"","potentialAction":[{"@type":"SearchAction","target":{"@type":"EntryPoint","urlTemplate":"https:\/\/metaltale.com\/et\/?s={search_term_string}"},"query-input":{"@type":"PropertyValueSpecification","valueRequired":true,"valueName":"search_term_string"}}],"inLanguage":"et"}]}},"_links":{"self":[{"href":"https:\/\/metaltale.com\/et\/wp-json\/wp\/v2\/product\/134330","targetHints":{"allow":["GET"]}}],"collection":[{"href":"https:\/\/metaltale.com\/et\/wp-json\/wp\/v2\/product"}],"about":[{"href":"https:\/\/metaltale.com\/et\/wp-json\/wp\/v2\/types\/product"}],"replies":[{"embeddable":true,"href":"https:\/\/metaltale.com\/et\/wp-json\/wp\/v2\/comments?post=134330"}],"version-history":[{"count":0,"href":"https:\/\/metaltale.com\/et\/wp-json\/wp\/v2\/product\/134330\/revisions"}],"wp:featuredmedia":[{"embeddable":true,"href":"https:\/\/metaltale.com\/et\/wp-json\/wp\/v2\/media\/74889"}],"wp:attachment":[{"href":"https:\/\/metaltale.com\/et\/wp-json\/wp\/v2\/media?parent=134330"}],"wp:term":[{"taxonomy":"product_brand","embeddable":true,"href":"https:\/\/metaltale.com\/et\/wp-json\/wp\/v2\/product_brand?post=134330"},{"taxonomy":"product_cat","embeddable":true,"href":"https:\/\/metaltale.com\/et\/wp-json\/wp\/v2\/product_cat?post=134330"},{"taxonomy":"product_tag","embeddable":true,"href":"https:\/\/metaltale.com\/et\/wp-json\/wp\/v2\/product_tag?post=134330"}],"curies":[{"name":"wp","href":"https:\/\/api.w.org\/{rel}","templated":true}]}}