{"id":134314,"date":"2024-02-13T14:07:41","date_gmt":"2024-02-13T12:07:41","guid":{"rendered":"https:\/\/metaltale.com\/produktas\/wc-paberihoidja-crown\/"},"modified":"2024-02-13T14:07:41","modified_gmt":"2024-02-13T12:07:41","slug":"wc-paberihoidja-crown","status":"publish","type":"product","link":"https:\/\/metaltale.com\/et\/toode\/wc-paberihoidja-crown\/","title":{"rendered":"WC-paberihoidja CROWN"},"content":{"rendered":"<div class=\"prod_data\">\n<p><strong>Mudel<\/strong> 30.624.AI..150<br \/>\n<strong>EAN.<\/strong>  5905369921339<br \/>\n<strong>Materjal<\/strong> Puit, malm<br \/>\n<strong>\u00dcldine k\u00f5rgus (cm)<\/strong> 15<br \/>\n<strong>\u00dcldine laius (cm)<\/strong> 20<br \/>\n<strong>Aluse m\u00f5\u00f5tmed (cm<\/strong> ) 14,5 x 12<br \/>\n<strong>V\u00e4rv<\/strong> teras<\/p>\n<p>&#8211; kaunistatud WC-paberihoidja, mis on valmistatud kvaliteetsest vormimisest.<br \/>\n&#8211; on ideaalne viimistlus retrostiilis vannitoa jaoks.<br \/>\n&#8211; kinnitatakse nii seinte kui ka puitpindade k\u00fclge.<br \/>\n&#8211; on kaks kinnitusauku, kruvid kaasas.<\/p>\n<hr>\n<p><strong>WC-paberihoidja<\/strong> on iga vannitoa \u00fcks p\u00f5hielemente. Rustika interj\u00f6\u00f6ridele on omane t\u00e4helepanu unikaalse atmosf\u00e4\u00e4ri s\u00e4ilitamisele ja ebatavaliste vormidega m\u00f6\u00f6bli aksessuaaride esile toomisele.<\/p>\n<p>N\u00e4idatud <strong>WC-paberihoidja<\/strong> p\u00f5hineb klassikalisel inglise mudelil, mis sai alguse malmist t\u00f6\u00f6stuse arengust Euroopas. Elementide valmistamiseks kasutatud kvaliteetne malm on oskuslikult kombineeritud eksootilise puiduga, et luua oman\u00e4oline tervik.<\/p>\n<p>Sellel on kaks kinnitusauku ja kruvid.<\/p>\n<\/div>\n","protected":false},"excerpt":{"rendered":"<p>Mudel 30.624.AI..150 EAN. 5905369921339 Materjal Puit, malm \u00dcldine k\u00f5rgus (cm) 15 \u00dcldine laius (cm) 20 Aluse m\u00f5\u00f5tmed (cm ) 14,5<\/p>\n","protected":false},"featured_media":68979,"comment_status":"open","ping_status":"closed","template":"","meta":{"_acf_changed":false,"pmpro_default_level":""},"product_brand":[],"product_cat":[23836,23863],"product_tag":[],"class_list":{"0":"post-134314","1":"product","2":"type-product","3":"status-publish","4":"has-post-thumbnail","6":"product_cat-moobli-tarvikud","7":"product_cat-popieriaus-laikikliai-et","8":"pmpro-has-access","10":"first","11":"instock","12":"shipping-taxable","13":"purchasable","14":"product-type-simple"},"acf":[],"yoast_head":"<!-- This site is optimized with the Yoast SEO plugin v24.9 - https:\/\/yoast.com\/wordpress\/plugins\/seo\/ -->\n<title>WC-paberihoidja CROWN - MetalTale.com<\/title>\n<meta name=\"robots\" content=\"index, follow, max-snippet:-1, max-image-preview:large, max-video-preview:-1\" \/>\n<link rel=\"canonical\" href=\"https:\/\/metaltale.com\/et\/toode\/wc-paberihoidja-crown\/\" \/>\n<meta property=\"og:locale\" content=\"et_EE\" \/>\n<meta property=\"og:type\" content=\"article\" \/>\n<meta property=\"og:title\" content=\"WC-paberihoidja CROWN - MetalTale.com\" \/>\n<meta property=\"og:description\" content=\"Mudel 30.624.AI..150 EAN. 5905369921339 Materjal Puit, malm \u00dcldine k\u00f5rgus (cm) 15 \u00dcldine laius (cm) 20 Aluse m\u00f5\u00f5tmed (cm ) 14,5\" \/>\n<meta property=\"og:url\" content=\"https:\/\/metaltale.com\/et\/toode\/wc-paberihoidja-crown\/\" \/>\n<meta property=\"og:site_name\" content=\"MetalTale.com\" \/>\n<meta name=\"twitter:card\" content=\"summary_large_image\" \/>\n<meta name=\"twitter:label1\" content=\"Est. reading time\" \/>\n\t<meta name=\"twitter:data1\" content=\"1 minut\" \/>\n<script type=\"application\/ld+json\" class=\"yoast-schema-graph\">{\"@context\":\"https:\/\/schema.org\",\"@graph\":[{\"@type\":\"WebPage\",\"@id\":\"https:\/\/metaltale.com\/et\/toode\/wc-paberihoidja-crown\/\",\"url\":\"https:\/\/metaltale.com\/et\/toode\/wc-paberihoidja-crown\/\",\"name\":\"WC-paberihoidja CROWN - MetalTale.com\",\"isPartOf\":{\"@id\":\"https:\/\/metaltale.com\/et\/#website\"},\"primaryImageOfPage\":{\"@id\":\"https:\/\/metaltale.com\/et\/toode\/wc-paberihoidja-crown\/#primaryimage\"},\"image\":{\"@id\":\"https:\/\/metaltale.com\/et\/toode\/wc-paberihoidja-crown\/#primaryimage\"},\"thumbnailUrl\":\"https:\/\/metaltale.com\/wp-content\/uploads\/2023\/09\/Tualeto-ritinx117lio-laikiklis-KORONA.jpg\",\"datePublished\":\"2024-02-13T12:07:41+00:00\",\"breadcrumb\":{\"@id\":\"https:\/\/metaltale.com\/et\/toode\/wc-paberihoidja-crown\/#breadcrumb\"},\"inLanguage\":\"et\",\"potentialAction\":[{\"@type\":\"ReadAction\",\"target\":[\"https:\/\/metaltale.com\/et\/toode\/wc-paberihoidja-crown\/\"]}]},{\"@type\":\"ImageObject\",\"inLanguage\":\"et\",\"@id\":\"https:\/\/metaltale.com\/et\/toode\/wc-paberihoidja-crown\/#primaryimage\",\"url\":\"https:\/\/metaltale.com\/wp-content\/uploads\/2023\/09\/Tualeto-ritinx117lio-laikiklis-KORONA.jpg\",\"contentUrl\":\"https:\/\/metaltale.com\/wp-content\/uploads\/2023\/09\/Tualeto-ritinx117lio-laikiklis-KORONA.jpg\",\"width\":800,\"height\":800,\"caption\":\"WC-paberihoidja CROWN\"},{\"@type\":\"BreadcrumbList\",\"@id\":\"https:\/\/metaltale.com\/et\/toode\/wc-paberihoidja-crown\/#breadcrumb\",\"itemListElement\":[{\"@type\":\"ListItem\",\"position\":1,\"name\":\"Home\",\"item\":\"https:\/\/metaltale.com\/et\/kodu\/\"},{\"@type\":\"ListItem\",\"position\":2,\"name\":\"Kauplus\",\"item\":\"https:\/\/metaltale.com\/et\/shop\/\"},{\"@type\":\"ListItem\",\"position\":3,\"name\":\"WC-paberihoidja CROWN\"}]},{\"@type\":\"WebSite\",\"@id\":\"https:\/\/metaltale.com\/et\/#website\",\"url\":\"https:\/\/metaltale.com\/et\/\",\"name\":\"Metaltale.com\",\"description\":\"\",\"potentialAction\":[{\"@type\":\"SearchAction\",\"target\":{\"@type\":\"EntryPoint\",\"urlTemplate\":\"https:\/\/metaltale.com\/et\/?s={search_term_string}\"},\"query-input\":{\"@type\":\"PropertyValueSpecification\",\"valueRequired\":true,\"valueName\":\"search_term_string\"}}],\"inLanguage\":\"et\"}]}<\/script>\n<!-- \/ Yoast SEO plugin. -->","yoast_head_json":{"title":"WC-paberihoidja CROWN - MetalTale.com","robots":{"index":"index","follow":"follow","max-snippet":"max-snippet:-1","max-image-preview":"max-image-preview:large","max-video-preview":"max-video-preview:-1"},"canonical":"https:\/\/metaltale.com\/et\/toode\/wc-paberihoidja-crown\/","og_locale":"et_EE","og_type":"article","og_title":"WC-paberihoidja CROWN - MetalTale.com","og_description":"Mudel 30.624.AI..150 EAN. 5905369921339 Materjal Puit, malm \u00dcldine k\u00f5rgus (cm) 15 \u00dcldine laius (cm) 20 Aluse m\u00f5\u00f5tmed (cm ) 14,5","og_url":"https:\/\/metaltale.com\/et\/toode\/wc-paberihoidja-crown\/","og_site_name":"MetalTale.com","twitter_card":"summary_large_image","twitter_misc":{"Est. reading time":"1 minut"},"schema":{"@context":"https:\/\/schema.org","@graph":[{"@type":"WebPage","@id":"https:\/\/metaltale.com\/et\/toode\/wc-paberihoidja-crown\/","url":"https:\/\/metaltale.com\/et\/toode\/wc-paberihoidja-crown\/","name":"WC-paberihoidja CROWN - MetalTale.com","isPartOf":{"@id":"https:\/\/metaltale.com\/et\/#website"},"primaryImageOfPage":{"@id":"https:\/\/metaltale.com\/et\/toode\/wc-paberihoidja-crown\/#primaryimage"},"image":{"@id":"https:\/\/metaltale.com\/et\/toode\/wc-paberihoidja-crown\/#primaryimage"},"thumbnailUrl":"https:\/\/metaltale.com\/wp-content\/uploads\/2023\/09\/Tualeto-ritinx117lio-laikiklis-KORONA.jpg","datePublished":"2024-02-13T12:07:41+00:00","breadcrumb":{"@id":"https:\/\/metaltale.com\/et\/toode\/wc-paberihoidja-crown\/#breadcrumb"},"inLanguage":"et","potentialAction":[{"@type":"ReadAction","target":["https:\/\/metaltale.com\/et\/toode\/wc-paberihoidja-crown\/"]}]},{"@type":"ImageObject","inLanguage":"et","@id":"https:\/\/metaltale.com\/et\/toode\/wc-paberihoidja-crown\/#primaryimage","url":"https:\/\/metaltale.com\/wp-content\/uploads\/2023\/09\/Tualeto-ritinx117lio-laikiklis-KORONA.jpg","contentUrl":"https:\/\/metaltale.com\/wp-content\/uploads\/2023\/09\/Tualeto-ritinx117lio-laikiklis-KORONA.jpg","width":800,"height":800,"caption":"WC-paberihoidja CROWN"},{"@type":"BreadcrumbList","@id":"https:\/\/metaltale.com\/et\/toode\/wc-paberihoidja-crown\/#breadcrumb","itemListElement":[{"@type":"ListItem","position":1,"name":"Home","item":"https:\/\/metaltale.com\/et\/kodu\/"},{"@type":"ListItem","position":2,"name":"Kauplus","item":"https:\/\/metaltale.com\/et\/shop\/"},{"@type":"ListItem","position":3,"name":"WC-paberihoidja CROWN"}]},{"@type":"WebSite","@id":"https:\/\/metaltale.com\/et\/#website","url":"https:\/\/metaltale.com\/et\/","name":"Metaltale.com","description":"","potentialAction":[{"@type":"SearchAction","target":{"@type":"EntryPoint","urlTemplate":"https:\/\/metaltale.com\/et\/?s={search_term_string}"},"query-input":{"@type":"PropertyValueSpecification","valueRequired":true,"valueName":"search_term_string"}}],"inLanguage":"et"}]}},"_links":{"self":[{"href":"https:\/\/metaltale.com\/et\/wp-json\/wp\/v2\/product\/134314","targetHints":{"allow":["GET"]}}],"collection":[{"href":"https:\/\/metaltale.com\/et\/wp-json\/wp\/v2\/product"}],"about":[{"href":"https:\/\/metaltale.com\/et\/wp-json\/wp\/v2\/types\/product"}],"replies":[{"embeddable":true,"href":"https:\/\/metaltale.com\/et\/wp-json\/wp\/v2\/comments?post=134314"}],"version-history":[{"count":0,"href":"https:\/\/metaltale.com\/et\/wp-json\/wp\/v2\/product\/134314\/revisions"}],"wp:featuredmedia":[{"embeddable":true,"href":"https:\/\/metaltale.com\/et\/wp-json\/wp\/v2\/media\/68979"}],"wp:attachment":[{"href":"https:\/\/metaltale.com\/et\/wp-json\/wp\/v2\/media?parent=134314"}],"wp:term":[{"taxonomy":"product_brand","embeddable":true,"href":"https:\/\/metaltale.com\/et\/wp-json\/wp\/v2\/product_brand?post=134314"},{"taxonomy":"product_cat","embeddable":true,"href":"https:\/\/metaltale.com\/et\/wp-json\/wp\/v2\/product_cat?post=134314"},{"taxonomy":"product_tag","embeddable":true,"href":"https:\/\/metaltale.com\/et\/wp-json\/wp\/v2\/product_tag?post=134314"}],"curies":[{"name":"wp","href":"https:\/\/api.w.org\/{rel}","templated":true}]}}