{"id":134306,"date":"2024-02-13T14:07:41","date_gmt":"2024-02-13T12:07:41","guid":{"rendered":"https:\/\/metaltale.com\/produktas\/tualettpaberi-hoidja-spirala-2\/"},"modified":"2024-02-13T14:07:41","modified_gmt":"2024-02-13T12:07:41","slug":"tualettpaberi-hoidja-spirala-2","status":"publish","type":"product","link":"https:\/\/metaltale.com\/et\/toode\/tualettpaberi-hoidja-spirala-2\/","title":{"rendered":"Tualettpaberi hoidja SPIRALA &#8211; 2"},"content":{"rendered":"<div class=\"prod_data\">\n<p><strong>Mudel<\/strong> 49.623<br \/>\nMaterjal Ketus<br \/>\n<strong>\u00dcldine k\u00f5rgus (cm)<\/strong> 13<br \/>\n<strong>\u00dcldlaius (cm)<\/strong> 18,5<br \/>\n<strong>Koguprojektsioon (cm)<\/strong> 8<br \/>\n<strong>Aluse m\u00f5\u00f5tmed (cm<\/strong> ) 5 x 13<br \/>\n<strong>V\u00e4rv<\/strong> teras<\/p>\n<p>&#8211; kaunistatud WC-paberihoidja, mis on valmistatud kvaliteetsetest liistudest<br \/>\n&#8211; on t\u00e4iuslik vannitoa kaunistus retro stiilis<br \/>\n&#8211; kinnitatakse nii seinte kui ka puitpindade k\u00fclge<br \/>\n&#8211; on kaks kinnitusauku, kruvid kaasas<\/p>\n<hr>\n<p style=\"text-align: left;\">Spiraalikujuline <strong>tualettpaberi rullihoidja<\/strong> on n\u00e4ide praktilisest vannitoalahendusest t\u00f5eliselt <strong>maal\u00e4hedases stiilis<\/strong>. Selle kujundus kujutab endast tuntud id\u00fcllilisi mustreid, mis juba ainu\u00fcksi oma olemasoluga annavad siseruumile veidi sooja kliimat.<\/p>\n<p>K\u00e4epide on v\u00e4lja t\u00f6\u00f6tatud kvalifitseeritud seppade poolt k\u00e4sitsi sepistatud kvaliteetsest rauast. Selle klassikalise id\u00fcllilise inspiratsiooni t\u00f5ttu sobib see ideaalselt kokku teiste selle v\u00e4ga populaarse mustri retro aksessuaaridega.<\/p>\n<p style=\"text-align: left;\">See paigaldatakse kahe kinnitusaugu kaudu ja selle juurde kuulub kinnituskruvide komplekt.<\/p>\n<\/div>\n","protected":false},"excerpt":{"rendered":"<p>Mudel 49.623 Materjal Ketus \u00dcldine k\u00f5rgus (cm) 13 \u00dcldlaius (cm) 18,5 Koguprojektsioon (cm) 8 Aluse m\u00f5\u00f5tmed (cm ) 5 x<\/p>\n","protected":false},"featured_media":75678,"comment_status":"open","ping_status":"closed","template":"","meta":{"_acf_changed":false,"pmpro_default_level":""},"product_brand":[],"product_cat":[23836,23863],"product_tag":[],"class_list":{"0":"post-134306","1":"product","2":"type-product","3":"status-publish","4":"has-post-thumbnail","6":"product_cat-moobli-tarvikud","7":"product_cat-popieriaus-laikikliai-et","8":"pmpro-has-access","10":"first","11":"instock","12":"shipping-taxable","13":"purchasable","14":"product-type-simple"},"acf":[],"yoast_head":"<!-- This site is optimized with the Yoast SEO plugin v24.9 - https:\/\/yoast.com\/wordpress\/plugins\/seo\/ -->\n<title>Tualettpaberi hoidja SPIRALA - 2 - MetalTale.com<\/title>\n<meta name=\"robots\" content=\"index, follow, max-snippet:-1, max-image-preview:large, max-video-preview:-1\" \/>\n<link rel=\"canonical\" href=\"https:\/\/metaltale.com\/et\/toode\/tualettpaberi-hoidja-spirala-2\/\" \/>\n<meta property=\"og:locale\" content=\"et_EE\" \/>\n<meta property=\"og:type\" content=\"article\" \/>\n<meta property=\"og:title\" content=\"Tualettpaberi hoidja SPIRALA - 2 - MetalTale.com\" \/>\n<meta property=\"og:description\" content=\"Mudel 49.623 Materjal Ketus \u00dcldine k\u00f5rgus (cm) 13 \u00dcldlaius (cm) 18,5 Koguprojektsioon (cm) 8 Aluse m\u00f5\u00f5tmed (cm ) 5 x\" \/>\n<meta property=\"og:url\" content=\"https:\/\/metaltale.com\/et\/toode\/tualettpaberi-hoidja-spirala-2\/\" \/>\n<meta property=\"og:site_name\" content=\"MetalTale.com\" \/>\n<meta name=\"twitter:card\" content=\"summary_large_image\" \/>\n<meta name=\"twitter:label1\" content=\"Est. reading time\" \/>\n\t<meta name=\"twitter:data1\" content=\"1 minut\" \/>\n<script type=\"application\/ld+json\" class=\"yoast-schema-graph\">{\"@context\":\"https:\/\/schema.org\",\"@graph\":[{\"@type\":\"WebPage\",\"@id\":\"https:\/\/metaltale.com\/et\/toode\/tualettpaberi-hoidja-spirala-2\/\",\"url\":\"https:\/\/metaltale.com\/et\/toode\/tualettpaberi-hoidja-spirala-2\/\",\"name\":\"Tualettpaberi hoidja SPIRALA - 2 - MetalTale.com\",\"isPartOf\":{\"@id\":\"https:\/\/metaltale.com\/et\/#website\"},\"primaryImageOfPage\":{\"@id\":\"https:\/\/metaltale.com\/et\/toode\/tualettpaberi-hoidja-spirala-2\/#primaryimage\"},\"image\":{\"@id\":\"https:\/\/metaltale.com\/et\/toode\/tualettpaberi-hoidja-spirala-2\/#primaryimage\"},\"thumbnailUrl\":\"https:\/\/metaltale.com\/wp-content\/uploads\/2023\/10\/Tualeto-ritinx117lio-laikiklis-SPIRALA-2-Black.jpg\",\"datePublished\":\"2024-02-13T12:07:41+00:00\",\"breadcrumb\":{\"@id\":\"https:\/\/metaltale.com\/et\/toode\/tualettpaberi-hoidja-spirala-2\/#breadcrumb\"},\"inLanguage\":\"et\",\"potentialAction\":[{\"@type\":\"ReadAction\",\"target\":[\"https:\/\/metaltale.com\/et\/toode\/tualettpaberi-hoidja-spirala-2\/\"]}]},{\"@type\":\"ImageObject\",\"inLanguage\":\"et\",\"@id\":\"https:\/\/metaltale.com\/et\/toode\/tualettpaberi-hoidja-spirala-2\/#primaryimage\",\"url\":\"https:\/\/metaltale.com\/wp-content\/uploads\/2023\/10\/Tualeto-ritinx117lio-laikiklis-SPIRALA-2-Black.jpg\",\"contentUrl\":\"https:\/\/metaltale.com\/wp-content\/uploads\/2023\/10\/Tualeto-ritinx117lio-laikiklis-SPIRALA-2-Black.jpg\",\"width\":800,\"height\":800,\"caption\":\"Tualettpaberi hoidja SPIRALA - 2\"},{\"@type\":\"BreadcrumbList\",\"@id\":\"https:\/\/metaltale.com\/et\/toode\/tualettpaberi-hoidja-spirala-2\/#breadcrumb\",\"itemListElement\":[{\"@type\":\"ListItem\",\"position\":1,\"name\":\"Home\",\"item\":\"https:\/\/metaltale.com\/et\/kodu\/\"},{\"@type\":\"ListItem\",\"position\":2,\"name\":\"Kauplus\",\"item\":\"https:\/\/metaltale.com\/et\/shop\/\"},{\"@type\":\"ListItem\",\"position\":3,\"name\":\"Tualettpaberi hoidja SPIRALA &#8211; 2\"}]},{\"@type\":\"WebSite\",\"@id\":\"https:\/\/metaltale.com\/et\/#website\",\"url\":\"https:\/\/metaltale.com\/et\/\",\"name\":\"Metaltale.com\",\"description\":\"\",\"potentialAction\":[{\"@type\":\"SearchAction\",\"target\":{\"@type\":\"EntryPoint\",\"urlTemplate\":\"https:\/\/metaltale.com\/et\/?s={search_term_string}\"},\"query-input\":{\"@type\":\"PropertyValueSpecification\",\"valueRequired\":true,\"valueName\":\"search_term_string\"}}],\"inLanguage\":\"et\"}]}<\/script>\n<!-- \/ Yoast SEO plugin. -->","yoast_head_json":{"title":"Tualettpaberi hoidja SPIRALA - 2 - MetalTale.com","robots":{"index":"index","follow":"follow","max-snippet":"max-snippet:-1","max-image-preview":"max-image-preview:large","max-video-preview":"max-video-preview:-1"},"canonical":"https:\/\/metaltale.com\/et\/toode\/tualettpaberi-hoidja-spirala-2\/","og_locale":"et_EE","og_type":"article","og_title":"Tualettpaberi hoidja SPIRALA - 2 - MetalTale.com","og_description":"Mudel 49.623 Materjal Ketus \u00dcldine k\u00f5rgus (cm) 13 \u00dcldlaius (cm) 18,5 Koguprojektsioon (cm) 8 Aluse m\u00f5\u00f5tmed (cm ) 5 x","og_url":"https:\/\/metaltale.com\/et\/toode\/tualettpaberi-hoidja-spirala-2\/","og_site_name":"MetalTale.com","twitter_card":"summary_large_image","twitter_misc":{"Est. reading time":"1 minut"},"schema":{"@context":"https:\/\/schema.org","@graph":[{"@type":"WebPage","@id":"https:\/\/metaltale.com\/et\/toode\/tualettpaberi-hoidja-spirala-2\/","url":"https:\/\/metaltale.com\/et\/toode\/tualettpaberi-hoidja-spirala-2\/","name":"Tualettpaberi hoidja SPIRALA - 2 - MetalTale.com","isPartOf":{"@id":"https:\/\/metaltale.com\/et\/#website"},"primaryImageOfPage":{"@id":"https:\/\/metaltale.com\/et\/toode\/tualettpaberi-hoidja-spirala-2\/#primaryimage"},"image":{"@id":"https:\/\/metaltale.com\/et\/toode\/tualettpaberi-hoidja-spirala-2\/#primaryimage"},"thumbnailUrl":"https:\/\/metaltale.com\/wp-content\/uploads\/2023\/10\/Tualeto-ritinx117lio-laikiklis-SPIRALA-2-Black.jpg","datePublished":"2024-02-13T12:07:41+00:00","breadcrumb":{"@id":"https:\/\/metaltale.com\/et\/toode\/tualettpaberi-hoidja-spirala-2\/#breadcrumb"},"inLanguage":"et","potentialAction":[{"@type":"ReadAction","target":["https:\/\/metaltale.com\/et\/toode\/tualettpaberi-hoidja-spirala-2\/"]}]},{"@type":"ImageObject","inLanguage":"et","@id":"https:\/\/metaltale.com\/et\/toode\/tualettpaberi-hoidja-spirala-2\/#primaryimage","url":"https:\/\/metaltale.com\/wp-content\/uploads\/2023\/10\/Tualeto-ritinx117lio-laikiklis-SPIRALA-2-Black.jpg","contentUrl":"https:\/\/metaltale.com\/wp-content\/uploads\/2023\/10\/Tualeto-ritinx117lio-laikiklis-SPIRALA-2-Black.jpg","width":800,"height":800,"caption":"Tualettpaberi hoidja SPIRALA - 2"},{"@type":"BreadcrumbList","@id":"https:\/\/metaltale.com\/et\/toode\/tualettpaberi-hoidja-spirala-2\/#breadcrumb","itemListElement":[{"@type":"ListItem","position":1,"name":"Home","item":"https:\/\/metaltale.com\/et\/kodu\/"},{"@type":"ListItem","position":2,"name":"Kauplus","item":"https:\/\/metaltale.com\/et\/shop\/"},{"@type":"ListItem","position":3,"name":"Tualettpaberi hoidja SPIRALA &#8211; 2"}]},{"@type":"WebSite","@id":"https:\/\/metaltale.com\/et\/#website","url":"https:\/\/metaltale.com\/et\/","name":"Metaltale.com","description":"","potentialAction":[{"@type":"SearchAction","target":{"@type":"EntryPoint","urlTemplate":"https:\/\/metaltale.com\/et\/?s={search_term_string}"},"query-input":{"@type":"PropertyValueSpecification","valueRequired":true,"valueName":"search_term_string"}}],"inLanguage":"et"}]}},"_links":{"self":[{"href":"https:\/\/metaltale.com\/et\/wp-json\/wp\/v2\/product\/134306","targetHints":{"allow":["GET"]}}],"collection":[{"href":"https:\/\/metaltale.com\/et\/wp-json\/wp\/v2\/product"}],"about":[{"href":"https:\/\/metaltale.com\/et\/wp-json\/wp\/v2\/types\/product"}],"replies":[{"embeddable":true,"href":"https:\/\/metaltale.com\/et\/wp-json\/wp\/v2\/comments?post=134306"}],"version-history":[{"count":0,"href":"https:\/\/metaltale.com\/et\/wp-json\/wp\/v2\/product\/134306\/revisions"}],"wp:featuredmedia":[{"embeddable":true,"href":"https:\/\/metaltale.com\/et\/wp-json\/wp\/v2\/media\/75678"}],"wp:attachment":[{"href":"https:\/\/metaltale.com\/et\/wp-json\/wp\/v2\/media?parent=134306"}],"wp:term":[{"taxonomy":"product_brand","embeddable":true,"href":"https:\/\/metaltale.com\/et\/wp-json\/wp\/v2\/product_brand?post=134306"},{"taxonomy":"product_cat","embeddable":true,"href":"https:\/\/metaltale.com\/et\/wp-json\/wp\/v2\/product_cat?post=134306"},{"taxonomy":"product_tag","embeddable":true,"href":"https:\/\/metaltale.com\/et\/wp-json\/wp\/v2\/product_tag?post=134306"}],"curies":[{"name":"wp","href":"https:\/\/api.w.org\/{rel}","templated":true}]}}