{"id":134300,"date":"2024-02-13T14:09:05","date_gmt":"2024-02-13T12:09:05","guid":{"rendered":"https:\/\/metaltale.com\/produktas\/tualettpaberi-hoidja-spirala\/"},"modified":"2024-02-13T14:09:05","modified_gmt":"2024-02-13T12:09:05","slug":"tualettpaberi-hoidja-spirala","status":"publish","type":"product","link":"https:\/\/metaltale.com\/et\/toode\/tualettpaberi-hoidja-spirala\/","title":{"rendered":"Tualettpaberi hoidja SPIRALA"},"content":{"rendered":"<div class=\"prod_data\">\n<p><strong>Mudel<\/strong> 49.625..AI.180<br \/>\n<strong>EAN.<\/strong>  5905369921377<br \/>\nMaterjal Ketus<br \/>\n<strong>\u00dcldine k\u00f5rgus (cm)<\/strong> 6<br \/>\n<strong>Koguprojektsioon (cm)<\/strong> 11<br \/>\n<strong>Aluse m\u00f5\u00f5tmed (cm<\/strong> ) 19 x 3,4<br \/>\n<strong>V\u00e4rv<\/strong> teras<\/p>\n<p>&#8211; WC-paberihoidja, mis on valmistatud kvaliteetsest vormimisest<br \/>\n&#8211; on t\u00e4iuslik vannitoa kaunistus retro stiilis<br \/>\n&#8211; kinnitatakse nii seinte kui ka puitpindade k\u00fclge<br \/>\n&#8211; on kaks kinnitusauku, kruvid kaasas<\/p>\n<hr>\n<p style=\"text-align: left;\">Rustika <strong>m\u00f6\u00f6blitarvikud<\/strong> on suurep\u00e4rane n\u00e4ide lahendustest, mis pakuvad erakordset ilu koos praktiliste funktsioonidega. Siin n\u00e4idatud <strong>WC-paberihoidja<\/strong> on valmistatud ainult k\u00f5rgeima kvaliteediga malmist, kusjuures erilist t\u00e4helepanu on p\u00f6\u00f6ratud k\u00f5igi detailide t\u00e4psele j\u00e4ljendamisele. Ripats, mis on asetatud kahele rikkalikult kaunistatud k\u00e4epidemele, meenutab m\u00f6\u00f6bliripatside k\u00e4epidemeid.<\/p>\n<p>Aluse moodustav graveeritud paneel on varustatud dekoratiivse kiri, mis n\u00e4itab \u00fche endise Briti raudtee-ettev\u00f5tja nime, mis r\u00f5hutab tugevalt kogu elemendi t\u00f6\u00f6stuslikku p\u00e4ritolu.<\/p>\n<p style=\"text-align: left;\">Tootel on kaks kinnituspunkti ja kaasas on kruvide komplekt.<\/p>\n<\/div>\n","protected":false},"excerpt":{"rendered":"<p>Mudel 49.625..AI.180 EAN. 5905369921377 Materjal Ketus \u00dcldine k\u00f5rgus (cm) 6 Koguprojektsioon (cm) 11 Aluse m\u00f5\u00f5tmed (cm ) 19 x 3,4<\/p>\n","protected":false},"featured_media":69012,"comment_status":"open","ping_status":"closed","template":"","meta":{"_acf_changed":false,"pmpro_default_level":""},"product_brand":[],"product_cat":[23836,23863],"product_tag":[],"class_list":{"0":"post-134300","1":"product","2":"type-product","3":"status-publish","4":"has-post-thumbnail","6":"product_cat-moobli-tarvikud","7":"product_cat-popieriaus-laikikliai-et","8":"pmpro-has-access","10":"first","11":"instock","12":"shipping-taxable","13":"purchasable","14":"product-type-simple"},"acf":[],"yoast_head":"<!-- This site is optimized with the Yoast SEO plugin v24.9 - https:\/\/yoast.com\/wordpress\/plugins\/seo\/ -->\n<title>Tualettpaberi hoidja SPIRALA - MetalTale.com<\/title>\n<meta name=\"robots\" content=\"index, follow, max-snippet:-1, max-image-preview:large, max-video-preview:-1\" \/>\n<link rel=\"canonical\" href=\"https:\/\/metaltale.com\/et\/toode\/tualettpaberi-hoidja-spirala\/\" \/>\n<meta property=\"og:locale\" content=\"et_EE\" \/>\n<meta property=\"og:type\" content=\"article\" \/>\n<meta property=\"og:title\" content=\"Tualettpaberi hoidja SPIRALA - MetalTale.com\" \/>\n<meta property=\"og:description\" content=\"Mudel 49.625..AI.180 EAN. 5905369921377 Materjal Ketus \u00dcldine k\u00f5rgus (cm) 6 Koguprojektsioon (cm) 11 Aluse m\u00f5\u00f5tmed (cm ) 19 x 3,4\" \/>\n<meta property=\"og:url\" content=\"https:\/\/metaltale.com\/et\/toode\/tualettpaberi-hoidja-spirala\/\" \/>\n<meta property=\"og:site_name\" content=\"MetalTale.com\" \/>\n<meta name=\"twitter:card\" content=\"summary_large_image\" \/>\n<meta name=\"twitter:label1\" content=\"Est. reading time\" \/>\n\t<meta name=\"twitter:data1\" content=\"1 minut\" \/>\n<script type=\"application\/ld+json\" class=\"yoast-schema-graph\">{\"@context\":\"https:\/\/schema.org\",\"@graph\":[{\"@type\":\"WebPage\",\"@id\":\"https:\/\/metaltale.com\/et\/toode\/tualettpaberi-hoidja-spirala\/\",\"url\":\"https:\/\/metaltale.com\/et\/toode\/tualettpaberi-hoidja-spirala\/\",\"name\":\"Tualettpaberi hoidja SPIRALA - MetalTale.com\",\"isPartOf\":{\"@id\":\"https:\/\/metaltale.com\/et\/#website\"},\"primaryImageOfPage\":{\"@id\":\"https:\/\/metaltale.com\/et\/toode\/tualettpaberi-hoidja-spirala\/#primaryimage\"},\"image\":{\"@id\":\"https:\/\/metaltale.com\/et\/toode\/tualettpaberi-hoidja-spirala\/#primaryimage\"},\"thumbnailUrl\":\"https:\/\/metaltale.com\/wp-content\/uploads\/2023\/09\/Tualeto-ritinx117lio-laikiklis-SPIRALA.jpg\",\"datePublished\":\"2024-02-13T12:09:05+00:00\",\"breadcrumb\":{\"@id\":\"https:\/\/metaltale.com\/et\/toode\/tualettpaberi-hoidja-spirala\/#breadcrumb\"},\"inLanguage\":\"et\",\"potentialAction\":[{\"@type\":\"ReadAction\",\"target\":[\"https:\/\/metaltale.com\/et\/toode\/tualettpaberi-hoidja-spirala\/\"]}]},{\"@type\":\"ImageObject\",\"inLanguage\":\"et\",\"@id\":\"https:\/\/metaltale.com\/et\/toode\/tualettpaberi-hoidja-spirala\/#primaryimage\",\"url\":\"https:\/\/metaltale.com\/wp-content\/uploads\/2023\/09\/Tualeto-ritinx117lio-laikiklis-SPIRALA.jpg\",\"contentUrl\":\"https:\/\/metaltale.com\/wp-content\/uploads\/2023\/09\/Tualeto-ritinx117lio-laikiklis-SPIRALA.jpg\",\"width\":800,\"height\":800,\"caption\":\"Tualettpaberi hoidja SPIRALA\"},{\"@type\":\"BreadcrumbList\",\"@id\":\"https:\/\/metaltale.com\/et\/toode\/tualettpaberi-hoidja-spirala\/#breadcrumb\",\"itemListElement\":[{\"@type\":\"ListItem\",\"position\":1,\"name\":\"Home\",\"item\":\"https:\/\/metaltale.com\/et\/kodu\/\"},{\"@type\":\"ListItem\",\"position\":2,\"name\":\"Kauplus\",\"item\":\"https:\/\/metaltale.com\/et\/shop\/\"},{\"@type\":\"ListItem\",\"position\":3,\"name\":\"Tualettpaberi hoidja SPIRALA\"}]},{\"@type\":\"WebSite\",\"@id\":\"https:\/\/metaltale.com\/et\/#website\",\"url\":\"https:\/\/metaltale.com\/et\/\",\"name\":\"Metaltale.com\",\"description\":\"\",\"potentialAction\":[{\"@type\":\"SearchAction\",\"target\":{\"@type\":\"EntryPoint\",\"urlTemplate\":\"https:\/\/metaltale.com\/et\/?s={search_term_string}\"},\"query-input\":{\"@type\":\"PropertyValueSpecification\",\"valueRequired\":true,\"valueName\":\"search_term_string\"}}],\"inLanguage\":\"et\"}]}<\/script>\n<!-- \/ Yoast SEO plugin. -->","yoast_head_json":{"title":"Tualettpaberi hoidja SPIRALA - MetalTale.com","robots":{"index":"index","follow":"follow","max-snippet":"max-snippet:-1","max-image-preview":"max-image-preview:large","max-video-preview":"max-video-preview:-1"},"canonical":"https:\/\/metaltale.com\/et\/toode\/tualettpaberi-hoidja-spirala\/","og_locale":"et_EE","og_type":"article","og_title":"Tualettpaberi hoidja SPIRALA - MetalTale.com","og_description":"Mudel 49.625..AI.180 EAN. 5905369921377 Materjal Ketus \u00dcldine k\u00f5rgus (cm) 6 Koguprojektsioon (cm) 11 Aluse m\u00f5\u00f5tmed (cm ) 19 x 3,4","og_url":"https:\/\/metaltale.com\/et\/toode\/tualettpaberi-hoidja-spirala\/","og_site_name":"MetalTale.com","twitter_card":"summary_large_image","twitter_misc":{"Est. reading time":"1 minut"},"schema":{"@context":"https:\/\/schema.org","@graph":[{"@type":"WebPage","@id":"https:\/\/metaltale.com\/et\/toode\/tualettpaberi-hoidja-spirala\/","url":"https:\/\/metaltale.com\/et\/toode\/tualettpaberi-hoidja-spirala\/","name":"Tualettpaberi hoidja SPIRALA - MetalTale.com","isPartOf":{"@id":"https:\/\/metaltale.com\/et\/#website"},"primaryImageOfPage":{"@id":"https:\/\/metaltale.com\/et\/toode\/tualettpaberi-hoidja-spirala\/#primaryimage"},"image":{"@id":"https:\/\/metaltale.com\/et\/toode\/tualettpaberi-hoidja-spirala\/#primaryimage"},"thumbnailUrl":"https:\/\/metaltale.com\/wp-content\/uploads\/2023\/09\/Tualeto-ritinx117lio-laikiklis-SPIRALA.jpg","datePublished":"2024-02-13T12:09:05+00:00","breadcrumb":{"@id":"https:\/\/metaltale.com\/et\/toode\/tualettpaberi-hoidja-spirala\/#breadcrumb"},"inLanguage":"et","potentialAction":[{"@type":"ReadAction","target":["https:\/\/metaltale.com\/et\/toode\/tualettpaberi-hoidja-spirala\/"]}]},{"@type":"ImageObject","inLanguage":"et","@id":"https:\/\/metaltale.com\/et\/toode\/tualettpaberi-hoidja-spirala\/#primaryimage","url":"https:\/\/metaltale.com\/wp-content\/uploads\/2023\/09\/Tualeto-ritinx117lio-laikiklis-SPIRALA.jpg","contentUrl":"https:\/\/metaltale.com\/wp-content\/uploads\/2023\/09\/Tualeto-ritinx117lio-laikiklis-SPIRALA.jpg","width":800,"height":800,"caption":"Tualettpaberi hoidja SPIRALA"},{"@type":"BreadcrumbList","@id":"https:\/\/metaltale.com\/et\/toode\/tualettpaberi-hoidja-spirala\/#breadcrumb","itemListElement":[{"@type":"ListItem","position":1,"name":"Home","item":"https:\/\/metaltale.com\/et\/kodu\/"},{"@type":"ListItem","position":2,"name":"Kauplus","item":"https:\/\/metaltale.com\/et\/shop\/"},{"@type":"ListItem","position":3,"name":"Tualettpaberi hoidja SPIRALA"}]},{"@type":"WebSite","@id":"https:\/\/metaltale.com\/et\/#website","url":"https:\/\/metaltale.com\/et\/","name":"Metaltale.com","description":"","potentialAction":[{"@type":"SearchAction","target":{"@type":"EntryPoint","urlTemplate":"https:\/\/metaltale.com\/et\/?s={search_term_string}"},"query-input":{"@type":"PropertyValueSpecification","valueRequired":true,"valueName":"search_term_string"}}],"inLanguage":"et"}]}},"_links":{"self":[{"href":"https:\/\/metaltale.com\/et\/wp-json\/wp\/v2\/product\/134300","targetHints":{"allow":["GET"]}}],"collection":[{"href":"https:\/\/metaltale.com\/et\/wp-json\/wp\/v2\/product"}],"about":[{"href":"https:\/\/metaltale.com\/et\/wp-json\/wp\/v2\/types\/product"}],"replies":[{"embeddable":true,"href":"https:\/\/metaltale.com\/et\/wp-json\/wp\/v2\/comments?post=134300"}],"version-history":[{"count":0,"href":"https:\/\/metaltale.com\/et\/wp-json\/wp\/v2\/product\/134300\/revisions"}],"wp:featuredmedia":[{"embeddable":true,"href":"https:\/\/metaltale.com\/et\/wp-json\/wp\/v2\/media\/69012"}],"wp:attachment":[{"href":"https:\/\/metaltale.com\/et\/wp-json\/wp\/v2\/media?parent=134300"}],"wp:term":[{"taxonomy":"product_brand","embeddable":true,"href":"https:\/\/metaltale.com\/et\/wp-json\/wp\/v2\/product_brand?post=134300"},{"taxonomy":"product_cat","embeddable":true,"href":"https:\/\/metaltale.com\/et\/wp-json\/wp\/v2\/product_cat?post=134300"},{"taxonomy":"product_tag","embeddable":true,"href":"https:\/\/metaltale.com\/et\/wp-json\/wp\/v2\/product_tag?post=134300"}],"curies":[{"name":"wp","href":"https:\/\/api.w.org\/{rel}","templated":true}]}}