{"id":134283,"date":"2024-02-13T15:11:04","date_gmt":"2024-02-13T13:11:04","guid":{"rendered":"https:\/\/metaltale.com\/produktas\/soiduki-registreerimisnumber-usa-metallist-ohio\/"},"modified":"2024-02-13T15:11:04","modified_gmt":"2024-02-13T13:11:04","slug":"soiduki-registreerimisnumber-usa-metallist-ohio","status":"publish","type":"product","link":"https:\/\/metaltale.com\/et\/toode\/soiduki-registreerimisnumber-usa-metallist-ohio\/","title":{"rendered":"S\u00f5iduki registreerimisnumber USA metallist OHIO"},"content":{"rendered":"<div class=\"prod_data\"><strong>Model<\/strong> To. C311  <br \/><strong>EAN.<\/strong>  5905369929922  <br \/><strong>Ruum<\/strong> Baar, garaa\u017e  <br \/><strong>Motiiv<\/strong> paneelid  <br \/><strong>Materjal<\/strong> teras  <br \/><strong>Laius (cm)<\/strong> 30  <br \/><strong>K\u00f5rgus (cm)<\/strong> 15  <br \/><strong>Kujundid Ristk\u00fclikukujuline<\/strong>  <\/p>\n<p>Ristk\u00fclikukujuline numbrim\u00e4rk. Toode on kaetud k\u00f5rge kulumiskindlusega v\u00e4rviga ja kaitstud kulumisvastase lakiga. Paneelil on tugev vananemism\u00f5ju toote pinnal n\u00e4htavate kriimustuste ja rooste n\u00e4ol. \u00d5rnad kinnitusaugud muudavad paneeli riputamise v\u00e4ga lihtsaks. See metallist plakat meeldib igale autoentusiastile USAs.<\/p>\n<p>Tootel on kujutatud Ohio osariigi numbrim\u00e4rk.<\/p>\n<p>Silt sobib ideaalselt baaridesse ja restoranidesse, kuid sobib ka originaalseks t\u00e4ienduseks vintage interj\u00f6\u00f6ridele.<br \/>Metallist plakat on samuti suurep\u00e4rane kingiidee, eriti autos\u00f5brale.<\/p>\n<\/div>\n","protected":false},"excerpt":{"rendered":"<p>Model To. C311 EAN. 5905369929922 Ruum Baar, garaa\u017e Motiiv paneelid Materjal teras Laius (cm) 30 K\u00f5rgus (cm) 15 Kujundid Ristk\u00fclikukujuline<\/p>\n","protected":false},"featured_media":103359,"comment_status":"open","ping_status":"closed","template":"","meta":{"_acf_changed":false,"pmpro_default_level":""},"product_brand":[],"product_cat":[24165],"product_tag":[],"class_list":{"0":"post-134283","1":"product","2":"type-product","3":"status-publish","4":"has-post-thumbnail","6":"product_cat-metallist-dekoratiivsed-tahvlid","7":"pmpro-has-access","9":"first","10":"instock","11":"shipping-taxable","12":"purchasable","13":"product-type-simple"},"acf":[],"yoast_head":"<!-- This site is optimized with the Yoast SEO plugin v24.9 - https:\/\/yoast.com\/wordpress\/plugins\/seo\/ -->\n<title>S\u00f5iduki registreerimisnumber USA metallist OHIO - MetalTale.com<\/title>\n<meta name=\"robots\" content=\"index, follow, max-snippet:-1, max-image-preview:large, max-video-preview:-1\" \/>\n<link rel=\"canonical\" href=\"https:\/\/metaltale.com\/et\/toode\/soiduki-registreerimisnumber-usa-metallist-ohio\/\" \/>\n<meta property=\"og:locale\" content=\"et_EE\" \/>\n<meta property=\"og:type\" content=\"article\" \/>\n<meta property=\"og:title\" content=\"S\u00f5iduki registreerimisnumber USA metallist OHIO - MetalTale.com\" \/>\n<meta property=\"og:description\" content=\"Model To. C311 EAN. 5905369929922 Ruum Baar, garaa\u017e Motiiv paneelid Materjal teras Laius (cm) 30 K\u00f5rgus (cm) 15 Kujundid Ristk\u00fclikukujuline\" \/>\n<meta property=\"og:url\" content=\"https:\/\/metaltale.com\/et\/toode\/soiduki-registreerimisnumber-usa-metallist-ohio\/\" \/>\n<meta property=\"og:site_name\" content=\"MetalTale.com\" \/>\n<meta name=\"twitter:card\" content=\"summary_large_image\" \/>\n<script type=\"application\/ld+json\" class=\"yoast-schema-graph\">{\"@context\":\"https:\/\/schema.org\",\"@graph\":[{\"@type\":\"WebPage\",\"@id\":\"https:\/\/metaltale.com\/et\/toode\/soiduki-registreerimisnumber-usa-metallist-ohio\/\",\"url\":\"https:\/\/metaltale.com\/et\/toode\/soiduki-registreerimisnumber-usa-metallist-ohio\/\",\"name\":\"S\u00f5iduki registreerimisnumber USA metallist OHIO - MetalTale.com\",\"isPartOf\":{\"@id\":\"https:\/\/metaltale.com\/et\/#website\"},\"primaryImageOfPage\":{\"@id\":\"https:\/\/metaltale.com\/et\/toode\/soiduki-registreerimisnumber-usa-metallist-ohio\/#primaryimage\"},\"image\":{\"@id\":\"https:\/\/metaltale.com\/et\/toode\/soiduki-registreerimisnumber-usa-metallist-ohio\/#primaryimage\"},\"thumbnailUrl\":\"https:\/\/metaltale.com\/wp-content\/uploads\/2023\/11\/Transporto-priemonx117s-valstybinis-numeris-ix161-JAV-metalo-OHIO.jpg\",\"datePublished\":\"2024-02-13T13:11:04+00:00\",\"breadcrumb\":{\"@id\":\"https:\/\/metaltale.com\/et\/toode\/soiduki-registreerimisnumber-usa-metallist-ohio\/#breadcrumb\"},\"inLanguage\":\"et\",\"potentialAction\":[{\"@type\":\"ReadAction\",\"target\":[\"https:\/\/metaltale.com\/et\/toode\/soiduki-registreerimisnumber-usa-metallist-ohio\/\"]}]},{\"@type\":\"ImageObject\",\"inLanguage\":\"et\",\"@id\":\"https:\/\/metaltale.com\/et\/toode\/soiduki-registreerimisnumber-usa-metallist-ohio\/#primaryimage\",\"url\":\"https:\/\/metaltale.com\/wp-content\/uploads\/2023\/11\/Transporto-priemonx117s-valstybinis-numeris-ix161-JAV-metalo-OHIO.jpg\",\"contentUrl\":\"https:\/\/metaltale.com\/wp-content\/uploads\/2023\/11\/Transporto-priemonx117s-valstybinis-numeris-ix161-JAV-metalo-OHIO.jpg\",\"width\":800,\"height\":800},{\"@type\":\"BreadcrumbList\",\"@id\":\"https:\/\/metaltale.com\/et\/toode\/soiduki-registreerimisnumber-usa-metallist-ohio\/#breadcrumb\",\"itemListElement\":[{\"@type\":\"ListItem\",\"position\":1,\"name\":\"Home\",\"item\":\"https:\/\/metaltale.com\/et\/kodu\/\"},{\"@type\":\"ListItem\",\"position\":2,\"name\":\"Kauplus\",\"item\":\"https:\/\/metaltale.com\/et\/shop\/\"},{\"@type\":\"ListItem\",\"position\":3,\"name\":\"S\u00f5iduki registreerimisnumber USA metallist OHIO\"}]},{\"@type\":\"WebSite\",\"@id\":\"https:\/\/metaltale.com\/et\/#website\",\"url\":\"https:\/\/metaltale.com\/et\/\",\"name\":\"Metaltale.com\",\"description\":\"\",\"potentialAction\":[{\"@type\":\"SearchAction\",\"target\":{\"@type\":\"EntryPoint\",\"urlTemplate\":\"https:\/\/metaltale.com\/et\/?s={search_term_string}\"},\"query-input\":{\"@type\":\"PropertyValueSpecification\",\"valueRequired\":true,\"valueName\":\"search_term_string\"}}],\"inLanguage\":\"et\"}]}<\/script>\n<!-- \/ Yoast SEO plugin. -->","yoast_head_json":{"title":"S\u00f5iduki registreerimisnumber USA metallist OHIO - MetalTale.com","robots":{"index":"index","follow":"follow","max-snippet":"max-snippet:-1","max-image-preview":"max-image-preview:large","max-video-preview":"max-video-preview:-1"},"canonical":"https:\/\/metaltale.com\/et\/toode\/soiduki-registreerimisnumber-usa-metallist-ohio\/","og_locale":"et_EE","og_type":"article","og_title":"S\u00f5iduki registreerimisnumber USA metallist OHIO - MetalTale.com","og_description":"Model To. C311 EAN. 5905369929922 Ruum Baar, garaa\u017e Motiiv paneelid Materjal teras Laius (cm) 30 K\u00f5rgus (cm) 15 Kujundid Ristk\u00fclikukujuline","og_url":"https:\/\/metaltale.com\/et\/toode\/soiduki-registreerimisnumber-usa-metallist-ohio\/","og_site_name":"MetalTale.com","twitter_card":"summary_large_image","schema":{"@context":"https:\/\/schema.org","@graph":[{"@type":"WebPage","@id":"https:\/\/metaltale.com\/et\/toode\/soiduki-registreerimisnumber-usa-metallist-ohio\/","url":"https:\/\/metaltale.com\/et\/toode\/soiduki-registreerimisnumber-usa-metallist-ohio\/","name":"S\u00f5iduki registreerimisnumber USA metallist OHIO - MetalTale.com","isPartOf":{"@id":"https:\/\/metaltale.com\/et\/#website"},"primaryImageOfPage":{"@id":"https:\/\/metaltale.com\/et\/toode\/soiduki-registreerimisnumber-usa-metallist-ohio\/#primaryimage"},"image":{"@id":"https:\/\/metaltale.com\/et\/toode\/soiduki-registreerimisnumber-usa-metallist-ohio\/#primaryimage"},"thumbnailUrl":"https:\/\/metaltale.com\/wp-content\/uploads\/2023\/11\/Transporto-priemonx117s-valstybinis-numeris-ix161-JAV-metalo-OHIO.jpg","datePublished":"2024-02-13T13:11:04+00:00","breadcrumb":{"@id":"https:\/\/metaltale.com\/et\/toode\/soiduki-registreerimisnumber-usa-metallist-ohio\/#breadcrumb"},"inLanguage":"et","potentialAction":[{"@type":"ReadAction","target":["https:\/\/metaltale.com\/et\/toode\/soiduki-registreerimisnumber-usa-metallist-ohio\/"]}]},{"@type":"ImageObject","inLanguage":"et","@id":"https:\/\/metaltale.com\/et\/toode\/soiduki-registreerimisnumber-usa-metallist-ohio\/#primaryimage","url":"https:\/\/metaltale.com\/wp-content\/uploads\/2023\/11\/Transporto-priemonx117s-valstybinis-numeris-ix161-JAV-metalo-OHIO.jpg","contentUrl":"https:\/\/metaltale.com\/wp-content\/uploads\/2023\/11\/Transporto-priemonx117s-valstybinis-numeris-ix161-JAV-metalo-OHIO.jpg","width":800,"height":800},{"@type":"BreadcrumbList","@id":"https:\/\/metaltale.com\/et\/toode\/soiduki-registreerimisnumber-usa-metallist-ohio\/#breadcrumb","itemListElement":[{"@type":"ListItem","position":1,"name":"Home","item":"https:\/\/metaltale.com\/et\/kodu\/"},{"@type":"ListItem","position":2,"name":"Kauplus","item":"https:\/\/metaltale.com\/et\/shop\/"},{"@type":"ListItem","position":3,"name":"S\u00f5iduki registreerimisnumber USA metallist OHIO"}]},{"@type":"WebSite","@id":"https:\/\/metaltale.com\/et\/#website","url":"https:\/\/metaltale.com\/et\/","name":"Metaltale.com","description":"","potentialAction":[{"@type":"SearchAction","target":{"@type":"EntryPoint","urlTemplate":"https:\/\/metaltale.com\/et\/?s={search_term_string}"},"query-input":{"@type":"PropertyValueSpecification","valueRequired":true,"valueName":"search_term_string"}}],"inLanguage":"et"}]}},"_links":{"self":[{"href":"https:\/\/metaltale.com\/et\/wp-json\/wp\/v2\/product\/134283","targetHints":{"allow":["GET"]}}],"collection":[{"href":"https:\/\/metaltale.com\/et\/wp-json\/wp\/v2\/product"}],"about":[{"href":"https:\/\/metaltale.com\/et\/wp-json\/wp\/v2\/types\/product"}],"replies":[{"embeddable":true,"href":"https:\/\/metaltale.com\/et\/wp-json\/wp\/v2\/comments?post=134283"}],"version-history":[{"count":0,"href":"https:\/\/metaltale.com\/et\/wp-json\/wp\/v2\/product\/134283\/revisions"}],"wp:featuredmedia":[{"embeddable":true,"href":"https:\/\/metaltale.com\/et\/wp-json\/wp\/v2\/media\/103359"}],"wp:attachment":[{"href":"https:\/\/metaltale.com\/et\/wp-json\/wp\/v2\/media?parent=134283"}],"wp:term":[{"taxonomy":"product_brand","embeddable":true,"href":"https:\/\/metaltale.com\/et\/wp-json\/wp\/v2\/product_brand?post=134283"},{"taxonomy":"product_cat","embeddable":true,"href":"https:\/\/metaltale.com\/et\/wp-json\/wp\/v2\/product_cat?post=134283"},{"taxonomy":"product_tag","embeddable":true,"href":"https:\/\/metaltale.com\/et\/wp-json\/wp\/v2\/product_tag?post=134283"}],"curies":[{"name":"wp","href":"https:\/\/api.w.org\/{rel}","templated":true}]}}