{"id":134256,"date":"2024-02-13T15:09:42","date_gmt":"2024-02-13T13:09:42","guid":{"rendered":"https:\/\/metaltale.com\/produktas\/soiduki-registreerimisnumber-usa-metallist-arkanzasas\/"},"modified":"2024-02-13T15:09:42","modified_gmt":"2024-02-13T13:09:42","slug":"soiduki-registreerimisnumber-usa-metallist-arkanzasas","status":"publish","type":"product","link":"https:\/\/metaltale.com\/et\/toode\/soiduki-registreerimisnumber-usa-metallist-arkanzasas\/","title":{"rendered":"S\u00f5iduki registreerimisnumber USA metallist ARKANZASAS"},"content":{"rendered":"<div class=\"prod_data\"><strong>Model<\/strong> To. C240  <br \/><strong>EAN.<\/strong>  5905369929823  <br \/><strong>Orienteerimine<\/strong> Horisontaalne  <br \/><strong>Ruum<\/strong> Baar, garaa\u017e  <br \/><strong>Motiiv<\/strong> paneelid  <br \/><strong>Materjal<\/strong> teras  <br \/><strong>Laius (cm)<\/strong> 30  <br \/><strong>K\u00f5rgus (cm)<\/strong> 15  <br \/><strong>Kujundid Ristk\u00fclikukujuline<\/strong>  <\/p>\n<p>Nelinurkse kujuga metallist numbrim\u00e4rk. Toode on kaetud k\u00f5rge kulumiskindlusega v\u00e4rvi ja t\u00e4iendava kulumisvastase lakiga. Toote atraktiivsust suurendavad paneeli n\u00e4htav kumerus ja n\u00e4htavad vananemism\u00e4rgid v\u00e4rvimuutuste ja rooste n\u00e4ol. Iga eksemplar on \u00fcmbritsetud kaitsekilega. Plaadil on v\u00e4ikesed augud toote kiireks ja t\u00f5husaks riputamiseks.<\/p>\n<p>Tootel peab olema ARKANZASO registreerimisnumber.<\/p>\n<p>Retro paneel ei toimi mitte ainult baarides, vaid ka stiilse lisana vintage-sisekujunduses. Metallist plakat on originaalne kingiidee.<\/p>\n<\/div>\n","protected":false},"excerpt":{"rendered":"<p>Model To. C240 EAN. 5905369929823 Orienteerimine Horisontaalne Ruum Baar, garaa\u017e Motiiv paneelid Materjal teras Laius (cm) 30 K\u00f5rgus (cm) 15<\/p>\n","protected":false},"featured_media":93126,"comment_status":"open","ping_status":"closed","template":"","meta":{"_acf_changed":false,"pmpro_default_level":""},"product_brand":[],"product_cat":[24165],"product_tag":[],"class_list":{"0":"post-134256","1":"product","2":"type-product","3":"status-publish","4":"has-post-thumbnail","6":"product_cat-metallist-dekoratiivsed-tahvlid","7":"pmpro-has-access","9":"first","10":"instock","11":"shipping-taxable","12":"purchasable","13":"product-type-simple"},"acf":[],"yoast_head":"<!-- This site is optimized with the Yoast SEO plugin v24.9 - https:\/\/yoast.com\/wordpress\/plugins\/seo\/ -->\n<title>S\u00f5iduki registreerimisnumber USA metallist ARKANZASAS - MetalTale.com<\/title>\n<meta name=\"robots\" content=\"index, follow, max-snippet:-1, max-image-preview:large, max-video-preview:-1\" \/>\n<link rel=\"canonical\" href=\"https:\/\/metaltale.com\/et\/toode\/soiduki-registreerimisnumber-usa-metallist-arkanzasas\/\" \/>\n<meta property=\"og:locale\" content=\"et_EE\" \/>\n<meta property=\"og:type\" content=\"article\" \/>\n<meta property=\"og:title\" content=\"S\u00f5iduki registreerimisnumber USA metallist ARKANZASAS - MetalTale.com\" \/>\n<meta property=\"og:description\" content=\"Model To. C240 EAN. 5905369929823 Orienteerimine Horisontaalne Ruum Baar, garaa\u017e Motiiv paneelid Materjal teras Laius (cm) 30 K\u00f5rgus (cm) 15\" \/>\n<meta property=\"og:url\" content=\"https:\/\/metaltale.com\/et\/toode\/soiduki-registreerimisnumber-usa-metallist-arkanzasas\/\" \/>\n<meta property=\"og:site_name\" content=\"MetalTale.com\" \/>\n<meta name=\"twitter:card\" content=\"summary_large_image\" \/>\n<script type=\"application\/ld+json\" class=\"yoast-schema-graph\">{\"@context\":\"https:\/\/schema.org\",\"@graph\":[{\"@type\":\"WebPage\",\"@id\":\"https:\/\/metaltale.com\/et\/toode\/soiduki-registreerimisnumber-usa-metallist-arkanzasas\/\",\"url\":\"https:\/\/metaltale.com\/et\/toode\/soiduki-registreerimisnumber-usa-metallist-arkanzasas\/\",\"name\":\"S\u00f5iduki registreerimisnumber USA metallist ARKANZASAS - MetalTale.com\",\"isPartOf\":{\"@id\":\"https:\/\/metaltale.com\/et\/#website\"},\"primaryImageOfPage\":{\"@id\":\"https:\/\/metaltale.com\/et\/toode\/soiduki-registreerimisnumber-usa-metallist-arkanzasas\/#primaryimage\"},\"image\":{\"@id\":\"https:\/\/metaltale.com\/et\/toode\/soiduki-registreerimisnumber-usa-metallist-arkanzasas\/#primaryimage\"},\"thumbnailUrl\":\"https:\/\/metaltale.com\/wp-content\/uploads\/2023\/10\/Transporto-priemonx117s-valstybinis-numeris-ix161-JAV-metalo-ARKANZASAS.jpg\",\"datePublished\":\"2024-02-13T13:09:42+00:00\",\"breadcrumb\":{\"@id\":\"https:\/\/metaltale.com\/et\/toode\/soiduki-registreerimisnumber-usa-metallist-arkanzasas\/#breadcrumb\"},\"inLanguage\":\"et\",\"potentialAction\":[{\"@type\":\"ReadAction\",\"target\":[\"https:\/\/metaltale.com\/et\/toode\/soiduki-registreerimisnumber-usa-metallist-arkanzasas\/\"]}]},{\"@type\":\"ImageObject\",\"inLanguage\":\"et\",\"@id\":\"https:\/\/metaltale.com\/et\/toode\/soiduki-registreerimisnumber-usa-metallist-arkanzasas\/#primaryimage\",\"url\":\"https:\/\/metaltale.com\/wp-content\/uploads\/2023\/10\/Transporto-priemonx117s-valstybinis-numeris-ix161-JAV-metalo-ARKANZASAS.jpg\",\"contentUrl\":\"https:\/\/metaltale.com\/wp-content\/uploads\/2023\/10\/Transporto-priemonx117s-valstybinis-numeris-ix161-JAV-metalo-ARKANZASAS.jpg\",\"width\":800,\"height\":800},{\"@type\":\"BreadcrumbList\",\"@id\":\"https:\/\/metaltale.com\/et\/toode\/soiduki-registreerimisnumber-usa-metallist-arkanzasas\/#breadcrumb\",\"itemListElement\":[{\"@type\":\"ListItem\",\"position\":1,\"name\":\"Home\",\"item\":\"https:\/\/metaltale.com\/et\/kodu\/\"},{\"@type\":\"ListItem\",\"position\":2,\"name\":\"Kauplus\",\"item\":\"https:\/\/metaltale.com\/et\/shop\/\"},{\"@type\":\"ListItem\",\"position\":3,\"name\":\"S\u00f5iduki registreerimisnumber USA metallist ARKANZASAS\"}]},{\"@type\":\"WebSite\",\"@id\":\"https:\/\/metaltale.com\/et\/#website\",\"url\":\"https:\/\/metaltale.com\/et\/\",\"name\":\"Metaltale.com\",\"description\":\"\",\"potentialAction\":[{\"@type\":\"SearchAction\",\"target\":{\"@type\":\"EntryPoint\",\"urlTemplate\":\"https:\/\/metaltale.com\/et\/?s={search_term_string}\"},\"query-input\":{\"@type\":\"PropertyValueSpecification\",\"valueRequired\":true,\"valueName\":\"search_term_string\"}}],\"inLanguage\":\"et\"}]}<\/script>\n<!-- \/ Yoast SEO plugin. -->","yoast_head_json":{"title":"S\u00f5iduki registreerimisnumber USA metallist ARKANZASAS - MetalTale.com","robots":{"index":"index","follow":"follow","max-snippet":"max-snippet:-1","max-image-preview":"max-image-preview:large","max-video-preview":"max-video-preview:-1"},"canonical":"https:\/\/metaltale.com\/et\/toode\/soiduki-registreerimisnumber-usa-metallist-arkanzasas\/","og_locale":"et_EE","og_type":"article","og_title":"S\u00f5iduki registreerimisnumber USA metallist ARKANZASAS - MetalTale.com","og_description":"Model To. C240 EAN. 5905369929823 Orienteerimine Horisontaalne Ruum Baar, garaa\u017e Motiiv paneelid Materjal teras Laius (cm) 30 K\u00f5rgus (cm) 15","og_url":"https:\/\/metaltale.com\/et\/toode\/soiduki-registreerimisnumber-usa-metallist-arkanzasas\/","og_site_name":"MetalTale.com","twitter_card":"summary_large_image","schema":{"@context":"https:\/\/schema.org","@graph":[{"@type":"WebPage","@id":"https:\/\/metaltale.com\/et\/toode\/soiduki-registreerimisnumber-usa-metallist-arkanzasas\/","url":"https:\/\/metaltale.com\/et\/toode\/soiduki-registreerimisnumber-usa-metallist-arkanzasas\/","name":"S\u00f5iduki registreerimisnumber USA metallist ARKANZASAS - MetalTale.com","isPartOf":{"@id":"https:\/\/metaltale.com\/et\/#website"},"primaryImageOfPage":{"@id":"https:\/\/metaltale.com\/et\/toode\/soiduki-registreerimisnumber-usa-metallist-arkanzasas\/#primaryimage"},"image":{"@id":"https:\/\/metaltale.com\/et\/toode\/soiduki-registreerimisnumber-usa-metallist-arkanzasas\/#primaryimage"},"thumbnailUrl":"https:\/\/metaltale.com\/wp-content\/uploads\/2023\/10\/Transporto-priemonx117s-valstybinis-numeris-ix161-JAV-metalo-ARKANZASAS.jpg","datePublished":"2024-02-13T13:09:42+00:00","breadcrumb":{"@id":"https:\/\/metaltale.com\/et\/toode\/soiduki-registreerimisnumber-usa-metallist-arkanzasas\/#breadcrumb"},"inLanguage":"et","potentialAction":[{"@type":"ReadAction","target":["https:\/\/metaltale.com\/et\/toode\/soiduki-registreerimisnumber-usa-metallist-arkanzasas\/"]}]},{"@type":"ImageObject","inLanguage":"et","@id":"https:\/\/metaltale.com\/et\/toode\/soiduki-registreerimisnumber-usa-metallist-arkanzasas\/#primaryimage","url":"https:\/\/metaltale.com\/wp-content\/uploads\/2023\/10\/Transporto-priemonx117s-valstybinis-numeris-ix161-JAV-metalo-ARKANZASAS.jpg","contentUrl":"https:\/\/metaltale.com\/wp-content\/uploads\/2023\/10\/Transporto-priemonx117s-valstybinis-numeris-ix161-JAV-metalo-ARKANZASAS.jpg","width":800,"height":800},{"@type":"BreadcrumbList","@id":"https:\/\/metaltale.com\/et\/toode\/soiduki-registreerimisnumber-usa-metallist-arkanzasas\/#breadcrumb","itemListElement":[{"@type":"ListItem","position":1,"name":"Home","item":"https:\/\/metaltale.com\/et\/kodu\/"},{"@type":"ListItem","position":2,"name":"Kauplus","item":"https:\/\/metaltale.com\/et\/shop\/"},{"@type":"ListItem","position":3,"name":"S\u00f5iduki registreerimisnumber USA metallist ARKANZASAS"}]},{"@type":"WebSite","@id":"https:\/\/metaltale.com\/et\/#website","url":"https:\/\/metaltale.com\/et\/","name":"Metaltale.com","description":"","potentialAction":[{"@type":"SearchAction","target":{"@type":"EntryPoint","urlTemplate":"https:\/\/metaltale.com\/et\/?s={search_term_string}"},"query-input":{"@type":"PropertyValueSpecification","valueRequired":true,"valueName":"search_term_string"}}],"inLanguage":"et"}]}},"_links":{"self":[{"href":"https:\/\/metaltale.com\/et\/wp-json\/wp\/v2\/product\/134256","targetHints":{"allow":["GET"]}}],"collection":[{"href":"https:\/\/metaltale.com\/et\/wp-json\/wp\/v2\/product"}],"about":[{"href":"https:\/\/metaltale.com\/et\/wp-json\/wp\/v2\/types\/product"}],"replies":[{"embeddable":true,"href":"https:\/\/metaltale.com\/et\/wp-json\/wp\/v2\/comments?post=134256"}],"version-history":[{"count":0,"href":"https:\/\/metaltale.com\/et\/wp-json\/wp\/v2\/product\/134256\/revisions"}],"wp:featuredmedia":[{"embeddable":true,"href":"https:\/\/metaltale.com\/et\/wp-json\/wp\/v2\/media\/93126"}],"wp:attachment":[{"href":"https:\/\/metaltale.com\/et\/wp-json\/wp\/v2\/media?parent=134256"}],"wp:term":[{"taxonomy":"product_brand","embeddable":true,"href":"https:\/\/metaltale.com\/et\/wp-json\/wp\/v2\/product_brand?post=134256"},{"taxonomy":"product_cat","embeddable":true,"href":"https:\/\/metaltale.com\/et\/wp-json\/wp\/v2\/product_cat?post=134256"},{"taxonomy":"product_tag","embeddable":true,"href":"https:\/\/metaltale.com\/et\/wp-json\/wp\/v2\/product_tag?post=134256"}],"curies":[{"name":"wp","href":"https:\/\/api.w.org\/{rel}","templated":true}]}}