{"id":134231,"date":"2024-02-13T13:39:04","date_gmt":"2024-02-13T11:39:04","guid":{"rendered":"https:\/\/metaltale.com\/produktas\/thor-malmist-alaline-kuunlajalg-2\/"},"modified":"2024-02-13T13:39:04","modified_gmt":"2024-02-13T11:39:04","slug":"thor-malmist-alaline-kuunlajalg-2","status":"publish","type":"product","link":"https:\/\/metaltale.com\/et\/toode\/thor-malmist-alaline-kuunlajalg-2\/","title":{"rendered":"THOR malmist alaline k\u00fc\u00fcnlajalg"},"content":{"rendered":"<div class=\"prod_data\"><strong>Mudel<\/strong> AF.794.34-PRGR  <br \/><strong>Materjal<\/strong> Ketus  <br \/><strong>\u00dcldk\u00f5rgus (cm<\/strong> ) 27, 32, 35, 44, 50  <br \/><strong>\u00dcldl\u00e4bim\u00f5\u00f5t (cm<\/strong> ) 12, 13, 14, 14, 16  <br \/><strong>V\u00e4rv<\/strong> Must  <br \/><strong>Kogus komplekti kohta<\/strong> 1 tk.  <\/p>\n<p>&#8211; Seisev k\u00fc\u00fcnlajalg \u00fchele k\u00fc\u00fcnlale koos tahtega<br \/>&#8211; malmist toode<br \/>&#8211; valige k\u00fc\u00fcnlaaluse jaoks k\u00fc\u00fcnal, mille l\u00e4bim\u00f5\u00f5t on 2,2 cm.<\/p>\n<hr>\n<p>Rustikaline k\u00fc\u00fcnlajalg \u00fchele k\u00fc\u00fcnlale koos p\u00e4rgaga on valmistatud k\u00e4sitsi antiikstiilis. K\u00fc\u00fcnlajalgade v\u00e4ljam\u00f5eldud kuju t\u00f5mbab k\u00f5igi majapidamises viibivate inimeste t\u00e4helepanu. Thor lisab igale pidutsemisele ja peole elegantse n\u00fcansi, kaunistades laua peensusteni. Ainulaadse kompositsiooni loovad eri k\u00f5rgusega k\u00fc\u00fcnlajalad.  <\/p>\n<\/div>\n","protected":false},"excerpt":{"rendered":"<p>Mudel AF.794.34-PRGR Materjal Ketus \u00dcldk\u00f5rgus (cm ) 27, 32, 35, 44, 50 \u00dcldl\u00e4bim\u00f5\u00f5t (cm ) 12, 13, 14, 14, 16<\/p>\n","protected":false},"featured_media":79425,"comment_status":"open","ping_status":"closed","template":"","meta":{"_acf_changed":false,"pmpro_default_level":""},"product_brand":[],"product_cat":[24187],"product_tag":[],"class_list":{"0":"post-134231","1":"product","2":"type-product","3":"status-publish","4":"has-post-thumbnail","6":"product_cat-tostetavad-kuunlajalad","7":"pmpro-has-access","9":"first","10":"instock","11":"shipping-taxable","12":"purchasable","13":"product-type-simple"},"acf":[],"yoast_head":"<!-- This site is optimized with the Yoast SEO plugin v24.9 - https:\/\/yoast.com\/wordpress\/plugins\/seo\/ -->\n<title>THOR malmist alaline k\u00fc\u00fcnlajalg - MetalTale.com<\/title>\n<meta name=\"robots\" content=\"index, follow, max-snippet:-1, max-image-preview:large, max-video-preview:-1\" \/>\n<link rel=\"canonical\" href=\"https:\/\/metaltale.com\/et\/toode\/thor-malmist-alaline-kuunlajalg-2\/\" \/>\n<meta property=\"og:locale\" content=\"et_EE\" \/>\n<meta property=\"og:type\" content=\"article\" \/>\n<meta property=\"og:title\" content=\"THOR malmist alaline k\u00fc\u00fcnlajalg - MetalTale.com\" \/>\n<meta property=\"og:description\" content=\"Mudel AF.794.34-PRGR Materjal Ketus \u00dcldk\u00f5rgus (cm ) 27, 32, 35, 44, 50 \u00dcldl\u00e4bim\u00f5\u00f5t (cm ) 12, 13, 14, 14, 16\" \/>\n<meta property=\"og:url\" content=\"https:\/\/metaltale.com\/et\/toode\/thor-malmist-alaline-kuunlajalg-2\/\" \/>\n<meta property=\"og:site_name\" content=\"MetalTale.com\" \/>\n<meta name=\"twitter:card\" content=\"summary_large_image\" \/>\n<script type=\"application\/ld+json\" class=\"yoast-schema-graph\">{\"@context\":\"https:\/\/schema.org\",\"@graph\":[{\"@type\":\"WebPage\",\"@id\":\"https:\/\/metaltale.com\/et\/toode\/thor-malmist-alaline-kuunlajalg-2\/\",\"url\":\"https:\/\/metaltale.com\/et\/toode\/thor-malmist-alaline-kuunlajalg-2\/\",\"name\":\"THOR malmist alaline k\u00fc\u00fcnlajalg - MetalTale.com\",\"isPartOf\":{\"@id\":\"https:\/\/metaltale.com\/et\/#website\"},\"primaryImageOfPage\":{\"@id\":\"https:\/\/metaltale.com\/et\/toode\/thor-malmist-alaline-kuunlajalg-2\/#primaryimage\"},\"image\":{\"@id\":\"https:\/\/metaltale.com\/et\/toode\/thor-malmist-alaline-kuunlajalg-2\/#primaryimage\"},\"thumbnailUrl\":\"https:\/\/metaltale.com\/wp-content\/uploads\/2023\/10\/x17Dvakidx117s-laikiklis-THOR-270mm.jpg\",\"datePublished\":\"2024-02-13T11:39:04+00:00\",\"breadcrumb\":{\"@id\":\"https:\/\/metaltale.com\/et\/toode\/thor-malmist-alaline-kuunlajalg-2\/#breadcrumb\"},\"inLanguage\":\"et\",\"potentialAction\":[{\"@type\":\"ReadAction\",\"target\":[\"https:\/\/metaltale.com\/et\/toode\/thor-malmist-alaline-kuunlajalg-2\/\"]}]},{\"@type\":\"ImageObject\",\"inLanguage\":\"et\",\"@id\":\"https:\/\/metaltale.com\/et\/toode\/thor-malmist-alaline-kuunlajalg-2\/#primaryimage\",\"url\":\"https:\/\/metaltale.com\/wp-content\/uploads\/2023\/10\/x17Dvakidx117s-laikiklis-THOR-270mm.jpg\",\"contentUrl\":\"https:\/\/metaltale.com\/wp-content\/uploads\/2023\/10\/x17Dvakidx117s-laikiklis-THOR-270mm.jpg\",\"width\":800,\"height\":800},{\"@type\":\"BreadcrumbList\",\"@id\":\"https:\/\/metaltale.com\/et\/toode\/thor-malmist-alaline-kuunlajalg-2\/#breadcrumb\",\"itemListElement\":[{\"@type\":\"ListItem\",\"position\":1,\"name\":\"Home\",\"item\":\"https:\/\/metaltale.com\/et\/kodu\/\"},{\"@type\":\"ListItem\",\"position\":2,\"name\":\"Kauplus\",\"item\":\"https:\/\/metaltale.com\/et\/shop\/\"},{\"@type\":\"ListItem\",\"position\":3,\"name\":\"THOR malmist alaline k\u00fc\u00fcnlajalg\"}]},{\"@type\":\"WebSite\",\"@id\":\"https:\/\/metaltale.com\/et\/#website\",\"url\":\"https:\/\/metaltale.com\/et\/\",\"name\":\"Metaltale.com\",\"description\":\"\",\"potentialAction\":[{\"@type\":\"SearchAction\",\"target\":{\"@type\":\"EntryPoint\",\"urlTemplate\":\"https:\/\/metaltale.com\/et\/?s={search_term_string}\"},\"query-input\":{\"@type\":\"PropertyValueSpecification\",\"valueRequired\":true,\"valueName\":\"search_term_string\"}}],\"inLanguage\":\"et\"}]}<\/script>\n<!-- \/ Yoast SEO plugin. -->","yoast_head_json":{"title":"THOR malmist alaline k\u00fc\u00fcnlajalg - MetalTale.com","robots":{"index":"index","follow":"follow","max-snippet":"max-snippet:-1","max-image-preview":"max-image-preview:large","max-video-preview":"max-video-preview:-1"},"canonical":"https:\/\/metaltale.com\/et\/toode\/thor-malmist-alaline-kuunlajalg-2\/","og_locale":"et_EE","og_type":"article","og_title":"THOR malmist alaline k\u00fc\u00fcnlajalg - MetalTale.com","og_description":"Mudel AF.794.34-PRGR Materjal Ketus \u00dcldk\u00f5rgus (cm ) 27, 32, 35, 44, 50 \u00dcldl\u00e4bim\u00f5\u00f5t (cm ) 12, 13, 14, 14, 16","og_url":"https:\/\/metaltale.com\/et\/toode\/thor-malmist-alaline-kuunlajalg-2\/","og_site_name":"MetalTale.com","twitter_card":"summary_large_image","schema":{"@context":"https:\/\/schema.org","@graph":[{"@type":"WebPage","@id":"https:\/\/metaltale.com\/et\/toode\/thor-malmist-alaline-kuunlajalg-2\/","url":"https:\/\/metaltale.com\/et\/toode\/thor-malmist-alaline-kuunlajalg-2\/","name":"THOR malmist alaline k\u00fc\u00fcnlajalg - MetalTale.com","isPartOf":{"@id":"https:\/\/metaltale.com\/et\/#website"},"primaryImageOfPage":{"@id":"https:\/\/metaltale.com\/et\/toode\/thor-malmist-alaline-kuunlajalg-2\/#primaryimage"},"image":{"@id":"https:\/\/metaltale.com\/et\/toode\/thor-malmist-alaline-kuunlajalg-2\/#primaryimage"},"thumbnailUrl":"https:\/\/metaltale.com\/wp-content\/uploads\/2023\/10\/x17Dvakidx117s-laikiklis-THOR-270mm.jpg","datePublished":"2024-02-13T11:39:04+00:00","breadcrumb":{"@id":"https:\/\/metaltale.com\/et\/toode\/thor-malmist-alaline-kuunlajalg-2\/#breadcrumb"},"inLanguage":"et","potentialAction":[{"@type":"ReadAction","target":["https:\/\/metaltale.com\/et\/toode\/thor-malmist-alaline-kuunlajalg-2\/"]}]},{"@type":"ImageObject","inLanguage":"et","@id":"https:\/\/metaltale.com\/et\/toode\/thor-malmist-alaline-kuunlajalg-2\/#primaryimage","url":"https:\/\/metaltale.com\/wp-content\/uploads\/2023\/10\/x17Dvakidx117s-laikiklis-THOR-270mm.jpg","contentUrl":"https:\/\/metaltale.com\/wp-content\/uploads\/2023\/10\/x17Dvakidx117s-laikiklis-THOR-270mm.jpg","width":800,"height":800},{"@type":"BreadcrumbList","@id":"https:\/\/metaltale.com\/et\/toode\/thor-malmist-alaline-kuunlajalg-2\/#breadcrumb","itemListElement":[{"@type":"ListItem","position":1,"name":"Home","item":"https:\/\/metaltale.com\/et\/kodu\/"},{"@type":"ListItem","position":2,"name":"Kauplus","item":"https:\/\/metaltale.com\/et\/shop\/"},{"@type":"ListItem","position":3,"name":"THOR malmist alaline k\u00fc\u00fcnlajalg"}]},{"@type":"WebSite","@id":"https:\/\/metaltale.com\/et\/#website","url":"https:\/\/metaltale.com\/et\/","name":"Metaltale.com","description":"","potentialAction":[{"@type":"SearchAction","target":{"@type":"EntryPoint","urlTemplate":"https:\/\/metaltale.com\/et\/?s={search_term_string}"},"query-input":{"@type":"PropertyValueSpecification","valueRequired":true,"valueName":"search_term_string"}}],"inLanguage":"et"}]}},"_links":{"self":[{"href":"https:\/\/metaltale.com\/et\/wp-json\/wp\/v2\/product\/134231","targetHints":{"allow":["GET"]}}],"collection":[{"href":"https:\/\/metaltale.com\/et\/wp-json\/wp\/v2\/product"}],"about":[{"href":"https:\/\/metaltale.com\/et\/wp-json\/wp\/v2\/types\/product"}],"replies":[{"embeddable":true,"href":"https:\/\/metaltale.com\/et\/wp-json\/wp\/v2\/comments?post=134231"}],"version-history":[{"count":0,"href":"https:\/\/metaltale.com\/et\/wp-json\/wp\/v2\/product\/134231\/revisions"}],"wp:featuredmedia":[{"embeddable":true,"href":"https:\/\/metaltale.com\/et\/wp-json\/wp\/v2\/media\/79425"}],"wp:attachment":[{"href":"https:\/\/metaltale.com\/et\/wp-json\/wp\/v2\/media?parent=134231"}],"wp:term":[{"taxonomy":"product_brand","embeddable":true,"href":"https:\/\/metaltale.com\/et\/wp-json\/wp\/v2\/product_brand?post=134231"},{"taxonomy":"product_cat","embeddable":true,"href":"https:\/\/metaltale.com\/et\/wp-json\/wp\/v2\/product_cat?post=134231"},{"taxonomy":"product_tag","embeddable":true,"href":"https:\/\/metaltale.com\/et\/wp-json\/wp\/v2\/product_tag?post=134231"}],"curies":[{"name":"wp","href":"https:\/\/api.w.org\/{rel}","templated":true}]}}