{"id":134227,"date":"2024-02-13T13:39:42","date_gmt":"2024-02-13T11:39:42","guid":{"rendered":"https:\/\/metaltale.com\/produktas\/kolme-mesilasvaha-kuunla-hoidja\/"},"modified":"2024-02-13T13:39:42","modified_gmt":"2024-02-13T11:39:42","slug":"kolme-mesilasvaha-kuunla-hoidja","status":"publish","type":"product","link":"https:\/\/metaltale.com\/et\/toode\/kolme-mesilasvaha-kuunla-hoidja\/","title":{"rendered":"Kolme mesilasvaha k\u00fc\u00fcnla hoidja"},"content":{"rendered":"<div class=\"prod_data\"><strong>Mudel<\/strong> FOR. SWI. ESP  <br \/><strong>EAN.<\/strong>  5905369915802  <br \/><strong>Paksus (cm)<\/strong> 10  <br \/>\u00dcldine k\u00f5rgus (cm) 13 <br \/><strong>\u00dcldine laius (cm<\/strong> ) 26  <\/p>\n<p>Mesilasvahak\u00fc\u00fcnalde komplekt on ideaalne kaunistus teie korterisse. Selle elegantne v\u00e4limus muudab selle ideaalseks originaalseks kingituseks. Looduslik vahak\u00fc\u00fcnla hoidja sobib kingituseks nii l\u00e4hedastele kui ka ametlikuks t\u00e4nut\u00e4heks. Puidust karbi sees on bro\u0161\u00fc\u00fcr, milles kirjeldatakse mesilasvaha omadusi ja on koht, kuhu saab selle k\u00e4tte.<\/p>\n<p>Honey k\u00fc\u00fcnlajalg on elegantne kast, mis on valmistatud m\u00e4nnipuidust ja millel on tekstuurne pind. H\u00f5\u00f5rutud puidu raskus ja karbi eba\u00fchtlane v\u00e4rvus on taotluslik efekt, mis r\u00f5hutab k\u00fc\u00fcnlajalgade loomulikkust. Karbi kaanel ja p\u00f5hjas olevad risttalad lisavad soliidsust ja h\u00f5lbustavad samal ajal \u00fclemise osa avamist. Karbi keskel on kaks v\u00e4ikest lauda, mis eraldavad klaasist k\u00fc\u00fcnlajalad.<\/p>\n<p>Mesilasvahak\u00fc\u00fcnla komplekt koosneb kolmest mesilasvahak\u00fc\u00fcnla klaasist, mis on valmistatud paksust ja tugevast klaasist ning mille servad on turvalisuse suurendamiseks \u00fcmardatud. Klaaselemendid sisaldavad mesilasvoolikust k\u00e4sitsi rullitud k\u00fc\u00fcnlaid, mis on naturaalse meev\u00e4rvi ja puuvillase tahtega. K\u00fc\u00fcnlajalgade v\u00e4limuse parandamiseks on igas purgis mesilasi v\u00f5i lilli kujutav kuju, mis on valmistatud metallist valanditest.<\/p>\n<p>Mesilasvahak\u00fc\u00fcnlad sobivad isegi allergikutele ja tundlikele inimestele, sest nad mitte ainult ei l\u00f5hna meeldivalt, vaid, mis veelgi t\u00e4htsam, ei eralda meie keskkonda m\u00fcrgiseid aineid. Neil on ka palju tervist edendavaid omadusi.<\/p>\n<\/div>\n","protected":false},"excerpt":{"rendered":"<p>Mudel FOR. SWI. ESP EAN. 5905369915802 Paksus (cm) 10 \u00dcldine k\u00f5rgus (cm) 13 \u00dcldine laius (cm ) 26 Mesilasvahak\u00fc\u00fcnalde komplekt<\/p>\n","protected":false},"featured_media":79437,"comment_status":"open","ping_status":"closed","template":"","meta":{"_acf_changed":false,"pmpro_default_level":""},"product_brand":[],"product_cat":[24187],"product_tag":[],"class_list":{"0":"post-134227","1":"product","2":"type-product","3":"status-publish","4":"has-post-thumbnail","6":"product_cat-tostetavad-kuunlajalad","7":"pmpro-has-access","9":"first","10":"instock","11":"shipping-taxable","12":"purchasable","13":"product-type-simple"},"acf":[],"yoast_head":"<!-- This site is optimized with the Yoast SEO plugin v24.9 - https:\/\/yoast.com\/wordpress\/plugins\/seo\/ -->\n<title>Kolme mesilasvaha k\u00fc\u00fcnla hoidja - MetalTale.com<\/title>\n<meta name=\"robots\" content=\"index, follow, max-snippet:-1, max-image-preview:large, max-video-preview:-1\" \/>\n<link rel=\"canonical\" href=\"https:\/\/metaltale.com\/et\/toode\/kolme-mesilasvaha-kuunla-hoidja\/\" \/>\n<meta property=\"og:locale\" content=\"et_EE\" \/>\n<meta property=\"og:type\" content=\"article\" \/>\n<meta property=\"og:title\" content=\"Kolme mesilasvaha k\u00fc\u00fcnla hoidja - MetalTale.com\" \/>\n<meta property=\"og:description\" content=\"Mudel FOR. SWI. ESP EAN. 5905369915802 Paksus (cm) 10 \u00dcldine k\u00f5rgus (cm) 13 \u00dcldine laius (cm ) 26 Mesilasvahak\u00fc\u00fcnalde komplekt\" \/>\n<meta property=\"og:url\" content=\"https:\/\/metaltale.com\/et\/toode\/kolme-mesilasvaha-kuunla-hoidja\/\" \/>\n<meta property=\"og:site_name\" content=\"MetalTale.com\" \/>\n<meta name=\"twitter:card\" content=\"summary_large_image\" \/>\n<meta name=\"twitter:label1\" content=\"Est. reading time\" \/>\n\t<meta name=\"twitter:data1\" content=\"1 minut\" \/>\n<script type=\"application\/ld+json\" class=\"yoast-schema-graph\">{\"@context\":\"https:\/\/schema.org\",\"@graph\":[{\"@type\":\"WebPage\",\"@id\":\"https:\/\/metaltale.com\/et\/toode\/kolme-mesilasvaha-kuunla-hoidja\/\",\"url\":\"https:\/\/metaltale.com\/et\/toode\/kolme-mesilasvaha-kuunla-hoidja\/\",\"name\":\"Kolme mesilasvaha k\u00fc\u00fcnla hoidja - MetalTale.com\",\"isPartOf\":{\"@id\":\"https:\/\/metaltale.com\/et\/#website\"},\"primaryImageOfPage\":{\"@id\":\"https:\/\/metaltale.com\/et\/toode\/kolme-mesilasvaha-kuunla-hoidja\/#primaryimage\"},\"image\":{\"@id\":\"https:\/\/metaltale.com\/et\/toode\/kolme-mesilasvaha-kuunla-hoidja\/#primaryimage\"},\"thumbnailUrl\":\"https:\/\/metaltale.com\/wp-content\/uploads\/2023\/10\/x17Dvakidx117-TRYS-MEDUS.jpg\",\"datePublished\":\"2024-02-13T11:39:42+00:00\",\"breadcrumb\":{\"@id\":\"https:\/\/metaltale.com\/et\/toode\/kolme-mesilasvaha-kuunla-hoidja\/#breadcrumb\"},\"inLanguage\":\"et\",\"potentialAction\":[{\"@type\":\"ReadAction\",\"target\":[\"https:\/\/metaltale.com\/et\/toode\/kolme-mesilasvaha-kuunla-hoidja\/\"]}]},{\"@type\":\"ImageObject\",\"inLanguage\":\"et\",\"@id\":\"https:\/\/metaltale.com\/et\/toode\/kolme-mesilasvaha-kuunla-hoidja\/#primaryimage\",\"url\":\"https:\/\/metaltale.com\/wp-content\/uploads\/2023\/10\/x17Dvakidx117-TRYS-MEDUS.jpg\",\"contentUrl\":\"https:\/\/metaltale.com\/wp-content\/uploads\/2023\/10\/x17Dvakidx117-TRYS-MEDUS.jpg\",\"width\":777,\"height\":777},{\"@type\":\"BreadcrumbList\",\"@id\":\"https:\/\/metaltale.com\/et\/toode\/kolme-mesilasvaha-kuunla-hoidja\/#breadcrumb\",\"itemListElement\":[{\"@type\":\"ListItem\",\"position\":1,\"name\":\"Home\",\"item\":\"https:\/\/metaltale.com\/et\/kodu\/\"},{\"@type\":\"ListItem\",\"position\":2,\"name\":\"Kauplus\",\"item\":\"https:\/\/metaltale.com\/et\/shop\/\"},{\"@type\":\"ListItem\",\"position\":3,\"name\":\"Kolme mesilasvaha k\u00fc\u00fcnla hoidja\"}]},{\"@type\":\"WebSite\",\"@id\":\"https:\/\/metaltale.com\/et\/#website\",\"url\":\"https:\/\/metaltale.com\/et\/\",\"name\":\"Metaltale.com\",\"description\":\"\",\"potentialAction\":[{\"@type\":\"SearchAction\",\"target\":{\"@type\":\"EntryPoint\",\"urlTemplate\":\"https:\/\/metaltale.com\/et\/?s={search_term_string}\"},\"query-input\":{\"@type\":\"PropertyValueSpecification\",\"valueRequired\":true,\"valueName\":\"search_term_string\"}}],\"inLanguage\":\"et\"}]}<\/script>\n<!-- \/ Yoast SEO plugin. -->","yoast_head_json":{"title":"Kolme mesilasvaha k\u00fc\u00fcnla hoidja - MetalTale.com","robots":{"index":"index","follow":"follow","max-snippet":"max-snippet:-1","max-image-preview":"max-image-preview:large","max-video-preview":"max-video-preview:-1"},"canonical":"https:\/\/metaltale.com\/et\/toode\/kolme-mesilasvaha-kuunla-hoidja\/","og_locale":"et_EE","og_type":"article","og_title":"Kolme mesilasvaha k\u00fc\u00fcnla hoidja - MetalTale.com","og_description":"Mudel FOR. SWI. ESP EAN. 5905369915802 Paksus (cm) 10 \u00dcldine k\u00f5rgus (cm) 13 \u00dcldine laius (cm ) 26 Mesilasvahak\u00fc\u00fcnalde komplekt","og_url":"https:\/\/metaltale.com\/et\/toode\/kolme-mesilasvaha-kuunla-hoidja\/","og_site_name":"MetalTale.com","twitter_card":"summary_large_image","twitter_misc":{"Est. reading time":"1 minut"},"schema":{"@context":"https:\/\/schema.org","@graph":[{"@type":"WebPage","@id":"https:\/\/metaltale.com\/et\/toode\/kolme-mesilasvaha-kuunla-hoidja\/","url":"https:\/\/metaltale.com\/et\/toode\/kolme-mesilasvaha-kuunla-hoidja\/","name":"Kolme mesilasvaha k\u00fc\u00fcnla hoidja - MetalTale.com","isPartOf":{"@id":"https:\/\/metaltale.com\/et\/#website"},"primaryImageOfPage":{"@id":"https:\/\/metaltale.com\/et\/toode\/kolme-mesilasvaha-kuunla-hoidja\/#primaryimage"},"image":{"@id":"https:\/\/metaltale.com\/et\/toode\/kolme-mesilasvaha-kuunla-hoidja\/#primaryimage"},"thumbnailUrl":"https:\/\/metaltale.com\/wp-content\/uploads\/2023\/10\/x17Dvakidx117-TRYS-MEDUS.jpg","datePublished":"2024-02-13T11:39:42+00:00","breadcrumb":{"@id":"https:\/\/metaltale.com\/et\/toode\/kolme-mesilasvaha-kuunla-hoidja\/#breadcrumb"},"inLanguage":"et","potentialAction":[{"@type":"ReadAction","target":["https:\/\/metaltale.com\/et\/toode\/kolme-mesilasvaha-kuunla-hoidja\/"]}]},{"@type":"ImageObject","inLanguage":"et","@id":"https:\/\/metaltale.com\/et\/toode\/kolme-mesilasvaha-kuunla-hoidja\/#primaryimage","url":"https:\/\/metaltale.com\/wp-content\/uploads\/2023\/10\/x17Dvakidx117-TRYS-MEDUS.jpg","contentUrl":"https:\/\/metaltale.com\/wp-content\/uploads\/2023\/10\/x17Dvakidx117-TRYS-MEDUS.jpg","width":777,"height":777},{"@type":"BreadcrumbList","@id":"https:\/\/metaltale.com\/et\/toode\/kolme-mesilasvaha-kuunla-hoidja\/#breadcrumb","itemListElement":[{"@type":"ListItem","position":1,"name":"Home","item":"https:\/\/metaltale.com\/et\/kodu\/"},{"@type":"ListItem","position":2,"name":"Kauplus","item":"https:\/\/metaltale.com\/et\/shop\/"},{"@type":"ListItem","position":3,"name":"Kolme mesilasvaha k\u00fc\u00fcnla hoidja"}]},{"@type":"WebSite","@id":"https:\/\/metaltale.com\/et\/#website","url":"https:\/\/metaltale.com\/et\/","name":"Metaltale.com","description":"","potentialAction":[{"@type":"SearchAction","target":{"@type":"EntryPoint","urlTemplate":"https:\/\/metaltale.com\/et\/?s={search_term_string}"},"query-input":{"@type":"PropertyValueSpecification","valueRequired":true,"valueName":"search_term_string"}}],"inLanguage":"et"}]}},"_links":{"self":[{"href":"https:\/\/metaltale.com\/et\/wp-json\/wp\/v2\/product\/134227","targetHints":{"allow":["GET"]}}],"collection":[{"href":"https:\/\/metaltale.com\/et\/wp-json\/wp\/v2\/product"}],"about":[{"href":"https:\/\/metaltale.com\/et\/wp-json\/wp\/v2\/types\/product"}],"replies":[{"embeddable":true,"href":"https:\/\/metaltale.com\/et\/wp-json\/wp\/v2\/comments?post=134227"}],"version-history":[{"count":0,"href":"https:\/\/metaltale.com\/et\/wp-json\/wp\/v2\/product\/134227\/revisions"}],"wp:featuredmedia":[{"embeddable":true,"href":"https:\/\/metaltale.com\/et\/wp-json\/wp\/v2\/media\/79437"}],"wp:attachment":[{"href":"https:\/\/metaltale.com\/et\/wp-json\/wp\/v2\/media?parent=134227"}],"wp:term":[{"taxonomy":"product_brand","embeddable":true,"href":"https:\/\/metaltale.com\/et\/wp-json\/wp\/v2\/product_brand?post=134227"},{"taxonomy":"product_cat","embeddable":true,"href":"https:\/\/metaltale.com\/et\/wp-json\/wp\/v2\/product_cat?post=134227"},{"taxonomy":"product_tag","embeddable":true,"href":"https:\/\/metaltale.com\/et\/wp-json\/wp\/v2\/product_tag?post=134227"}],"curies":[{"name":"wp","href":"https:\/\/api.w.org\/{rel}","templated":true}]}}