{"id":134218,"date":"2024-01-12T21:12:18","date_gmt":"2024-01-12T19:12:18","guid":{"rendered":"https:\/\/metaltale.com\/produktas\/tv-kapp-strong-1\/"},"modified":"2024-01-12T21:12:18","modified_gmt":"2024-01-12T19:12:18","slug":"tv-kapp-strong-1","status":"publish","type":"product","link":"https:\/\/metaltale.com\/et\/toode\/tv-kapp-strong-1\/","title":{"rendered":"TV-kapp STRONG 1"},"content":{"rendered":"<div class=\"prod_data\">\n<p><strong>Mudel<\/strong> ZA.SG.C3<br \/>\nTugev <strong>kollektsioon<\/strong><br \/>\n<strong>Materjal<\/strong> Tammepuit, teras<br \/>\n<strong>Laius (cm)<\/strong> 220<br \/>\n<strong>K\u00f5rgus (cm)<\/strong> 67<br \/>\n<strong>S\u00fcgavus (cm)<\/strong> 40<br \/>\n<strong>V\u00e4rv<\/strong> Must, puit &#8211; naturaalne \u00f5li<br \/>\n<strong>Viimistlus<\/strong> Pulbriga kaetud, \u00f5litatud<br \/>\n<strong>Tarne t\u00fc\u00fcp<\/strong> T\u00e4ielikult kokkupandud toode<\/p>\n<p>Tammepuidust ja pulberv\u00e4rvitud terasest telerikapp<\/p>\n<p>kapil on pehmelt sulguvad sahtlid<\/p>\n<p>naturaalse v\u00e4rvilise \u00f5liga kaitstud tammepuit<\/p>\n<p>N\u00e4htavad mustrid ja voldid annavad unikaalse v\u00e4limuse.<\/p>\n<p>puidust esipaneelide ja metallkorpusega sahtlid<\/p>\n<p>toodete v\u00e4rvus v\u00f5ib erineda galeriis olevatest piltidest, mis v\u00f5ib olla tingitud individuaalsetest monitoriseadetest ja materjalide iseloomust.<\/p>\n<p>teras ja tammepuit on tooraine, mille v\u00e4rvus, toon ja tekstuur v\u00f5ivad s\u00f5ltuvalt paigaldusest v\u00f5i tootmispartiist erineda.<\/p>\n<hr>\n<p>Strong TV-kapp on ainulaadne ja kaasaegne m\u00f6\u00f6bliese, mis sobib ideaalselt paljudesse interj\u00f6\u00f6ridesse. Kapi on valmistatud t\u00e4ispuidust tammest, mis on kaitstud \u00f5liga, mis annab sellele kauni, naturaalse v\u00e4rvi. M\u00f6\u00f6bli ebatavaline ja originaalne element on metallv\u00f5rgust ja mustast plekist valmistatud kapi esiosa, mis annab m\u00f6\u00f6blile t\u00f6\u00f6stusliku iseloomu. Libistuss\u00fcsteemi kasutamine on originaalne ja praktiline lahendus. Mustad metallist k\u00e4epidemed on nii praktilised kui ka lisavad kapile elegantsust. K\u00e4epidemed on suurep\u00e4rase kontrastiga puidu loodusliku v\u00e4rviga. Telerikapi sahtlid on varustatud pehmelt sulguvate r\u00f6\u00f6bastega, mis tagavad sujuva avanemise ja sulgemise. See kapp on funktsionaalne ja ainulaadne m\u00f6\u00f6bliese k\u00f5igile loft- ja industriaalstiili austajatele.<\/p>\n<\/div>\n","protected":false},"excerpt":{"rendered":"<p>Mudel ZA.SG.C3 Tugev kollektsioon Materjal Tammepuit, teras Laius (cm) 220 K\u00f5rgus (cm) 67 S\u00fcgavus (cm) 40 V\u00e4rv Must, puit &#8211;<\/p>\n","protected":false},"featured_media":119701,"comment_status":"open","ping_status":"closed","template":"","meta":{"_acf_changed":false,"pmpro_default_level":""},"product_brand":[],"product_cat":[24172,24138],"product_tag":[],"class_list":{"0":"post-134218","1":"product","2":"type-product","3":"status-publish","4":"has-post-thumbnail","6":"product_cat-televisioonikapid","7":"product_cat-toostusmoobel","8":"pmpro-has-access","10":"first","11":"instock","12":"shipping-taxable","13":"purchasable","14":"product-type-simple"},"acf":[],"yoast_head":"<!-- This site is optimized with the Yoast SEO plugin v24.9 - https:\/\/yoast.com\/wordpress\/plugins\/seo\/ -->\n<title>TV-kapp STRONG 1 - MetalTale.com<\/title>\n<meta name=\"robots\" content=\"index, follow, max-snippet:-1, max-image-preview:large, max-video-preview:-1\" \/>\n<link rel=\"canonical\" href=\"https:\/\/metaltale.com\/et\/toode\/tv-kapp-strong-1\/\" \/>\n<meta property=\"og:locale\" content=\"et_EE\" \/>\n<meta property=\"og:type\" content=\"article\" \/>\n<meta property=\"og:title\" content=\"TV-kapp STRONG 1 - MetalTale.com\" \/>\n<meta property=\"og:description\" content=\"Mudel ZA.SG.C3 Tugev kollektsioon Materjal Tammepuit, teras Laius (cm) 220 K\u00f5rgus (cm) 67 S\u00fcgavus (cm) 40 V\u00e4rv Must, puit &#8211;\" \/>\n<meta property=\"og:url\" content=\"https:\/\/metaltale.com\/et\/toode\/tv-kapp-strong-1\/\" \/>\n<meta property=\"og:site_name\" content=\"MetalTale.com\" \/>\n<meta name=\"twitter:card\" content=\"summary_large_image\" \/>\n<meta name=\"twitter:label1\" content=\"Est. reading time\" \/>\n\t<meta name=\"twitter:data1\" content=\"1 minut\" \/>\n<script type=\"application\/ld+json\" class=\"yoast-schema-graph\">{\"@context\":\"https:\/\/schema.org\",\"@graph\":[{\"@type\":\"WebPage\",\"@id\":\"https:\/\/metaltale.com\/et\/toode\/tv-kapp-strong-1\/\",\"url\":\"https:\/\/metaltale.com\/et\/toode\/tv-kapp-strong-1\/\",\"name\":\"TV-kapp STRONG 1 - MetalTale.com\",\"isPartOf\":{\"@id\":\"https:\/\/metaltale.com\/et\/#website\"},\"primaryImageOfPage\":{\"@id\":\"https:\/\/metaltale.com\/et\/toode\/tv-kapp-strong-1\/#primaryimage\"},\"image\":{\"@id\":\"https:\/\/metaltale.com\/et\/toode\/tv-kapp-strong-1\/#primaryimage\"},\"thumbnailUrl\":\"https:\/\/metaltale.com\/wp-content\/uploads\/2023\/11\/televizoriaus-spintele.jpg\",\"datePublished\":\"2024-01-12T19:12:18+00:00\",\"breadcrumb\":{\"@id\":\"https:\/\/metaltale.com\/et\/toode\/tv-kapp-strong-1\/#breadcrumb\"},\"inLanguage\":\"et\",\"potentialAction\":[{\"@type\":\"ReadAction\",\"target\":[\"https:\/\/metaltale.com\/et\/toode\/tv-kapp-strong-1\/\"]}]},{\"@type\":\"ImageObject\",\"inLanguage\":\"et\",\"@id\":\"https:\/\/metaltale.com\/et\/toode\/tv-kapp-strong-1\/#primaryimage\",\"url\":\"https:\/\/metaltale.com\/wp-content\/uploads\/2023\/11\/televizoriaus-spintele.jpg\",\"contentUrl\":\"https:\/\/metaltale.com\/wp-content\/uploads\/2023\/11\/televizoriaus-spintele.jpg\",\"width\":800,\"height\":800,\"caption\":\"TV spintele\"},{\"@type\":\"BreadcrumbList\",\"@id\":\"https:\/\/metaltale.com\/et\/toode\/tv-kapp-strong-1\/#breadcrumb\",\"itemListElement\":[{\"@type\":\"ListItem\",\"position\":1,\"name\":\"Home\",\"item\":\"https:\/\/metaltale.com\/et\/kodu\/\"},{\"@type\":\"ListItem\",\"position\":2,\"name\":\"Kauplus\",\"item\":\"https:\/\/metaltale.com\/et\/shop\/\"},{\"@type\":\"ListItem\",\"position\":3,\"name\":\"TV-kapp STRONG 1\"}]},{\"@type\":\"WebSite\",\"@id\":\"https:\/\/metaltale.com\/et\/#website\",\"url\":\"https:\/\/metaltale.com\/et\/\",\"name\":\"Metaltale.com\",\"description\":\"\",\"potentialAction\":[{\"@type\":\"SearchAction\",\"target\":{\"@type\":\"EntryPoint\",\"urlTemplate\":\"https:\/\/metaltale.com\/et\/?s={search_term_string}\"},\"query-input\":{\"@type\":\"PropertyValueSpecification\",\"valueRequired\":true,\"valueName\":\"search_term_string\"}}],\"inLanguage\":\"et\"}]}<\/script>\n<!-- \/ Yoast SEO plugin. -->","yoast_head_json":{"title":"TV-kapp STRONG 1 - MetalTale.com","robots":{"index":"index","follow":"follow","max-snippet":"max-snippet:-1","max-image-preview":"max-image-preview:large","max-video-preview":"max-video-preview:-1"},"canonical":"https:\/\/metaltale.com\/et\/toode\/tv-kapp-strong-1\/","og_locale":"et_EE","og_type":"article","og_title":"TV-kapp STRONG 1 - MetalTale.com","og_description":"Mudel ZA.SG.C3 Tugev kollektsioon Materjal Tammepuit, teras Laius (cm) 220 K\u00f5rgus (cm) 67 S\u00fcgavus (cm) 40 V\u00e4rv Must, puit &#8211;","og_url":"https:\/\/metaltale.com\/et\/toode\/tv-kapp-strong-1\/","og_site_name":"MetalTale.com","twitter_card":"summary_large_image","twitter_misc":{"Est. reading time":"1 minut"},"schema":{"@context":"https:\/\/schema.org","@graph":[{"@type":"WebPage","@id":"https:\/\/metaltale.com\/et\/toode\/tv-kapp-strong-1\/","url":"https:\/\/metaltale.com\/et\/toode\/tv-kapp-strong-1\/","name":"TV-kapp STRONG 1 - MetalTale.com","isPartOf":{"@id":"https:\/\/metaltale.com\/et\/#website"},"primaryImageOfPage":{"@id":"https:\/\/metaltale.com\/et\/toode\/tv-kapp-strong-1\/#primaryimage"},"image":{"@id":"https:\/\/metaltale.com\/et\/toode\/tv-kapp-strong-1\/#primaryimage"},"thumbnailUrl":"https:\/\/metaltale.com\/wp-content\/uploads\/2023\/11\/televizoriaus-spintele.jpg","datePublished":"2024-01-12T19:12:18+00:00","breadcrumb":{"@id":"https:\/\/metaltale.com\/et\/toode\/tv-kapp-strong-1\/#breadcrumb"},"inLanguage":"et","potentialAction":[{"@type":"ReadAction","target":["https:\/\/metaltale.com\/et\/toode\/tv-kapp-strong-1\/"]}]},{"@type":"ImageObject","inLanguage":"et","@id":"https:\/\/metaltale.com\/et\/toode\/tv-kapp-strong-1\/#primaryimage","url":"https:\/\/metaltale.com\/wp-content\/uploads\/2023\/11\/televizoriaus-spintele.jpg","contentUrl":"https:\/\/metaltale.com\/wp-content\/uploads\/2023\/11\/televizoriaus-spintele.jpg","width":800,"height":800,"caption":"TV spintele"},{"@type":"BreadcrumbList","@id":"https:\/\/metaltale.com\/et\/toode\/tv-kapp-strong-1\/#breadcrumb","itemListElement":[{"@type":"ListItem","position":1,"name":"Home","item":"https:\/\/metaltale.com\/et\/kodu\/"},{"@type":"ListItem","position":2,"name":"Kauplus","item":"https:\/\/metaltale.com\/et\/shop\/"},{"@type":"ListItem","position":3,"name":"TV-kapp STRONG 1"}]},{"@type":"WebSite","@id":"https:\/\/metaltale.com\/et\/#website","url":"https:\/\/metaltale.com\/et\/","name":"Metaltale.com","description":"","potentialAction":[{"@type":"SearchAction","target":{"@type":"EntryPoint","urlTemplate":"https:\/\/metaltale.com\/et\/?s={search_term_string}"},"query-input":{"@type":"PropertyValueSpecification","valueRequired":true,"valueName":"search_term_string"}}],"inLanguage":"et"}]}},"_links":{"self":[{"href":"https:\/\/metaltale.com\/et\/wp-json\/wp\/v2\/product\/134218","targetHints":{"allow":["GET"]}}],"collection":[{"href":"https:\/\/metaltale.com\/et\/wp-json\/wp\/v2\/product"}],"about":[{"href":"https:\/\/metaltale.com\/et\/wp-json\/wp\/v2\/types\/product"}],"replies":[{"embeddable":true,"href":"https:\/\/metaltale.com\/et\/wp-json\/wp\/v2\/comments?post=134218"}],"version-history":[{"count":0,"href":"https:\/\/metaltale.com\/et\/wp-json\/wp\/v2\/product\/134218\/revisions"}],"wp:featuredmedia":[{"embeddable":true,"href":"https:\/\/metaltale.com\/et\/wp-json\/wp\/v2\/media\/119701"}],"wp:attachment":[{"href":"https:\/\/metaltale.com\/et\/wp-json\/wp\/v2\/media?parent=134218"}],"wp:term":[{"taxonomy":"product_brand","embeddable":true,"href":"https:\/\/metaltale.com\/et\/wp-json\/wp\/v2\/product_brand?post=134218"},{"taxonomy":"product_cat","embeddable":true,"href":"https:\/\/metaltale.com\/et\/wp-json\/wp\/v2\/product_cat?post=134218"},{"taxonomy":"product_tag","embeddable":true,"href":"https:\/\/metaltale.com\/et\/wp-json\/wp\/v2\/product_tag?post=134218"}],"curies":[{"name":"wp","href":"https:\/\/api.w.org\/{rel}","templated":true}]}}