{"id":134197,"date":"2024-02-13T15:19:05","date_gmt":"2024-02-13T13:19:05","guid":{"rendered":"https:\/\/metaltale.com\/produktas\/toostuslik-kirjutuslaud-steel-wood-1\/"},"modified":"2024-02-13T15:19:05","modified_gmt":"2024-02-13T13:19:05","slug":"toostuslik-kirjutuslaud-steel-wood-1","status":"publish","type":"product","link":"https:\/\/metaltale.com\/et\/toode\/toostuslik-kirjutuslaud-steel-wood-1\/","title":{"rendered":"T\u00f6\u00f6stuslik kirjutuslaud STEEL WOOD 1"},"content":{"rendered":"<div class=\"prod_data\">\n<p><strong>Mudel<\/strong> ZA.SW.BMET<br \/>\nSteel Wood <strong>kollektsioon<\/strong><br \/>\n<strong>EAN.<\/strong>  5905369912894<br \/>\n<strong>Materjal<\/strong> m\u00e4nnipuit, teras<br \/>\n<strong>\u00dcldine k\u00f5rgus (cm)<\/strong> 79<br \/>\n<strong>\u00dcldine laius (cm)<\/strong> 140<br \/>\n<strong>S\u00fcgavus (cm)<\/strong> 60<br \/>\n<strong>V\u00e4rv<\/strong> teras<br \/>\n<strong>Trimmi<\/strong> laiguline<br \/>\n<strong>Tarne t\u00fc\u00fcp<\/strong> T\u00e4ielikult kokkupandud toode<\/p>\n<p>&#8211; m\u00e4nni ja kvaliteetse terase kombinatsioonist valmistatud <span class=\"hiddenSpellError\">loft-laud<\/span><br \/>\n&#8211; konstruktsioon koosnes kahest omavahel \u00fchendatud kinnisest profiilist, mille ristl\u00f5ige oli <span class=\"hiddenGrammarError\">2&#215;2<\/span> cm.<br \/>\n&#8211; metallkonstruktsioonid ja sahtlifoonid on immutatud l\u00e4bipaistva kihiga<br \/>\n&#8211; ohutus ja kasutusmugavus tagavad k\u00f5ikide ebatasasuste ja keevituspunktide lihvimise<br \/>\n&#8211; k\u00e4sitsi lihvitud m\u00e4nnielemendid s\u00e4ilitavad puidu loodusliku struktuuri<br \/>\n&#8211; M\u00e4nnipuit on kaitstud veeplekkidega, kasutades kastmismeetodit.<br \/>\n&#8211; kuullaagritega sahtlijuhikud suurendavad kasutusmugavust<br \/>\n&#8211; stiilsed <span class=\"hiddenGrammarError\">metallist k\u00e4epidemed<\/span> ees<\/p>\n<hr>\n<p>Funktsionaalne laud on valmistatud stabiilsest teraskonstruktsioonist, millel on puidust pealispind ja sahtlid. Toode on ebatavalise, loft-taolise disainiga. See toob kontorisse v\u00f5i t\u00f6\u00f6ruumi julge, ainulaadse, t\u00f6\u00f6stusliku tooni. Lisaks esteetilisele v\u00e4\u00e4rtusele on m\u00f6\u00f6bel eelk\u00f5ige mugavaks ja avaraks t\u00f6\u00f6kohaks. Laual on kolm ruumikat sahtlit, mis on paigaldatud vaiksetele kuullaagritele. K\u00f5ik olid valmistatud t\u00e4ispuidust, polsterdatud lakitud terasest. M\u00f6\u00f6bli esiosale on lisatud koputusk\u00e4epidemed, et s\u00e4ilitada \u00fchtne stiil. STEEL WOOD loft-laud on h\u00e4davajalik sisseseade igasse t\u00f6\u00f6stuslikus stiilis sisustatud t\u00f6\u00f6kohta ja stuudiosse.<\/p>\n<hr>\n<\/div>\n","protected":false},"excerpt":{"rendered":"<p>Mudel ZA.SW.BMET Steel Wood kollektsioon EAN. 5905369912894 Materjal m\u00e4nnipuit, teras \u00dcldine k\u00f5rgus (cm) 79 \u00dcldine laius (cm) 140 S\u00fcgavus (cm)<\/p>\n","protected":false},"featured_media":119677,"comment_status":"open","ping_status":"closed","template":"","meta":{"_acf_changed":false,"pmpro_default_level":""},"product_brand":[],"product_cat":[24202,24138],"product_tag":[],"class_list":{"0":"post-134197","1":"product","2":"type-product","3":"status-publish","4":"has-post-thumbnail","6":"product_cat-kirjutuslauad","7":"product_cat-toostusmoobel","8":"pmpro-has-access","10":"first","11":"instock","12":"shipping-taxable","13":"purchasable","14":"product-type-simple"},"acf":[],"yoast_head":"<!-- This site is optimized with the Yoast SEO plugin v24.9 - https:\/\/yoast.com\/wordpress\/plugins\/seo\/ -->\n<title>T\u00f6\u00f6stuslik kirjutuslaud STEEL WOOD 1 - MetalTale.com<\/title>\n<meta name=\"robots\" content=\"index, follow, max-snippet:-1, max-image-preview:large, max-video-preview:-1\" \/>\n<link rel=\"canonical\" href=\"https:\/\/metaltale.com\/et\/toode\/toostuslik-kirjutuslaud-steel-wood-1\/\" \/>\n<meta property=\"og:locale\" content=\"et_EE\" \/>\n<meta property=\"og:type\" content=\"article\" \/>\n<meta property=\"og:title\" content=\"T\u00f6\u00f6stuslik kirjutuslaud STEEL WOOD 1 - MetalTale.com\" \/>\n<meta property=\"og:description\" content=\"Mudel ZA.SW.BMET Steel Wood kollektsioon EAN. 5905369912894 Materjal m\u00e4nnipuit, teras \u00dcldine k\u00f5rgus (cm) 79 \u00dcldine laius (cm) 140 S\u00fcgavus (cm)\" \/>\n<meta property=\"og:url\" content=\"https:\/\/metaltale.com\/et\/toode\/toostuslik-kirjutuslaud-steel-wood-1\/\" \/>\n<meta property=\"og:site_name\" content=\"MetalTale.com\" \/>\n<meta name=\"twitter:card\" content=\"summary_large_image\" \/>\n<meta name=\"twitter:label1\" content=\"Est. reading time\" \/>\n\t<meta name=\"twitter:data1\" content=\"1 minut\" \/>\n<script type=\"application\/ld+json\" class=\"yoast-schema-graph\">{\"@context\":\"https:\/\/schema.org\",\"@graph\":[{\"@type\":\"WebPage\",\"@id\":\"https:\/\/metaltale.com\/et\/toode\/toostuslik-kirjutuslaud-steel-wood-1\/\",\"url\":\"https:\/\/metaltale.com\/et\/toode\/toostuslik-kirjutuslaud-steel-wood-1\/\",\"name\":\"T\u00f6\u00f6stuslik kirjutuslaud STEEL WOOD 1 - MetalTale.com\",\"isPartOf\":{\"@id\":\"https:\/\/metaltale.com\/et\/#website\"},\"primaryImageOfPage\":{\"@id\":\"https:\/\/metaltale.com\/et\/toode\/toostuslik-kirjutuslaud-steel-wood-1\/#primaryimage\"},\"image\":{\"@id\":\"https:\/\/metaltale.com\/et\/toode\/toostuslik-kirjutuslaud-steel-wood-1\/#primaryimage\"},\"thumbnailUrl\":\"https:\/\/metaltale.com\/wp-content\/uploads\/2023\/12\/loft-rasomasis-stalas.jpg\",\"datePublished\":\"2024-02-13T13:19:05+00:00\",\"breadcrumb\":{\"@id\":\"https:\/\/metaltale.com\/et\/toode\/toostuslik-kirjutuslaud-steel-wood-1\/#breadcrumb\"},\"inLanguage\":\"et\",\"potentialAction\":[{\"@type\":\"ReadAction\",\"target\":[\"https:\/\/metaltale.com\/et\/toode\/toostuslik-kirjutuslaud-steel-wood-1\/\"]}]},{\"@type\":\"ImageObject\",\"inLanguage\":\"et\",\"@id\":\"https:\/\/metaltale.com\/et\/toode\/toostuslik-kirjutuslaud-steel-wood-1\/#primaryimage\",\"url\":\"https:\/\/metaltale.com\/wp-content\/uploads\/2023\/12\/loft-rasomasis-stalas.jpg\",\"contentUrl\":\"https:\/\/metaltale.com\/wp-content\/uploads\/2023\/12\/loft-rasomasis-stalas.jpg\",\"width\":800,\"height\":800,\"caption\":\"joonistustabel\"},{\"@type\":\"BreadcrumbList\",\"@id\":\"https:\/\/metaltale.com\/et\/toode\/toostuslik-kirjutuslaud-steel-wood-1\/#breadcrumb\",\"itemListElement\":[{\"@type\":\"ListItem\",\"position\":1,\"name\":\"Home\",\"item\":\"https:\/\/metaltale.com\/et\/kodu\/\"},{\"@type\":\"ListItem\",\"position\":2,\"name\":\"Kauplus\",\"item\":\"https:\/\/metaltale.com\/et\/shop\/\"},{\"@type\":\"ListItem\",\"position\":3,\"name\":\"T\u00f6\u00f6stuslik kirjutuslaud STEEL WOOD 1\"}]},{\"@type\":\"WebSite\",\"@id\":\"https:\/\/metaltale.com\/et\/#website\",\"url\":\"https:\/\/metaltale.com\/et\/\",\"name\":\"Metaltale.com\",\"description\":\"\",\"potentialAction\":[{\"@type\":\"SearchAction\",\"target\":{\"@type\":\"EntryPoint\",\"urlTemplate\":\"https:\/\/metaltale.com\/et\/?s={search_term_string}\"},\"query-input\":{\"@type\":\"PropertyValueSpecification\",\"valueRequired\":true,\"valueName\":\"search_term_string\"}}],\"inLanguage\":\"et\"}]}<\/script>\n<!-- \/ Yoast SEO plugin. -->","yoast_head_json":{"title":"T\u00f6\u00f6stuslik kirjutuslaud STEEL WOOD 1 - MetalTale.com","robots":{"index":"index","follow":"follow","max-snippet":"max-snippet:-1","max-image-preview":"max-image-preview:large","max-video-preview":"max-video-preview:-1"},"canonical":"https:\/\/metaltale.com\/et\/toode\/toostuslik-kirjutuslaud-steel-wood-1\/","og_locale":"et_EE","og_type":"article","og_title":"T\u00f6\u00f6stuslik kirjutuslaud STEEL WOOD 1 - MetalTale.com","og_description":"Mudel ZA.SW.BMET Steel Wood kollektsioon EAN. 5905369912894 Materjal m\u00e4nnipuit, teras \u00dcldine k\u00f5rgus (cm) 79 \u00dcldine laius (cm) 140 S\u00fcgavus (cm)","og_url":"https:\/\/metaltale.com\/et\/toode\/toostuslik-kirjutuslaud-steel-wood-1\/","og_site_name":"MetalTale.com","twitter_card":"summary_large_image","twitter_misc":{"Est. reading time":"1 minut"},"schema":{"@context":"https:\/\/schema.org","@graph":[{"@type":"WebPage","@id":"https:\/\/metaltale.com\/et\/toode\/toostuslik-kirjutuslaud-steel-wood-1\/","url":"https:\/\/metaltale.com\/et\/toode\/toostuslik-kirjutuslaud-steel-wood-1\/","name":"T\u00f6\u00f6stuslik kirjutuslaud STEEL WOOD 1 - MetalTale.com","isPartOf":{"@id":"https:\/\/metaltale.com\/et\/#website"},"primaryImageOfPage":{"@id":"https:\/\/metaltale.com\/et\/toode\/toostuslik-kirjutuslaud-steel-wood-1\/#primaryimage"},"image":{"@id":"https:\/\/metaltale.com\/et\/toode\/toostuslik-kirjutuslaud-steel-wood-1\/#primaryimage"},"thumbnailUrl":"https:\/\/metaltale.com\/wp-content\/uploads\/2023\/12\/loft-rasomasis-stalas.jpg","datePublished":"2024-02-13T13:19:05+00:00","breadcrumb":{"@id":"https:\/\/metaltale.com\/et\/toode\/toostuslik-kirjutuslaud-steel-wood-1\/#breadcrumb"},"inLanguage":"et","potentialAction":[{"@type":"ReadAction","target":["https:\/\/metaltale.com\/et\/toode\/toostuslik-kirjutuslaud-steel-wood-1\/"]}]},{"@type":"ImageObject","inLanguage":"et","@id":"https:\/\/metaltale.com\/et\/toode\/toostuslik-kirjutuslaud-steel-wood-1\/#primaryimage","url":"https:\/\/metaltale.com\/wp-content\/uploads\/2023\/12\/loft-rasomasis-stalas.jpg","contentUrl":"https:\/\/metaltale.com\/wp-content\/uploads\/2023\/12\/loft-rasomasis-stalas.jpg","width":800,"height":800,"caption":"joonistustabel"},{"@type":"BreadcrumbList","@id":"https:\/\/metaltale.com\/et\/toode\/toostuslik-kirjutuslaud-steel-wood-1\/#breadcrumb","itemListElement":[{"@type":"ListItem","position":1,"name":"Home","item":"https:\/\/metaltale.com\/et\/kodu\/"},{"@type":"ListItem","position":2,"name":"Kauplus","item":"https:\/\/metaltale.com\/et\/shop\/"},{"@type":"ListItem","position":3,"name":"T\u00f6\u00f6stuslik kirjutuslaud STEEL WOOD 1"}]},{"@type":"WebSite","@id":"https:\/\/metaltale.com\/et\/#website","url":"https:\/\/metaltale.com\/et\/","name":"Metaltale.com","description":"","potentialAction":[{"@type":"SearchAction","target":{"@type":"EntryPoint","urlTemplate":"https:\/\/metaltale.com\/et\/?s={search_term_string}"},"query-input":{"@type":"PropertyValueSpecification","valueRequired":true,"valueName":"search_term_string"}}],"inLanguage":"et"}]}},"_links":{"self":[{"href":"https:\/\/metaltale.com\/et\/wp-json\/wp\/v2\/product\/134197","targetHints":{"allow":["GET"]}}],"collection":[{"href":"https:\/\/metaltale.com\/et\/wp-json\/wp\/v2\/product"}],"about":[{"href":"https:\/\/metaltale.com\/et\/wp-json\/wp\/v2\/types\/product"}],"replies":[{"embeddable":true,"href":"https:\/\/metaltale.com\/et\/wp-json\/wp\/v2\/comments?post=134197"}],"version-history":[{"count":0,"href":"https:\/\/metaltale.com\/et\/wp-json\/wp\/v2\/product\/134197\/revisions"}],"wp:featuredmedia":[{"embeddable":true,"href":"https:\/\/metaltale.com\/et\/wp-json\/wp\/v2\/media\/119677"}],"wp:attachment":[{"href":"https:\/\/metaltale.com\/et\/wp-json\/wp\/v2\/media?parent=134197"}],"wp:term":[{"taxonomy":"product_brand","embeddable":true,"href":"https:\/\/metaltale.com\/et\/wp-json\/wp\/v2\/product_brand?post=134197"},{"taxonomy":"product_cat","embeddable":true,"href":"https:\/\/metaltale.com\/et\/wp-json\/wp\/v2\/product_cat?post=134197"},{"taxonomy":"product_tag","embeddable":true,"href":"https:\/\/metaltale.com\/et\/wp-json\/wp\/v2\/product_tag?post=134197"}],"curies":[{"name":"wp","href":"https:\/\/api.w.org\/{rel}","templated":true}]}}