{"id":134192,"date":"2024-02-13T15:17:46","date_gmt":"2024-02-13T13:17:46","guid":{"rendered":"https:\/\/metaltale.com\/produktas\/puidust-lauajalg-prosta-oak-71x8cm-viimistlemata\/"},"modified":"2024-02-13T15:17:46","modified_gmt":"2024-02-13T13:17:46","slug":"puidust-lauajalg-prosta-oak-71x8cm-viimistlemata","status":"publish","type":"product","link":"https:\/\/metaltale.com\/et\/toode\/puidust-lauajalg-prosta-oak-71x8cm-viimistlemata\/","title":{"rendered":"Puidust lauajalg PROSTA OAK 71x8cm, viimistlemata."},"content":{"rendered":"<div class=\"prod_data\">\n<p><strong>Mudel<\/strong> WM. D.N01. PRGR<br \/>\nMaterjal Tammepuit<br \/>\n<strong>Paksus (cm<\/strong> ) Crusel 8X8<br \/>\n\u00dcldine k\u00f5rgus (cm) 71<br \/>\nPaigalduskruvid Ei<br \/>\n<strong>V\u00e4rv<\/strong> Puit &#8211; t\u00f6\u00f6tlemata<br \/>\nKogus komplekti kohta 1 tk.<\/p>\n<p>&#8211; Massiivne tammepuust lauajalg annab lauaplaadile tugeva toe.<br \/>\n&#8211; jalas on loodusliku tooraine t\u00fc\u00fcpilised s\u00f5lmed, praod ja v\u00e4rvimuutused, mis teeb iga mudeli ainulaadseks ja eriliseks.<br \/>\n&#8211; lihtne, kuid stabiilne \u00fche jalaga disain sobib populaarsete sisustustrendidega<br \/>\n&#8211; \u00dcksikute m\u00f6\u00f6blijalgade eeliseks on vabadus valida paigalduskoht t\u00f6\u00f6pinnal.<br \/>\n&#8211; jalgade k\u00fclge kinnitatud kinnitusplaadid<\/p>\n<hr>\n<p>PROSTE puidust laudade jalad on lihtsuse ja klassikalise stiili kvintessents. Jalad on valmistatud tammepuidust, mis muudab need vastupidavaks ja tugevaks, samas kui n\u00e4htavad oksad ja praod ainult lisavad nende erip\u00e4ra. Jalgade paigaldamiseks on kaasas montaa\u017eiplaadid, mis v\u00f5imaldab kiiresti ja t\u00f5husalt luua laua, mida saate ise valmistada. K\u00e4sitsi valmistatud laud on sellise m\u00f6\u00f6bli austajatele t\u00f5eline p\u00fcha ja samal ajal on see meie elutoa, k\u00f6\u00f6gi v\u00f5i s\u00f6\u00f6gitoa ilusaks kaunistuseks. Teine eelis t\u00f6\u00f6tlemata jala puhul on see, et puidu immutusv\u00e4rvi saab sobitada juba kohapeal loodud olemasolevate sisekujunduselementidega.<\/p>\n<hr>\n<p>*Pakkumine kehtib ainult puidust jala kohta ja ei sisalda lauaplaati.<\/p>\n<\/div>\n","protected":false},"excerpt":{"rendered":"<p>Mudel WM. D.N01. PRGR Materjal Tammepuit Paksus (cm ) Crusel 8X8 \u00dcldine k\u00f5rgus (cm) 71 Paigalduskruvid Ei V\u00e4rv Puit &#8211;<\/p>\n","protected":false},"featured_media":114039,"comment_status":"open","ping_status":"closed","template":"","meta":{"_acf_changed":false,"pmpro_default_level":""},"product_brand":[],"product_cat":[24137,23915],"product_tag":[],"class_list":{"0":"post-134192","1":"product","2":"type-product","3":"status-publish","4":"has-post-thumbnail","6":"product_cat-moobli-jalad","7":"product_cat-stalo-kojos-et","8":"pmpro-has-access","10":"first","11":"instock","12":"shipping-taxable","13":"purchasable","14":"product-type-simple"},"acf":[],"yoast_head":"<!-- This site is optimized with the Yoast SEO plugin v24.9 - https:\/\/yoast.com\/wordpress\/plugins\/seo\/ -->\n<title>Puidust lauajalg PROSTA OAK 71x8cm, viimistlemata. - MetalTale.com<\/title>\n<meta name=\"robots\" content=\"index, follow, max-snippet:-1, max-image-preview:large, max-video-preview:-1\" \/>\n<link rel=\"canonical\" href=\"https:\/\/metaltale.com\/et\/toode\/puidust-lauajalg-prosta-oak-71x8cm-viimistlemata\/\" \/>\n<meta property=\"og:locale\" content=\"et_EE\" \/>\n<meta property=\"og:type\" content=\"article\" \/>\n<meta property=\"og:title\" content=\"Puidust lauajalg PROSTA OAK 71x8cm, viimistlemata. - MetalTale.com\" \/>\n<meta property=\"og:description\" content=\"Mudel WM. D.N01. PRGR Materjal Tammepuit Paksus (cm ) Crusel 8X8 \u00dcldine k\u00f5rgus (cm) 71 Paigalduskruvid Ei V\u00e4rv Puit &#8211;\" \/>\n<meta property=\"og:url\" content=\"https:\/\/metaltale.com\/et\/toode\/puidust-lauajalg-prosta-oak-71x8cm-viimistlemata\/\" \/>\n<meta property=\"og:site_name\" content=\"MetalTale.com\" \/>\n<meta property=\"og:image\" content=\"https:\/\/metaltale.com\/wp-content\/uploads\/2023\/11\/TIESI-KOJA-71x8cm-x104x17DUOLO-NATx16ARALUS-ALIEJUS.jpg\" \/>\n\t<meta property=\"og:image:width\" content=\"800\" \/>\n\t<meta property=\"og:image:height\" content=\"800\" \/>\n\t<meta property=\"og:image:type\" content=\"image\/jpeg\" \/>\n<meta name=\"twitter:card\" content=\"summary_large_image\" \/>\n<meta name=\"twitter:label1\" content=\"Est. reading time\" \/>\n\t<meta name=\"twitter:data1\" content=\"1 minut\" \/>\n<script type=\"application\/ld+json\" class=\"yoast-schema-graph\">{\"@context\":\"https:\/\/schema.org\",\"@graph\":[{\"@type\":\"WebPage\",\"@id\":\"https:\/\/metaltale.com\/et\/toode\/puidust-lauajalg-prosta-oak-71x8cm-viimistlemata\/\",\"url\":\"https:\/\/metaltale.com\/et\/toode\/puidust-lauajalg-prosta-oak-71x8cm-viimistlemata\/\",\"name\":\"Puidust lauajalg PROSTA OAK 71x8cm, viimistlemata. - MetalTale.com\",\"isPartOf\":{\"@id\":\"https:\/\/metaltale.com\/et\/#website\"},\"primaryImageOfPage\":{\"@id\":\"https:\/\/metaltale.com\/et\/toode\/puidust-lauajalg-prosta-oak-71x8cm-viimistlemata\/#primaryimage\"},\"image\":{\"@id\":\"https:\/\/metaltale.com\/et\/toode\/puidust-lauajalg-prosta-oak-71x8cm-viimistlemata\/#primaryimage\"},\"thumbnailUrl\":\"https:\/\/metaltale.com\/wp-content\/uploads\/2023\/11\/TIESI-KOJA-71x8cm-x104x17DUOLO-NATx16ARALUS-ALIEJUS.jpg\",\"datePublished\":\"2024-02-13T13:17:46+00:00\",\"breadcrumb\":{\"@id\":\"https:\/\/metaltale.com\/et\/toode\/puidust-lauajalg-prosta-oak-71x8cm-viimistlemata\/#breadcrumb\"},\"inLanguage\":\"et\",\"potentialAction\":[{\"@type\":\"ReadAction\",\"target\":[\"https:\/\/metaltale.com\/et\/toode\/puidust-lauajalg-prosta-oak-71x8cm-viimistlemata\/\"]}]},{\"@type\":\"ImageObject\",\"inLanguage\":\"et\",\"@id\":\"https:\/\/metaltale.com\/et\/toode\/puidust-lauajalg-prosta-oak-71x8cm-viimistlemata\/#primaryimage\",\"url\":\"https:\/\/metaltale.com\/wp-content\/uploads\/2023\/11\/TIESI-KOJA-71x8cm-x104x17DUOLO-NATx16ARALUS-ALIEJUS.jpg\",\"contentUrl\":\"https:\/\/metaltale.com\/wp-content\/uploads\/2023\/11\/TIESI-KOJA-71x8cm-x104x17DUOLO-NATx16ARALUS-ALIEJUS.jpg\",\"width\":800,\"height\":800,\"caption\":\"Puidust lauajalg\"},{\"@type\":\"BreadcrumbList\",\"@id\":\"https:\/\/metaltale.com\/et\/toode\/puidust-lauajalg-prosta-oak-71x8cm-viimistlemata\/#breadcrumb\",\"itemListElement\":[{\"@type\":\"ListItem\",\"position\":1,\"name\":\"Home\",\"item\":\"https:\/\/metaltale.com\/et\/kodu\/\"},{\"@type\":\"ListItem\",\"position\":2,\"name\":\"Kauplus\",\"item\":\"https:\/\/metaltale.com\/et\/shop\/\"},{\"@type\":\"ListItem\",\"position\":3,\"name\":\"Puidust lauajalg PROSTA OAK 71x8cm, viimistlemata.\"}]},{\"@type\":\"WebSite\",\"@id\":\"https:\/\/metaltale.com\/et\/#website\",\"url\":\"https:\/\/metaltale.com\/et\/\",\"name\":\"Metaltale.com\",\"description\":\"\",\"potentialAction\":[{\"@type\":\"SearchAction\",\"target\":{\"@type\":\"EntryPoint\",\"urlTemplate\":\"https:\/\/metaltale.com\/et\/?s={search_term_string}\"},\"query-input\":{\"@type\":\"PropertyValueSpecification\",\"valueRequired\":true,\"valueName\":\"search_term_string\"}}],\"inLanguage\":\"et\"}]}<\/script>\n<!-- \/ Yoast SEO plugin. -->","yoast_head_json":{"title":"Puidust lauajalg PROSTA OAK 71x8cm, viimistlemata. - MetalTale.com","robots":{"index":"index","follow":"follow","max-snippet":"max-snippet:-1","max-image-preview":"max-image-preview:large","max-video-preview":"max-video-preview:-1"},"canonical":"https:\/\/metaltale.com\/et\/toode\/puidust-lauajalg-prosta-oak-71x8cm-viimistlemata\/","og_locale":"et_EE","og_type":"article","og_title":"Puidust lauajalg PROSTA OAK 71x8cm, viimistlemata. - MetalTale.com","og_description":"Mudel WM. D.N01. PRGR Materjal Tammepuit Paksus (cm ) Crusel 8X8 \u00dcldine k\u00f5rgus (cm) 71 Paigalduskruvid Ei V\u00e4rv Puit &#8211;","og_url":"https:\/\/metaltale.com\/et\/toode\/puidust-lauajalg-prosta-oak-71x8cm-viimistlemata\/","og_site_name":"MetalTale.com","og_image":[{"width":800,"height":800,"url":"https:\/\/metaltale.com\/wp-content\/uploads\/2023\/11\/TIESI-KOJA-71x8cm-x104x17DUOLO-NATx16ARALUS-ALIEJUS.jpg","type":"image\/jpeg"}],"twitter_card":"summary_large_image","twitter_misc":{"Est. reading time":"1 minut"},"schema":{"@context":"https:\/\/schema.org","@graph":[{"@type":"WebPage","@id":"https:\/\/metaltale.com\/et\/toode\/puidust-lauajalg-prosta-oak-71x8cm-viimistlemata\/","url":"https:\/\/metaltale.com\/et\/toode\/puidust-lauajalg-prosta-oak-71x8cm-viimistlemata\/","name":"Puidust lauajalg PROSTA OAK 71x8cm, viimistlemata. - MetalTale.com","isPartOf":{"@id":"https:\/\/metaltale.com\/et\/#website"},"primaryImageOfPage":{"@id":"https:\/\/metaltale.com\/et\/toode\/puidust-lauajalg-prosta-oak-71x8cm-viimistlemata\/#primaryimage"},"image":{"@id":"https:\/\/metaltale.com\/et\/toode\/puidust-lauajalg-prosta-oak-71x8cm-viimistlemata\/#primaryimage"},"thumbnailUrl":"https:\/\/metaltale.com\/wp-content\/uploads\/2023\/11\/TIESI-KOJA-71x8cm-x104x17DUOLO-NATx16ARALUS-ALIEJUS.jpg","datePublished":"2024-02-13T13:17:46+00:00","breadcrumb":{"@id":"https:\/\/metaltale.com\/et\/toode\/puidust-lauajalg-prosta-oak-71x8cm-viimistlemata\/#breadcrumb"},"inLanguage":"et","potentialAction":[{"@type":"ReadAction","target":["https:\/\/metaltale.com\/et\/toode\/puidust-lauajalg-prosta-oak-71x8cm-viimistlemata\/"]}]},{"@type":"ImageObject","inLanguage":"et","@id":"https:\/\/metaltale.com\/et\/toode\/puidust-lauajalg-prosta-oak-71x8cm-viimistlemata\/#primaryimage","url":"https:\/\/metaltale.com\/wp-content\/uploads\/2023\/11\/TIESI-KOJA-71x8cm-x104x17DUOLO-NATx16ARALUS-ALIEJUS.jpg","contentUrl":"https:\/\/metaltale.com\/wp-content\/uploads\/2023\/11\/TIESI-KOJA-71x8cm-x104x17DUOLO-NATx16ARALUS-ALIEJUS.jpg","width":800,"height":800,"caption":"Puidust lauajalg"},{"@type":"BreadcrumbList","@id":"https:\/\/metaltale.com\/et\/toode\/puidust-lauajalg-prosta-oak-71x8cm-viimistlemata\/#breadcrumb","itemListElement":[{"@type":"ListItem","position":1,"name":"Home","item":"https:\/\/metaltale.com\/et\/kodu\/"},{"@type":"ListItem","position":2,"name":"Kauplus","item":"https:\/\/metaltale.com\/et\/shop\/"},{"@type":"ListItem","position":3,"name":"Puidust lauajalg PROSTA OAK 71x8cm, viimistlemata."}]},{"@type":"WebSite","@id":"https:\/\/metaltale.com\/et\/#website","url":"https:\/\/metaltale.com\/et\/","name":"Metaltale.com","description":"","potentialAction":[{"@type":"SearchAction","target":{"@type":"EntryPoint","urlTemplate":"https:\/\/metaltale.com\/et\/?s={search_term_string}"},"query-input":{"@type":"PropertyValueSpecification","valueRequired":true,"valueName":"search_term_string"}}],"inLanguage":"et"}]}},"_links":{"self":[{"href":"https:\/\/metaltale.com\/et\/wp-json\/wp\/v2\/product\/134192","targetHints":{"allow":["GET"]}}],"collection":[{"href":"https:\/\/metaltale.com\/et\/wp-json\/wp\/v2\/product"}],"about":[{"href":"https:\/\/metaltale.com\/et\/wp-json\/wp\/v2\/types\/product"}],"replies":[{"embeddable":true,"href":"https:\/\/metaltale.com\/et\/wp-json\/wp\/v2\/comments?post=134192"}],"version-history":[{"count":0,"href":"https:\/\/metaltale.com\/et\/wp-json\/wp\/v2\/product\/134192\/revisions"}],"wp:featuredmedia":[{"embeddable":true,"href":"https:\/\/metaltale.com\/et\/wp-json\/wp\/v2\/media\/114039"}],"wp:attachment":[{"href":"https:\/\/metaltale.com\/et\/wp-json\/wp\/v2\/media?parent=134192"}],"wp:term":[{"taxonomy":"product_brand","embeddable":true,"href":"https:\/\/metaltale.com\/et\/wp-json\/wp\/v2\/product_brand?post=134192"},{"taxonomy":"product_cat","embeddable":true,"href":"https:\/\/metaltale.com\/et\/wp-json\/wp\/v2\/product_cat?post=134192"},{"taxonomy":"product_tag","embeddable":true,"href":"https:\/\/metaltale.com\/et\/wp-json\/wp\/v2\/product_tag?post=134192"}],"curies":[{"name":"wp","href":"https:\/\/api.w.org\/{rel}","templated":true}]}}