{"id":134184,"date":"2024-02-13T14:29:51","date_gmt":"2024-02-13T12:29:51","guid":{"rendered":"https:\/\/metaltale.com\/produktas\/3d-metallist-seinakaunistus-loft-band-123x58-cm\/"},"modified":"2024-02-13T14:29:51","modified_gmt":"2024-02-13T12:29:51","slug":"3d-metallist-seinakaunistus-loft-band-123x58-cm","status":"publish","type":"product","link":"https:\/\/metaltale.com\/et\/toode\/3d-metallist-seinakaunistus-loft-band-123x58-cm\/","title":{"rendered":"3D metallist seinakaunistus LOFT BAND 123&#215;58 cm"},"content":{"rendered":"<div class=\"prod_data\">\n<p><strong>Mudel<\/strong> PT. A20015<br \/>\n<strong>EAN.<\/strong>  5907772073483<br \/>\n<strong>Laius (cm)<\/strong> 123<br \/>\n<strong>K\u00f5rgus (cm)<\/strong> 58<br \/>\n<strong>Paksus (cm)<\/strong> 5<br \/>\n<strong>Materjal<\/strong> teras<br \/>\nOrienteerimine Horisontaalne<br \/>\nMotiiv Muu<\/p>\n<p>&#8211; 3D metallist seinakattematerjal taaskasutatud terasest<br \/>\n&#8211; tegelikud v\u00e4ljaulatuvad osad<br \/>\n&#8211; terase ja kulla kontrastne kombinatsioon on koosk\u00f5las paljude populaarsete suundumustega<br \/>\n&#8211; ebatavaline, kuid ajatu seinaviimistlus<br \/>\n&#8211; impregneerimine l\u00e4bipaistva lakiga tagab v\u00e4rvi s\u00e4ilimise ja kriimustuskindluse.<br \/>\n&#8211; plaadi viimistlus<\/p>\n<hr>\n<p>Ringlussev\u00f5etud metallist seinakattematerjalid t\u00f6\u00f6tlemata, t\u00f6\u00f6stuslikul kujul &#8211; see ongi kontserni eesm\u00e4rk. Vabalt t\u00f5lgendatav elutoa ja magamistoa loft-dekoratsioon on moodne kunstivorm. Kulla ja h\u00f5beda kontrastne kombinatsioon on p\u00fcsivalt populaarne ja vastab paljudele sisustustrendidele. Kolmem\u00f5\u00f5tmelisel viimistlusel on mitmek\u00fclgne ja ajatu iseloom ning selle stiili saab luua taustaga, millele see riputatakse. Pinnal n\u00e4htavate kriimustuste m\u00f5ju lisab samuti selle ainulaadsust. Riba on suures m\u00f5\u00f5dus viimistletud, mis muudab selle suurep\u00e4raseks avarates interj\u00f6\u00f6rides, kuid kerge kuju ei r\u00f5hu v\u00e4iksemaid ruume. 3D terasviimistlus on originaalne kingitus, mis on erakordne alternatiiv klassikalistele maalidele ja plakatitele. Kinnitusklambrid on praktiliselt n\u00e4htamatud ja tagavad usaldusv\u00e4\u00e4rse kinnituse.<\/p>\n<\/div>\n","protected":false},"excerpt":{"rendered":"<p>Mudel PT. A20015 EAN. 5907772073483 Laius (cm) 123 K\u00f5rgus (cm) 58 Paksus (cm) 5 Materjal teras Orienteerimine Horisontaalne Motiiv Muu<\/p>\n","protected":false},"featured_media":101832,"comment_status":"open","ping_status":"closed","template":"","meta":{"_acf_changed":false,"pmpro_default_level":""},"product_brand":[],"product_cat":[23913,23895],"product_tag":[],"class_list":{"0":"post-134184","1":"product","2":"type-product","3":"status-publish","4":"has-post-thumbnail","6":"product_cat-3d-paveikslai-et","7":"product_cat-kaunistused","8":"pmpro-has-access","10":"first","11":"instock","12":"shipping-taxable","13":"purchasable","14":"product-type-simple"},"acf":[],"yoast_head":"<!-- This site is optimized with the Yoast SEO plugin v24.9 - https:\/\/yoast.com\/wordpress\/plugins\/seo\/ -->\n<title>3D metallist seinakaunistus LOFT BAND 123x58 cm - MetalTale.com<\/title>\n<meta name=\"robots\" content=\"index, follow, max-snippet:-1, max-image-preview:large, max-video-preview:-1\" \/>\n<link rel=\"canonical\" href=\"https:\/\/metaltale.com\/et\/toode\/3d-metallist-seinakaunistus-loft-band-123x58-cm\/\" \/>\n<meta property=\"og:locale\" content=\"et_EE\" \/>\n<meta property=\"og:type\" content=\"article\" \/>\n<meta property=\"og:title\" content=\"3D metallist seinakaunistus LOFT BAND 123x58 cm - MetalTale.com\" \/>\n<meta property=\"og:description\" content=\"Mudel PT. A20015 EAN. 5907772073483 Laius (cm) 123 K\u00f5rgus (cm) 58 Paksus (cm) 5 Materjal teras Orienteerimine Horisontaalne Motiiv Muu\" \/>\n<meta property=\"og:url\" content=\"https:\/\/metaltale.com\/et\/toode\/3d-metallist-seinakaunistus-loft-band-123x58-cm\/\" \/>\n<meta property=\"og:site_name\" content=\"MetalTale.com\" \/>\n<meta name=\"twitter:card\" content=\"summary_large_image\" \/>\n<meta name=\"twitter:label1\" content=\"Est. reading time\" \/>\n\t<meta name=\"twitter:data1\" content=\"1 minut\" \/>\n<script type=\"application\/ld+json\" class=\"yoast-schema-graph\">{\"@context\":\"https:\/\/schema.org\",\"@graph\":[{\"@type\":\"WebPage\",\"@id\":\"https:\/\/metaltale.com\/et\/toode\/3d-metallist-seinakaunistus-loft-band-123x58-cm\/\",\"url\":\"https:\/\/metaltale.com\/et\/toode\/3d-metallist-seinakaunistus-loft-band-123x58-cm\/\",\"name\":\"3D metallist seinakaunistus LOFT BAND 123x58 cm - MetalTale.com\",\"isPartOf\":{\"@id\":\"https:\/\/metaltale.com\/et\/#website\"},\"primaryImageOfPage\":{\"@id\":\"https:\/\/metaltale.com\/et\/toode\/3d-metallist-seinakaunistus-loft-band-123x58-cm\/#primaryimage\"},\"image\":{\"@id\":\"https:\/\/metaltale.com\/et\/toode\/3d-metallist-seinakaunistus-loft-band-123x58-cm\/#primaryimage\"},\"thumbnailUrl\":\"https:\/\/metaltale.com\/wp-content\/uploads\/2023\/11\/3D-LOFT-BAND-sienx173-apdaila.jpg\",\"datePublished\":\"2024-02-13T12:29:51+00:00\",\"breadcrumb\":{\"@id\":\"https:\/\/metaltale.com\/et\/toode\/3d-metallist-seinakaunistus-loft-band-123x58-cm\/#breadcrumb\"},\"inLanguage\":\"et\",\"potentialAction\":[{\"@type\":\"ReadAction\",\"target\":[\"https:\/\/metaltale.com\/et\/toode\/3d-metallist-seinakaunistus-loft-band-123x58-cm\/\"]}]},{\"@type\":\"ImageObject\",\"inLanguage\":\"et\",\"@id\":\"https:\/\/metaltale.com\/et\/toode\/3d-metallist-seinakaunistus-loft-band-123x58-cm\/#primaryimage\",\"url\":\"https:\/\/metaltale.com\/wp-content\/uploads\/2023\/11\/3D-LOFT-BAND-sienx173-apdaila.jpg\",\"contentUrl\":\"https:\/\/metaltale.com\/wp-content\/uploads\/2023\/11\/3D-LOFT-BAND-sienx173-apdaila.jpg\",\"width\":800,\"height\":800},{\"@type\":\"BreadcrumbList\",\"@id\":\"https:\/\/metaltale.com\/et\/toode\/3d-metallist-seinakaunistus-loft-band-123x58-cm\/#breadcrumb\",\"itemListElement\":[{\"@type\":\"ListItem\",\"position\":1,\"name\":\"Home\",\"item\":\"https:\/\/metaltale.com\/et\/kodu\/\"},{\"@type\":\"ListItem\",\"position\":2,\"name\":\"Kauplus\",\"item\":\"https:\/\/metaltale.com\/et\/shop\/\"},{\"@type\":\"ListItem\",\"position\":3,\"name\":\"3D metallist seinakaunistus LOFT BAND 123&#215;58 cm\"}]},{\"@type\":\"WebSite\",\"@id\":\"https:\/\/metaltale.com\/et\/#website\",\"url\":\"https:\/\/metaltale.com\/et\/\",\"name\":\"Metaltale.com\",\"description\":\"\",\"potentialAction\":[{\"@type\":\"SearchAction\",\"target\":{\"@type\":\"EntryPoint\",\"urlTemplate\":\"https:\/\/metaltale.com\/et\/?s={search_term_string}\"},\"query-input\":{\"@type\":\"PropertyValueSpecification\",\"valueRequired\":true,\"valueName\":\"search_term_string\"}}],\"inLanguage\":\"et\"}]}<\/script>\n<!-- \/ Yoast SEO plugin. -->","yoast_head_json":{"title":"3D metallist seinakaunistus LOFT BAND 123x58 cm - MetalTale.com","robots":{"index":"index","follow":"follow","max-snippet":"max-snippet:-1","max-image-preview":"max-image-preview:large","max-video-preview":"max-video-preview:-1"},"canonical":"https:\/\/metaltale.com\/et\/toode\/3d-metallist-seinakaunistus-loft-band-123x58-cm\/","og_locale":"et_EE","og_type":"article","og_title":"3D metallist seinakaunistus LOFT BAND 123x58 cm - MetalTale.com","og_description":"Mudel PT. A20015 EAN. 5907772073483 Laius (cm) 123 K\u00f5rgus (cm) 58 Paksus (cm) 5 Materjal teras Orienteerimine Horisontaalne Motiiv Muu","og_url":"https:\/\/metaltale.com\/et\/toode\/3d-metallist-seinakaunistus-loft-band-123x58-cm\/","og_site_name":"MetalTale.com","twitter_card":"summary_large_image","twitter_misc":{"Est. reading time":"1 minut"},"schema":{"@context":"https:\/\/schema.org","@graph":[{"@type":"WebPage","@id":"https:\/\/metaltale.com\/et\/toode\/3d-metallist-seinakaunistus-loft-band-123x58-cm\/","url":"https:\/\/metaltale.com\/et\/toode\/3d-metallist-seinakaunistus-loft-band-123x58-cm\/","name":"3D metallist seinakaunistus LOFT BAND 123x58 cm - MetalTale.com","isPartOf":{"@id":"https:\/\/metaltale.com\/et\/#website"},"primaryImageOfPage":{"@id":"https:\/\/metaltale.com\/et\/toode\/3d-metallist-seinakaunistus-loft-band-123x58-cm\/#primaryimage"},"image":{"@id":"https:\/\/metaltale.com\/et\/toode\/3d-metallist-seinakaunistus-loft-band-123x58-cm\/#primaryimage"},"thumbnailUrl":"https:\/\/metaltale.com\/wp-content\/uploads\/2023\/11\/3D-LOFT-BAND-sienx173-apdaila.jpg","datePublished":"2024-02-13T12:29:51+00:00","breadcrumb":{"@id":"https:\/\/metaltale.com\/et\/toode\/3d-metallist-seinakaunistus-loft-band-123x58-cm\/#breadcrumb"},"inLanguage":"et","potentialAction":[{"@type":"ReadAction","target":["https:\/\/metaltale.com\/et\/toode\/3d-metallist-seinakaunistus-loft-band-123x58-cm\/"]}]},{"@type":"ImageObject","inLanguage":"et","@id":"https:\/\/metaltale.com\/et\/toode\/3d-metallist-seinakaunistus-loft-band-123x58-cm\/#primaryimage","url":"https:\/\/metaltale.com\/wp-content\/uploads\/2023\/11\/3D-LOFT-BAND-sienx173-apdaila.jpg","contentUrl":"https:\/\/metaltale.com\/wp-content\/uploads\/2023\/11\/3D-LOFT-BAND-sienx173-apdaila.jpg","width":800,"height":800},{"@type":"BreadcrumbList","@id":"https:\/\/metaltale.com\/et\/toode\/3d-metallist-seinakaunistus-loft-band-123x58-cm\/#breadcrumb","itemListElement":[{"@type":"ListItem","position":1,"name":"Home","item":"https:\/\/metaltale.com\/et\/kodu\/"},{"@type":"ListItem","position":2,"name":"Kauplus","item":"https:\/\/metaltale.com\/et\/shop\/"},{"@type":"ListItem","position":3,"name":"3D metallist seinakaunistus LOFT BAND 123&#215;58 cm"}]},{"@type":"WebSite","@id":"https:\/\/metaltale.com\/et\/#website","url":"https:\/\/metaltale.com\/et\/","name":"Metaltale.com","description":"","potentialAction":[{"@type":"SearchAction","target":{"@type":"EntryPoint","urlTemplate":"https:\/\/metaltale.com\/et\/?s={search_term_string}"},"query-input":{"@type":"PropertyValueSpecification","valueRequired":true,"valueName":"search_term_string"}}],"inLanguage":"et"}]}},"_links":{"self":[{"href":"https:\/\/metaltale.com\/et\/wp-json\/wp\/v2\/product\/134184","targetHints":{"allow":["GET"]}}],"collection":[{"href":"https:\/\/metaltale.com\/et\/wp-json\/wp\/v2\/product"}],"about":[{"href":"https:\/\/metaltale.com\/et\/wp-json\/wp\/v2\/types\/product"}],"replies":[{"embeddable":true,"href":"https:\/\/metaltale.com\/et\/wp-json\/wp\/v2\/comments?post=134184"}],"version-history":[{"count":0,"href":"https:\/\/metaltale.com\/et\/wp-json\/wp\/v2\/product\/134184\/revisions"}],"wp:featuredmedia":[{"embeddable":true,"href":"https:\/\/metaltale.com\/et\/wp-json\/wp\/v2\/media\/101832"}],"wp:attachment":[{"href":"https:\/\/metaltale.com\/et\/wp-json\/wp\/v2\/media?parent=134184"}],"wp:term":[{"taxonomy":"product_brand","embeddable":true,"href":"https:\/\/metaltale.com\/et\/wp-json\/wp\/v2\/product_brand?post=134184"},{"taxonomy":"product_cat","embeddable":true,"href":"https:\/\/metaltale.com\/et\/wp-json\/wp\/v2\/product_cat?post=134184"},{"taxonomy":"product_tag","embeddable":true,"href":"https:\/\/metaltale.com\/et\/wp-json\/wp\/v2\/product_tag?post=134184"}],"curies":[{"name":"wp","href":"https:\/\/api.w.org\/{rel}","templated":true}]}}