{"id":134182,"date":"2024-02-13T14:29:51","date_gmt":"2024-02-13T12:29:51","guid":{"rendered":"https:\/\/metaltale.com\/produktas\/3d-metallist-seinakaunistus-loft-fish-174x51-cm\/"},"modified":"2024-02-13T14:29:51","modified_gmt":"2024-02-13T12:29:51","slug":"3d-metallist-seinakaunistus-loft-fish-174x51-cm","status":"publish","type":"product","link":"https:\/\/metaltale.com\/et\/toode\/3d-metallist-seinakaunistus-loft-fish-174x51-cm\/","title":{"rendered":"3D metallist seinakaunistus LOFT FISH 174&#215;51 cm"},"content":{"rendered":"<div class=\"prod_data\">\n<p><strong>Mudel<\/strong> PT. L21623<br \/>\n<strong>EAN.<\/strong>  5907772073858<br \/>\n<strong>Laius (cm)<\/strong> 174<br \/>\nK\u00f5rgus (cm) 51<br \/>\n<strong>Paksus (cm)<\/strong> 3<br \/>\nOrienteerimine Horisontaalne<br \/>\nMotiiv Loomad<\/p>\n<p>&#8211; 3D metallist seinakattematerjal taaskasutatud terasest<br \/>\n&#8211; tegelikud v\u00e4ljaulatuvad osad<br \/>\n&#8211; vaoshoitud v\u00e4rvid tagavad mitmek\u00fclgsuse ja ajas\u00f5bralikkuse.<br \/>\n&#8211; impregneerimine l\u00e4bipaistva lakiga tagab v\u00e4rvi s\u00e4ilimise ja kriimustuskindluse.<br \/>\n&#8211; kalakooli kujutav kaunistus<\/p>\n<hr>\n<p>Fauna v\u00f5i taimestik metallist seinakattematerjalina on uuenduslik l\u00e4henemine kaasaegsele kunstile. Kala kolmem\u00f5\u00f5tmelist kujutist iseloomustab harmoonia ja rahulikkus, samas kui t\u00f6\u00f6stuslik iseloom v\u00e4ljendub taaskasutatud metalli ebat\u00e4iuslikkuses, pragunenud v\u00e4rvi efektis ning n\u00e4htavates keevis\u00f5mblustes ja \u00fchenduskohtades. Parveke k\u00fc\u00fcn n\u00e4eb \u00fchtlastel seintel suurep\u00e4raselt v\u00e4lja, kuigi ka struktureeritud pinnad on hea lahendus. Stiilsed metallist seinakaunistused sobivad ideaalselt mitmesugustesse ruumidesse. Disainerist metallist seinakaunistus Fish on looduse ja kalanduse austajatele loodud toode. Uue v\u00e4ljaande klassikaline motiiv on samuti erakordne kingiidee. Iga eksemplari ainulaadsus on tagatud k\u00e4sitsi valmistatud.<\/p>\n<\/div>\n","protected":false},"excerpt":{"rendered":"<p>Mudel PT. L21623 EAN. 5907772073858 Laius (cm) 174 K\u00f5rgus (cm) 51 Paksus (cm) 3 Orienteerimine Horisontaalne Motiiv Loomad &#8211; 3D<\/p>\n","protected":false},"featured_media":101847,"comment_status":"open","ping_status":"closed","template":"","meta":{"_acf_changed":false,"pmpro_default_level":""},"product_brand":[],"product_cat":[23913,23895],"product_tag":[],"class_list":{"0":"post-134182","1":"product","2":"type-product","3":"status-publish","4":"has-post-thumbnail","6":"product_cat-3d-paveikslai-et","7":"product_cat-kaunistused","8":"pmpro-has-access","10":"first","11":"instock","12":"shipping-taxable","13":"purchasable","14":"product-type-simple"},"acf":[],"yoast_head":"<!-- This site is optimized with the Yoast SEO plugin v24.9 - https:\/\/yoast.com\/wordpress\/plugins\/seo\/ -->\n<title>3D metallist seinakaunistus LOFT FISH 174x51 cm - MetalTale.com<\/title>\n<meta name=\"robots\" content=\"index, follow, max-snippet:-1, max-image-preview:large, max-video-preview:-1\" \/>\n<link rel=\"canonical\" href=\"https:\/\/metaltale.com\/et\/toode\/3d-metallist-seinakaunistus-loft-fish-174x51-cm\/\" \/>\n<meta property=\"og:locale\" content=\"et_EE\" \/>\n<meta property=\"og:type\" content=\"article\" \/>\n<meta property=\"og:title\" content=\"3D metallist seinakaunistus LOFT FISH 174x51 cm - MetalTale.com\" \/>\n<meta property=\"og:description\" content=\"Mudel PT. L21623 EAN. 5907772073858 Laius (cm) 174 K\u00f5rgus (cm) 51 Paksus (cm) 3 Orienteerimine Horisontaalne Motiiv Loomad &#8211; 3D\" \/>\n<meta property=\"og:url\" content=\"https:\/\/metaltale.com\/et\/toode\/3d-metallist-seinakaunistus-loft-fish-174x51-cm\/\" \/>\n<meta property=\"og:site_name\" content=\"MetalTale.com\" \/>\n<meta name=\"twitter:card\" content=\"summary_large_image\" \/>\n<meta name=\"twitter:label1\" content=\"Est. reading time\" \/>\n\t<meta name=\"twitter:data1\" content=\"1 minut\" \/>\n<script type=\"application\/ld+json\" class=\"yoast-schema-graph\">{\"@context\":\"https:\/\/schema.org\",\"@graph\":[{\"@type\":\"WebPage\",\"@id\":\"https:\/\/metaltale.com\/et\/toode\/3d-metallist-seinakaunistus-loft-fish-174x51-cm\/\",\"url\":\"https:\/\/metaltale.com\/et\/toode\/3d-metallist-seinakaunistus-loft-fish-174x51-cm\/\",\"name\":\"3D metallist seinakaunistus LOFT FISH 174x51 cm - MetalTale.com\",\"isPartOf\":{\"@id\":\"https:\/\/metaltale.com\/et\/#website\"},\"primaryImageOfPage\":{\"@id\":\"https:\/\/metaltale.com\/et\/toode\/3d-metallist-seinakaunistus-loft-fish-174x51-cm\/#primaryimage\"},\"image\":{\"@id\":\"https:\/\/metaltale.com\/et\/toode\/3d-metallist-seinakaunistus-loft-fish-174x51-cm\/#primaryimage\"},\"thumbnailUrl\":\"https:\/\/metaltale.com\/wp-content\/uploads\/2023\/11\/3D-PALx116Px116S-x17DUVIES-SIENx172-APDAILA.jpg\",\"datePublished\":\"2024-02-13T12:29:51+00:00\",\"breadcrumb\":{\"@id\":\"https:\/\/metaltale.com\/et\/toode\/3d-metallist-seinakaunistus-loft-fish-174x51-cm\/#breadcrumb\"},\"inLanguage\":\"et\",\"potentialAction\":[{\"@type\":\"ReadAction\",\"target\":[\"https:\/\/metaltale.com\/et\/toode\/3d-metallist-seinakaunistus-loft-fish-174x51-cm\/\"]}]},{\"@type\":\"ImageObject\",\"inLanguage\":\"et\",\"@id\":\"https:\/\/metaltale.com\/et\/toode\/3d-metallist-seinakaunistus-loft-fish-174x51-cm\/#primaryimage\",\"url\":\"https:\/\/metaltale.com\/wp-content\/uploads\/2023\/11\/3D-PALx116Px116S-x17DUVIES-SIENx172-APDAILA.jpg\",\"contentUrl\":\"https:\/\/metaltale.com\/wp-content\/uploads\/2023\/11\/3D-PALx116Px116S-x17DUVIES-SIENx172-APDAILA.jpg\",\"width\":800,\"height\":800},{\"@type\":\"BreadcrumbList\",\"@id\":\"https:\/\/metaltale.com\/et\/toode\/3d-metallist-seinakaunistus-loft-fish-174x51-cm\/#breadcrumb\",\"itemListElement\":[{\"@type\":\"ListItem\",\"position\":1,\"name\":\"Home\",\"item\":\"https:\/\/metaltale.com\/et\/kodu\/\"},{\"@type\":\"ListItem\",\"position\":2,\"name\":\"Kauplus\",\"item\":\"https:\/\/metaltale.com\/et\/shop\/\"},{\"@type\":\"ListItem\",\"position\":3,\"name\":\"3D metallist seinakaunistus LOFT FISH 174&#215;51 cm\"}]},{\"@type\":\"WebSite\",\"@id\":\"https:\/\/metaltale.com\/et\/#website\",\"url\":\"https:\/\/metaltale.com\/et\/\",\"name\":\"Metaltale.com\",\"description\":\"\",\"potentialAction\":[{\"@type\":\"SearchAction\",\"target\":{\"@type\":\"EntryPoint\",\"urlTemplate\":\"https:\/\/metaltale.com\/et\/?s={search_term_string}\"},\"query-input\":{\"@type\":\"PropertyValueSpecification\",\"valueRequired\":true,\"valueName\":\"search_term_string\"}}],\"inLanguage\":\"et\"}]}<\/script>\n<!-- \/ Yoast SEO plugin. -->","yoast_head_json":{"title":"3D metallist seinakaunistus LOFT FISH 174x51 cm - MetalTale.com","robots":{"index":"index","follow":"follow","max-snippet":"max-snippet:-1","max-image-preview":"max-image-preview:large","max-video-preview":"max-video-preview:-1"},"canonical":"https:\/\/metaltale.com\/et\/toode\/3d-metallist-seinakaunistus-loft-fish-174x51-cm\/","og_locale":"et_EE","og_type":"article","og_title":"3D metallist seinakaunistus LOFT FISH 174x51 cm - MetalTale.com","og_description":"Mudel PT. L21623 EAN. 5907772073858 Laius (cm) 174 K\u00f5rgus (cm) 51 Paksus (cm) 3 Orienteerimine Horisontaalne Motiiv Loomad &#8211; 3D","og_url":"https:\/\/metaltale.com\/et\/toode\/3d-metallist-seinakaunistus-loft-fish-174x51-cm\/","og_site_name":"MetalTale.com","twitter_card":"summary_large_image","twitter_misc":{"Est. reading time":"1 minut"},"schema":{"@context":"https:\/\/schema.org","@graph":[{"@type":"WebPage","@id":"https:\/\/metaltale.com\/et\/toode\/3d-metallist-seinakaunistus-loft-fish-174x51-cm\/","url":"https:\/\/metaltale.com\/et\/toode\/3d-metallist-seinakaunistus-loft-fish-174x51-cm\/","name":"3D metallist seinakaunistus LOFT FISH 174x51 cm - MetalTale.com","isPartOf":{"@id":"https:\/\/metaltale.com\/et\/#website"},"primaryImageOfPage":{"@id":"https:\/\/metaltale.com\/et\/toode\/3d-metallist-seinakaunistus-loft-fish-174x51-cm\/#primaryimage"},"image":{"@id":"https:\/\/metaltale.com\/et\/toode\/3d-metallist-seinakaunistus-loft-fish-174x51-cm\/#primaryimage"},"thumbnailUrl":"https:\/\/metaltale.com\/wp-content\/uploads\/2023\/11\/3D-PALx116Px116S-x17DUVIES-SIENx172-APDAILA.jpg","datePublished":"2024-02-13T12:29:51+00:00","breadcrumb":{"@id":"https:\/\/metaltale.com\/et\/toode\/3d-metallist-seinakaunistus-loft-fish-174x51-cm\/#breadcrumb"},"inLanguage":"et","potentialAction":[{"@type":"ReadAction","target":["https:\/\/metaltale.com\/et\/toode\/3d-metallist-seinakaunistus-loft-fish-174x51-cm\/"]}]},{"@type":"ImageObject","inLanguage":"et","@id":"https:\/\/metaltale.com\/et\/toode\/3d-metallist-seinakaunistus-loft-fish-174x51-cm\/#primaryimage","url":"https:\/\/metaltale.com\/wp-content\/uploads\/2023\/11\/3D-PALx116Px116S-x17DUVIES-SIENx172-APDAILA.jpg","contentUrl":"https:\/\/metaltale.com\/wp-content\/uploads\/2023\/11\/3D-PALx116Px116S-x17DUVIES-SIENx172-APDAILA.jpg","width":800,"height":800},{"@type":"BreadcrumbList","@id":"https:\/\/metaltale.com\/et\/toode\/3d-metallist-seinakaunistus-loft-fish-174x51-cm\/#breadcrumb","itemListElement":[{"@type":"ListItem","position":1,"name":"Home","item":"https:\/\/metaltale.com\/et\/kodu\/"},{"@type":"ListItem","position":2,"name":"Kauplus","item":"https:\/\/metaltale.com\/et\/shop\/"},{"@type":"ListItem","position":3,"name":"3D metallist seinakaunistus LOFT FISH 174&#215;51 cm"}]},{"@type":"WebSite","@id":"https:\/\/metaltale.com\/et\/#website","url":"https:\/\/metaltale.com\/et\/","name":"Metaltale.com","description":"","potentialAction":[{"@type":"SearchAction","target":{"@type":"EntryPoint","urlTemplate":"https:\/\/metaltale.com\/et\/?s={search_term_string}"},"query-input":{"@type":"PropertyValueSpecification","valueRequired":true,"valueName":"search_term_string"}}],"inLanguage":"et"}]}},"_links":{"self":[{"href":"https:\/\/metaltale.com\/et\/wp-json\/wp\/v2\/product\/134182","targetHints":{"allow":["GET"]}}],"collection":[{"href":"https:\/\/metaltale.com\/et\/wp-json\/wp\/v2\/product"}],"about":[{"href":"https:\/\/metaltale.com\/et\/wp-json\/wp\/v2\/types\/product"}],"replies":[{"embeddable":true,"href":"https:\/\/metaltale.com\/et\/wp-json\/wp\/v2\/comments?post=134182"}],"version-history":[{"count":0,"href":"https:\/\/metaltale.com\/et\/wp-json\/wp\/v2\/product\/134182\/revisions"}],"wp:featuredmedia":[{"embeddable":true,"href":"https:\/\/metaltale.com\/et\/wp-json\/wp\/v2\/media\/101847"}],"wp:attachment":[{"href":"https:\/\/metaltale.com\/et\/wp-json\/wp\/v2\/media?parent=134182"}],"wp:term":[{"taxonomy":"product_brand","embeddable":true,"href":"https:\/\/metaltale.com\/et\/wp-json\/wp\/v2\/product_brand?post=134182"},{"taxonomy":"product_cat","embeddable":true,"href":"https:\/\/metaltale.com\/et\/wp-json\/wp\/v2\/product_cat?post=134182"},{"taxonomy":"product_tag","embeddable":true,"href":"https:\/\/metaltale.com\/et\/wp-json\/wp\/v2\/product_tag?post=134182"}],"curies":[{"name":"wp","href":"https:\/\/api.w.org\/{rel}","templated":true}]}}