{"id":134177,"date":"2024-02-13T14:29:51","date_gmt":"2024-02-13T12:29:51","guid":{"rendered":"https:\/\/metaltale.com\/produktas\/3d-metallist-seinakaunistus-loft-sarda-130x50-cm\/"},"modified":"2024-02-13T14:29:51","modified_gmt":"2024-02-13T12:29:51","slug":"3d-metallist-seinakaunistus-loft-sarda-130x50-cm","status":"publish","type":"product","link":"https:\/\/metaltale.com\/et\/toode\/3d-metallist-seinakaunistus-loft-sarda-130x50-cm\/","title":{"rendered":"3D metallist seinakaunistus LOFT SARDA 130&#215;50 cm"},"content":{"rendered":"<div class=\"prod_data\">\n<p><strong>Mudel<\/strong> PT. A21414<br \/>\n<strong>EAN.<\/strong>  5907772073674<br \/>\n<strong>Laius (cm)<\/strong> 130<br \/>\n<strong>K\u00f5rgus (cm)<\/strong> 50<br \/>\n<strong>Paksus (cm)<\/strong> 5<br \/>\nOrienteerimine Horisontaalne<br \/>\nMotiiv Muu<\/p>\n<p>&#8211; 3D metallist seinakattematerjal taaskasutatud terasest<br \/>\n&#8211; tegelikud v\u00e4ljaulatuvad osad<br \/>\n&#8211; intrigeerivad v\u00e4rvid tagavad ajatu dekoratsiooni<br \/>\n&#8211; impregneerimine l\u00e4bipaistva lakiga tagab v\u00e4rvi s\u00e4ilimise ja kriimustuskindluse.<br \/>\n&#8211; erineva suurusega kumerate kerade koostis<\/p>\n<hr>\n<p>Sarda, kaasaegne t\u00f6\u00f6stuskunst, on selle suurep\u00e4rane n\u00e4ide. Kolmem\u00f5\u00f5tmeline seinakate, mis on valmistatud kattuvatest teraskettadest, v\u00f5imaldab vaba t\u00f5lgendamist. Originaalsed v\u00e4rvid ja geomeetrilisest kompositsioonist tulenev harmoonia annavad viimistlusele klassi ja gravitatsiooni, tagades metallist seinakattematerjalide ajatuse ja mitmek\u00fclgsuse. Stiilne sinise ja vana kulla segu on pilkup\u00fc\u00fcdev ja sobib h\u00e4sti nii elutuppa kui ka magamistuppa. Sarda on intrigeeriv alternatiiv piltidele ja raamidele, mis muutub seina keskmeks ja t\u00e4iendab sisekujundust. 3D seinakaunistused on originaalne kingituspakkumine &#8211; ka j\u00f5uludeks. Iga k\u00e4sitsi valmistatud kolmem\u00f5\u00f5tmelise ornamendi koopia on ainulaadne. N\u00e4htamatud kinnitusklambrid tagavad probleemivaba lukustuse.<\/p>\n<\/div>\n","protected":false},"excerpt":{"rendered":"<p>Mudel PT. A21414 EAN. 5907772073674 Laius (cm) 130 K\u00f5rgus (cm) 50 Paksus (cm) 5 Orienteerimine Horisontaalne Motiiv Muu &#8211; 3D<\/p>\n","protected":false},"featured_media":88560,"comment_status":"open","ping_status":"closed","template":"","meta":{"_acf_changed":false,"pmpro_default_level":""},"product_brand":[],"product_cat":[23913,23895],"product_tag":[],"class_list":{"0":"post-134177","1":"product","2":"type-product","3":"status-publish","4":"has-post-thumbnail","6":"product_cat-3d-paveikslai-et","7":"product_cat-kaunistused","8":"pmpro-has-access","10":"first","11":"instock","12":"shipping-taxable","13":"purchasable","14":"product-type-simple"},"acf":[],"yoast_head":"<!-- This site is optimized with the Yoast SEO plugin v24.9 - https:\/\/yoast.com\/wordpress\/plugins\/seo\/ -->\n<title>3D metallist seinakaunistus LOFT SARDA 130x50 cm - MetalTale.com<\/title>\n<meta name=\"robots\" content=\"index, follow, max-snippet:-1, max-image-preview:large, max-video-preview:-1\" \/>\n<link rel=\"canonical\" href=\"https:\/\/metaltale.com\/et\/toode\/3d-metallist-seinakaunistus-loft-sarda-130x50-cm\/\" \/>\n<meta property=\"og:locale\" content=\"et_EE\" \/>\n<meta property=\"og:type\" content=\"article\" \/>\n<meta property=\"og:title\" content=\"3D metallist seinakaunistus LOFT SARDA 130x50 cm - MetalTale.com\" \/>\n<meta property=\"og:description\" content=\"Mudel PT. A21414 EAN. 5907772073674 Laius (cm) 130 K\u00f5rgus (cm) 50 Paksus (cm) 5 Orienteerimine Horisontaalne Motiiv Muu &#8211; 3D\" \/>\n<meta property=\"og:url\" content=\"https:\/\/metaltale.com\/et\/toode\/3d-metallist-seinakaunistus-loft-sarda-130x50-cm\/\" \/>\n<meta property=\"og:site_name\" content=\"MetalTale.com\" \/>\n<meta name=\"twitter:card\" content=\"summary_large_image\" \/>\n<meta name=\"twitter:label1\" content=\"Est. reading time\" \/>\n\t<meta name=\"twitter:data1\" content=\"1 minut\" \/>\n<script type=\"application\/ld+json\" class=\"yoast-schema-graph\">{\"@context\":\"https:\/\/schema.org\",\"@graph\":[{\"@type\":\"WebPage\",\"@id\":\"https:\/\/metaltale.com\/et\/toode\/3d-metallist-seinakaunistus-loft-sarda-130x50-cm\/\",\"url\":\"https:\/\/metaltale.com\/et\/toode\/3d-metallist-seinakaunistus-loft-sarda-130x50-cm\/\",\"name\":\"3D metallist seinakaunistus LOFT SARDA 130x50 cm - MetalTale.com\",\"isPartOf\":{\"@id\":\"https:\/\/metaltale.com\/et\/#website\"},\"primaryImageOfPage\":{\"@id\":\"https:\/\/metaltale.com\/et\/toode\/3d-metallist-seinakaunistus-loft-sarda-130x50-cm\/#primaryimage\"},\"image\":{\"@id\":\"https:\/\/metaltale.com\/et\/toode\/3d-metallist-seinakaunistus-loft-sarda-130x50-cm\/#primaryimage\"},\"thumbnailUrl\":\"https:\/\/metaltale.com\/wp-content\/uploads\/2023\/10\/3D-LOFT-SARDA-SIENx172-APDAILA.jpg\",\"datePublished\":\"2024-02-13T12:29:51+00:00\",\"breadcrumb\":{\"@id\":\"https:\/\/metaltale.com\/et\/toode\/3d-metallist-seinakaunistus-loft-sarda-130x50-cm\/#breadcrumb\"},\"inLanguage\":\"et\",\"potentialAction\":[{\"@type\":\"ReadAction\",\"target\":[\"https:\/\/metaltale.com\/et\/toode\/3d-metallist-seinakaunistus-loft-sarda-130x50-cm\/\"]}]},{\"@type\":\"ImageObject\",\"inLanguage\":\"et\",\"@id\":\"https:\/\/metaltale.com\/et\/toode\/3d-metallist-seinakaunistus-loft-sarda-130x50-cm\/#primaryimage\",\"url\":\"https:\/\/metaltale.com\/wp-content\/uploads\/2023\/10\/3D-LOFT-SARDA-SIENx172-APDAILA.jpg\",\"contentUrl\":\"https:\/\/metaltale.com\/wp-content\/uploads\/2023\/10\/3D-LOFT-SARDA-SIENx172-APDAILA.jpg\",\"width\":800,\"height\":800},{\"@type\":\"BreadcrumbList\",\"@id\":\"https:\/\/metaltale.com\/et\/toode\/3d-metallist-seinakaunistus-loft-sarda-130x50-cm\/#breadcrumb\",\"itemListElement\":[{\"@type\":\"ListItem\",\"position\":1,\"name\":\"Home\",\"item\":\"https:\/\/metaltale.com\/et\/kodu\/\"},{\"@type\":\"ListItem\",\"position\":2,\"name\":\"Kauplus\",\"item\":\"https:\/\/metaltale.com\/et\/shop\/\"},{\"@type\":\"ListItem\",\"position\":3,\"name\":\"3D metallist seinakaunistus LOFT SARDA 130&#215;50 cm\"}]},{\"@type\":\"WebSite\",\"@id\":\"https:\/\/metaltale.com\/et\/#website\",\"url\":\"https:\/\/metaltale.com\/et\/\",\"name\":\"Metaltale.com\",\"description\":\"\",\"potentialAction\":[{\"@type\":\"SearchAction\",\"target\":{\"@type\":\"EntryPoint\",\"urlTemplate\":\"https:\/\/metaltale.com\/et\/?s={search_term_string}\"},\"query-input\":{\"@type\":\"PropertyValueSpecification\",\"valueRequired\":true,\"valueName\":\"search_term_string\"}}],\"inLanguage\":\"et\"}]}<\/script>\n<!-- \/ Yoast SEO plugin. -->","yoast_head_json":{"title":"3D metallist seinakaunistus LOFT SARDA 130x50 cm - MetalTale.com","robots":{"index":"index","follow":"follow","max-snippet":"max-snippet:-1","max-image-preview":"max-image-preview:large","max-video-preview":"max-video-preview:-1"},"canonical":"https:\/\/metaltale.com\/et\/toode\/3d-metallist-seinakaunistus-loft-sarda-130x50-cm\/","og_locale":"et_EE","og_type":"article","og_title":"3D metallist seinakaunistus LOFT SARDA 130x50 cm - MetalTale.com","og_description":"Mudel PT. A21414 EAN. 5907772073674 Laius (cm) 130 K\u00f5rgus (cm) 50 Paksus (cm) 5 Orienteerimine Horisontaalne Motiiv Muu &#8211; 3D","og_url":"https:\/\/metaltale.com\/et\/toode\/3d-metallist-seinakaunistus-loft-sarda-130x50-cm\/","og_site_name":"MetalTale.com","twitter_card":"summary_large_image","twitter_misc":{"Est. reading time":"1 minut"},"schema":{"@context":"https:\/\/schema.org","@graph":[{"@type":"WebPage","@id":"https:\/\/metaltale.com\/et\/toode\/3d-metallist-seinakaunistus-loft-sarda-130x50-cm\/","url":"https:\/\/metaltale.com\/et\/toode\/3d-metallist-seinakaunistus-loft-sarda-130x50-cm\/","name":"3D metallist seinakaunistus LOFT SARDA 130x50 cm - MetalTale.com","isPartOf":{"@id":"https:\/\/metaltale.com\/et\/#website"},"primaryImageOfPage":{"@id":"https:\/\/metaltale.com\/et\/toode\/3d-metallist-seinakaunistus-loft-sarda-130x50-cm\/#primaryimage"},"image":{"@id":"https:\/\/metaltale.com\/et\/toode\/3d-metallist-seinakaunistus-loft-sarda-130x50-cm\/#primaryimage"},"thumbnailUrl":"https:\/\/metaltale.com\/wp-content\/uploads\/2023\/10\/3D-LOFT-SARDA-SIENx172-APDAILA.jpg","datePublished":"2024-02-13T12:29:51+00:00","breadcrumb":{"@id":"https:\/\/metaltale.com\/et\/toode\/3d-metallist-seinakaunistus-loft-sarda-130x50-cm\/#breadcrumb"},"inLanguage":"et","potentialAction":[{"@type":"ReadAction","target":["https:\/\/metaltale.com\/et\/toode\/3d-metallist-seinakaunistus-loft-sarda-130x50-cm\/"]}]},{"@type":"ImageObject","inLanguage":"et","@id":"https:\/\/metaltale.com\/et\/toode\/3d-metallist-seinakaunistus-loft-sarda-130x50-cm\/#primaryimage","url":"https:\/\/metaltale.com\/wp-content\/uploads\/2023\/10\/3D-LOFT-SARDA-SIENx172-APDAILA.jpg","contentUrl":"https:\/\/metaltale.com\/wp-content\/uploads\/2023\/10\/3D-LOFT-SARDA-SIENx172-APDAILA.jpg","width":800,"height":800},{"@type":"BreadcrumbList","@id":"https:\/\/metaltale.com\/et\/toode\/3d-metallist-seinakaunistus-loft-sarda-130x50-cm\/#breadcrumb","itemListElement":[{"@type":"ListItem","position":1,"name":"Home","item":"https:\/\/metaltale.com\/et\/kodu\/"},{"@type":"ListItem","position":2,"name":"Kauplus","item":"https:\/\/metaltale.com\/et\/shop\/"},{"@type":"ListItem","position":3,"name":"3D metallist seinakaunistus LOFT SARDA 130&#215;50 cm"}]},{"@type":"WebSite","@id":"https:\/\/metaltale.com\/et\/#website","url":"https:\/\/metaltale.com\/et\/","name":"Metaltale.com","description":"","potentialAction":[{"@type":"SearchAction","target":{"@type":"EntryPoint","urlTemplate":"https:\/\/metaltale.com\/et\/?s={search_term_string}"},"query-input":{"@type":"PropertyValueSpecification","valueRequired":true,"valueName":"search_term_string"}}],"inLanguage":"et"}]}},"_links":{"self":[{"href":"https:\/\/metaltale.com\/et\/wp-json\/wp\/v2\/product\/134177","targetHints":{"allow":["GET"]}}],"collection":[{"href":"https:\/\/metaltale.com\/et\/wp-json\/wp\/v2\/product"}],"about":[{"href":"https:\/\/metaltale.com\/et\/wp-json\/wp\/v2\/types\/product"}],"replies":[{"embeddable":true,"href":"https:\/\/metaltale.com\/et\/wp-json\/wp\/v2\/comments?post=134177"}],"version-history":[{"count":0,"href":"https:\/\/metaltale.com\/et\/wp-json\/wp\/v2\/product\/134177\/revisions"}],"wp:featuredmedia":[{"embeddable":true,"href":"https:\/\/metaltale.com\/et\/wp-json\/wp\/v2\/media\/88560"}],"wp:attachment":[{"href":"https:\/\/metaltale.com\/et\/wp-json\/wp\/v2\/media?parent=134177"}],"wp:term":[{"taxonomy":"product_brand","embeddable":true,"href":"https:\/\/metaltale.com\/et\/wp-json\/wp\/v2\/product_brand?post=134177"},{"taxonomy":"product_cat","embeddable":true,"href":"https:\/\/metaltale.com\/et\/wp-json\/wp\/v2\/product_cat?post=134177"},{"taxonomy":"product_tag","embeddable":true,"href":"https:\/\/metaltale.com\/et\/wp-json\/wp\/v2\/product_tag?post=134177"}],"curies":[{"name":"wp","href":"https:\/\/api.w.org\/{rel}","templated":true}]}}