{"id":134175,"date":"2024-01-12T17:57:39","date_gmt":"2024-01-12T15:57:39","guid":{"rendered":"https:\/\/metaltale.com\/produktas\/3d-metallist-seinakaunistus-loft-sun-60x60-cm\/"},"modified":"2024-01-12T17:57:39","modified_gmt":"2024-01-12T15:57:39","slug":"3d-metallist-seinakaunistus-loft-sun-60x60-cm","status":"publish","type":"product","link":"https:\/\/metaltale.com\/et\/toode\/3d-metallist-seinakaunistus-loft-sun-60x60-cm\/","title":{"rendered":"3D metallist seinakaunistus LOFT SUN 60&#215;60 cm"},"content":{"rendered":"<div class=\"prod_data\">\n<p><strong>Mudel<\/strong> PT.A21513<br \/>\n<strong>EAN.<\/strong>  5907772074992<br \/>\n<strong>Laius (cm)<\/strong> 60<br \/>\n<strong>K\u00f5rgus (cm)<\/strong> 60<br \/>\n<strong>Paksus (cm<\/strong> ) 2,5<br \/>\n<strong>Materjal<\/strong> teras<br \/>\n<strong>Kuju<\/strong> Ruut<br \/>\nOrienteerumine Universaalne<br \/>\nMotiiv Muu<\/p>\n<p>&#8211; 3D metallist seinakattematerjal taaskasutatud terasest<br \/>\n&#8211; Ehtsad \u00fcleulatuvused , mis annavad uimastava kolmem\u00f5\u00f5tmelise efekti.<br \/>\n&#8211; vaoshoitud v\u00e4rvid tagavad mitmek\u00fclgsuse ja ajas\u00f5bralikkuse.<br \/>\n&#8211; impregneerimine l\u00e4bipaistva lakiga tagab v\u00e4rvi s\u00e4ilimise ja kriimustuskindluse.<\/p>\n<hr>\n<p>Metallist seinakattematerjal Sun on kaasaegsuse ja luksuse puudutus, mida me saame oma interj\u00f6\u00f6rides kasutada. Kulla kasutamine t\u00fcrkiissinisel taustal n\u00e4itab kaunilt kontrasti taeva ja p\u00e4ikese vahel. Viimistluse originaalsust t\u00e4iendab asjaolu, et see on valmistatud \u00fcmbert\u00f6\u00f6deldud terasest. Ma lisan autentsuse tema k\u00e4ekirja, nii et \u00fckski koopia ei ole sama. Dekoratsioon on ilus ja originaalne lisa meie elutuppa v\u00f5i magamistuppa. See v\u00e4ike kunstiteos on suurep\u00e4rane kingiidee. Viimistluse paigaldamine on v\u00f5imalik t\u00e4nu kaasasolevatele kinnitusklambritele.<\/p>\n<\/div>\n","protected":false},"excerpt":{"rendered":"<p>Mudel PT.A21513 EAN. 5907772074992 Laius (cm) 60 K\u00f5rgus (cm) 60 Paksus (cm ) 2,5 Materjal teras Kuju Ruut Orienteerumine Universaalne<\/p>\n","protected":false},"featured_media":75051,"comment_status":"open","ping_status":"closed","template":"","meta":{"_acf_changed":false,"pmpro_default_level":""},"product_brand":[],"product_cat":[23913,23895],"product_tag":[],"class_list":{"0":"post-134175","1":"product","2":"type-product","3":"status-publish","4":"has-post-thumbnail","6":"product_cat-3d-paveikslai-et","7":"product_cat-kaunistused","8":"pmpro-has-access","10":"first","11":"instock","12":"shipping-taxable","13":"purchasable","14":"product-type-simple"},"acf":[],"yoast_head":"<!-- This site is optimized with the Yoast SEO plugin v24.9 - https:\/\/yoast.com\/wordpress\/plugins\/seo\/ -->\n<title>3D metallist seinakaunistus LOFT SUN 60x60 cm - MetalTale.com<\/title>\n<meta name=\"robots\" content=\"index, follow, max-snippet:-1, max-image-preview:large, max-video-preview:-1\" \/>\n<link rel=\"canonical\" href=\"https:\/\/metaltale.com\/et\/toode\/3d-metallist-seinakaunistus-loft-sun-60x60-cm\/\" \/>\n<meta property=\"og:locale\" content=\"et_EE\" \/>\n<meta property=\"og:type\" content=\"article\" \/>\n<meta property=\"og:title\" content=\"3D metallist seinakaunistus LOFT SUN 60x60 cm - MetalTale.com\" \/>\n<meta property=\"og:description\" content=\"Mudel PT.A21513 EAN. 5907772074992 Laius (cm) 60 K\u00f5rgus (cm) 60 Paksus (cm ) 2,5 Materjal teras Kuju Ruut Orienteerumine Universaalne\" \/>\n<meta property=\"og:url\" content=\"https:\/\/metaltale.com\/et\/toode\/3d-metallist-seinakaunistus-loft-sun-60x60-cm\/\" \/>\n<meta property=\"og:site_name\" content=\"MetalTale.com\" \/>\n<meta property=\"og:image\" content=\"https:\/\/metaltale.com\/wp-content\/uploads\/2023\/09\/Metalo-sienx173-apdaila-3D-PALx116Px116S-SAULx116.jpg\" \/>\n\t<meta property=\"og:image:width\" content=\"800\" \/>\n\t<meta property=\"og:image:height\" content=\"800\" \/>\n\t<meta property=\"og:image:type\" content=\"image\/jpeg\" \/>\n<meta name=\"twitter:card\" content=\"summary_large_image\" \/>\n<meta name=\"twitter:label1\" content=\"Est. reading time\" \/>\n\t<meta name=\"twitter:data1\" content=\"1 minut\" \/>\n<script type=\"application\/ld+json\" class=\"yoast-schema-graph\">{\"@context\":\"https:\/\/schema.org\",\"@graph\":[{\"@type\":\"WebPage\",\"@id\":\"https:\/\/metaltale.com\/et\/toode\/3d-metallist-seinakaunistus-loft-sun-60x60-cm\/\",\"url\":\"https:\/\/metaltale.com\/et\/toode\/3d-metallist-seinakaunistus-loft-sun-60x60-cm\/\",\"name\":\"3D metallist seinakaunistus LOFT SUN 60x60 cm - MetalTale.com\",\"isPartOf\":{\"@id\":\"https:\/\/metaltale.com\/et\/#website\"},\"primaryImageOfPage\":{\"@id\":\"https:\/\/metaltale.com\/et\/toode\/3d-metallist-seinakaunistus-loft-sun-60x60-cm\/#primaryimage\"},\"image\":{\"@id\":\"https:\/\/metaltale.com\/et\/toode\/3d-metallist-seinakaunistus-loft-sun-60x60-cm\/#primaryimage\"},\"thumbnailUrl\":\"https:\/\/metaltale.com\/wp-content\/uploads\/2023\/09\/Metalo-sienx173-apdaila-3D-PALx116Px116S-SAULx116.jpg\",\"datePublished\":\"2024-01-12T15:57:39+00:00\",\"breadcrumb\":{\"@id\":\"https:\/\/metaltale.com\/et\/toode\/3d-metallist-seinakaunistus-loft-sun-60x60-cm\/#breadcrumb\"},\"inLanguage\":\"et\",\"potentialAction\":[{\"@type\":\"ReadAction\",\"target\":[\"https:\/\/metaltale.com\/et\/toode\/3d-metallist-seinakaunistus-loft-sun-60x60-cm\/\"]}]},{\"@type\":\"ImageObject\",\"inLanguage\":\"et\",\"@id\":\"https:\/\/metaltale.com\/et\/toode\/3d-metallist-seinakaunistus-loft-sun-60x60-cm\/#primaryimage\",\"url\":\"https:\/\/metaltale.com\/wp-content\/uploads\/2023\/09\/Metalo-sienx173-apdaila-3D-PALx116Px116S-SAULx116.jpg\",\"contentUrl\":\"https:\/\/metaltale.com\/wp-content\/uploads\/2023\/09\/Metalo-sienx173-apdaila-3D-PALx116Px116S-SAULx116.jpg\",\"width\":800,\"height\":800},{\"@type\":\"BreadcrumbList\",\"@id\":\"https:\/\/metaltale.com\/et\/toode\/3d-metallist-seinakaunistus-loft-sun-60x60-cm\/#breadcrumb\",\"itemListElement\":[{\"@type\":\"ListItem\",\"position\":1,\"name\":\"Home\",\"item\":\"https:\/\/metaltale.com\/et\/kodu\/\"},{\"@type\":\"ListItem\",\"position\":2,\"name\":\"Kauplus\",\"item\":\"https:\/\/metaltale.com\/et\/shop\/\"},{\"@type\":\"ListItem\",\"position\":3,\"name\":\"3D metallist seinakaunistus LOFT SUN 60&#215;60 cm\"}]},{\"@type\":\"WebSite\",\"@id\":\"https:\/\/metaltale.com\/et\/#website\",\"url\":\"https:\/\/metaltale.com\/et\/\",\"name\":\"Metaltale.com\",\"description\":\"\",\"potentialAction\":[{\"@type\":\"SearchAction\",\"target\":{\"@type\":\"EntryPoint\",\"urlTemplate\":\"https:\/\/metaltale.com\/et\/?s={search_term_string}\"},\"query-input\":{\"@type\":\"PropertyValueSpecification\",\"valueRequired\":true,\"valueName\":\"search_term_string\"}}],\"inLanguage\":\"et\"}]}<\/script>\n<!-- \/ Yoast SEO plugin. -->","yoast_head_json":{"title":"3D metallist seinakaunistus LOFT SUN 60x60 cm - MetalTale.com","robots":{"index":"index","follow":"follow","max-snippet":"max-snippet:-1","max-image-preview":"max-image-preview:large","max-video-preview":"max-video-preview:-1"},"canonical":"https:\/\/metaltale.com\/et\/toode\/3d-metallist-seinakaunistus-loft-sun-60x60-cm\/","og_locale":"et_EE","og_type":"article","og_title":"3D metallist seinakaunistus LOFT SUN 60x60 cm - MetalTale.com","og_description":"Mudel PT.A21513 EAN. 5907772074992 Laius (cm) 60 K\u00f5rgus (cm) 60 Paksus (cm ) 2,5 Materjal teras Kuju Ruut Orienteerumine Universaalne","og_url":"https:\/\/metaltale.com\/et\/toode\/3d-metallist-seinakaunistus-loft-sun-60x60-cm\/","og_site_name":"MetalTale.com","og_image":[{"width":800,"height":800,"url":"https:\/\/metaltale.com\/wp-content\/uploads\/2023\/09\/Metalo-sienx173-apdaila-3D-PALx116Px116S-SAULx116.jpg","type":"image\/jpeg"}],"twitter_card":"summary_large_image","twitter_misc":{"Est. reading time":"1 minut"},"schema":{"@context":"https:\/\/schema.org","@graph":[{"@type":"WebPage","@id":"https:\/\/metaltale.com\/et\/toode\/3d-metallist-seinakaunistus-loft-sun-60x60-cm\/","url":"https:\/\/metaltale.com\/et\/toode\/3d-metallist-seinakaunistus-loft-sun-60x60-cm\/","name":"3D metallist seinakaunistus LOFT SUN 60x60 cm - MetalTale.com","isPartOf":{"@id":"https:\/\/metaltale.com\/et\/#website"},"primaryImageOfPage":{"@id":"https:\/\/metaltale.com\/et\/toode\/3d-metallist-seinakaunistus-loft-sun-60x60-cm\/#primaryimage"},"image":{"@id":"https:\/\/metaltale.com\/et\/toode\/3d-metallist-seinakaunistus-loft-sun-60x60-cm\/#primaryimage"},"thumbnailUrl":"https:\/\/metaltale.com\/wp-content\/uploads\/2023\/09\/Metalo-sienx173-apdaila-3D-PALx116Px116S-SAULx116.jpg","datePublished":"2024-01-12T15:57:39+00:00","breadcrumb":{"@id":"https:\/\/metaltale.com\/et\/toode\/3d-metallist-seinakaunistus-loft-sun-60x60-cm\/#breadcrumb"},"inLanguage":"et","potentialAction":[{"@type":"ReadAction","target":["https:\/\/metaltale.com\/et\/toode\/3d-metallist-seinakaunistus-loft-sun-60x60-cm\/"]}]},{"@type":"ImageObject","inLanguage":"et","@id":"https:\/\/metaltale.com\/et\/toode\/3d-metallist-seinakaunistus-loft-sun-60x60-cm\/#primaryimage","url":"https:\/\/metaltale.com\/wp-content\/uploads\/2023\/09\/Metalo-sienx173-apdaila-3D-PALx116Px116S-SAULx116.jpg","contentUrl":"https:\/\/metaltale.com\/wp-content\/uploads\/2023\/09\/Metalo-sienx173-apdaila-3D-PALx116Px116S-SAULx116.jpg","width":800,"height":800},{"@type":"BreadcrumbList","@id":"https:\/\/metaltale.com\/et\/toode\/3d-metallist-seinakaunistus-loft-sun-60x60-cm\/#breadcrumb","itemListElement":[{"@type":"ListItem","position":1,"name":"Home","item":"https:\/\/metaltale.com\/et\/kodu\/"},{"@type":"ListItem","position":2,"name":"Kauplus","item":"https:\/\/metaltale.com\/et\/shop\/"},{"@type":"ListItem","position":3,"name":"3D metallist seinakaunistus LOFT SUN 60&#215;60 cm"}]},{"@type":"WebSite","@id":"https:\/\/metaltale.com\/et\/#website","url":"https:\/\/metaltale.com\/et\/","name":"Metaltale.com","description":"","potentialAction":[{"@type":"SearchAction","target":{"@type":"EntryPoint","urlTemplate":"https:\/\/metaltale.com\/et\/?s={search_term_string}"},"query-input":{"@type":"PropertyValueSpecification","valueRequired":true,"valueName":"search_term_string"}}],"inLanguage":"et"}]}},"_links":{"self":[{"href":"https:\/\/metaltale.com\/et\/wp-json\/wp\/v2\/product\/134175","targetHints":{"allow":["GET"]}}],"collection":[{"href":"https:\/\/metaltale.com\/et\/wp-json\/wp\/v2\/product"}],"about":[{"href":"https:\/\/metaltale.com\/et\/wp-json\/wp\/v2\/types\/product"}],"replies":[{"embeddable":true,"href":"https:\/\/metaltale.com\/et\/wp-json\/wp\/v2\/comments?post=134175"}],"version-history":[{"count":0,"href":"https:\/\/metaltale.com\/et\/wp-json\/wp\/v2\/product\/134175\/revisions"}],"wp:featuredmedia":[{"embeddable":true,"href":"https:\/\/metaltale.com\/et\/wp-json\/wp\/v2\/media\/75051"}],"wp:attachment":[{"href":"https:\/\/metaltale.com\/et\/wp-json\/wp\/v2\/media?parent=134175"}],"wp:term":[{"taxonomy":"product_brand","embeddable":true,"href":"https:\/\/metaltale.com\/et\/wp-json\/wp\/v2\/product_brand?post=134175"},{"taxonomy":"product_cat","embeddable":true,"href":"https:\/\/metaltale.com\/et\/wp-json\/wp\/v2\/product_cat?post=134175"},{"taxonomy":"product_tag","embeddable":true,"href":"https:\/\/metaltale.com\/et\/wp-json\/wp\/v2\/product_tag?post=134175"}],"curies":[{"name":"wp","href":"https:\/\/api.w.org\/{rel}","templated":true}]}}