{"id":134163,"date":"2024-02-13T14:29:05","date_gmt":"2024-02-13T12:29:05","guid":{"rendered":"https:\/\/metaltale.com\/produktas\/3d-metallist-pilt-loft-auto-truck-2-140x70-cm\/"},"modified":"2024-02-13T14:29:05","modified_gmt":"2024-02-13T12:29:05","slug":"3d-metallist-pilt-loft-auto-truck-2-140x70-cm","status":"publish","type":"product","link":"https:\/\/metaltale.com\/et\/toode\/3d-metallist-pilt-loft-auto-truck-2-140x70-cm\/","title":{"rendered":"3D metallist pilt LOFT AUTO TRUCK 2 140&#215;70 cm"},"content":{"rendered":"<div class=\"prod_data\">\n<p><strong>Mudel<\/strong> PT. L20681<br \/>\n<strong>EAN.<\/strong>  5907772073773<br \/>\n<strong>Laius (cm)<\/strong> 140<br \/>\n<strong>K\u00f5rgus (cm)<\/strong> 70<br \/>\n<strong>Paksus (cm)<\/strong> 5<br \/>\n<strong>Materjal<\/strong> teras<br \/>\nOrienteerimine Horisontaalne<br \/>\nMotiiv Motoriseerimine<\/p>\n<p>&#8211; metall 3D kujutis, mis on valmistatud \u00fcmbert\u00f6\u00f6deldud terasest<br \/>\n&#8211; tegelikud v\u00e4ljaulatuvad osad<br \/>\n&#8211; v\u00e4rvid, mis on tekkinud v\u00e4rvi v\u00f5i loodusliku v\u00e4rvimuutuse ja korrosiooni tagaj\u00e4rjel<br \/>\n&#8211; impregneerimine l\u00e4bipaistva lakiga tagab v\u00e4rvi s\u00e4ilimise ja kriimustuskindluse.<br \/>\n&#8211; Joonisel 4.1 on kujutatud veoauto<\/p>\n<hr>\n<p>Metallist seinakaunistused koguvad \u00fcha suuremat populaarsust ja neid saab h\u00f5lpsasti lisada loft-, t\u00f6\u00f6stus-, modern- ja retrokompositsioonidesse. Originaalne kolmem\u00f5\u00f5tmeline maal on ebatavaline kaunistus, mis t\u00f5mbab t\u00e4helepanu, ilma et see domineeriks interj\u00f6\u00f6ris. Nii autof\u00e4nnid kui ka professionaalsed autojuhid hindavad metallist v\u00e4limust, mille peaosas on Ameerika veoauto. Kompositsiooni t\u00e4iendavad USA kaardi fragment taustal ja ikooniline Route 66 m\u00e4rk. &#8220;Truck 2&#8221; on t\u00f5eline kunstiteos, mille \u00fcmbert\u00f6\u00f6deldud teraselemendid on maitsekalt kombineeritud, et luua etteaimatav ja ainulaadne 3D-efekt. Kasutatud v\u00e4rvid j\u00e4rgivad loomulikul viisil saavutatud v\u00e4rve &#8211; impregneeritud roostet ja toorterase l\u00f5hed. Pinnal n\u00e4htavad vananemisj\u00e4ljed suurendavad pildi t\u00f5sidust. K\u00e4sitsi valmistatud viimistlus tagab iga eksemplari ainulaadsuse. Paigaldamine on v\u00f5imalik t\u00e4nu kaasasolevatele kinnitusklambritele. Metallist 3D-kujutis on kaunistus, mis l\u00f5hub mustreid, mis on samuti suurep\u00e4rane idee originaalseks kingituseks.<\/p>\n<\/div>\n","protected":false},"excerpt":{"rendered":"<p>Mudel PT. L20681 EAN. 5907772073773 Laius (cm) 140 K\u00f5rgus (cm) 70 Paksus (cm) 5 Materjal teras Orienteerimine Horisontaalne Motiiv Motoriseerimine<\/p>\n","protected":false},"featured_media":69402,"comment_status":"open","ping_status":"closed","template":"","meta":{"_acf_changed":false,"pmpro_default_level":""},"product_brand":[],"product_cat":[23913,23895],"product_tag":[],"class_list":{"0":"post-134163","1":"product","2":"type-product","3":"status-publish","4":"has-post-thumbnail","6":"product_cat-3d-paveikslai-et","7":"product_cat-kaunistused","8":"pmpro-has-access","10":"first","11":"instock","12":"shipping-taxable","13":"purchasable","14":"product-type-simple"},"acf":[],"yoast_head":"<!-- This site is optimized with the Yoast SEO plugin v24.9 - https:\/\/yoast.com\/wordpress\/plugins\/seo\/ -->\n<title>3D metallist pilt LOFT AUTO TRUCK 2 140x70 cm - MetalTale.com<\/title>\n<meta name=\"robots\" content=\"index, follow, max-snippet:-1, max-image-preview:large, max-video-preview:-1\" \/>\n<link rel=\"canonical\" href=\"https:\/\/metaltale.com\/et\/toode\/3d-metallist-pilt-loft-auto-truck-2-140x70-cm\/\" \/>\n<meta property=\"og:locale\" content=\"et_EE\" \/>\n<meta property=\"og:type\" content=\"article\" \/>\n<meta property=\"og:title\" content=\"3D metallist pilt LOFT AUTO TRUCK 2 140x70 cm - MetalTale.com\" \/>\n<meta property=\"og:description\" content=\"Mudel PT. L20681 EAN. 5907772073773 Laius (cm) 140 K\u00f5rgus (cm) 70 Paksus (cm) 5 Materjal teras Orienteerimine Horisontaalne Motiiv Motoriseerimine\" \/>\n<meta property=\"og:url\" content=\"https:\/\/metaltale.com\/et\/toode\/3d-metallist-pilt-loft-auto-truck-2-140x70-cm\/\" \/>\n<meta property=\"og:site_name\" content=\"MetalTale.com\" \/>\n<meta name=\"twitter:card\" content=\"summary_large_image\" \/>\n<meta name=\"twitter:label1\" content=\"Est. reading time\" \/>\n\t<meta name=\"twitter:data1\" content=\"1 minut\" \/>\n<script type=\"application\/ld+json\" class=\"yoast-schema-graph\">{\"@context\":\"https:\/\/schema.org\",\"@graph\":[{\"@type\":\"WebPage\",\"@id\":\"https:\/\/metaltale.com\/et\/toode\/3d-metallist-pilt-loft-auto-truck-2-140x70-cm\/\",\"url\":\"https:\/\/metaltale.com\/et\/toode\/3d-metallist-pilt-loft-auto-truck-2-140x70-cm\/\",\"name\":\"3D metallist pilt LOFT AUTO TRUCK 2 140x70 cm - MetalTale.com\",\"isPartOf\":{\"@id\":\"https:\/\/metaltale.com\/et\/#website\"},\"primaryImageOfPage\":{\"@id\":\"https:\/\/metaltale.com\/et\/toode\/3d-metallist-pilt-loft-auto-truck-2-140x70-cm\/#primaryimage\"},\"image\":{\"@id\":\"https:\/\/metaltale.com\/et\/toode\/3d-metallist-pilt-loft-auto-truck-2-140x70-cm\/#primaryimage\"},\"thumbnailUrl\":\"https:\/\/metaltale.com\/wp-content\/uploads\/2023\/09\/3D-AUTO-SUNKVEx17DIMIS-2.jpg\",\"datePublished\":\"2024-02-13T12:29:05+00:00\",\"breadcrumb\":{\"@id\":\"https:\/\/metaltale.com\/et\/toode\/3d-metallist-pilt-loft-auto-truck-2-140x70-cm\/#breadcrumb\"},\"inLanguage\":\"et\",\"potentialAction\":[{\"@type\":\"ReadAction\",\"target\":[\"https:\/\/metaltale.com\/et\/toode\/3d-metallist-pilt-loft-auto-truck-2-140x70-cm\/\"]}]},{\"@type\":\"ImageObject\",\"inLanguage\":\"et\",\"@id\":\"https:\/\/metaltale.com\/et\/toode\/3d-metallist-pilt-loft-auto-truck-2-140x70-cm\/#primaryimage\",\"url\":\"https:\/\/metaltale.com\/wp-content\/uploads\/2023\/09\/3D-AUTO-SUNKVEx17DIMIS-2.jpg\",\"contentUrl\":\"https:\/\/metaltale.com\/wp-content\/uploads\/2023\/09\/3D-AUTO-SUNKVEx17DIMIS-2.jpg\",\"width\":800,\"height\":800},{\"@type\":\"BreadcrumbList\",\"@id\":\"https:\/\/metaltale.com\/et\/toode\/3d-metallist-pilt-loft-auto-truck-2-140x70-cm\/#breadcrumb\",\"itemListElement\":[{\"@type\":\"ListItem\",\"position\":1,\"name\":\"Home\",\"item\":\"https:\/\/metaltale.com\/et\/kodu\/\"},{\"@type\":\"ListItem\",\"position\":2,\"name\":\"Kauplus\",\"item\":\"https:\/\/metaltale.com\/et\/shop\/\"},{\"@type\":\"ListItem\",\"position\":3,\"name\":\"3D metallist pilt LOFT AUTO TRUCK 2 140&#215;70 cm\"}]},{\"@type\":\"WebSite\",\"@id\":\"https:\/\/metaltale.com\/et\/#website\",\"url\":\"https:\/\/metaltale.com\/et\/\",\"name\":\"Metaltale.com\",\"description\":\"\",\"potentialAction\":[{\"@type\":\"SearchAction\",\"target\":{\"@type\":\"EntryPoint\",\"urlTemplate\":\"https:\/\/metaltale.com\/et\/?s={search_term_string}\"},\"query-input\":{\"@type\":\"PropertyValueSpecification\",\"valueRequired\":true,\"valueName\":\"search_term_string\"}}],\"inLanguage\":\"et\"}]}<\/script>\n<!-- \/ Yoast SEO plugin. -->","yoast_head_json":{"title":"3D metallist pilt LOFT AUTO TRUCK 2 140x70 cm - MetalTale.com","robots":{"index":"index","follow":"follow","max-snippet":"max-snippet:-1","max-image-preview":"max-image-preview:large","max-video-preview":"max-video-preview:-1"},"canonical":"https:\/\/metaltale.com\/et\/toode\/3d-metallist-pilt-loft-auto-truck-2-140x70-cm\/","og_locale":"et_EE","og_type":"article","og_title":"3D metallist pilt LOFT AUTO TRUCK 2 140x70 cm - MetalTale.com","og_description":"Mudel PT. L20681 EAN. 5907772073773 Laius (cm) 140 K\u00f5rgus (cm) 70 Paksus (cm) 5 Materjal teras Orienteerimine Horisontaalne Motiiv Motoriseerimine","og_url":"https:\/\/metaltale.com\/et\/toode\/3d-metallist-pilt-loft-auto-truck-2-140x70-cm\/","og_site_name":"MetalTale.com","twitter_card":"summary_large_image","twitter_misc":{"Est. reading time":"1 minut"},"schema":{"@context":"https:\/\/schema.org","@graph":[{"@type":"WebPage","@id":"https:\/\/metaltale.com\/et\/toode\/3d-metallist-pilt-loft-auto-truck-2-140x70-cm\/","url":"https:\/\/metaltale.com\/et\/toode\/3d-metallist-pilt-loft-auto-truck-2-140x70-cm\/","name":"3D metallist pilt LOFT AUTO TRUCK 2 140x70 cm - MetalTale.com","isPartOf":{"@id":"https:\/\/metaltale.com\/et\/#website"},"primaryImageOfPage":{"@id":"https:\/\/metaltale.com\/et\/toode\/3d-metallist-pilt-loft-auto-truck-2-140x70-cm\/#primaryimage"},"image":{"@id":"https:\/\/metaltale.com\/et\/toode\/3d-metallist-pilt-loft-auto-truck-2-140x70-cm\/#primaryimage"},"thumbnailUrl":"https:\/\/metaltale.com\/wp-content\/uploads\/2023\/09\/3D-AUTO-SUNKVEx17DIMIS-2.jpg","datePublished":"2024-02-13T12:29:05+00:00","breadcrumb":{"@id":"https:\/\/metaltale.com\/et\/toode\/3d-metallist-pilt-loft-auto-truck-2-140x70-cm\/#breadcrumb"},"inLanguage":"et","potentialAction":[{"@type":"ReadAction","target":["https:\/\/metaltale.com\/et\/toode\/3d-metallist-pilt-loft-auto-truck-2-140x70-cm\/"]}]},{"@type":"ImageObject","inLanguage":"et","@id":"https:\/\/metaltale.com\/et\/toode\/3d-metallist-pilt-loft-auto-truck-2-140x70-cm\/#primaryimage","url":"https:\/\/metaltale.com\/wp-content\/uploads\/2023\/09\/3D-AUTO-SUNKVEx17DIMIS-2.jpg","contentUrl":"https:\/\/metaltale.com\/wp-content\/uploads\/2023\/09\/3D-AUTO-SUNKVEx17DIMIS-2.jpg","width":800,"height":800},{"@type":"BreadcrumbList","@id":"https:\/\/metaltale.com\/et\/toode\/3d-metallist-pilt-loft-auto-truck-2-140x70-cm\/#breadcrumb","itemListElement":[{"@type":"ListItem","position":1,"name":"Home","item":"https:\/\/metaltale.com\/et\/kodu\/"},{"@type":"ListItem","position":2,"name":"Kauplus","item":"https:\/\/metaltale.com\/et\/shop\/"},{"@type":"ListItem","position":3,"name":"3D metallist pilt LOFT AUTO TRUCK 2 140&#215;70 cm"}]},{"@type":"WebSite","@id":"https:\/\/metaltale.com\/et\/#website","url":"https:\/\/metaltale.com\/et\/","name":"Metaltale.com","description":"","potentialAction":[{"@type":"SearchAction","target":{"@type":"EntryPoint","urlTemplate":"https:\/\/metaltale.com\/et\/?s={search_term_string}"},"query-input":{"@type":"PropertyValueSpecification","valueRequired":true,"valueName":"search_term_string"}}],"inLanguage":"et"}]}},"_links":{"self":[{"href":"https:\/\/metaltale.com\/et\/wp-json\/wp\/v2\/product\/134163","targetHints":{"allow":["GET"]}}],"collection":[{"href":"https:\/\/metaltale.com\/et\/wp-json\/wp\/v2\/product"}],"about":[{"href":"https:\/\/metaltale.com\/et\/wp-json\/wp\/v2\/types\/product"}],"replies":[{"embeddable":true,"href":"https:\/\/metaltale.com\/et\/wp-json\/wp\/v2\/comments?post=134163"}],"version-history":[{"count":0,"href":"https:\/\/metaltale.com\/et\/wp-json\/wp\/v2\/product\/134163\/revisions"}],"wp:featuredmedia":[{"embeddable":true,"href":"https:\/\/metaltale.com\/et\/wp-json\/wp\/v2\/media\/69402"}],"wp:attachment":[{"href":"https:\/\/metaltale.com\/et\/wp-json\/wp\/v2\/media?parent=134163"}],"wp:term":[{"taxonomy":"product_brand","embeddable":true,"href":"https:\/\/metaltale.com\/et\/wp-json\/wp\/v2\/product_brand?post=134163"},{"taxonomy":"product_cat","embeddable":true,"href":"https:\/\/metaltale.com\/et\/wp-json\/wp\/v2\/product_cat?post=134163"},{"taxonomy":"product_tag","embeddable":true,"href":"https:\/\/metaltale.com\/et\/wp-json\/wp\/v2\/product_tag?post=134163"}],"curies":[{"name":"wp","href":"https:\/\/api.w.org\/{rel}","templated":true}]}}