{"id":134131,"date":"2024-02-13T14:29:05","date_gmt":"2024-02-13T12:29:05","guid":{"rendered":"https:\/\/metaltale.com\/produktas\/3d-metallist-pilt-loft-lunch-tower-100x100-cm\/"},"modified":"2024-02-13T14:29:05","modified_gmt":"2024-02-13T12:29:05","slug":"3d-metallist-pilt-loft-lunch-tower-100x100-cm","status":"publish","type":"product","link":"https:\/\/metaltale.com\/et\/toode\/3d-metallist-pilt-loft-lunch-tower-100x100-cm\/","title":{"rendered":"3D metallist pilt LOFT LUNCH TOWER 100&#215;100 cm"},"content":{"rendered":"<div class=\"prod_data\">\n<p><strong>Mudel<\/strong> PT. T130832<br \/>\n<strong>EAN.<\/strong>  5907772073384<br \/>\n<strong>Laius (cm)<\/strong> 100<br \/>\n<strong>K\u00f5rgus (cm)<\/strong> 100<br \/>\n<strong>Paksus (cm)<\/strong> 5<br \/>\n<strong>Materjal<\/strong> teras<br \/>\nOrienteerumine Universaalne<br \/>\n<strong>Motiiv<\/strong> Ehitised \/ ruumid , Inimesed<\/p>\n<p>&#8211; metall 3D kujutis, mis on valmistatud \u00fcmbert\u00f6\u00f6deldud terasest<br \/>\n&#8211; tegelikud v\u00e4ljaulatuvad osad<br \/>\n&#8211; v\u00e4rvid, mis on tekkinud v\u00e4rvi v\u00f5i loodusliku v\u00e4rvimuutuse ja korrosiooni tagaj\u00e4rjel<br \/>\n&#8211; impregneerimine l\u00e4bipaistva lakiga tagab v\u00e4rvi s\u00e4ilimise ja kriimustuskindluse.<br \/>\n&#8211; kuulus foto &#8220;Lunch on a Sinking Ship&#8221; (l\u00f5unas\u00f6\u00f6k uppuval laeval)<\/p>\n<hr>\n<p>Metallist ruumiline maal on t\u00f5eline kunstiteos, mis on oma kujunduses ainulaadne. Populaarse fotograafia kasutamine motiivina uuenduslike seinakattematerjalide loomiseks on julge samm, mis annab ainulaadse efekti. Kolmem\u00f5\u00f5tmelised inimfiguurid pilvel\u00f5hkujate graafika taustal n\u00e4evad v\u00e4ga realistlikud v\u00e4lja. T\u00f6\u00f6stuslikus stiilis disainilahendus sobib h\u00f5lpsasti loft-ruumidesse. Originaalne 3D viimistlus t\u00e4iendab paigutust \u00fche pildina, kuid ka Golf Skyscraperi mudeli seltsis. Korrosiooni kasutamine pildil domineeriva v\u00e4rvi saavutamiseks annab ainulaadse efekti. Lakik\u00fcllastus kaitseb viimistluspinda kahjustuste eest. S\u00fcgavama t\u00f6\u00f6stusliku stiili andmiseks on tahtlikult &#8220;liialdatud&#8221;, &#8220;maha&#8221; v\u00e4rvitud j\u00e4ljed, kriimustused jne. K\u00e4sitsi valmistatud, et tagada iga eseme ainulaadsus. Kunstiteose kinnitamine on v\u00f5imalik t\u00e4nu kaasasolevatele kinnitusklambritele. Metallist 3D-kujutis on kaunistus, mis l\u00f5hub mustreid, mis on samuti suurep\u00e4rane idee originaalseks kingituseks.<\/p>\n<\/div>\n","protected":false},"excerpt":{"rendered":"<p>Mudel PT. T130832 EAN. 5907772073384 Laius (cm) 100 K\u00f5rgus (cm) 100 Paksus (cm) 5 Materjal teras Orienteerumine Universaalne Motiiv Ehitised<\/p>\n","protected":false},"featured_media":69750,"comment_status":"open","ping_status":"closed","template":"","meta":{"_acf_changed":false,"pmpro_default_level":""},"product_brand":[],"product_cat":[23913,23895],"product_tag":[],"class_list":{"0":"post-134131","1":"product","2":"type-product","3":"status-publish","4":"has-post-thumbnail","6":"product_cat-3d-paveikslai-et","7":"product_cat-kaunistused","8":"pmpro-has-access","10":"first","11":"instock","12":"shipping-taxable","13":"purchasable","14":"product-type-simple"},"acf":[],"yoast_head":"<!-- This site is optimized with the Yoast SEO plugin v24.9 - https:\/\/yoast.com\/wordpress\/plugins\/seo\/ -->\n<title>3D metallist pilt LOFT LUNCH TOWER 100x100 cm - MetalTale.com<\/title>\n<meta name=\"robots\" content=\"index, follow, max-snippet:-1, max-image-preview:large, max-video-preview:-1\" \/>\n<link rel=\"canonical\" href=\"https:\/\/metaltale.com\/et\/toode\/3d-metallist-pilt-loft-lunch-tower-100x100-cm\/\" \/>\n<meta property=\"og:locale\" content=\"et_EE\" \/>\n<meta property=\"og:type\" content=\"article\" \/>\n<meta property=\"og:title\" content=\"3D metallist pilt LOFT LUNCH TOWER 100x100 cm - MetalTale.com\" \/>\n<meta property=\"og:description\" content=\"Mudel PT. T130832 EAN. 5907772073384 Laius (cm) 100 K\u00f5rgus (cm) 100 Paksus (cm) 5 Materjal teras Orienteerumine Universaalne Motiiv Ehitised\" \/>\n<meta property=\"og:url\" content=\"https:\/\/metaltale.com\/et\/toode\/3d-metallist-pilt-loft-lunch-tower-100x100-cm\/\" \/>\n<meta property=\"og:site_name\" content=\"MetalTale.com\" \/>\n<meta name=\"twitter:card\" content=\"summary_large_image\" \/>\n<meta name=\"twitter:label1\" content=\"Est. reading time\" \/>\n\t<meta name=\"twitter:data1\" content=\"1 minut\" \/>\n<script type=\"application\/ld+json\" class=\"yoast-schema-graph\">{\"@context\":\"https:\/\/schema.org\",\"@graph\":[{\"@type\":\"WebPage\",\"@id\":\"https:\/\/metaltale.com\/et\/toode\/3d-metallist-pilt-loft-lunch-tower-100x100-cm\/\",\"url\":\"https:\/\/metaltale.com\/et\/toode\/3d-metallist-pilt-loft-lunch-tower-100x100-cm\/\",\"name\":\"3D metallist pilt LOFT LUNCH TOWER 100x100 cm - MetalTale.com\",\"isPartOf\":{\"@id\":\"https:\/\/metaltale.com\/et\/#website\"},\"primaryImageOfPage\":{\"@id\":\"https:\/\/metaltale.com\/et\/toode\/3d-metallist-pilt-loft-lunch-tower-100x100-cm\/#primaryimage\"},\"image\":{\"@id\":\"https:\/\/metaltale.com\/et\/toode\/3d-metallist-pilt-loft-lunch-tower-100x100-cm\/#primaryimage\"},\"thumbnailUrl\":\"https:\/\/metaltale.com\/wp-content\/uploads\/2023\/09\/3D-PIETx172-DANGORAIx17DIO-VAIZDAS.jpg\",\"datePublished\":\"2024-02-13T12:29:05+00:00\",\"breadcrumb\":{\"@id\":\"https:\/\/metaltale.com\/et\/toode\/3d-metallist-pilt-loft-lunch-tower-100x100-cm\/#breadcrumb\"},\"inLanguage\":\"et\",\"potentialAction\":[{\"@type\":\"ReadAction\",\"target\":[\"https:\/\/metaltale.com\/et\/toode\/3d-metallist-pilt-loft-lunch-tower-100x100-cm\/\"]}]},{\"@type\":\"ImageObject\",\"inLanguage\":\"et\",\"@id\":\"https:\/\/metaltale.com\/et\/toode\/3d-metallist-pilt-loft-lunch-tower-100x100-cm\/#primaryimage\",\"url\":\"https:\/\/metaltale.com\/wp-content\/uploads\/2023\/09\/3D-PIETx172-DANGORAIx17DIO-VAIZDAS.jpg\",\"contentUrl\":\"https:\/\/metaltale.com\/wp-content\/uploads\/2023\/09\/3D-PIETx172-DANGORAIx17DIO-VAIZDAS.jpg\",\"width\":800,\"height\":800},{\"@type\":\"BreadcrumbList\",\"@id\":\"https:\/\/metaltale.com\/et\/toode\/3d-metallist-pilt-loft-lunch-tower-100x100-cm\/#breadcrumb\",\"itemListElement\":[{\"@type\":\"ListItem\",\"position\":1,\"name\":\"Home\",\"item\":\"https:\/\/metaltale.com\/et\/kodu\/\"},{\"@type\":\"ListItem\",\"position\":2,\"name\":\"Kauplus\",\"item\":\"https:\/\/metaltale.com\/et\/shop\/\"},{\"@type\":\"ListItem\",\"position\":3,\"name\":\"3D metallist pilt LOFT LUNCH TOWER 100&#215;100 cm\"}]},{\"@type\":\"WebSite\",\"@id\":\"https:\/\/metaltale.com\/et\/#website\",\"url\":\"https:\/\/metaltale.com\/et\/\",\"name\":\"Metaltale.com\",\"description\":\"\",\"potentialAction\":[{\"@type\":\"SearchAction\",\"target\":{\"@type\":\"EntryPoint\",\"urlTemplate\":\"https:\/\/metaltale.com\/et\/?s={search_term_string}\"},\"query-input\":{\"@type\":\"PropertyValueSpecification\",\"valueRequired\":true,\"valueName\":\"search_term_string\"}}],\"inLanguage\":\"et\"}]}<\/script>\n<!-- \/ Yoast SEO plugin. -->","yoast_head_json":{"title":"3D metallist pilt LOFT LUNCH TOWER 100x100 cm - MetalTale.com","robots":{"index":"index","follow":"follow","max-snippet":"max-snippet:-1","max-image-preview":"max-image-preview:large","max-video-preview":"max-video-preview:-1"},"canonical":"https:\/\/metaltale.com\/et\/toode\/3d-metallist-pilt-loft-lunch-tower-100x100-cm\/","og_locale":"et_EE","og_type":"article","og_title":"3D metallist pilt LOFT LUNCH TOWER 100x100 cm - MetalTale.com","og_description":"Mudel PT. T130832 EAN. 5907772073384 Laius (cm) 100 K\u00f5rgus (cm) 100 Paksus (cm) 5 Materjal teras Orienteerumine Universaalne Motiiv Ehitised","og_url":"https:\/\/metaltale.com\/et\/toode\/3d-metallist-pilt-loft-lunch-tower-100x100-cm\/","og_site_name":"MetalTale.com","twitter_card":"summary_large_image","twitter_misc":{"Est. reading time":"1 minut"},"schema":{"@context":"https:\/\/schema.org","@graph":[{"@type":"WebPage","@id":"https:\/\/metaltale.com\/et\/toode\/3d-metallist-pilt-loft-lunch-tower-100x100-cm\/","url":"https:\/\/metaltale.com\/et\/toode\/3d-metallist-pilt-loft-lunch-tower-100x100-cm\/","name":"3D metallist pilt LOFT LUNCH TOWER 100x100 cm - MetalTale.com","isPartOf":{"@id":"https:\/\/metaltale.com\/et\/#website"},"primaryImageOfPage":{"@id":"https:\/\/metaltale.com\/et\/toode\/3d-metallist-pilt-loft-lunch-tower-100x100-cm\/#primaryimage"},"image":{"@id":"https:\/\/metaltale.com\/et\/toode\/3d-metallist-pilt-loft-lunch-tower-100x100-cm\/#primaryimage"},"thumbnailUrl":"https:\/\/metaltale.com\/wp-content\/uploads\/2023\/09\/3D-PIETx172-DANGORAIx17DIO-VAIZDAS.jpg","datePublished":"2024-02-13T12:29:05+00:00","breadcrumb":{"@id":"https:\/\/metaltale.com\/et\/toode\/3d-metallist-pilt-loft-lunch-tower-100x100-cm\/#breadcrumb"},"inLanguage":"et","potentialAction":[{"@type":"ReadAction","target":["https:\/\/metaltale.com\/et\/toode\/3d-metallist-pilt-loft-lunch-tower-100x100-cm\/"]}]},{"@type":"ImageObject","inLanguage":"et","@id":"https:\/\/metaltale.com\/et\/toode\/3d-metallist-pilt-loft-lunch-tower-100x100-cm\/#primaryimage","url":"https:\/\/metaltale.com\/wp-content\/uploads\/2023\/09\/3D-PIETx172-DANGORAIx17DIO-VAIZDAS.jpg","contentUrl":"https:\/\/metaltale.com\/wp-content\/uploads\/2023\/09\/3D-PIETx172-DANGORAIx17DIO-VAIZDAS.jpg","width":800,"height":800},{"@type":"BreadcrumbList","@id":"https:\/\/metaltale.com\/et\/toode\/3d-metallist-pilt-loft-lunch-tower-100x100-cm\/#breadcrumb","itemListElement":[{"@type":"ListItem","position":1,"name":"Home","item":"https:\/\/metaltale.com\/et\/kodu\/"},{"@type":"ListItem","position":2,"name":"Kauplus","item":"https:\/\/metaltale.com\/et\/shop\/"},{"@type":"ListItem","position":3,"name":"3D metallist pilt LOFT LUNCH TOWER 100&#215;100 cm"}]},{"@type":"WebSite","@id":"https:\/\/metaltale.com\/et\/#website","url":"https:\/\/metaltale.com\/et\/","name":"Metaltale.com","description":"","potentialAction":[{"@type":"SearchAction","target":{"@type":"EntryPoint","urlTemplate":"https:\/\/metaltale.com\/et\/?s={search_term_string}"},"query-input":{"@type":"PropertyValueSpecification","valueRequired":true,"valueName":"search_term_string"}}],"inLanguage":"et"}]}},"_links":{"self":[{"href":"https:\/\/metaltale.com\/et\/wp-json\/wp\/v2\/product\/134131","targetHints":{"allow":["GET"]}}],"collection":[{"href":"https:\/\/metaltale.com\/et\/wp-json\/wp\/v2\/product"}],"about":[{"href":"https:\/\/metaltale.com\/et\/wp-json\/wp\/v2\/types\/product"}],"replies":[{"embeddable":true,"href":"https:\/\/metaltale.com\/et\/wp-json\/wp\/v2\/comments?post=134131"}],"version-history":[{"count":0,"href":"https:\/\/metaltale.com\/et\/wp-json\/wp\/v2\/product\/134131\/revisions"}],"wp:featuredmedia":[{"embeddable":true,"href":"https:\/\/metaltale.com\/et\/wp-json\/wp\/v2\/media\/69750"}],"wp:attachment":[{"href":"https:\/\/metaltale.com\/et\/wp-json\/wp\/v2\/media?parent=134131"}],"wp:term":[{"taxonomy":"product_brand","embeddable":true,"href":"https:\/\/metaltale.com\/et\/wp-json\/wp\/v2\/product_brand?post=134131"},{"taxonomy":"product_cat","embeddable":true,"href":"https:\/\/metaltale.com\/et\/wp-json\/wp\/v2\/product_cat?post=134131"},{"taxonomy":"product_tag","embeddable":true,"href":"https:\/\/metaltale.com\/et\/wp-json\/wp\/v2\/product_tag?post=134131"}],"curies":[{"name":"wp","href":"https:\/\/api.w.org\/{rel}","templated":true}]}}