{"id":134074,"date":"2024-02-13T13:17:08","date_gmt":"2024-02-13T11:17:08","guid":{"rendered":"https:\/\/metaltale.com\/produktas\/3d-metallist-pilt-loft-world-map-2-120x80-cm\/"},"modified":"2024-02-13T13:17:08","modified_gmt":"2024-02-13T11:17:08","slug":"3d-metallist-pilt-loft-world-map-2-120x80-cm","status":"publish","type":"product","link":"https:\/\/metaltale.com\/et\/toode\/3d-metallist-pilt-loft-world-map-2-120x80-cm\/","title":{"rendered":"3D metallist pilt LOFT WORLD MAP 2; 120&#215;80 cm"},"content":{"rendered":"<div class=\"prod_data\">\n<p><strong>Mudel<\/strong> PT. T140115<br \/>\n<strong>EAN.<\/strong>  5907772071922<br \/>\nOrienteerimine Horisontaalne<br \/>\nMotiiv Muu<br \/>\n<strong>Materjal<\/strong> teras<br \/>\n<strong>Paksus (cm)<\/strong> 5<br \/>\n<strong>Laius (cm)<\/strong> 120<br \/>\n<strong>K\u00f5rgus (cm)<\/strong> 80<\/p>\n<p>&#8211; ebatavaline kolmem\u00f5\u00f5tmeline kujutis, mis on valmistatud \u00fcmbert\u00f6\u00f6deldud terasest<br \/>\n&#8211; toode on selge 3D-efektiga<br \/>\n&#8211; kujutis on v\u00e4rvitud v\u00e4rviga ja kasutades terase loomulikku v\u00e4rvimuutust ja roostet.<br \/>\n&#8211; Impregneerimine l\u00e4bipaistva lakiga tagab \u00fcle keskmise v\u00e4rvip\u00fcsivuse.<\/p>\n<hr>\n<p>Metallist kolmem\u00f5\u00f5tmelised seinakaunistused on omamoodi revolutsioon ja garanteerivad iga interj\u00f6\u00f6ri t\u00f5elise muutuse. Sellisel kujul tehtud maalid j\u00e4tavad tohutu mulje ja neist ei saa \u00fcksk\u00f5ikselt m\u00f6\u00f6da minna. \u00dclaltoodud maailmakaardil olev parvepilt on loodud \u00fcmbert\u00f6\u00f6deldud terasest materjalidest. \u00d5igeid komponente ja rahulikke v\u00e4rve kasutades saab sellest t\u00f5eline kunstiteos. Lisaks traditsioonilistele v\u00e4rvidele kasutati pildi v\u00e4rvimiseks terasele omaseid loomulikke v\u00e4rvimuutusi. Kogu pind on kaetud l\u00e4bipaistva kihiga, mis tagab, et maal on aastaid teie interj\u00f6\u00f6ri pilkup\u00fc\u00fcdev lisa. 3D-pildid poe pakkumisest aadressil Rustykalneuchwyty.pl t\u00f5mbavad t\u00e4helepanu, muudavad interj\u00f6\u00f6ri, rikuvad mustreid. Need on ideaalne pakkumine unustamatuks kingituseks.<\/p>\n<hr>\n<\/div>\n","protected":false},"excerpt":{"rendered":"<p>Mudel PT. T140115 EAN. 5907772071922 Orienteerimine Horisontaalne Motiiv Muu Materjal teras Paksus (cm) 5 Laius (cm) 120 K\u00f5rgus (cm) 80<\/p>\n","protected":false},"featured_media":64983,"comment_status":"open","ping_status":"closed","template":"","meta":{"_acf_changed":false,"pmpro_default_level":""},"product_brand":[],"product_cat":[24209,23913,23895],"product_tag":[],"class_list":{"0":"post-134074","1":"product","2":"type-product","3":"status-publish","4":"has-post-thumbnail","6":"product_cat-seinakaardid","7":"product_cat-3d-paveikslai-et","8":"product_cat-kaunistused","9":"pmpro-has-access","11":"first","12":"instock","13":"shipping-taxable","14":"purchasable","15":"product-type-simple"},"acf":[],"yoast_head":"<!-- This site is optimized with the Yoast SEO plugin v24.9 - https:\/\/yoast.com\/wordpress\/plugins\/seo\/ -->\n<title>3D metallist pilt LOFT WORLD MAP 2; 120x80 cm - MetalTale.com<\/title>\n<meta name=\"robots\" content=\"index, follow, max-snippet:-1, max-image-preview:large, max-video-preview:-1\" \/>\n<link rel=\"canonical\" href=\"https:\/\/metaltale.com\/et\/toode\/3d-metallist-pilt-loft-world-map-2-120x80-cm\/\" \/>\n<meta property=\"og:locale\" content=\"et_EE\" \/>\n<meta property=\"og:type\" content=\"article\" \/>\n<meta property=\"og:title\" content=\"3D metallist pilt LOFT WORLD MAP 2; 120x80 cm - MetalTale.com\" \/>\n<meta property=\"og:description\" content=\"Mudel PT. T140115 EAN. 5907772071922 Orienteerimine Horisontaalne Motiiv Muu Materjal teras Paksus (cm) 5 Laius (cm) 120 K\u00f5rgus (cm) 80\" \/>\n<meta property=\"og:url\" content=\"https:\/\/metaltale.com\/et\/toode\/3d-metallist-pilt-loft-world-map-2-120x80-cm\/\" \/>\n<meta property=\"og:site_name\" content=\"MetalTale.com\" \/>\n<meta name=\"twitter:card\" content=\"summary_large_image\" \/>\n<meta name=\"twitter:label1\" content=\"Est. reading time\" \/>\n\t<meta name=\"twitter:data1\" content=\"1 minut\" \/>\n<script type=\"application\/ld+json\" class=\"yoast-schema-graph\">{\"@context\":\"https:\/\/schema.org\",\"@graph\":[{\"@type\":\"WebPage\",\"@id\":\"https:\/\/metaltale.com\/et\/toode\/3d-metallist-pilt-loft-world-map-2-120x80-cm\/\",\"url\":\"https:\/\/metaltale.com\/et\/toode\/3d-metallist-pilt-loft-world-map-2-120x80-cm\/\",\"name\":\"3D metallist pilt LOFT WORLD MAP 2; 120x80 cm - MetalTale.com\",\"isPartOf\":{\"@id\":\"https:\/\/metaltale.com\/et\/#website\"},\"primaryImageOfPage\":{\"@id\":\"https:\/\/metaltale.com\/et\/toode\/3d-metallist-pilt-loft-world-map-2-120x80-cm\/#primaryimage\"},\"image\":{\"@id\":\"https:\/\/metaltale.com\/et\/toode\/3d-metallist-pilt-loft-world-map-2-120x80-cm\/#primaryimage\"},\"thumbnailUrl\":\"https:\/\/metaltale.com\/wp-content\/uploads\/2023\/09\/3D-VAIZDO-PASAULIO-x17DEMx116LAPIS-2.jpg\",\"datePublished\":\"2024-02-13T11:17:08+00:00\",\"breadcrumb\":{\"@id\":\"https:\/\/metaltale.com\/et\/toode\/3d-metallist-pilt-loft-world-map-2-120x80-cm\/#breadcrumb\"},\"inLanguage\":\"et\",\"potentialAction\":[{\"@type\":\"ReadAction\",\"target\":[\"https:\/\/metaltale.com\/et\/toode\/3d-metallist-pilt-loft-world-map-2-120x80-cm\/\"]}]},{\"@type\":\"ImageObject\",\"inLanguage\":\"et\",\"@id\":\"https:\/\/metaltale.com\/et\/toode\/3d-metallist-pilt-loft-world-map-2-120x80-cm\/#primaryimage\",\"url\":\"https:\/\/metaltale.com\/wp-content\/uploads\/2023\/09\/3D-VAIZDO-PASAULIO-x17DEMx116LAPIS-2.jpg\",\"contentUrl\":\"https:\/\/metaltale.com\/wp-content\/uploads\/2023\/09\/3D-VAIZDO-PASAULIO-x17DEMx116LAPIS-2.jpg\",\"width\":800,\"height\":800},{\"@type\":\"BreadcrumbList\",\"@id\":\"https:\/\/metaltale.com\/et\/toode\/3d-metallist-pilt-loft-world-map-2-120x80-cm\/#breadcrumb\",\"itemListElement\":[{\"@type\":\"ListItem\",\"position\":1,\"name\":\"Home\",\"item\":\"https:\/\/metaltale.com\/et\/kodu\/\"},{\"@type\":\"ListItem\",\"position\":2,\"name\":\"Kauplus\",\"item\":\"https:\/\/metaltale.com\/et\/shop\/\"},{\"@type\":\"ListItem\",\"position\":3,\"name\":\"3D metallist pilt LOFT WORLD MAP 2; 120&#215;80 cm\"}]},{\"@type\":\"WebSite\",\"@id\":\"https:\/\/metaltale.com\/et\/#website\",\"url\":\"https:\/\/metaltale.com\/et\/\",\"name\":\"Metaltale.com\",\"description\":\"\",\"potentialAction\":[{\"@type\":\"SearchAction\",\"target\":{\"@type\":\"EntryPoint\",\"urlTemplate\":\"https:\/\/metaltale.com\/et\/?s={search_term_string}\"},\"query-input\":{\"@type\":\"PropertyValueSpecification\",\"valueRequired\":true,\"valueName\":\"search_term_string\"}}],\"inLanguage\":\"et\"}]}<\/script>\n<!-- \/ Yoast SEO plugin. -->","yoast_head_json":{"title":"3D metallist pilt LOFT WORLD MAP 2; 120x80 cm - MetalTale.com","robots":{"index":"index","follow":"follow","max-snippet":"max-snippet:-1","max-image-preview":"max-image-preview:large","max-video-preview":"max-video-preview:-1"},"canonical":"https:\/\/metaltale.com\/et\/toode\/3d-metallist-pilt-loft-world-map-2-120x80-cm\/","og_locale":"et_EE","og_type":"article","og_title":"3D metallist pilt LOFT WORLD MAP 2; 120x80 cm - MetalTale.com","og_description":"Mudel PT. T140115 EAN. 5907772071922 Orienteerimine Horisontaalne Motiiv Muu Materjal teras Paksus (cm) 5 Laius (cm) 120 K\u00f5rgus (cm) 80","og_url":"https:\/\/metaltale.com\/et\/toode\/3d-metallist-pilt-loft-world-map-2-120x80-cm\/","og_site_name":"MetalTale.com","twitter_card":"summary_large_image","twitter_misc":{"Est. reading time":"1 minut"},"schema":{"@context":"https:\/\/schema.org","@graph":[{"@type":"WebPage","@id":"https:\/\/metaltale.com\/et\/toode\/3d-metallist-pilt-loft-world-map-2-120x80-cm\/","url":"https:\/\/metaltale.com\/et\/toode\/3d-metallist-pilt-loft-world-map-2-120x80-cm\/","name":"3D metallist pilt LOFT WORLD MAP 2; 120x80 cm - MetalTale.com","isPartOf":{"@id":"https:\/\/metaltale.com\/et\/#website"},"primaryImageOfPage":{"@id":"https:\/\/metaltale.com\/et\/toode\/3d-metallist-pilt-loft-world-map-2-120x80-cm\/#primaryimage"},"image":{"@id":"https:\/\/metaltale.com\/et\/toode\/3d-metallist-pilt-loft-world-map-2-120x80-cm\/#primaryimage"},"thumbnailUrl":"https:\/\/metaltale.com\/wp-content\/uploads\/2023\/09\/3D-VAIZDO-PASAULIO-x17DEMx116LAPIS-2.jpg","datePublished":"2024-02-13T11:17:08+00:00","breadcrumb":{"@id":"https:\/\/metaltale.com\/et\/toode\/3d-metallist-pilt-loft-world-map-2-120x80-cm\/#breadcrumb"},"inLanguage":"et","potentialAction":[{"@type":"ReadAction","target":["https:\/\/metaltale.com\/et\/toode\/3d-metallist-pilt-loft-world-map-2-120x80-cm\/"]}]},{"@type":"ImageObject","inLanguage":"et","@id":"https:\/\/metaltale.com\/et\/toode\/3d-metallist-pilt-loft-world-map-2-120x80-cm\/#primaryimage","url":"https:\/\/metaltale.com\/wp-content\/uploads\/2023\/09\/3D-VAIZDO-PASAULIO-x17DEMx116LAPIS-2.jpg","contentUrl":"https:\/\/metaltale.com\/wp-content\/uploads\/2023\/09\/3D-VAIZDO-PASAULIO-x17DEMx116LAPIS-2.jpg","width":800,"height":800},{"@type":"BreadcrumbList","@id":"https:\/\/metaltale.com\/et\/toode\/3d-metallist-pilt-loft-world-map-2-120x80-cm\/#breadcrumb","itemListElement":[{"@type":"ListItem","position":1,"name":"Home","item":"https:\/\/metaltale.com\/et\/kodu\/"},{"@type":"ListItem","position":2,"name":"Kauplus","item":"https:\/\/metaltale.com\/et\/shop\/"},{"@type":"ListItem","position":3,"name":"3D metallist pilt LOFT WORLD MAP 2; 120&#215;80 cm"}]},{"@type":"WebSite","@id":"https:\/\/metaltale.com\/et\/#website","url":"https:\/\/metaltale.com\/et\/","name":"Metaltale.com","description":"","potentialAction":[{"@type":"SearchAction","target":{"@type":"EntryPoint","urlTemplate":"https:\/\/metaltale.com\/et\/?s={search_term_string}"},"query-input":{"@type":"PropertyValueSpecification","valueRequired":true,"valueName":"search_term_string"}}],"inLanguage":"et"}]}},"_links":{"self":[{"href":"https:\/\/metaltale.com\/et\/wp-json\/wp\/v2\/product\/134074","targetHints":{"allow":["GET"]}}],"collection":[{"href":"https:\/\/metaltale.com\/et\/wp-json\/wp\/v2\/product"}],"about":[{"href":"https:\/\/metaltale.com\/et\/wp-json\/wp\/v2\/types\/product"}],"replies":[{"embeddable":true,"href":"https:\/\/metaltale.com\/et\/wp-json\/wp\/v2\/comments?post=134074"}],"version-history":[{"count":0,"href":"https:\/\/metaltale.com\/et\/wp-json\/wp\/v2\/product\/134074\/revisions"}],"wp:featuredmedia":[{"embeddable":true,"href":"https:\/\/metaltale.com\/et\/wp-json\/wp\/v2\/media\/64983"}],"wp:attachment":[{"href":"https:\/\/metaltale.com\/et\/wp-json\/wp\/v2\/media?parent=134074"}],"wp:term":[{"taxonomy":"product_brand","embeddable":true,"href":"https:\/\/metaltale.com\/et\/wp-json\/wp\/v2\/product_brand?post=134074"},{"taxonomy":"product_cat","embeddable":true,"href":"https:\/\/metaltale.com\/et\/wp-json\/wp\/v2\/product_cat?post=134074"},{"taxonomy":"product_tag","embeddable":true,"href":"https:\/\/metaltale.com\/et\/wp-json\/wp\/v2\/product_tag?post=134074"}],"curies":[{"name":"wp","href":"https:\/\/api.w.org\/{rel}","templated":true}]}}