{"id":134059,"date":"2024-02-13T15:01:05","date_gmt":"2024-02-13T13:01:05","guid":{"rendered":"https:\/\/metaltale.com\/produktas\/3d-metallitrukk-loft-dancing-parael-1-80x120-cm\/"},"modified":"2024-02-13T15:01:05","modified_gmt":"2024-02-13T13:01:05","slug":"3d-metallitrukk-loft-dancing-parael-1-80x120-cm","status":"publish","type":"product","link":"https:\/\/metaltale.com\/et\/toode\/3d-metallitrukk-loft-dancing-parael-1-80x120-cm\/","title":{"rendered":"3D metallitr\u00fckk LOFT DANCING PARAEL 1 80&#215;120 cm"},"content":{"rendered":"<div class=\"prod_data\">\n<p><strong>Mudel<\/strong> PT. G120929<br \/>\n<strong>EAN.<\/strong>  5907772074862<br \/>\n<strong>Laius (cm)<\/strong> 80<br \/>\n<strong>K\u00f5rgus (cm)<\/strong> 120<br \/>\n<strong>Paksus (cm)<\/strong> 6<br \/>\n<strong>Materjal<\/strong> teras<br \/>\nKujundid Ristk\u00fclikukujuline<br \/>\nOrienteerimine Vertikaalne<br \/>\nMotiiv inimesed<\/p>\n<p>&#8211; metall 3D kujutis, mis on valmistatud \u00fcmbert\u00f6\u00f6deldud terasest<br \/>\n&#8211; Ehtsad \u00fcleulatuvused , mis annavad uimastava kolmem\u00f5\u00f5tmelise efekti.<br \/>\n&#8211; v\u00e4rvid, mis on tekkinud v\u00e4rvi v\u00f5i loodusliku v\u00e4rvimuutuse ja korrosiooni tagaj\u00e4rjel<br \/>\n&#8211; impregneerimine l\u00e4bipaistva lakiga tagab v\u00e4rvi s\u00e4ilimise ja kriimustuskindluse.<br \/>\n&#8211; pildil on tantsiv paar<\/p>\n<hr>\n<p>3D-maal on t\u00f5esti v\u00e4ike kunstiteos. See on valmistatud \u00fcmbert\u00f6\u00f6deldud terasest ja sellel on terase loomulik v\u00e4rvimuutus. N\u00f5rkade v\u00e4rvide kasutamine koos \u00fche tugeva aktsendiv\u00e4rviga, antud juhul sinisega, annab pildile iseloomu. Kolmem\u00f5\u00f5tmeline maastik kujutab tantsivat paari ning kui me vaatame maali, n\u00e4eme paari harmooniat ja graatsia. N\u00e4htavad kriimustused ja &#8220;langenud&#8221; v\u00e4rvi j\u00e4ljed r\u00f5hutavad valmis p\u00f6\u00f6ningu stiili. Kolmem\u00f5\u00f5tmelised maalid t\u00f5mbavad t\u00e4helepanu, elavdavad ja r\u00f5hutavad kaunistatud interj\u00f6\u00f6ri iseloomu. K\u00e4sitsi valmistatud, et tagada iga eseme ainulaadsus. Kunstiteose kinnitamine on v\u00f5imalik t\u00e4nu kaasasolevatele kinnitusklambritele.<\/p>\n<\/div>\n","protected":false},"excerpt":{"rendered":"<p>Mudel PT. G120929 EAN. 5907772074862 Laius (cm) 80 K\u00f5rgus (cm) 120 Paksus (cm) 6 Materjal teras Kujundid Ristk\u00fclikukujuline Orienteerimine Vertikaalne<\/p>\n","protected":false},"featured_media":103172,"comment_status":"open","ping_status":"closed","template":"","meta":{"_acf_changed":false,"pmpro_default_level":""},"product_brand":[],"product_cat":[23913,23895],"product_tag":[],"class_list":{"0":"post-134059","1":"product","2":"type-product","3":"status-publish","4":"has-post-thumbnail","6":"product_cat-3d-paveikslai-et","7":"product_cat-kaunistused","8":"pmpro-has-access","10":"first","11":"instock","12":"shipping-taxable","13":"purchasable","14":"product-type-simple"},"acf":[],"yoast_head":"<!-- This site is optimized with the Yoast SEO plugin v24.9 - https:\/\/yoast.com\/wordpress\/plugins\/seo\/ -->\n<title>3D metallitr\u00fckk LOFT DANCING PARAEL 1 80x120 cm - MetalTale.com<\/title>\n<meta name=\"robots\" content=\"index, follow, max-snippet:-1, max-image-preview:large, max-video-preview:-1\" \/>\n<link rel=\"canonical\" href=\"https:\/\/metaltale.com\/et\/toode\/3d-metallitrukk-loft-dancing-parael-1-80x120-cm\/\" \/>\n<meta property=\"og:locale\" content=\"et_EE\" \/>\n<meta property=\"og:type\" content=\"article\" \/>\n<meta property=\"og:title\" content=\"3D metallitr\u00fckk LOFT DANCING PARAEL 1 80x120 cm - MetalTale.com\" \/>\n<meta property=\"og:description\" content=\"Mudel PT. G120929 EAN. 5907772074862 Laius (cm) 80 K\u00f5rgus (cm) 120 Paksus (cm) 6 Materjal teras Kujundid Ristk\u00fclikukujuline Orienteerimine Vertikaalne\" \/>\n<meta property=\"og:url\" content=\"https:\/\/metaltale.com\/et\/toode\/3d-metallitrukk-loft-dancing-parael-1-80x120-cm\/\" \/>\n<meta property=\"og:site_name\" content=\"MetalTale.com\" \/>\n<meta property=\"og:image\" content=\"http:\/\/metaltale.com\/wp-content\/uploads\/2023\/11\/3D-vaizdas-LOFTO-x160OKIx172-PORA-1.jpg\" \/>\n\t<meta property=\"og:image:width\" content=\"800\" \/>\n\t<meta property=\"og:image:height\" content=\"800\" \/>\n\t<meta property=\"og:image:type\" content=\"image\/jpeg\" \/>\n<meta name=\"twitter:card\" content=\"summary_large_image\" \/>\n<meta name=\"twitter:label1\" content=\"Est. reading time\" \/>\n\t<meta name=\"twitter:data1\" content=\"1 minut\" \/>\n<script type=\"application\/ld+json\" class=\"yoast-schema-graph\">{\"@context\":\"https:\/\/schema.org\",\"@graph\":[{\"@type\":\"WebPage\",\"@id\":\"https:\/\/metaltale.com\/et\/toode\/3d-metallitrukk-loft-dancing-parael-1-80x120-cm\/\",\"url\":\"https:\/\/metaltale.com\/et\/toode\/3d-metallitrukk-loft-dancing-parael-1-80x120-cm\/\",\"name\":\"3D metallitr\u00fckk LOFT DANCING PARAEL 1 80x120 cm - MetalTale.com\",\"isPartOf\":{\"@id\":\"https:\/\/metaltale.com\/et\/#website\"},\"primaryImageOfPage\":{\"@id\":\"https:\/\/metaltale.com\/et\/toode\/3d-metallitrukk-loft-dancing-parael-1-80x120-cm\/#primaryimage\"},\"image\":{\"@id\":\"https:\/\/metaltale.com\/et\/toode\/3d-metallitrukk-loft-dancing-parael-1-80x120-cm\/#primaryimage\"},\"thumbnailUrl\":\"https:\/\/metaltale.com\/wp-content\/uploads\/2023\/11\/3D-vaizdas-LOFTO-x160OKIx172-PORA-1.jpg\",\"datePublished\":\"2024-02-13T13:01:05+00:00\",\"breadcrumb\":{\"@id\":\"https:\/\/metaltale.com\/et\/toode\/3d-metallitrukk-loft-dancing-parael-1-80x120-cm\/#breadcrumb\"},\"inLanguage\":\"et\",\"potentialAction\":[{\"@type\":\"ReadAction\",\"target\":[\"https:\/\/metaltale.com\/et\/toode\/3d-metallitrukk-loft-dancing-parael-1-80x120-cm\/\"]}]},{\"@type\":\"ImageObject\",\"inLanguage\":\"et\",\"@id\":\"https:\/\/metaltale.com\/et\/toode\/3d-metallitrukk-loft-dancing-parael-1-80x120-cm\/#primaryimage\",\"url\":\"https:\/\/metaltale.com\/wp-content\/uploads\/2023\/11\/3D-vaizdas-LOFTO-x160OKIx172-PORA-1.jpg\",\"contentUrl\":\"https:\/\/metaltale.com\/wp-content\/uploads\/2023\/11\/3D-vaizdas-LOFTO-x160OKIx172-PORA-1.jpg\",\"width\":800,\"height\":800},{\"@type\":\"BreadcrumbList\",\"@id\":\"https:\/\/metaltale.com\/et\/toode\/3d-metallitrukk-loft-dancing-parael-1-80x120-cm\/#breadcrumb\",\"itemListElement\":[{\"@type\":\"ListItem\",\"position\":1,\"name\":\"Home\",\"item\":\"https:\/\/metaltale.com\/et\/kodu\/\"},{\"@type\":\"ListItem\",\"position\":2,\"name\":\"Kauplus\",\"item\":\"https:\/\/metaltale.com\/et\/shop\/\"},{\"@type\":\"ListItem\",\"position\":3,\"name\":\"3D metallitr\u00fckk LOFT DANCING PARAEL 1 80&#215;120 cm\"}]},{\"@type\":\"WebSite\",\"@id\":\"https:\/\/metaltale.com\/et\/#website\",\"url\":\"https:\/\/metaltale.com\/et\/\",\"name\":\"Metaltale.com\",\"description\":\"\",\"potentialAction\":[{\"@type\":\"SearchAction\",\"target\":{\"@type\":\"EntryPoint\",\"urlTemplate\":\"https:\/\/metaltale.com\/et\/?s={search_term_string}\"},\"query-input\":{\"@type\":\"PropertyValueSpecification\",\"valueRequired\":true,\"valueName\":\"search_term_string\"}}],\"inLanguage\":\"et\"}]}<\/script>\n<!-- \/ Yoast SEO plugin. -->","yoast_head_json":{"title":"3D metallitr\u00fckk LOFT DANCING PARAEL 1 80x120 cm - MetalTale.com","robots":{"index":"index","follow":"follow","max-snippet":"max-snippet:-1","max-image-preview":"max-image-preview:large","max-video-preview":"max-video-preview:-1"},"canonical":"https:\/\/metaltale.com\/et\/toode\/3d-metallitrukk-loft-dancing-parael-1-80x120-cm\/","og_locale":"et_EE","og_type":"article","og_title":"3D metallitr\u00fckk LOFT DANCING PARAEL 1 80x120 cm - MetalTale.com","og_description":"Mudel PT. G120929 EAN. 5907772074862 Laius (cm) 80 K\u00f5rgus (cm) 120 Paksus (cm) 6 Materjal teras Kujundid Ristk\u00fclikukujuline Orienteerimine Vertikaalne","og_url":"https:\/\/metaltale.com\/et\/toode\/3d-metallitrukk-loft-dancing-parael-1-80x120-cm\/","og_site_name":"MetalTale.com","og_image":[{"width":800,"height":800,"url":"http:\/\/metaltale.com\/wp-content\/uploads\/2023\/11\/3D-vaizdas-LOFTO-x160OKIx172-PORA-1.jpg","type":"image\/jpeg"}],"twitter_card":"summary_large_image","twitter_misc":{"Est. reading time":"1 minut"},"schema":{"@context":"https:\/\/schema.org","@graph":[{"@type":"WebPage","@id":"https:\/\/metaltale.com\/et\/toode\/3d-metallitrukk-loft-dancing-parael-1-80x120-cm\/","url":"https:\/\/metaltale.com\/et\/toode\/3d-metallitrukk-loft-dancing-parael-1-80x120-cm\/","name":"3D metallitr\u00fckk LOFT DANCING PARAEL 1 80x120 cm - MetalTale.com","isPartOf":{"@id":"https:\/\/metaltale.com\/et\/#website"},"primaryImageOfPage":{"@id":"https:\/\/metaltale.com\/et\/toode\/3d-metallitrukk-loft-dancing-parael-1-80x120-cm\/#primaryimage"},"image":{"@id":"https:\/\/metaltale.com\/et\/toode\/3d-metallitrukk-loft-dancing-parael-1-80x120-cm\/#primaryimage"},"thumbnailUrl":"https:\/\/metaltale.com\/wp-content\/uploads\/2023\/11\/3D-vaizdas-LOFTO-x160OKIx172-PORA-1.jpg","datePublished":"2024-02-13T13:01:05+00:00","breadcrumb":{"@id":"https:\/\/metaltale.com\/et\/toode\/3d-metallitrukk-loft-dancing-parael-1-80x120-cm\/#breadcrumb"},"inLanguage":"et","potentialAction":[{"@type":"ReadAction","target":["https:\/\/metaltale.com\/et\/toode\/3d-metallitrukk-loft-dancing-parael-1-80x120-cm\/"]}]},{"@type":"ImageObject","inLanguage":"et","@id":"https:\/\/metaltale.com\/et\/toode\/3d-metallitrukk-loft-dancing-parael-1-80x120-cm\/#primaryimage","url":"https:\/\/metaltale.com\/wp-content\/uploads\/2023\/11\/3D-vaizdas-LOFTO-x160OKIx172-PORA-1.jpg","contentUrl":"https:\/\/metaltale.com\/wp-content\/uploads\/2023\/11\/3D-vaizdas-LOFTO-x160OKIx172-PORA-1.jpg","width":800,"height":800},{"@type":"BreadcrumbList","@id":"https:\/\/metaltale.com\/et\/toode\/3d-metallitrukk-loft-dancing-parael-1-80x120-cm\/#breadcrumb","itemListElement":[{"@type":"ListItem","position":1,"name":"Home","item":"https:\/\/metaltale.com\/et\/kodu\/"},{"@type":"ListItem","position":2,"name":"Kauplus","item":"https:\/\/metaltale.com\/et\/shop\/"},{"@type":"ListItem","position":3,"name":"3D metallitr\u00fckk LOFT DANCING PARAEL 1 80&#215;120 cm"}]},{"@type":"WebSite","@id":"https:\/\/metaltale.com\/et\/#website","url":"https:\/\/metaltale.com\/et\/","name":"Metaltale.com","description":"","potentialAction":[{"@type":"SearchAction","target":{"@type":"EntryPoint","urlTemplate":"https:\/\/metaltale.com\/et\/?s={search_term_string}"},"query-input":{"@type":"PropertyValueSpecification","valueRequired":true,"valueName":"search_term_string"}}],"inLanguage":"et"}]}},"_links":{"self":[{"href":"https:\/\/metaltale.com\/et\/wp-json\/wp\/v2\/product\/134059","targetHints":{"allow":["GET"]}}],"collection":[{"href":"https:\/\/metaltale.com\/et\/wp-json\/wp\/v2\/product"}],"about":[{"href":"https:\/\/metaltale.com\/et\/wp-json\/wp\/v2\/types\/product"}],"replies":[{"embeddable":true,"href":"https:\/\/metaltale.com\/et\/wp-json\/wp\/v2\/comments?post=134059"}],"version-history":[{"count":0,"href":"https:\/\/metaltale.com\/et\/wp-json\/wp\/v2\/product\/134059\/revisions"}],"wp:featuredmedia":[{"embeddable":true,"href":"https:\/\/metaltale.com\/et\/wp-json\/wp\/v2\/media\/103172"}],"wp:attachment":[{"href":"https:\/\/metaltale.com\/et\/wp-json\/wp\/v2\/media?parent=134059"}],"wp:term":[{"taxonomy":"product_brand","embeddable":true,"href":"https:\/\/metaltale.com\/et\/wp-json\/wp\/v2\/product_brand?post=134059"},{"taxonomy":"product_cat","embeddable":true,"href":"https:\/\/metaltale.com\/et\/wp-json\/wp\/v2\/product_cat?post=134059"},{"taxonomy":"product_tag","embeddable":true,"href":"https:\/\/metaltale.com\/et\/wp-json\/wp\/v2\/product_tag?post=134059"}],"curies":[{"name":"wp","href":"https:\/\/api.w.org\/{rel}","templated":true}]}}