{"id":134048,"date":"2024-02-13T13:17:08","date_gmt":"2024-02-13T11:17:08","guid":{"rendered":"https:\/\/metaltale.com\/produktas\/3d-metallitrukk-loft-motor-2-70x140-cm\/"},"modified":"2024-02-13T13:17:08","modified_gmt":"2024-02-13T11:17:08","slug":"3d-metallitrukk-loft-motor-2-70x140-cm","status":"publish","type":"product","link":"https:\/\/metaltale.com\/et\/toode\/3d-metallitrukk-loft-motor-2-70x140-cm\/","title":{"rendered":"3D metallitr\u00fckk LOFT MOTOR 2; 70&#215;140 cm"},"content":{"rendered":"<div class=\"prod_data\">\n<p><strong>Mudel<\/strong> PT. G120904<br \/>\n<strong>EAN.<\/strong>  5907772071861<br \/>\nOrienteerimine Vertikaalne<br \/>\nMotiiv Motoriseerimine<br \/>\n<strong>Materjal<\/strong> teras<br \/>\n<strong>Paksus (cm)<\/strong> 7<br \/>\n<strong>Laius (cm)<\/strong> 70<br \/>\n<strong>K\u00f5rgus (cm)<\/strong> 140<\/p>\n<p>&#8211; ebatavaline kolmem\u00f5\u00f5tmeline kujutis, mis on valmistatud \u00fcmbert\u00f6\u00f6deldud terasest<br \/>\n&#8211; toode on selge 3D-efektiga<br \/>\n&#8211; kujutis on v\u00e4rvitud v\u00e4rviga ja kasutades terase loomulikku v\u00e4rvimuutust ja roostet.<br \/>\n&#8211; Impregneerimine l\u00e4bipaistva lakiga tagab \u00fcle keskmise v\u00e4rvip\u00fcsivuse.<\/p>\n<hr>\n<p>Kolmem\u00f5\u00f5tmelised maalid on ideaalne kingiidee, mis kaunistavad teie interj\u00f6\u00f6ri aastaid ja tekitavad sooje m\u00e4lestusi. Avarad, t\u00f6\u00f6stuslikud, mannekeenide p\u00f5him\u00f5tete j\u00e4rgi valmistatud dekoratsioonid ei lase teil \u00fcksk\u00f5ikselt \u00fcksteisest m\u00f6\u00f6da minna. Need t\u00f5mbavad t\u00e4helepanu, elavdavad, lisavad v\u00f5i r\u00f5hutavad interj\u00f6\u00f6ri iseloomu. 3D-maalid on t\u00f5elised kunstiteosed, millel on k\u00e4sitsi valmistatud viimistlus, terase loomulik v\u00e4rvimuutus ja rikkalikult dekoratiivseid detaile, mis on traditsioonilises maalikunstis v\u00f5rratu.<\/p>\n<hr>\n<\/div>\n","protected":false},"excerpt":{"rendered":"<p>Mudel PT. G120904 EAN. 5907772071861 Orienteerimine Vertikaalne Motiiv Motoriseerimine Materjal teras Paksus (cm) 7 Laius (cm) 70 K\u00f5rgus (cm) 140<\/p>\n","protected":false},"featured_media":65073,"comment_status":"open","ping_status":"closed","template":"","meta":{"_acf_changed":false,"pmpro_default_level":""},"product_brand":[],"product_cat":[23913,23895],"product_tag":[],"class_list":{"0":"post-134048","1":"product","2":"type-product","3":"status-publish","4":"has-post-thumbnail","6":"product_cat-3d-paveikslai-et","7":"product_cat-kaunistused","8":"pmpro-has-access","10":"first","11":"instock","12":"shipping-taxable","13":"purchasable","14":"product-type-simple"},"acf":[],"yoast_head":"<!-- This site is optimized with the Yoast SEO plugin v24.9 - https:\/\/yoast.com\/wordpress\/plugins\/seo\/ -->\n<title>3D metallitr\u00fckk LOFT MOTOR 2; 70x140 cm - MetalTale.com<\/title>\n<meta name=\"robots\" content=\"index, follow, max-snippet:-1, max-image-preview:large, max-video-preview:-1\" \/>\n<link rel=\"canonical\" href=\"https:\/\/metaltale.com\/et\/toode\/3d-metallitrukk-loft-motor-2-70x140-cm\/\" \/>\n<meta property=\"og:locale\" content=\"et_EE\" \/>\n<meta property=\"og:type\" content=\"article\" \/>\n<meta property=\"og:title\" content=\"3D metallitr\u00fckk LOFT MOTOR 2; 70x140 cm - MetalTale.com\" \/>\n<meta property=\"og:description\" content=\"Mudel PT. G120904 EAN. 5907772071861 Orienteerimine Vertikaalne Motiiv Motoriseerimine Materjal teras Paksus (cm) 7 Laius (cm) 70 K\u00f5rgus (cm) 140\" \/>\n<meta property=\"og:url\" content=\"https:\/\/metaltale.com\/et\/toode\/3d-metallitrukk-loft-motor-2-70x140-cm\/\" \/>\n<meta property=\"og:site_name\" content=\"MetalTale.com\" \/>\n<meta property=\"og:image\" content=\"http:\/\/metaltale.com\/wp-content\/uploads\/2023\/09\/3D-vaizdas-MOTOR-2.jpg\" \/>\n\t<meta property=\"og:image:width\" content=\"800\" \/>\n\t<meta property=\"og:image:height\" content=\"800\" \/>\n\t<meta property=\"og:image:type\" content=\"image\/jpeg\" \/>\n<meta name=\"twitter:card\" content=\"summary_large_image\" \/>\n<meta name=\"twitter:label1\" content=\"Est. reading time\" \/>\n\t<meta name=\"twitter:data1\" content=\"1 minut\" \/>\n<script type=\"application\/ld+json\" class=\"yoast-schema-graph\">{\"@context\":\"https:\/\/schema.org\",\"@graph\":[{\"@type\":\"WebPage\",\"@id\":\"https:\/\/metaltale.com\/et\/toode\/3d-metallitrukk-loft-motor-2-70x140-cm\/\",\"url\":\"https:\/\/metaltale.com\/et\/toode\/3d-metallitrukk-loft-motor-2-70x140-cm\/\",\"name\":\"3D metallitr\u00fckk LOFT MOTOR 2; 70x140 cm - MetalTale.com\",\"isPartOf\":{\"@id\":\"https:\/\/metaltale.com\/et\/#website\"},\"primaryImageOfPage\":{\"@id\":\"https:\/\/metaltale.com\/et\/toode\/3d-metallitrukk-loft-motor-2-70x140-cm\/#primaryimage\"},\"image\":{\"@id\":\"https:\/\/metaltale.com\/et\/toode\/3d-metallitrukk-loft-motor-2-70x140-cm\/#primaryimage\"},\"thumbnailUrl\":\"https:\/\/metaltale.com\/wp-content\/uploads\/2023\/09\/3D-vaizdas-MOTOR-2.jpg\",\"datePublished\":\"2024-02-13T11:17:08+00:00\",\"breadcrumb\":{\"@id\":\"https:\/\/metaltale.com\/et\/toode\/3d-metallitrukk-loft-motor-2-70x140-cm\/#breadcrumb\"},\"inLanguage\":\"et\",\"potentialAction\":[{\"@type\":\"ReadAction\",\"target\":[\"https:\/\/metaltale.com\/et\/toode\/3d-metallitrukk-loft-motor-2-70x140-cm\/\"]}]},{\"@type\":\"ImageObject\",\"inLanguage\":\"et\",\"@id\":\"https:\/\/metaltale.com\/et\/toode\/3d-metallitrukk-loft-motor-2-70x140-cm\/#primaryimage\",\"url\":\"https:\/\/metaltale.com\/wp-content\/uploads\/2023\/09\/3D-vaizdas-MOTOR-2.jpg\",\"contentUrl\":\"https:\/\/metaltale.com\/wp-content\/uploads\/2023\/09\/3D-vaizdas-MOTOR-2.jpg\",\"width\":800,\"height\":800},{\"@type\":\"BreadcrumbList\",\"@id\":\"https:\/\/metaltale.com\/et\/toode\/3d-metallitrukk-loft-motor-2-70x140-cm\/#breadcrumb\",\"itemListElement\":[{\"@type\":\"ListItem\",\"position\":1,\"name\":\"Home\",\"item\":\"https:\/\/metaltale.com\/et\/kodu\/\"},{\"@type\":\"ListItem\",\"position\":2,\"name\":\"Kauplus\",\"item\":\"https:\/\/metaltale.com\/et\/shop\/\"},{\"@type\":\"ListItem\",\"position\":3,\"name\":\"3D metallitr\u00fckk LOFT MOTOR 2; 70&#215;140 cm\"}]},{\"@type\":\"WebSite\",\"@id\":\"https:\/\/metaltale.com\/et\/#website\",\"url\":\"https:\/\/metaltale.com\/et\/\",\"name\":\"Metaltale.com\",\"description\":\"\",\"potentialAction\":[{\"@type\":\"SearchAction\",\"target\":{\"@type\":\"EntryPoint\",\"urlTemplate\":\"https:\/\/metaltale.com\/et\/?s={search_term_string}\"},\"query-input\":{\"@type\":\"PropertyValueSpecification\",\"valueRequired\":true,\"valueName\":\"search_term_string\"}}],\"inLanguage\":\"et\"}]}<\/script>\n<!-- \/ Yoast SEO plugin. -->","yoast_head_json":{"title":"3D metallitr\u00fckk LOFT MOTOR 2; 70x140 cm - MetalTale.com","robots":{"index":"index","follow":"follow","max-snippet":"max-snippet:-1","max-image-preview":"max-image-preview:large","max-video-preview":"max-video-preview:-1"},"canonical":"https:\/\/metaltale.com\/et\/toode\/3d-metallitrukk-loft-motor-2-70x140-cm\/","og_locale":"et_EE","og_type":"article","og_title":"3D metallitr\u00fckk LOFT MOTOR 2; 70x140 cm - MetalTale.com","og_description":"Mudel PT. G120904 EAN. 5907772071861 Orienteerimine Vertikaalne Motiiv Motoriseerimine Materjal teras Paksus (cm) 7 Laius (cm) 70 K\u00f5rgus (cm) 140","og_url":"https:\/\/metaltale.com\/et\/toode\/3d-metallitrukk-loft-motor-2-70x140-cm\/","og_site_name":"MetalTale.com","og_image":[{"width":800,"height":800,"url":"http:\/\/metaltale.com\/wp-content\/uploads\/2023\/09\/3D-vaizdas-MOTOR-2.jpg","type":"image\/jpeg"}],"twitter_card":"summary_large_image","twitter_misc":{"Est. reading time":"1 minut"},"schema":{"@context":"https:\/\/schema.org","@graph":[{"@type":"WebPage","@id":"https:\/\/metaltale.com\/et\/toode\/3d-metallitrukk-loft-motor-2-70x140-cm\/","url":"https:\/\/metaltale.com\/et\/toode\/3d-metallitrukk-loft-motor-2-70x140-cm\/","name":"3D metallitr\u00fckk LOFT MOTOR 2; 70x140 cm - MetalTale.com","isPartOf":{"@id":"https:\/\/metaltale.com\/et\/#website"},"primaryImageOfPage":{"@id":"https:\/\/metaltale.com\/et\/toode\/3d-metallitrukk-loft-motor-2-70x140-cm\/#primaryimage"},"image":{"@id":"https:\/\/metaltale.com\/et\/toode\/3d-metallitrukk-loft-motor-2-70x140-cm\/#primaryimage"},"thumbnailUrl":"https:\/\/metaltale.com\/wp-content\/uploads\/2023\/09\/3D-vaizdas-MOTOR-2.jpg","datePublished":"2024-02-13T11:17:08+00:00","breadcrumb":{"@id":"https:\/\/metaltale.com\/et\/toode\/3d-metallitrukk-loft-motor-2-70x140-cm\/#breadcrumb"},"inLanguage":"et","potentialAction":[{"@type":"ReadAction","target":["https:\/\/metaltale.com\/et\/toode\/3d-metallitrukk-loft-motor-2-70x140-cm\/"]}]},{"@type":"ImageObject","inLanguage":"et","@id":"https:\/\/metaltale.com\/et\/toode\/3d-metallitrukk-loft-motor-2-70x140-cm\/#primaryimage","url":"https:\/\/metaltale.com\/wp-content\/uploads\/2023\/09\/3D-vaizdas-MOTOR-2.jpg","contentUrl":"https:\/\/metaltale.com\/wp-content\/uploads\/2023\/09\/3D-vaizdas-MOTOR-2.jpg","width":800,"height":800},{"@type":"BreadcrumbList","@id":"https:\/\/metaltale.com\/et\/toode\/3d-metallitrukk-loft-motor-2-70x140-cm\/#breadcrumb","itemListElement":[{"@type":"ListItem","position":1,"name":"Home","item":"https:\/\/metaltale.com\/et\/kodu\/"},{"@type":"ListItem","position":2,"name":"Kauplus","item":"https:\/\/metaltale.com\/et\/shop\/"},{"@type":"ListItem","position":3,"name":"3D metallitr\u00fckk LOFT MOTOR 2; 70&#215;140 cm"}]},{"@type":"WebSite","@id":"https:\/\/metaltale.com\/et\/#website","url":"https:\/\/metaltale.com\/et\/","name":"Metaltale.com","description":"","potentialAction":[{"@type":"SearchAction","target":{"@type":"EntryPoint","urlTemplate":"https:\/\/metaltale.com\/et\/?s={search_term_string}"},"query-input":{"@type":"PropertyValueSpecification","valueRequired":true,"valueName":"search_term_string"}}],"inLanguage":"et"}]}},"_links":{"self":[{"href":"https:\/\/metaltale.com\/et\/wp-json\/wp\/v2\/product\/134048","targetHints":{"allow":["GET"]}}],"collection":[{"href":"https:\/\/metaltale.com\/et\/wp-json\/wp\/v2\/product"}],"about":[{"href":"https:\/\/metaltale.com\/et\/wp-json\/wp\/v2\/types\/product"}],"replies":[{"embeddable":true,"href":"https:\/\/metaltale.com\/et\/wp-json\/wp\/v2\/comments?post=134048"}],"version-history":[{"count":0,"href":"https:\/\/metaltale.com\/et\/wp-json\/wp\/v2\/product\/134048\/revisions"}],"wp:featuredmedia":[{"embeddable":true,"href":"https:\/\/metaltale.com\/et\/wp-json\/wp\/v2\/media\/65073"}],"wp:attachment":[{"href":"https:\/\/metaltale.com\/et\/wp-json\/wp\/v2\/media?parent=134048"}],"wp:term":[{"taxonomy":"product_brand","embeddable":true,"href":"https:\/\/metaltale.com\/et\/wp-json\/wp\/v2\/product_brand?post=134048"},{"taxonomy":"product_cat","embeddable":true,"href":"https:\/\/metaltale.com\/et\/wp-json\/wp\/v2\/product_cat?post=134048"},{"taxonomy":"product_tag","embeddable":true,"href":"https:\/\/metaltale.com\/et\/wp-json\/wp\/v2\/product_tag?post=134048"}],"curies":[{"name":"wp","href":"https:\/\/api.w.org\/{rel}","templated":true}]}}