{"id":134042,"date":"2024-02-13T13:17:08","date_gmt":"2024-02-13T11:17:08","guid":{"rendered":"https:\/\/metaltale.com\/produktas\/3d-metallitrukk-loft-motor-wsk-100x100-cm\/"},"modified":"2024-02-13T13:17:08","modified_gmt":"2024-02-13T11:17:08","slug":"3d-metallitrukk-loft-motor-wsk-100x100-cm","status":"publish","type":"product","link":"https:\/\/metaltale.com\/et\/toode\/3d-metallitrukk-loft-motor-wsk-100x100-cm\/","title":{"rendered":"3D metallitr\u00fckk LOFT MOTOR WSK 100&#215;100 cm"},"content":{"rendered":"<div class=\"prod_data\">\n<p><strong>Mudel<\/strong> JIS. WSK<br \/>\n<strong>EAN.<\/strong>  5907772072066<br \/>\nOrienteerumine Universaalne<br \/>\nMotiiv Motoriseerimine<br \/>\n<strong>Materjal<\/strong> teras<br \/>\n<strong>Paksus (cm)<\/strong> 9<br \/>\n<strong>Laius (cm)<\/strong> 100<br \/>\n<strong>K\u00f5rgus (cm)<\/strong> 100<\/p>\n<p>Metallist 3D-kujutis on t\u00f5eline kunstiteos, mis on oma kujunduses ainulaadne. See kompositsioon ei ole m\u00f5eldud mitte ainult kunstis\u00f5pradele, vaid ka k\u00f5igile neile, kes hindavad originaalsust. Terase ja \u00fcmbert\u00f6\u00f6deldud puitelementide maitsekas kombinatsioon annab prognoositava ja ainulaadse ruumilise efekti. Lisaks kasutatud v\u00e4rvidele on piltidel lai valik looduslikult saadud v\u00e4rve, sealhulgas. impregneeritud rooste v\u00f5i t\u00f6\u00f6tlemata terasvahede t\u00f5ttu. S\u00fcgavama t\u00f6\u00f6stusliku stiili andmiseks on tahtlikult kasutatud &#8220;liialdatud&#8221;, &#8220;summutatud&#8221; v\u00e4rve jne. K\u00e4sitsi valmistatud, et tagada iga eseme ainulaadsus.<\/p>\n<p>3D-pilt on t\u00e4ielikult valmistatud metallist ja n\u00e4itab WSK mootorit.<br \/>\nKunstiteose kinnitamine on v\u00f5imalik t\u00e4nu kaasasolevatele kinnitusklambritele.<\/p>\n<p>Metallist 3D-kujutis on kaunistus, mis l\u00f5hub mustreid, mis on samuti suurep\u00e4rane idee originaalseks kingituseks.<\/p>\n<\/div>\n","protected":false},"excerpt":{"rendered":"<p>Mudel JIS. WSK EAN. 5907772072066 Orienteerumine Universaalne Motiiv Motoriseerimine Materjal teras Paksus (cm) 9 Laius (cm) 100 K\u00f5rgus (cm) 100<\/p>\n","protected":false},"featured_media":65097,"comment_status":"open","ping_status":"closed","template":"","meta":{"_acf_changed":false,"pmpro_default_level":""},"product_brand":[],"product_cat":[23913,23895],"product_tag":[],"class_list":{"0":"post-134042","1":"product","2":"type-product","3":"status-publish","4":"has-post-thumbnail","6":"product_cat-3d-paveikslai-et","7":"product_cat-kaunistused","8":"pmpro-has-access","10":"first","11":"instock","12":"shipping-taxable","13":"purchasable","14":"product-type-simple"},"acf":[],"yoast_head":"<!-- This site is optimized with the Yoast SEO plugin v24.9 - https:\/\/yoast.com\/wordpress\/plugins\/seo\/ -->\n<title>3D metallitr\u00fckk LOFT MOTOR WSK 100x100 cm - MetalTale.com<\/title>\n<meta name=\"robots\" content=\"index, follow, max-snippet:-1, max-image-preview:large, max-video-preview:-1\" \/>\n<link rel=\"canonical\" href=\"https:\/\/metaltale.com\/et\/toode\/3d-metallitrukk-loft-motor-wsk-100x100-cm\/\" \/>\n<meta property=\"og:locale\" content=\"et_EE\" \/>\n<meta property=\"og:type\" content=\"article\" \/>\n<meta property=\"og:title\" content=\"3D metallitr\u00fckk LOFT MOTOR WSK 100x100 cm - MetalTale.com\" \/>\n<meta property=\"og:description\" content=\"Mudel JIS. WSK EAN. 5907772072066 Orienteerumine Universaalne Motiiv Motoriseerimine Materjal teras Paksus (cm) 9 Laius (cm) 100 K\u00f5rgus (cm) 100\" \/>\n<meta property=\"og:url\" content=\"https:\/\/metaltale.com\/et\/toode\/3d-metallitrukk-loft-motor-wsk-100x100-cm\/\" \/>\n<meta property=\"og:site_name\" content=\"MetalTale.com\" \/>\n<meta name=\"twitter:card\" content=\"summary_large_image\" \/>\n<meta name=\"twitter:label1\" content=\"Est. reading time\" \/>\n\t<meta name=\"twitter:data1\" content=\"1 minut\" \/>\n<script type=\"application\/ld+json\" class=\"yoast-schema-graph\">{\"@context\":\"https:\/\/schema.org\",\"@graph\":[{\"@type\":\"WebPage\",\"@id\":\"https:\/\/metaltale.com\/et\/toode\/3d-metallitrukk-loft-motor-wsk-100x100-cm\/\",\"url\":\"https:\/\/metaltale.com\/et\/toode\/3d-metallitrukk-loft-motor-wsk-100x100-cm\/\",\"name\":\"3D metallitr\u00fckk LOFT MOTOR WSK 100x100 cm - MetalTale.com\",\"isPartOf\":{\"@id\":\"https:\/\/metaltale.com\/et\/#website\"},\"primaryImageOfPage\":{\"@id\":\"https:\/\/metaltale.com\/et\/toode\/3d-metallitrukk-loft-motor-wsk-100x100-cm\/#primaryimage\"},\"image\":{\"@id\":\"https:\/\/metaltale.com\/et\/toode\/3d-metallitrukk-loft-motor-wsk-100x100-cm\/#primaryimage\"},\"thumbnailUrl\":\"https:\/\/metaltale.com\/wp-content\/uploads\/2023\/09\/3D-VARIKLIO-WSK-vaizdas.jpg\",\"datePublished\":\"2024-02-13T11:17:08+00:00\",\"breadcrumb\":{\"@id\":\"https:\/\/metaltale.com\/et\/toode\/3d-metallitrukk-loft-motor-wsk-100x100-cm\/#breadcrumb\"},\"inLanguage\":\"et\",\"potentialAction\":[{\"@type\":\"ReadAction\",\"target\":[\"https:\/\/metaltale.com\/et\/toode\/3d-metallitrukk-loft-motor-wsk-100x100-cm\/\"]}]},{\"@type\":\"ImageObject\",\"inLanguage\":\"et\",\"@id\":\"https:\/\/metaltale.com\/et\/toode\/3d-metallitrukk-loft-motor-wsk-100x100-cm\/#primaryimage\",\"url\":\"https:\/\/metaltale.com\/wp-content\/uploads\/2023\/09\/3D-VARIKLIO-WSK-vaizdas.jpg\",\"contentUrl\":\"https:\/\/metaltale.com\/wp-content\/uploads\/2023\/09\/3D-VARIKLIO-WSK-vaizdas.jpg\",\"width\":800,\"height\":800},{\"@type\":\"BreadcrumbList\",\"@id\":\"https:\/\/metaltale.com\/et\/toode\/3d-metallitrukk-loft-motor-wsk-100x100-cm\/#breadcrumb\",\"itemListElement\":[{\"@type\":\"ListItem\",\"position\":1,\"name\":\"Home\",\"item\":\"https:\/\/metaltale.com\/et\/kodu\/\"},{\"@type\":\"ListItem\",\"position\":2,\"name\":\"Kauplus\",\"item\":\"https:\/\/metaltale.com\/et\/shop\/\"},{\"@type\":\"ListItem\",\"position\":3,\"name\":\"3D metallitr\u00fckk LOFT MOTOR WSK 100&#215;100 cm\"}]},{\"@type\":\"WebSite\",\"@id\":\"https:\/\/metaltale.com\/et\/#website\",\"url\":\"https:\/\/metaltale.com\/et\/\",\"name\":\"Metaltale.com\",\"description\":\"\",\"potentialAction\":[{\"@type\":\"SearchAction\",\"target\":{\"@type\":\"EntryPoint\",\"urlTemplate\":\"https:\/\/metaltale.com\/et\/?s={search_term_string}\"},\"query-input\":{\"@type\":\"PropertyValueSpecification\",\"valueRequired\":true,\"valueName\":\"search_term_string\"}}],\"inLanguage\":\"et\"}]}<\/script>\n<!-- \/ Yoast SEO plugin. -->","yoast_head_json":{"title":"3D metallitr\u00fckk LOFT MOTOR WSK 100x100 cm - MetalTale.com","robots":{"index":"index","follow":"follow","max-snippet":"max-snippet:-1","max-image-preview":"max-image-preview:large","max-video-preview":"max-video-preview:-1"},"canonical":"https:\/\/metaltale.com\/et\/toode\/3d-metallitrukk-loft-motor-wsk-100x100-cm\/","og_locale":"et_EE","og_type":"article","og_title":"3D metallitr\u00fckk LOFT MOTOR WSK 100x100 cm - MetalTale.com","og_description":"Mudel JIS. WSK EAN. 5907772072066 Orienteerumine Universaalne Motiiv Motoriseerimine Materjal teras Paksus (cm) 9 Laius (cm) 100 K\u00f5rgus (cm) 100","og_url":"https:\/\/metaltale.com\/et\/toode\/3d-metallitrukk-loft-motor-wsk-100x100-cm\/","og_site_name":"MetalTale.com","twitter_card":"summary_large_image","twitter_misc":{"Est. reading time":"1 minut"},"schema":{"@context":"https:\/\/schema.org","@graph":[{"@type":"WebPage","@id":"https:\/\/metaltale.com\/et\/toode\/3d-metallitrukk-loft-motor-wsk-100x100-cm\/","url":"https:\/\/metaltale.com\/et\/toode\/3d-metallitrukk-loft-motor-wsk-100x100-cm\/","name":"3D metallitr\u00fckk LOFT MOTOR WSK 100x100 cm - MetalTale.com","isPartOf":{"@id":"https:\/\/metaltale.com\/et\/#website"},"primaryImageOfPage":{"@id":"https:\/\/metaltale.com\/et\/toode\/3d-metallitrukk-loft-motor-wsk-100x100-cm\/#primaryimage"},"image":{"@id":"https:\/\/metaltale.com\/et\/toode\/3d-metallitrukk-loft-motor-wsk-100x100-cm\/#primaryimage"},"thumbnailUrl":"https:\/\/metaltale.com\/wp-content\/uploads\/2023\/09\/3D-VARIKLIO-WSK-vaizdas.jpg","datePublished":"2024-02-13T11:17:08+00:00","breadcrumb":{"@id":"https:\/\/metaltale.com\/et\/toode\/3d-metallitrukk-loft-motor-wsk-100x100-cm\/#breadcrumb"},"inLanguage":"et","potentialAction":[{"@type":"ReadAction","target":["https:\/\/metaltale.com\/et\/toode\/3d-metallitrukk-loft-motor-wsk-100x100-cm\/"]}]},{"@type":"ImageObject","inLanguage":"et","@id":"https:\/\/metaltale.com\/et\/toode\/3d-metallitrukk-loft-motor-wsk-100x100-cm\/#primaryimage","url":"https:\/\/metaltale.com\/wp-content\/uploads\/2023\/09\/3D-VARIKLIO-WSK-vaizdas.jpg","contentUrl":"https:\/\/metaltale.com\/wp-content\/uploads\/2023\/09\/3D-VARIKLIO-WSK-vaizdas.jpg","width":800,"height":800},{"@type":"BreadcrumbList","@id":"https:\/\/metaltale.com\/et\/toode\/3d-metallitrukk-loft-motor-wsk-100x100-cm\/#breadcrumb","itemListElement":[{"@type":"ListItem","position":1,"name":"Home","item":"https:\/\/metaltale.com\/et\/kodu\/"},{"@type":"ListItem","position":2,"name":"Kauplus","item":"https:\/\/metaltale.com\/et\/shop\/"},{"@type":"ListItem","position":3,"name":"3D metallitr\u00fckk LOFT MOTOR WSK 100&#215;100 cm"}]},{"@type":"WebSite","@id":"https:\/\/metaltale.com\/et\/#website","url":"https:\/\/metaltale.com\/et\/","name":"Metaltale.com","description":"","potentialAction":[{"@type":"SearchAction","target":{"@type":"EntryPoint","urlTemplate":"https:\/\/metaltale.com\/et\/?s={search_term_string}"},"query-input":{"@type":"PropertyValueSpecification","valueRequired":true,"valueName":"search_term_string"}}],"inLanguage":"et"}]}},"_links":{"self":[{"href":"https:\/\/metaltale.com\/et\/wp-json\/wp\/v2\/product\/134042","targetHints":{"allow":["GET"]}}],"collection":[{"href":"https:\/\/metaltale.com\/et\/wp-json\/wp\/v2\/product"}],"about":[{"href":"https:\/\/metaltale.com\/et\/wp-json\/wp\/v2\/types\/product"}],"replies":[{"embeddable":true,"href":"https:\/\/metaltale.com\/et\/wp-json\/wp\/v2\/comments?post=134042"}],"version-history":[{"count":0,"href":"https:\/\/metaltale.com\/et\/wp-json\/wp\/v2\/product\/134042\/revisions"}],"wp:featuredmedia":[{"embeddable":true,"href":"https:\/\/metaltale.com\/et\/wp-json\/wp\/v2\/media\/65097"}],"wp:attachment":[{"href":"https:\/\/metaltale.com\/et\/wp-json\/wp\/v2\/media?parent=134042"}],"wp:term":[{"taxonomy":"product_brand","embeddable":true,"href":"https:\/\/metaltale.com\/et\/wp-json\/wp\/v2\/product_brand?post=134042"},{"taxonomy":"product_cat","embeddable":true,"href":"https:\/\/metaltale.com\/et\/wp-json\/wp\/v2\/product_cat?post=134042"},{"taxonomy":"product_tag","embeddable":true,"href":"https:\/\/metaltale.com\/et\/wp-json\/wp\/v2\/product_tag?post=134042"}],"curies":[{"name":"wp","href":"https:\/\/api.w.org\/{rel}","templated":true}]}}