{"id":134035,"date":"2024-02-13T14:29:05","date_gmt":"2024-02-13T12:29:05","guid":{"rendered":"https:\/\/metaltale.com\/produktas\/3d-metallist-trukis-loft-music-blues-40x60-cm\/"},"modified":"2024-02-13T14:29:05","modified_gmt":"2024-02-13T12:29:05","slug":"3d-metallist-trukis-loft-music-blues-40x60-cm","status":"publish","type":"product","link":"https:\/\/metaltale.com\/et\/toode\/3d-metallist-trukis-loft-music-blues-40x60-cm\/","title":{"rendered":"3D metallist tr\u00fckis LOFT MUSIC BLUES 40&#215;60 cm"},"content":{"rendered":"<div class=\"prod_data\">\n<p><strong>Mudel<\/strong> PT. T140760<br \/>\n<strong>EAN.<\/strong>  5907772073537<br \/>\nLaius (cm) 40<br \/>\n<strong>K\u00f5rgus (cm)<\/strong> 60<br \/>\nPaksus (cm ) 3,5<br \/>\n<strong>Materjal<\/strong> teras<br \/>\nOrienteerimine Vertikaalne<br \/>\nMotiiv muusika<\/p>\n<p>&#8211; metall 3D kujutis, mis on valmistatud \u00fcmbert\u00f6\u00f6deldud terasest<br \/>\n&#8211; tegelikud v\u00e4ljaulatuvad osad<br \/>\n&#8211; v\u00e4rvid, mis on tekkinud v\u00e4rvi v\u00f5i loodusliku v\u00e4rvimuutuse ja korrosiooni tagaj\u00e4rjel<br \/>\n&#8211; impregneerimine l\u00e4bipaistva lakiga tagab v\u00e4rvi s\u00e4ilimise ja kriimustuskindluse.<br \/>\n&#8211; pildil on kujutatud kitarri taustal noodid ja noodid<\/p>\n<hr>\n<p>Kolmem\u00f5\u00f5tmeline metallist kujutis Musical blues t\u00f5mbab t\u00e4helepanu ja annab interj\u00f6\u00f6rile iseloomu. Stiilne v\u00e4rvikombinatsioon ja 3D-efekt teevad sellest originaalse kunstiteose, mis meeldib eriti muusika- ja kitarrif\u00e4nnidele. Sinine elektrikitarri fragment n\u00e4eb tume foonil pentagoonide ja nootide taustal kaunis v\u00e4lja. See on originaalne kompositsioon k\u00f5igile, kes otsivad moodsaid seinakaunistusi. Impregneeritud rooste ja t\u00f6\u00f6tlemata terasvahede p\u00f5imimine visuaalsesse v\u00e4rvipaletti on originaalne lahendus. 3D-loft-vaade ei varja isegi v\u00e4iksemaid ruume ning lisab kindlasti \u0161iki ja t\u00f6\u00f6stuslikku h\u00f5ngu. K\u00e4sitsi valmistamine tagab iga eseme ainulaadsuse. Pildi paigaldamine on v\u00f5imalik t\u00e4nu komplekti kuuluvate kronsteinide abil. S\u00fcgavama t\u00f6\u00f6stusliku stiili andmiseks on tahtlikult kasutatud &#8220;liialdatud&#8221;, &#8220;summutatud&#8221; v\u00e4rve jne. Metallist 3D-kujutis on kaunistus, mis l\u00f5hub mustreid, mis on samuti suurep\u00e4rane idee originaalseks kingituseks.<\/p>\n<\/div>\n","protected":false},"excerpt":{"rendered":"<p>Mudel PT. T140760 EAN. 5907772073537 Laius (cm) 40 K\u00f5rgus (cm) 60 Paksus (cm ) 3,5 Materjal teras Orienteerimine Vertikaalne Motiiv<\/p>\n","protected":false},"featured_media":101754,"comment_status":"open","ping_status":"closed","template":"","meta":{"_acf_changed":false,"pmpro_default_level":""},"product_brand":[],"product_cat":[23913,23895],"product_tag":[],"class_list":{"0":"post-134035","1":"product","2":"type-product","3":"status-publish","4":"has-post-thumbnail","6":"product_cat-3d-paveikslai-et","7":"product_cat-kaunistused","8":"pmpro-has-access","10":"first","11":"instock","12":"shipping-taxable","13":"purchasable","14":"product-type-simple"},"acf":[],"yoast_head":"<!-- This site is optimized with the Yoast SEO plugin v24.9 - https:\/\/yoast.com\/wordpress\/plugins\/seo\/ -->\n<title>3D metallist tr\u00fckis LOFT MUSIC BLUES 40x60 cm - MetalTale.com<\/title>\n<meta name=\"robots\" content=\"index, follow, max-snippet:-1, max-image-preview:large, max-video-preview:-1\" \/>\n<link rel=\"canonical\" href=\"https:\/\/metaltale.com\/et\/toode\/3d-metallist-trukis-loft-music-blues-40x60-cm\/\" \/>\n<meta property=\"og:locale\" content=\"et_EE\" \/>\n<meta property=\"og:type\" content=\"article\" \/>\n<meta property=\"og:title\" content=\"3D metallist tr\u00fckis LOFT MUSIC BLUES 40x60 cm - MetalTale.com\" \/>\n<meta property=\"og:description\" content=\"Mudel PT. T140760 EAN. 5907772073537 Laius (cm) 40 K\u00f5rgus (cm) 60 Paksus (cm ) 3,5 Materjal teras Orienteerimine Vertikaalne Motiiv\" \/>\n<meta property=\"og:url\" content=\"https:\/\/metaltale.com\/et\/toode\/3d-metallist-trukis-loft-music-blues-40x60-cm\/\" \/>\n<meta property=\"og:site_name\" content=\"MetalTale.com\" \/>\n<meta name=\"twitter:card\" content=\"summary_large_image\" \/>\n<meta name=\"twitter:label1\" content=\"Est. reading time\" \/>\n\t<meta name=\"twitter:data1\" content=\"1 minut\" \/>\n<script type=\"application\/ld+json\" class=\"yoast-schema-graph\">{\"@context\":\"https:\/\/schema.org\",\"@graph\":[{\"@type\":\"WebPage\",\"@id\":\"https:\/\/metaltale.com\/et\/toode\/3d-metallist-trukis-loft-music-blues-40x60-cm\/\",\"url\":\"https:\/\/metaltale.com\/et\/toode\/3d-metallist-trukis-loft-music-blues-40x60-cm\/\",\"name\":\"3D metallist tr\u00fckis LOFT MUSIC BLUES 40x60 cm - MetalTale.com\",\"isPartOf\":{\"@id\":\"https:\/\/metaltale.com\/et\/#website\"},\"primaryImageOfPage\":{\"@id\":\"https:\/\/metaltale.com\/et\/toode\/3d-metallist-trukis-loft-music-blues-40x60-cm\/#primaryimage\"},\"image\":{\"@id\":\"https:\/\/metaltale.com\/et\/toode\/3d-metallist-trukis-loft-music-blues-40x60-cm\/#primaryimage\"},\"thumbnailUrl\":\"https:\/\/metaltale.com\/wp-content\/uploads\/2023\/11\/3D-vaizdas-LOFT-BLUES-MUSIC.jpg\",\"datePublished\":\"2024-02-13T12:29:05+00:00\",\"breadcrumb\":{\"@id\":\"https:\/\/metaltale.com\/et\/toode\/3d-metallist-trukis-loft-music-blues-40x60-cm\/#breadcrumb\"},\"inLanguage\":\"et\",\"potentialAction\":[{\"@type\":\"ReadAction\",\"target\":[\"https:\/\/metaltale.com\/et\/toode\/3d-metallist-trukis-loft-music-blues-40x60-cm\/\"]}]},{\"@type\":\"ImageObject\",\"inLanguage\":\"et\",\"@id\":\"https:\/\/metaltale.com\/et\/toode\/3d-metallist-trukis-loft-music-blues-40x60-cm\/#primaryimage\",\"url\":\"https:\/\/metaltale.com\/wp-content\/uploads\/2023\/11\/3D-vaizdas-LOFT-BLUES-MUSIC.jpg\",\"contentUrl\":\"https:\/\/metaltale.com\/wp-content\/uploads\/2023\/11\/3D-vaizdas-LOFT-BLUES-MUSIC.jpg\",\"width\":800,\"height\":800},{\"@type\":\"BreadcrumbList\",\"@id\":\"https:\/\/metaltale.com\/et\/toode\/3d-metallist-trukis-loft-music-blues-40x60-cm\/#breadcrumb\",\"itemListElement\":[{\"@type\":\"ListItem\",\"position\":1,\"name\":\"Home\",\"item\":\"https:\/\/metaltale.com\/et\/kodu\/\"},{\"@type\":\"ListItem\",\"position\":2,\"name\":\"Kauplus\",\"item\":\"https:\/\/metaltale.com\/et\/shop\/\"},{\"@type\":\"ListItem\",\"position\":3,\"name\":\"3D metallist tr\u00fckis LOFT MUSIC BLUES 40&#215;60 cm\"}]},{\"@type\":\"WebSite\",\"@id\":\"https:\/\/metaltale.com\/et\/#website\",\"url\":\"https:\/\/metaltale.com\/et\/\",\"name\":\"Metaltale.com\",\"description\":\"\",\"potentialAction\":[{\"@type\":\"SearchAction\",\"target\":{\"@type\":\"EntryPoint\",\"urlTemplate\":\"https:\/\/metaltale.com\/et\/?s={search_term_string}\"},\"query-input\":{\"@type\":\"PropertyValueSpecification\",\"valueRequired\":true,\"valueName\":\"search_term_string\"}}],\"inLanguage\":\"et\"}]}<\/script>\n<!-- \/ Yoast SEO plugin. -->","yoast_head_json":{"title":"3D metallist tr\u00fckis LOFT MUSIC BLUES 40x60 cm - MetalTale.com","robots":{"index":"index","follow":"follow","max-snippet":"max-snippet:-1","max-image-preview":"max-image-preview:large","max-video-preview":"max-video-preview:-1"},"canonical":"https:\/\/metaltale.com\/et\/toode\/3d-metallist-trukis-loft-music-blues-40x60-cm\/","og_locale":"et_EE","og_type":"article","og_title":"3D metallist tr\u00fckis LOFT MUSIC BLUES 40x60 cm - MetalTale.com","og_description":"Mudel PT. T140760 EAN. 5907772073537 Laius (cm) 40 K\u00f5rgus (cm) 60 Paksus (cm ) 3,5 Materjal teras Orienteerimine Vertikaalne Motiiv","og_url":"https:\/\/metaltale.com\/et\/toode\/3d-metallist-trukis-loft-music-blues-40x60-cm\/","og_site_name":"MetalTale.com","twitter_card":"summary_large_image","twitter_misc":{"Est. reading time":"1 minut"},"schema":{"@context":"https:\/\/schema.org","@graph":[{"@type":"WebPage","@id":"https:\/\/metaltale.com\/et\/toode\/3d-metallist-trukis-loft-music-blues-40x60-cm\/","url":"https:\/\/metaltale.com\/et\/toode\/3d-metallist-trukis-loft-music-blues-40x60-cm\/","name":"3D metallist tr\u00fckis LOFT MUSIC BLUES 40x60 cm - MetalTale.com","isPartOf":{"@id":"https:\/\/metaltale.com\/et\/#website"},"primaryImageOfPage":{"@id":"https:\/\/metaltale.com\/et\/toode\/3d-metallist-trukis-loft-music-blues-40x60-cm\/#primaryimage"},"image":{"@id":"https:\/\/metaltale.com\/et\/toode\/3d-metallist-trukis-loft-music-blues-40x60-cm\/#primaryimage"},"thumbnailUrl":"https:\/\/metaltale.com\/wp-content\/uploads\/2023\/11\/3D-vaizdas-LOFT-BLUES-MUSIC.jpg","datePublished":"2024-02-13T12:29:05+00:00","breadcrumb":{"@id":"https:\/\/metaltale.com\/et\/toode\/3d-metallist-trukis-loft-music-blues-40x60-cm\/#breadcrumb"},"inLanguage":"et","potentialAction":[{"@type":"ReadAction","target":["https:\/\/metaltale.com\/et\/toode\/3d-metallist-trukis-loft-music-blues-40x60-cm\/"]}]},{"@type":"ImageObject","inLanguage":"et","@id":"https:\/\/metaltale.com\/et\/toode\/3d-metallist-trukis-loft-music-blues-40x60-cm\/#primaryimage","url":"https:\/\/metaltale.com\/wp-content\/uploads\/2023\/11\/3D-vaizdas-LOFT-BLUES-MUSIC.jpg","contentUrl":"https:\/\/metaltale.com\/wp-content\/uploads\/2023\/11\/3D-vaizdas-LOFT-BLUES-MUSIC.jpg","width":800,"height":800},{"@type":"BreadcrumbList","@id":"https:\/\/metaltale.com\/et\/toode\/3d-metallist-trukis-loft-music-blues-40x60-cm\/#breadcrumb","itemListElement":[{"@type":"ListItem","position":1,"name":"Home","item":"https:\/\/metaltale.com\/et\/kodu\/"},{"@type":"ListItem","position":2,"name":"Kauplus","item":"https:\/\/metaltale.com\/et\/shop\/"},{"@type":"ListItem","position":3,"name":"3D metallist tr\u00fckis LOFT MUSIC BLUES 40&#215;60 cm"}]},{"@type":"WebSite","@id":"https:\/\/metaltale.com\/et\/#website","url":"https:\/\/metaltale.com\/et\/","name":"Metaltale.com","description":"","potentialAction":[{"@type":"SearchAction","target":{"@type":"EntryPoint","urlTemplate":"https:\/\/metaltale.com\/et\/?s={search_term_string}"},"query-input":{"@type":"PropertyValueSpecification","valueRequired":true,"valueName":"search_term_string"}}],"inLanguage":"et"}]}},"_links":{"self":[{"href":"https:\/\/metaltale.com\/et\/wp-json\/wp\/v2\/product\/134035","targetHints":{"allow":["GET"]}}],"collection":[{"href":"https:\/\/metaltale.com\/et\/wp-json\/wp\/v2\/product"}],"about":[{"href":"https:\/\/metaltale.com\/et\/wp-json\/wp\/v2\/types\/product"}],"replies":[{"embeddable":true,"href":"https:\/\/metaltale.com\/et\/wp-json\/wp\/v2\/comments?post=134035"}],"version-history":[{"count":0,"href":"https:\/\/metaltale.com\/et\/wp-json\/wp\/v2\/product\/134035\/revisions"}],"wp:featuredmedia":[{"embeddable":true,"href":"https:\/\/metaltale.com\/et\/wp-json\/wp\/v2\/media\/101754"}],"wp:attachment":[{"href":"https:\/\/metaltale.com\/et\/wp-json\/wp\/v2\/media?parent=134035"}],"wp:term":[{"taxonomy":"product_brand","embeddable":true,"href":"https:\/\/metaltale.com\/et\/wp-json\/wp\/v2\/product_brand?post=134035"},{"taxonomy":"product_cat","embeddable":true,"href":"https:\/\/metaltale.com\/et\/wp-json\/wp\/v2\/product_cat?post=134035"},{"taxonomy":"product_tag","embeddable":true,"href":"https:\/\/metaltale.com\/et\/wp-json\/wp\/v2\/product_tag?post=134035"}],"curies":[{"name":"wp","href":"https:\/\/api.w.org\/{rel}","templated":true}]}}