{"id":134018,"date":"2024-02-13T14:29:51","date_gmt":"2024-02-13T12:29:51","guid":{"rendered":"https:\/\/metaltale.com\/produktas\/3d-vaade-loft-most-160x55-cm\/"},"modified":"2024-02-13T14:29:51","modified_gmt":"2024-02-13T12:29:51","slug":"3d-vaade-loft-most-160x55-cm","status":"publish","type":"product","link":"https:\/\/metaltale.com\/et\/toode\/3d-vaade-loft-most-160x55-cm\/","title":{"rendered":"3D vaade LOFT MOST 160&#215;55 cm"},"content":{"rendered":"<div class=\"prod_data\">\n<p><strong>Mudel<\/strong> PT. G130314<br \/>\n<strong>EAN.<\/strong>  5907772073131<br \/>\n<strong>Laius (cm)<\/strong> 160<br \/>\nK\u00f5rgus (cm) 55<br \/>\n<strong>Paksus (cm)<\/strong> 7<br \/>\nMaterjal Puit, puitlaudis, plastik<br \/>\nOrienteerimine Horisontaalne<br \/>\nMotiiv Ehitised \/ objektid<\/p>\n<p>&#8211; 3D-kujutis, mis on valmistatud plast- ja tisleriplaadi ning teraselementide kombinatsioonist<br \/>\n&#8211; puidust raam loob tugeva struktuuri, mis kaitseb pilti moonutuste eest<br \/>\n&#8211; tegelikud v\u00e4ljaulatuvad osad<br \/>\n&#8211; k\u00e4sitsi valmistatud unikaalse visuaalse efekti saavutamiseks<br \/>\n&#8211; impregneerimine l\u00e4bipaistva lakiga tagab v\u00e4rvi s\u00e4ilimise ja kriimustuskindluse.<br \/>\n&#8211; Joonisel 4.1 on kujutatud \u00fcks Brooklyni ja Manhattani \u00fchendavatest sildadest.<\/p>\n<hr>\n<p>Kolmem\u00f5\u00f5tmeline maal \u00fchest East Riveri rippsillast on klassikalistes valge, kollase ja pruuni v\u00e4rvi seepia toonides. Originaalne maalimistehnika annab maalile ainulaadse s\u00fcgavuse. T\u00e4helepanu tasub p\u00f6\u00f6rata ka taustale &#8211; see on \u00fchtaegu peen ja originaalne. Ruumiline vaade on peaaegu visand. Selline ebatavaline seinakaunistus sobib mitte ainult loftidesse ja t\u00f6\u00f6stuslikesse ruumidesse, vaid ka retrostiilidesse. Kolmem\u00f5\u00f5tmeline pilt r\u00f5\u00f5mustab k\u00f5iki, kes hindavad originaalsust. Teadlik \u00fclev\u00e4rvimine laastude v\u00f5i kriimustuste kujul r\u00f5hutab veelgi kunstiteose ainulaadsust. Manufaktuuriprintsiibil valmistatud maalil ei ole identset koopiat; iga koopia on erinev. Paigaldamine on v\u00f5imalik t\u00e4nu komplektis sisalduvatele klambritele. New Yorgi silla motiiviga maal on samuti suurep\u00e4rane idee v\u00f5ltskingituseks.<\/p>\n<\/div>\n","protected":false},"excerpt":{"rendered":"<p>Mudel PT. G130314 EAN. 5907772073131 Laius (cm) 160 K\u00f5rgus (cm) 55 Paksus (cm) 7 Materjal Puit, puitlaudis, plastik Orienteerimine Horisontaalne<\/p>\n","protected":false},"featured_media":101911,"comment_status":"open","ping_status":"closed","template":"","meta":{"_acf_changed":false,"pmpro_default_level":""},"product_brand":[],"product_cat":[23913,23895],"product_tag":[],"class_list":{"0":"post-134018","1":"product","2":"type-product","3":"status-publish","4":"has-post-thumbnail","6":"product_cat-3d-paveikslai-et","7":"product_cat-kaunistused","8":"pmpro-has-access","10":"first","11":"instock","12":"shipping-taxable","13":"purchasable","14":"product-type-simple"},"acf":[],"yoast_head":"<!-- This site is optimized with the Yoast SEO plugin v24.9 - https:\/\/yoast.com\/wordpress\/plugins\/seo\/ -->\n<title>3D vaade LOFT MOST 160x55 cm - MetalTale.com<\/title>\n<meta name=\"robots\" content=\"index, follow, max-snippet:-1, max-image-preview:large, max-video-preview:-1\" \/>\n<link rel=\"canonical\" href=\"https:\/\/metaltale.com\/et\/toode\/3d-vaade-loft-most-160x55-cm\/\" \/>\n<meta property=\"og:locale\" content=\"et_EE\" \/>\n<meta property=\"og:type\" content=\"article\" \/>\n<meta property=\"og:title\" content=\"3D vaade LOFT MOST 160x55 cm - MetalTale.com\" \/>\n<meta property=\"og:description\" content=\"Mudel PT. G130314 EAN. 5907772073131 Laius (cm) 160 K\u00f5rgus (cm) 55 Paksus (cm) 7 Materjal Puit, puitlaudis, plastik Orienteerimine Horisontaalne\" \/>\n<meta property=\"og:url\" content=\"https:\/\/metaltale.com\/et\/toode\/3d-vaade-loft-most-160x55-cm\/\" \/>\n<meta property=\"og:site_name\" content=\"MetalTale.com\" \/>\n<meta name=\"twitter:card\" content=\"summary_large_image\" \/>\n<meta name=\"twitter:label1\" content=\"Est. reading time\" \/>\n\t<meta name=\"twitter:data1\" content=\"1 minut\" \/>\n<script type=\"application\/ld+json\" class=\"yoast-schema-graph\">{\"@context\":\"https:\/\/schema.org\",\"@graph\":[{\"@type\":\"WebPage\",\"@id\":\"https:\/\/metaltale.com\/et\/toode\/3d-vaade-loft-most-160x55-cm\/\",\"url\":\"https:\/\/metaltale.com\/et\/toode\/3d-vaade-loft-most-160x55-cm\/\",\"name\":\"3D vaade LOFT MOST 160x55 cm - MetalTale.com\",\"isPartOf\":{\"@id\":\"https:\/\/metaltale.com\/et\/#website\"},\"primaryImageOfPage\":{\"@id\":\"https:\/\/metaltale.com\/et\/toode\/3d-vaade-loft-most-160x55-cm\/#primaryimage\"},\"image\":{\"@id\":\"https:\/\/metaltale.com\/et\/toode\/3d-vaade-loft-most-160x55-cm\/#primaryimage\"},\"thumbnailUrl\":\"https:\/\/metaltale.com\/wp-content\/uploads\/2023\/11\/3D-vaizdas-LOFTAS-MOST.jpg\",\"datePublished\":\"2024-02-13T12:29:51+00:00\",\"breadcrumb\":{\"@id\":\"https:\/\/metaltale.com\/et\/toode\/3d-vaade-loft-most-160x55-cm\/#breadcrumb\"},\"inLanguage\":\"et\",\"potentialAction\":[{\"@type\":\"ReadAction\",\"target\":[\"https:\/\/metaltale.com\/et\/toode\/3d-vaade-loft-most-160x55-cm\/\"]}]},{\"@type\":\"ImageObject\",\"inLanguage\":\"et\",\"@id\":\"https:\/\/metaltale.com\/et\/toode\/3d-vaade-loft-most-160x55-cm\/#primaryimage\",\"url\":\"https:\/\/metaltale.com\/wp-content\/uploads\/2023\/11\/3D-vaizdas-LOFTAS-MOST.jpg\",\"contentUrl\":\"https:\/\/metaltale.com\/wp-content\/uploads\/2023\/11\/3D-vaizdas-LOFTAS-MOST.jpg\",\"width\":800,\"height\":800},{\"@type\":\"BreadcrumbList\",\"@id\":\"https:\/\/metaltale.com\/et\/toode\/3d-vaade-loft-most-160x55-cm\/#breadcrumb\",\"itemListElement\":[{\"@type\":\"ListItem\",\"position\":1,\"name\":\"Home\",\"item\":\"https:\/\/metaltale.com\/et\/kodu\/\"},{\"@type\":\"ListItem\",\"position\":2,\"name\":\"Kauplus\",\"item\":\"https:\/\/metaltale.com\/et\/shop\/\"},{\"@type\":\"ListItem\",\"position\":3,\"name\":\"3D vaade LOFT MOST 160&#215;55 cm\"}]},{\"@type\":\"WebSite\",\"@id\":\"https:\/\/metaltale.com\/et\/#website\",\"url\":\"https:\/\/metaltale.com\/et\/\",\"name\":\"Metaltale.com\",\"description\":\"\",\"potentialAction\":[{\"@type\":\"SearchAction\",\"target\":{\"@type\":\"EntryPoint\",\"urlTemplate\":\"https:\/\/metaltale.com\/et\/?s={search_term_string}\"},\"query-input\":{\"@type\":\"PropertyValueSpecification\",\"valueRequired\":true,\"valueName\":\"search_term_string\"}}],\"inLanguage\":\"et\"}]}<\/script>\n<!-- \/ Yoast SEO plugin. -->","yoast_head_json":{"title":"3D vaade LOFT MOST 160x55 cm - MetalTale.com","robots":{"index":"index","follow":"follow","max-snippet":"max-snippet:-1","max-image-preview":"max-image-preview:large","max-video-preview":"max-video-preview:-1"},"canonical":"https:\/\/metaltale.com\/et\/toode\/3d-vaade-loft-most-160x55-cm\/","og_locale":"et_EE","og_type":"article","og_title":"3D vaade LOFT MOST 160x55 cm - MetalTale.com","og_description":"Mudel PT. G130314 EAN. 5907772073131 Laius (cm) 160 K\u00f5rgus (cm) 55 Paksus (cm) 7 Materjal Puit, puitlaudis, plastik Orienteerimine Horisontaalne","og_url":"https:\/\/metaltale.com\/et\/toode\/3d-vaade-loft-most-160x55-cm\/","og_site_name":"MetalTale.com","twitter_card":"summary_large_image","twitter_misc":{"Est. reading time":"1 minut"},"schema":{"@context":"https:\/\/schema.org","@graph":[{"@type":"WebPage","@id":"https:\/\/metaltale.com\/et\/toode\/3d-vaade-loft-most-160x55-cm\/","url":"https:\/\/metaltale.com\/et\/toode\/3d-vaade-loft-most-160x55-cm\/","name":"3D vaade LOFT MOST 160x55 cm - MetalTale.com","isPartOf":{"@id":"https:\/\/metaltale.com\/et\/#website"},"primaryImageOfPage":{"@id":"https:\/\/metaltale.com\/et\/toode\/3d-vaade-loft-most-160x55-cm\/#primaryimage"},"image":{"@id":"https:\/\/metaltale.com\/et\/toode\/3d-vaade-loft-most-160x55-cm\/#primaryimage"},"thumbnailUrl":"https:\/\/metaltale.com\/wp-content\/uploads\/2023\/11\/3D-vaizdas-LOFTAS-MOST.jpg","datePublished":"2024-02-13T12:29:51+00:00","breadcrumb":{"@id":"https:\/\/metaltale.com\/et\/toode\/3d-vaade-loft-most-160x55-cm\/#breadcrumb"},"inLanguage":"et","potentialAction":[{"@type":"ReadAction","target":["https:\/\/metaltale.com\/et\/toode\/3d-vaade-loft-most-160x55-cm\/"]}]},{"@type":"ImageObject","inLanguage":"et","@id":"https:\/\/metaltale.com\/et\/toode\/3d-vaade-loft-most-160x55-cm\/#primaryimage","url":"https:\/\/metaltale.com\/wp-content\/uploads\/2023\/11\/3D-vaizdas-LOFTAS-MOST.jpg","contentUrl":"https:\/\/metaltale.com\/wp-content\/uploads\/2023\/11\/3D-vaizdas-LOFTAS-MOST.jpg","width":800,"height":800},{"@type":"BreadcrumbList","@id":"https:\/\/metaltale.com\/et\/toode\/3d-vaade-loft-most-160x55-cm\/#breadcrumb","itemListElement":[{"@type":"ListItem","position":1,"name":"Home","item":"https:\/\/metaltale.com\/et\/kodu\/"},{"@type":"ListItem","position":2,"name":"Kauplus","item":"https:\/\/metaltale.com\/et\/shop\/"},{"@type":"ListItem","position":3,"name":"3D vaade LOFT MOST 160&#215;55 cm"}]},{"@type":"WebSite","@id":"https:\/\/metaltale.com\/et\/#website","url":"https:\/\/metaltale.com\/et\/","name":"Metaltale.com","description":"","potentialAction":[{"@type":"SearchAction","target":{"@type":"EntryPoint","urlTemplate":"https:\/\/metaltale.com\/et\/?s={search_term_string}"},"query-input":{"@type":"PropertyValueSpecification","valueRequired":true,"valueName":"search_term_string"}}],"inLanguage":"et"}]}},"_links":{"self":[{"href":"https:\/\/metaltale.com\/et\/wp-json\/wp\/v2\/product\/134018","targetHints":{"allow":["GET"]}}],"collection":[{"href":"https:\/\/metaltale.com\/et\/wp-json\/wp\/v2\/product"}],"about":[{"href":"https:\/\/metaltale.com\/et\/wp-json\/wp\/v2\/types\/product"}],"replies":[{"embeddable":true,"href":"https:\/\/metaltale.com\/et\/wp-json\/wp\/v2\/comments?post=134018"}],"version-history":[{"count":0,"href":"https:\/\/metaltale.com\/et\/wp-json\/wp\/v2\/product\/134018\/revisions"}],"wp:featuredmedia":[{"embeddable":true,"href":"https:\/\/metaltale.com\/et\/wp-json\/wp\/v2\/media\/101911"}],"wp:attachment":[{"href":"https:\/\/metaltale.com\/et\/wp-json\/wp\/v2\/media?parent=134018"}],"wp:term":[{"taxonomy":"product_brand","embeddable":true,"href":"https:\/\/metaltale.com\/et\/wp-json\/wp\/v2\/product_brand?post=134018"},{"taxonomy":"product_cat","embeddable":true,"href":"https:\/\/metaltale.com\/et\/wp-json\/wp\/v2\/product_cat?post=134018"},{"taxonomy":"product_tag","embeddable":true,"href":"https:\/\/metaltale.com\/et\/wp-json\/wp\/v2\/product_tag?post=134018"}],"curies":[{"name":"wp","href":"https:\/\/api.w.org\/{rel}","templated":true}]}}