{"id":134013,"date":"2024-02-13T13:17:48","date_gmt":"2024-02-13T11:17:48","guid":{"rendered":"https:\/\/metaltale.com\/produktas\/3d-metallist-tapeet-loft-route-66-distributor-60x120-cm\/"},"modified":"2024-02-13T13:17:48","modified_gmt":"2024-02-13T11:17:48","slug":"3d-metallist-tapeet-loft-route-66-distributor-60x120-cm","status":"publish","type":"product","link":"https:\/\/metaltale.com\/et\/toode\/3d-metallist-tapeet-loft-route-66-distributor-60x120-cm\/","title":{"rendered":"3D metallist tapeet LOFT ROUTE 66 DISTRIBUTOR 60&#215;120 cm"},"content":{"rendered":"<div class=\"prod_data\">\n<p><strong>Mudel<\/strong> PT. T150111<br \/>\n<strong>EAN.<\/strong>  5907772071854<br \/>\nOrienteerimine Vertikaalne<br \/>\nMotiiv Motoriseerimine<br \/>\n<strong>Materjal<\/strong> teras<br \/>\n<strong>Laius (cm)<\/strong> 60<br \/>\n<strong>K\u00f5rgus (cm)<\/strong> 120<br \/>\nS\u00fcgavus (cm) 6<\/p>\n<p>&#8211; fenomenaalne, kolmem\u00f5\u00f5tmeline vaade \u00fcmbert\u00f6\u00f6deldud terasele<br \/>\n&#8211; tootel on t\u00f5elised kolmem\u00f5\u00f5tmelised \u00fcleulatused<br \/>\n&#8211; v\u00e4rvitud maalil on ka loomulikud metalli v\u00e4rvimuutused ja rooste j\u00e4ljed.<br \/>\n&#8211; Impregneerimine l\u00e4bipaistva lakiga tagab \u00fcle keskmise v\u00e4rvip\u00fcsivuse.<\/p>\n<hr>\n<p>Kolmem\u00f5\u00f5tmelised maalid on ideaalne kingiidee, mis kaunistavad teie interj\u00f6\u00f6ri aastaid ja tekitavad sooje m\u00e4lestusi. Avarad, loftilaadsed, mannekeenide p\u00f5him\u00f5tetel p\u00f5hinevad sisekujundused ei v\u00f5imalda neist \u00fcksk\u00f5ikselt m\u00f6\u00f6da minna. Need t\u00f5mbavad t\u00e4helepanu, elavdavad, lisavad v\u00f5i r\u00f5hutavad interj\u00f6\u00f6ri iseloomu. 3D-maalid on t\u00f5elised kunstiteosed, millel on k\u00e4sitsi valmistatud viimistlus, terase loomulik v\u00e4rvimuutus ja rikkalikult dekoratiivseid detaile, mis on traditsioonilises maalikunstis v\u00f5rratu.<\/p>\n<hr>\n<\/div>\n","protected":false},"excerpt":{"rendered":"<p>Mudel PT. T150111 EAN. 5907772071854 Orienteerimine Vertikaalne Motiiv Motoriseerimine Materjal teras Laius (cm) 60 K\u00f5rgus (cm) 120 S\u00fcgavus (cm) 6<\/p>\n","protected":false},"featured_media":65217,"comment_status":"open","ping_status":"closed","template":"","meta":{"_acf_changed":false,"pmpro_default_level":""},"product_brand":[],"product_cat":[23913,23895],"product_tag":[],"class_list":{"0":"post-134013","1":"product","2":"type-product","3":"status-publish","4":"has-post-thumbnail","6":"product_cat-3d-paveikslai-et","7":"product_cat-kaunistused","8":"pmpro-has-access","10":"first","11":"instock","12":"shipping-taxable","13":"purchasable","14":"product-type-simple"},"acf":[],"yoast_head":"<!-- This site is optimized with the Yoast SEO plugin v24.9 - https:\/\/yoast.com\/wordpress\/plugins\/seo\/ -->\n<title>3D metallist tapeet LOFT ROUTE 66 DISTRIBUTOR 60x120 cm - MetalTale.com<\/title>\n<meta name=\"robots\" content=\"index, follow, max-snippet:-1, max-image-preview:large, max-video-preview:-1\" \/>\n<link rel=\"canonical\" href=\"https:\/\/metaltale.com\/et\/toode\/3d-metallist-tapeet-loft-route-66-distributor-60x120-cm\/\" \/>\n<meta property=\"og:locale\" content=\"et_EE\" \/>\n<meta property=\"og:type\" content=\"article\" \/>\n<meta property=\"og:title\" content=\"3D metallist tapeet LOFT ROUTE 66 DISTRIBUTOR 60x120 cm - MetalTale.com\" \/>\n<meta property=\"og:description\" content=\"Mudel PT. T150111 EAN. 5907772071854 Orienteerimine Vertikaalne Motiiv Motoriseerimine Materjal teras Laius (cm) 60 K\u00f5rgus (cm) 120 S\u00fcgavus (cm) 6\" \/>\n<meta property=\"og:url\" content=\"https:\/\/metaltale.com\/et\/toode\/3d-metallist-tapeet-loft-route-66-distributor-60x120-cm\/\" \/>\n<meta property=\"og:site_name\" content=\"MetalTale.com\" \/>\n<meta name=\"twitter:card\" content=\"summary_large_image\" \/>\n<meta name=\"twitter:label1\" content=\"Est. reading time\" \/>\n\t<meta name=\"twitter:data1\" content=\"1 minut\" \/>\n<script type=\"application\/ld+json\" class=\"yoast-schema-graph\">{\"@context\":\"https:\/\/schema.org\",\"@graph\":[{\"@type\":\"WebPage\",\"@id\":\"https:\/\/metaltale.com\/et\/toode\/3d-metallist-tapeet-loft-route-66-distributor-60x120-cm\/\",\"url\":\"https:\/\/metaltale.com\/et\/toode\/3d-metallist-tapeet-loft-route-66-distributor-60x120-cm\/\",\"name\":\"3D metallist tapeet LOFT ROUTE 66 DISTRIBUTOR 60x120 cm - MetalTale.com\",\"isPartOf\":{\"@id\":\"https:\/\/metaltale.com\/et\/#website\"},\"primaryImageOfPage\":{\"@id\":\"https:\/\/metaltale.com\/et\/toode\/3d-metallist-tapeet-loft-route-66-distributor-60x120-cm\/#primaryimage\"},\"image\":{\"@id\":\"https:\/\/metaltale.com\/et\/toode\/3d-metallist-tapeet-loft-route-66-distributor-60x120-cm\/#primaryimage\"},\"thumbnailUrl\":\"https:\/\/metaltale.com\/wp-content\/uploads\/2023\/09\/3D-vaizdas-ROUTE-66-DISTRIBUTOR.jpg\",\"datePublished\":\"2024-02-13T11:17:48+00:00\",\"breadcrumb\":{\"@id\":\"https:\/\/metaltale.com\/et\/toode\/3d-metallist-tapeet-loft-route-66-distributor-60x120-cm\/#breadcrumb\"},\"inLanguage\":\"et\",\"potentialAction\":[{\"@type\":\"ReadAction\",\"target\":[\"https:\/\/metaltale.com\/et\/toode\/3d-metallist-tapeet-loft-route-66-distributor-60x120-cm\/\"]}]},{\"@type\":\"ImageObject\",\"inLanguage\":\"et\",\"@id\":\"https:\/\/metaltale.com\/et\/toode\/3d-metallist-tapeet-loft-route-66-distributor-60x120-cm\/#primaryimage\",\"url\":\"https:\/\/metaltale.com\/wp-content\/uploads\/2023\/09\/3D-vaizdas-ROUTE-66-DISTRIBUTOR.jpg\",\"contentUrl\":\"https:\/\/metaltale.com\/wp-content\/uploads\/2023\/09\/3D-vaizdas-ROUTE-66-DISTRIBUTOR.jpg\",\"width\":800,\"height\":800},{\"@type\":\"BreadcrumbList\",\"@id\":\"https:\/\/metaltale.com\/et\/toode\/3d-metallist-tapeet-loft-route-66-distributor-60x120-cm\/#breadcrumb\",\"itemListElement\":[{\"@type\":\"ListItem\",\"position\":1,\"name\":\"Home\",\"item\":\"https:\/\/metaltale.com\/et\/kodu\/\"},{\"@type\":\"ListItem\",\"position\":2,\"name\":\"Kauplus\",\"item\":\"https:\/\/metaltale.com\/et\/shop\/\"},{\"@type\":\"ListItem\",\"position\":3,\"name\":\"3D metallist tapeet LOFT ROUTE 66 DISTRIBUTOR 60&#215;120 cm\"}]},{\"@type\":\"WebSite\",\"@id\":\"https:\/\/metaltale.com\/et\/#website\",\"url\":\"https:\/\/metaltale.com\/et\/\",\"name\":\"Metaltale.com\",\"description\":\"\",\"potentialAction\":[{\"@type\":\"SearchAction\",\"target\":{\"@type\":\"EntryPoint\",\"urlTemplate\":\"https:\/\/metaltale.com\/et\/?s={search_term_string}\"},\"query-input\":{\"@type\":\"PropertyValueSpecification\",\"valueRequired\":true,\"valueName\":\"search_term_string\"}}],\"inLanguage\":\"et\"}]}<\/script>\n<!-- \/ Yoast SEO plugin. -->","yoast_head_json":{"title":"3D metallist tapeet LOFT ROUTE 66 DISTRIBUTOR 60x120 cm - MetalTale.com","robots":{"index":"index","follow":"follow","max-snippet":"max-snippet:-1","max-image-preview":"max-image-preview:large","max-video-preview":"max-video-preview:-1"},"canonical":"https:\/\/metaltale.com\/et\/toode\/3d-metallist-tapeet-loft-route-66-distributor-60x120-cm\/","og_locale":"et_EE","og_type":"article","og_title":"3D metallist tapeet LOFT ROUTE 66 DISTRIBUTOR 60x120 cm - MetalTale.com","og_description":"Mudel PT. T150111 EAN. 5907772071854 Orienteerimine Vertikaalne Motiiv Motoriseerimine Materjal teras Laius (cm) 60 K\u00f5rgus (cm) 120 S\u00fcgavus (cm) 6","og_url":"https:\/\/metaltale.com\/et\/toode\/3d-metallist-tapeet-loft-route-66-distributor-60x120-cm\/","og_site_name":"MetalTale.com","twitter_card":"summary_large_image","twitter_misc":{"Est. reading time":"1 minut"},"schema":{"@context":"https:\/\/schema.org","@graph":[{"@type":"WebPage","@id":"https:\/\/metaltale.com\/et\/toode\/3d-metallist-tapeet-loft-route-66-distributor-60x120-cm\/","url":"https:\/\/metaltale.com\/et\/toode\/3d-metallist-tapeet-loft-route-66-distributor-60x120-cm\/","name":"3D metallist tapeet LOFT ROUTE 66 DISTRIBUTOR 60x120 cm - MetalTale.com","isPartOf":{"@id":"https:\/\/metaltale.com\/et\/#website"},"primaryImageOfPage":{"@id":"https:\/\/metaltale.com\/et\/toode\/3d-metallist-tapeet-loft-route-66-distributor-60x120-cm\/#primaryimage"},"image":{"@id":"https:\/\/metaltale.com\/et\/toode\/3d-metallist-tapeet-loft-route-66-distributor-60x120-cm\/#primaryimage"},"thumbnailUrl":"https:\/\/metaltale.com\/wp-content\/uploads\/2023\/09\/3D-vaizdas-ROUTE-66-DISTRIBUTOR.jpg","datePublished":"2024-02-13T11:17:48+00:00","breadcrumb":{"@id":"https:\/\/metaltale.com\/et\/toode\/3d-metallist-tapeet-loft-route-66-distributor-60x120-cm\/#breadcrumb"},"inLanguage":"et","potentialAction":[{"@type":"ReadAction","target":["https:\/\/metaltale.com\/et\/toode\/3d-metallist-tapeet-loft-route-66-distributor-60x120-cm\/"]}]},{"@type":"ImageObject","inLanguage":"et","@id":"https:\/\/metaltale.com\/et\/toode\/3d-metallist-tapeet-loft-route-66-distributor-60x120-cm\/#primaryimage","url":"https:\/\/metaltale.com\/wp-content\/uploads\/2023\/09\/3D-vaizdas-ROUTE-66-DISTRIBUTOR.jpg","contentUrl":"https:\/\/metaltale.com\/wp-content\/uploads\/2023\/09\/3D-vaizdas-ROUTE-66-DISTRIBUTOR.jpg","width":800,"height":800},{"@type":"BreadcrumbList","@id":"https:\/\/metaltale.com\/et\/toode\/3d-metallist-tapeet-loft-route-66-distributor-60x120-cm\/#breadcrumb","itemListElement":[{"@type":"ListItem","position":1,"name":"Home","item":"https:\/\/metaltale.com\/et\/kodu\/"},{"@type":"ListItem","position":2,"name":"Kauplus","item":"https:\/\/metaltale.com\/et\/shop\/"},{"@type":"ListItem","position":3,"name":"3D metallist tapeet LOFT ROUTE 66 DISTRIBUTOR 60&#215;120 cm"}]},{"@type":"WebSite","@id":"https:\/\/metaltale.com\/et\/#website","url":"https:\/\/metaltale.com\/et\/","name":"Metaltale.com","description":"","potentialAction":[{"@type":"SearchAction","target":{"@type":"EntryPoint","urlTemplate":"https:\/\/metaltale.com\/et\/?s={search_term_string}"},"query-input":{"@type":"PropertyValueSpecification","valueRequired":true,"valueName":"search_term_string"}}],"inLanguage":"et"}]}},"_links":{"self":[{"href":"https:\/\/metaltale.com\/et\/wp-json\/wp\/v2\/product\/134013","targetHints":{"allow":["GET"]}}],"collection":[{"href":"https:\/\/metaltale.com\/et\/wp-json\/wp\/v2\/product"}],"about":[{"href":"https:\/\/metaltale.com\/et\/wp-json\/wp\/v2\/types\/product"}],"replies":[{"embeddable":true,"href":"https:\/\/metaltale.com\/et\/wp-json\/wp\/v2\/comments?post=134013"}],"version-history":[{"count":0,"href":"https:\/\/metaltale.com\/et\/wp-json\/wp\/v2\/product\/134013\/revisions"}],"wp:featuredmedia":[{"embeddable":true,"href":"https:\/\/metaltale.com\/et\/wp-json\/wp\/v2\/media\/65217"}],"wp:attachment":[{"href":"https:\/\/metaltale.com\/et\/wp-json\/wp\/v2\/media?parent=134013"}],"wp:term":[{"taxonomy":"product_brand","embeddable":true,"href":"https:\/\/metaltale.com\/et\/wp-json\/wp\/v2\/product_brand?post=134013"},{"taxonomy":"product_cat","embeddable":true,"href":"https:\/\/metaltale.com\/et\/wp-json\/wp\/v2\/product_cat?post=134013"},{"taxonomy":"product_tag","embeddable":true,"href":"https:\/\/metaltale.com\/et\/wp-json\/wp\/v2\/product_tag?post=134013"}],"curies":[{"name":"wp","href":"https:\/\/api.w.org\/{rel}","templated":true}]}}