{"id":133994,"date":"2024-02-13T14:29:51","date_gmt":"2024-02-13T12:29:51","guid":{"rendered":"https:\/\/metaltale.com\/produktas\/3d-vaade-loftas-mozaiko-1\/"},"modified":"2024-02-13T14:29:51","modified_gmt":"2024-02-13T12:29:51","slug":"3d-vaade-loftas-mozaiko-1","status":"publish","type":"product","link":"https:\/\/metaltale.com\/et\/toode\/3d-vaade-loftas-mozaiko-1\/","title":{"rendered":"3D vaade LOFTAS MOZAIKO 1"},"content":{"rendered":"<div class=\"prod_data\">\n<p><strong>Mudel<\/strong> PT. G120911<br \/>\n<strong>EAN.<\/strong>  5907772073506<br \/>\n<strong>Laius (cm)<\/strong> 76<br \/>\n<strong>K\u00f5rgus (cm)<\/strong> 118<br \/>\n<strong>Paksus (cm<\/strong> ) 8,5<br \/>\nMaterjal Puit, puitlaudis, plastik<br \/>\nOrienteerimine Vertikaalne<br \/>\nMotiiv Muu<\/p>\n<p>&#8211; 3D vaade tisleriplaadist ja plastikust<br \/>\n&#8211; puidust raam loob tugeva struktuuri, mis kaitseb pilti moonutuste eest<br \/>\n&#8211; k\u00e4sitsi t\u00e4itmine tagab iga koopia ainulaadsuse<br \/>\n&#8211; tegelikud v\u00e4ljaulatuvad osad<br \/>\n&#8211; Seina viimistluse l\u00e4ikiva pinna t\u00f5ttu ei kajasta galeriis olevad fotod t\u00e4pselt maali v\u00e4rvilahendust, mis on hoitud tumedamates toonides.<br \/>\n&#8211; impregneerimine l\u00e4bipaistva lakiga tagab v\u00e4rvi s\u00e4ilimise ja kriimustuskindluse<br \/>\n&#8211; kolmem\u00f5\u00f5tmeline mosaiikviimistlus<\/p>\n<hr>\n<p>3D-maal v\u00f5i kolmem\u00f5\u00f5tmeline seinakaunistus? Mosaiik on kompromiss otsustusv\u00f5imetute jaoks. Mosaiikseinade tugevus seisneb nende lihtsuses. Ruudukujuliselt suletud ruudud meenutavad mosaiikmustrit, mis on olnud kasutusel juba sajandeid &#8211; see muster sobib h\u00e4sti nii moodsasse kui ka klassikalisse interj\u00f6\u00f6ri. Selle eeliseks on ka v\u00f5imalus riputada pilt vertikaalselt ja horisontaalselt. Soojades v\u00e4rvides 3D-seinakaunistus lisab s\u00fcgavust ja hubasust kaasaegsetele ja loft-interj\u00f6\u00f6ridele. Originaalne 3D-kujutis lisab igale kujundusele v\u00e4rskust ja disaineripuudutust. K\u00e4sitsi valmistatud toote ainulaadsus on t\u00e4helepanuv\u00e4\u00e4rne &#8211; kaks \u00fchesugust eksemplari ei ole. Pinnal n\u00e4htavad pintslij\u00e4ljed on intrigeeriv detail. Iseloomulik kaunistuselement v\u00f5ib olla ka originaalne kingitus. Kaasasolevad kinnitusklambrid tagavad kindla kinnituse seinale. Mosaiigid on midagi enamat kui lihtsalt seinakaunistus &#8211; need on ajatu kaunistus ja suurep\u00e4rane kingiidee.<\/p>\n<\/div>\n","protected":false},"excerpt":{"rendered":"<p>Mudel PT. G120911 EAN. 5907772073506 Laius (cm) 76 K\u00f5rgus (cm) 118 Paksus (cm ) 8,5 Materjal Puit, puitlaudis, plastik Orienteerimine<\/p>\n","protected":false},"featured_media":69951,"comment_status":"open","ping_status":"closed","template":"","meta":{"_acf_changed":false,"pmpro_default_level":""},"product_brand":[],"product_cat":[23913,23895],"product_tag":[],"class_list":{"0":"post-133994","1":"product","2":"type-product","3":"status-publish","4":"has-post-thumbnail","6":"product_cat-3d-paveikslai-et","7":"product_cat-kaunistused","8":"pmpro-has-access","10":"first","11":"instock","12":"shipping-taxable","13":"purchasable","14":"product-type-simple"},"acf":[],"yoast_head":"<!-- This site is optimized with the Yoast SEO plugin v24.9 - https:\/\/yoast.com\/wordpress\/plugins\/seo\/ -->\n<title>3D vaade LOFTAS MOZAIKO 1 - MetalTale.com<\/title>\n<meta name=\"robots\" content=\"index, follow, max-snippet:-1, max-image-preview:large, max-video-preview:-1\" \/>\n<link rel=\"canonical\" href=\"https:\/\/metaltale.com\/et\/toode\/3d-vaade-loftas-mozaiko-1\/\" \/>\n<meta property=\"og:locale\" content=\"et_EE\" \/>\n<meta property=\"og:type\" content=\"article\" \/>\n<meta property=\"og:title\" content=\"3D vaade LOFTAS MOZAIKO 1 - MetalTale.com\" \/>\n<meta property=\"og:description\" content=\"Mudel PT. G120911 EAN. 5907772073506 Laius (cm) 76 K\u00f5rgus (cm) 118 Paksus (cm ) 8,5 Materjal Puit, puitlaudis, plastik Orienteerimine\" \/>\n<meta property=\"og:url\" content=\"https:\/\/metaltale.com\/et\/toode\/3d-vaade-loftas-mozaiko-1\/\" \/>\n<meta property=\"og:site_name\" content=\"MetalTale.com\" \/>\n<meta property=\"og:image\" content=\"http:\/\/metaltale.com\/wp-content\/uploads\/2023\/09\/3D-vaizdas-LOFTAS-MOZAIKO-1.jpg\" \/>\n\t<meta property=\"og:image:width\" content=\"800\" \/>\n\t<meta property=\"og:image:height\" content=\"800\" \/>\n\t<meta property=\"og:image:type\" content=\"image\/jpeg\" \/>\n<meta name=\"twitter:card\" content=\"summary_large_image\" \/>\n<meta name=\"twitter:label1\" content=\"Est. reading time\" \/>\n\t<meta name=\"twitter:data1\" content=\"1 minut\" \/>\n<script type=\"application\/ld+json\" class=\"yoast-schema-graph\">{\"@context\":\"https:\/\/schema.org\",\"@graph\":[{\"@type\":\"WebPage\",\"@id\":\"https:\/\/metaltale.com\/et\/toode\/3d-vaade-loftas-mozaiko-1\/\",\"url\":\"https:\/\/metaltale.com\/et\/toode\/3d-vaade-loftas-mozaiko-1\/\",\"name\":\"3D vaade LOFTAS MOZAIKO 1 - MetalTale.com\",\"isPartOf\":{\"@id\":\"https:\/\/metaltale.com\/et\/#website\"},\"primaryImageOfPage\":{\"@id\":\"https:\/\/metaltale.com\/et\/toode\/3d-vaade-loftas-mozaiko-1\/#primaryimage\"},\"image\":{\"@id\":\"https:\/\/metaltale.com\/et\/toode\/3d-vaade-loftas-mozaiko-1\/#primaryimage\"},\"thumbnailUrl\":\"https:\/\/metaltale.com\/wp-content\/uploads\/2023\/09\/3D-vaizdas-LOFTAS-MOZAIKO-1.jpg\",\"datePublished\":\"2024-02-13T12:29:51+00:00\",\"breadcrumb\":{\"@id\":\"https:\/\/metaltale.com\/et\/toode\/3d-vaade-loftas-mozaiko-1\/#breadcrumb\"},\"inLanguage\":\"et\",\"potentialAction\":[{\"@type\":\"ReadAction\",\"target\":[\"https:\/\/metaltale.com\/et\/toode\/3d-vaade-loftas-mozaiko-1\/\"]}]},{\"@type\":\"ImageObject\",\"inLanguage\":\"et\",\"@id\":\"https:\/\/metaltale.com\/et\/toode\/3d-vaade-loftas-mozaiko-1\/#primaryimage\",\"url\":\"https:\/\/metaltale.com\/wp-content\/uploads\/2023\/09\/3D-vaizdas-LOFTAS-MOZAIKO-1.jpg\",\"contentUrl\":\"https:\/\/metaltale.com\/wp-content\/uploads\/2023\/09\/3D-vaizdas-LOFTAS-MOZAIKO-1.jpg\",\"width\":800,\"height\":800},{\"@type\":\"BreadcrumbList\",\"@id\":\"https:\/\/metaltale.com\/et\/toode\/3d-vaade-loftas-mozaiko-1\/#breadcrumb\",\"itemListElement\":[{\"@type\":\"ListItem\",\"position\":1,\"name\":\"Home\",\"item\":\"https:\/\/metaltale.com\/et\/kodu\/\"},{\"@type\":\"ListItem\",\"position\":2,\"name\":\"Kauplus\",\"item\":\"https:\/\/metaltale.com\/et\/shop\/\"},{\"@type\":\"ListItem\",\"position\":3,\"name\":\"3D vaade LOFTAS MOZAIKO 1\"}]},{\"@type\":\"WebSite\",\"@id\":\"https:\/\/metaltale.com\/et\/#website\",\"url\":\"https:\/\/metaltale.com\/et\/\",\"name\":\"Metaltale.com\",\"description\":\"\",\"potentialAction\":[{\"@type\":\"SearchAction\",\"target\":{\"@type\":\"EntryPoint\",\"urlTemplate\":\"https:\/\/metaltale.com\/et\/?s={search_term_string}\"},\"query-input\":{\"@type\":\"PropertyValueSpecification\",\"valueRequired\":true,\"valueName\":\"search_term_string\"}}],\"inLanguage\":\"et\"}]}<\/script>\n<!-- \/ Yoast SEO plugin. -->","yoast_head_json":{"title":"3D vaade LOFTAS MOZAIKO 1 - MetalTale.com","robots":{"index":"index","follow":"follow","max-snippet":"max-snippet:-1","max-image-preview":"max-image-preview:large","max-video-preview":"max-video-preview:-1"},"canonical":"https:\/\/metaltale.com\/et\/toode\/3d-vaade-loftas-mozaiko-1\/","og_locale":"et_EE","og_type":"article","og_title":"3D vaade LOFTAS MOZAIKO 1 - MetalTale.com","og_description":"Mudel PT. G120911 EAN. 5907772073506 Laius (cm) 76 K\u00f5rgus (cm) 118 Paksus (cm ) 8,5 Materjal Puit, puitlaudis, plastik Orienteerimine","og_url":"https:\/\/metaltale.com\/et\/toode\/3d-vaade-loftas-mozaiko-1\/","og_site_name":"MetalTale.com","og_image":[{"width":800,"height":800,"url":"http:\/\/metaltale.com\/wp-content\/uploads\/2023\/09\/3D-vaizdas-LOFTAS-MOZAIKO-1.jpg","type":"image\/jpeg"}],"twitter_card":"summary_large_image","twitter_misc":{"Est. reading time":"1 minut"},"schema":{"@context":"https:\/\/schema.org","@graph":[{"@type":"WebPage","@id":"https:\/\/metaltale.com\/et\/toode\/3d-vaade-loftas-mozaiko-1\/","url":"https:\/\/metaltale.com\/et\/toode\/3d-vaade-loftas-mozaiko-1\/","name":"3D vaade LOFTAS MOZAIKO 1 - MetalTale.com","isPartOf":{"@id":"https:\/\/metaltale.com\/et\/#website"},"primaryImageOfPage":{"@id":"https:\/\/metaltale.com\/et\/toode\/3d-vaade-loftas-mozaiko-1\/#primaryimage"},"image":{"@id":"https:\/\/metaltale.com\/et\/toode\/3d-vaade-loftas-mozaiko-1\/#primaryimage"},"thumbnailUrl":"https:\/\/metaltale.com\/wp-content\/uploads\/2023\/09\/3D-vaizdas-LOFTAS-MOZAIKO-1.jpg","datePublished":"2024-02-13T12:29:51+00:00","breadcrumb":{"@id":"https:\/\/metaltale.com\/et\/toode\/3d-vaade-loftas-mozaiko-1\/#breadcrumb"},"inLanguage":"et","potentialAction":[{"@type":"ReadAction","target":["https:\/\/metaltale.com\/et\/toode\/3d-vaade-loftas-mozaiko-1\/"]}]},{"@type":"ImageObject","inLanguage":"et","@id":"https:\/\/metaltale.com\/et\/toode\/3d-vaade-loftas-mozaiko-1\/#primaryimage","url":"https:\/\/metaltale.com\/wp-content\/uploads\/2023\/09\/3D-vaizdas-LOFTAS-MOZAIKO-1.jpg","contentUrl":"https:\/\/metaltale.com\/wp-content\/uploads\/2023\/09\/3D-vaizdas-LOFTAS-MOZAIKO-1.jpg","width":800,"height":800},{"@type":"BreadcrumbList","@id":"https:\/\/metaltale.com\/et\/toode\/3d-vaade-loftas-mozaiko-1\/#breadcrumb","itemListElement":[{"@type":"ListItem","position":1,"name":"Home","item":"https:\/\/metaltale.com\/et\/kodu\/"},{"@type":"ListItem","position":2,"name":"Kauplus","item":"https:\/\/metaltale.com\/et\/shop\/"},{"@type":"ListItem","position":3,"name":"3D vaade LOFTAS MOZAIKO 1"}]},{"@type":"WebSite","@id":"https:\/\/metaltale.com\/et\/#website","url":"https:\/\/metaltale.com\/et\/","name":"Metaltale.com","description":"","potentialAction":[{"@type":"SearchAction","target":{"@type":"EntryPoint","urlTemplate":"https:\/\/metaltale.com\/et\/?s={search_term_string}"},"query-input":{"@type":"PropertyValueSpecification","valueRequired":true,"valueName":"search_term_string"}}],"inLanguage":"et"}]}},"_links":{"self":[{"href":"https:\/\/metaltale.com\/et\/wp-json\/wp\/v2\/product\/133994","targetHints":{"allow":["GET"]}}],"collection":[{"href":"https:\/\/metaltale.com\/et\/wp-json\/wp\/v2\/product"}],"about":[{"href":"https:\/\/metaltale.com\/et\/wp-json\/wp\/v2\/types\/product"}],"replies":[{"embeddable":true,"href":"https:\/\/metaltale.com\/et\/wp-json\/wp\/v2\/comments?post=133994"}],"version-history":[{"count":0,"href":"https:\/\/metaltale.com\/et\/wp-json\/wp\/v2\/product\/133994\/revisions"}],"wp:featuredmedia":[{"embeddable":true,"href":"https:\/\/metaltale.com\/et\/wp-json\/wp\/v2\/media\/69951"}],"wp:attachment":[{"href":"https:\/\/metaltale.com\/et\/wp-json\/wp\/v2\/media?parent=133994"}],"wp:term":[{"taxonomy":"product_brand","embeddable":true,"href":"https:\/\/metaltale.com\/et\/wp-json\/wp\/v2\/product_brand?post=133994"},{"taxonomy":"product_cat","embeddable":true,"href":"https:\/\/metaltale.com\/et\/wp-json\/wp\/v2\/product_cat?post=133994"},{"taxonomy":"product_tag","embeddable":true,"href":"https:\/\/metaltale.com\/et\/wp-json\/wp\/v2\/product_tag?post=133994"}],"curies":[{"name":"wp","href":"https:\/\/api.w.org\/{rel}","templated":true}]}}