{"id":133993,"date":"2024-02-13T14:29:51","date_gmt":"2024-02-13T12:29:51","guid":{"rendered":"https:\/\/metaltale.com\/produktas\/3d-vaade-loft-panel-150x56-cm\/"},"modified":"2024-02-13T14:29:51","modified_gmt":"2024-02-13T12:29:51","slug":"3d-vaade-loft-panel-150x56-cm","status":"publish","type":"product","link":"https:\/\/metaltale.com\/et\/toode\/3d-vaade-loft-panel-150x56-cm\/","title":{"rendered":"3D vaade LOFT PANEL 150&#215;56 cm"},"content":{"rendered":"<div class=\"prod_data\">\n<p><strong>Mudel<\/strong> PT. F21004<br \/>\n<strong>EAN.<\/strong>  5907772073025<br \/>\nLaius (cm) 150<br \/>\n<strong>K\u00f5rgus (cm)<\/strong> 56<br \/>\n<strong>Paksus (cm<\/strong> ) 6,5<br \/>\nMaterjal Puit, puitlaudis, plastik<br \/>\nOrienteerimine Horisontaalne<br \/>\nMotiiv Muu<\/p>\n<p>&#8211; 3D kujutis, mis on valmistatud tisleriplaadist ja plastikust, mis toetub puitkarkassile.<br \/>\n&#8211; tegelikud v\u00e4ljaulatuvad osad<br \/>\n&#8211; k\u00e4sitsi t\u00e4itmine tagab iga koopia ainulaadsuse<br \/>\n&#8211; impregneerimine l\u00e4bipaistva lakiga tagab v\u00e4rvi s\u00e4ilimise ja kriimustuskindluse.<br \/>\n&#8211; Joonisel 4.1 on kujutatud dekoratiivset paneeli<\/p>\n<hr>\n<p>Suur 3D-paneel rikkalike metallv\u00e4rvidega on kaasaegne seinakaunistus, mis sobib ideaalselt loft- ja minimalistlikesse interj\u00f6\u00f6ridesse. Geomeetriline visuaalne muster, mis on samaaegselt peen ja pilkup\u00fc\u00fcdev, tagab selle mitmek\u00fclgsuse, mis muudab pakutud metallpaneeli h\u00f5lpsasti sobitatavaks paljudesse interj\u00f6\u00f6ristiilidesse. Samal p\u00f5hjusel v\u00f5ib seinakaunistus olla ka disaineri kingitus. H\u00f5be- ja terasetoonid annavad sellele klassi ja elegantsi. Ruumilised pildid tehakse k\u00e4sitsi, seega on iga koopia erinev. Teadlik vananemine m\u00f5jutab oluliselt pildi iseloomu. Ainulaadne elutoa pilt on viimistlus, mis rikub mustreid.<\/p>\n<\/div>\n","protected":false},"excerpt":{"rendered":"<p>Mudel PT. F21004 EAN. 5907772073025 Laius (cm) 150 K\u00f5rgus (cm) 56 Paksus (cm ) 6,5 Materjal Puit, puitlaudis, plastik Orienteerimine<\/p>\n","protected":false},"featured_media":113479,"comment_status":"open","ping_status":"closed","template":"","meta":{"_acf_changed":false,"pmpro_default_level":""},"product_brand":[],"product_cat":[23913,23895],"product_tag":[],"class_list":{"0":"post-133993","1":"product","2":"type-product","3":"status-publish","4":"has-post-thumbnail","6":"product_cat-3d-paveikslai-et","7":"product_cat-kaunistused","8":"pmpro-has-access","10":"first","11":"instock","12":"shipping-taxable","13":"purchasable","14":"product-type-simple"},"acf":[],"yoast_head":"<!-- This site is optimized with the Yoast SEO plugin v24.9 - https:\/\/yoast.com\/wordpress\/plugins\/seo\/ -->\n<title>3D vaade LOFT PANEL 150x56 cm - MetalTale.com<\/title>\n<meta name=\"robots\" content=\"index, follow, max-snippet:-1, max-image-preview:large, max-video-preview:-1\" \/>\n<link rel=\"canonical\" href=\"https:\/\/metaltale.com\/et\/toode\/3d-vaade-loft-panel-150x56-cm\/\" \/>\n<meta property=\"og:locale\" content=\"et_EE\" \/>\n<meta property=\"og:type\" content=\"article\" \/>\n<meta property=\"og:title\" content=\"3D vaade LOFT PANEL 150x56 cm - MetalTale.com\" \/>\n<meta property=\"og:description\" content=\"Mudel PT. F21004 EAN. 5907772073025 Laius (cm) 150 K\u00f5rgus (cm) 56 Paksus (cm ) 6,5 Materjal Puit, puitlaudis, plastik Orienteerimine\" \/>\n<meta property=\"og:url\" content=\"https:\/\/metaltale.com\/et\/toode\/3d-vaade-loft-panel-150x56-cm\/\" \/>\n<meta property=\"og:site_name\" content=\"MetalTale.com\" \/>\n<meta name=\"twitter:card\" content=\"summary_large_image\" \/>\n<meta name=\"twitter:label1\" content=\"Est. reading time\" \/>\n\t<meta name=\"twitter:data1\" content=\"1 minut\" \/>\n<script type=\"application\/ld+json\" class=\"yoast-schema-graph\">{\"@context\":\"https:\/\/schema.org\",\"@graph\":[{\"@type\":\"WebPage\",\"@id\":\"https:\/\/metaltale.com\/et\/toode\/3d-vaade-loft-panel-150x56-cm\/\",\"url\":\"https:\/\/metaltale.com\/et\/toode\/3d-vaade-loft-panel-150x56-cm\/\",\"name\":\"3D vaade LOFT PANEL 150x56 cm - MetalTale.com\",\"isPartOf\":{\"@id\":\"https:\/\/metaltale.com\/et\/#website\"},\"primaryImageOfPage\":{\"@id\":\"https:\/\/metaltale.com\/et\/toode\/3d-vaade-loft-panel-150x56-cm\/#primaryimage\"},\"image\":{\"@id\":\"https:\/\/metaltale.com\/et\/toode\/3d-vaade-loft-panel-150x56-cm\/#primaryimage\"},\"thumbnailUrl\":\"https:\/\/metaltale.com\/wp-content\/uploads\/2023\/11\/3D-vaizdas-LOFT-PANEL.jpg\",\"datePublished\":\"2024-02-13T12:29:51+00:00\",\"breadcrumb\":{\"@id\":\"https:\/\/metaltale.com\/et\/toode\/3d-vaade-loft-panel-150x56-cm\/#breadcrumb\"},\"inLanguage\":\"et\",\"potentialAction\":[{\"@type\":\"ReadAction\",\"target\":[\"https:\/\/metaltale.com\/et\/toode\/3d-vaade-loft-panel-150x56-cm\/\"]}]},{\"@type\":\"ImageObject\",\"inLanguage\":\"et\",\"@id\":\"https:\/\/metaltale.com\/et\/toode\/3d-vaade-loft-panel-150x56-cm\/#primaryimage\",\"url\":\"https:\/\/metaltale.com\/wp-content\/uploads\/2023\/11\/3D-vaizdas-LOFT-PANEL.jpg\",\"contentUrl\":\"https:\/\/metaltale.com\/wp-content\/uploads\/2023\/11\/3D-vaizdas-LOFT-PANEL.jpg\",\"width\":800,\"height\":800},{\"@type\":\"BreadcrumbList\",\"@id\":\"https:\/\/metaltale.com\/et\/toode\/3d-vaade-loft-panel-150x56-cm\/#breadcrumb\",\"itemListElement\":[{\"@type\":\"ListItem\",\"position\":1,\"name\":\"Home\",\"item\":\"https:\/\/metaltale.com\/et\/kodu\/\"},{\"@type\":\"ListItem\",\"position\":2,\"name\":\"Kauplus\",\"item\":\"https:\/\/metaltale.com\/et\/shop\/\"},{\"@type\":\"ListItem\",\"position\":3,\"name\":\"3D vaade LOFT PANEL 150&#215;56 cm\"}]},{\"@type\":\"WebSite\",\"@id\":\"https:\/\/metaltale.com\/et\/#website\",\"url\":\"https:\/\/metaltale.com\/et\/\",\"name\":\"Metaltale.com\",\"description\":\"\",\"potentialAction\":[{\"@type\":\"SearchAction\",\"target\":{\"@type\":\"EntryPoint\",\"urlTemplate\":\"https:\/\/metaltale.com\/et\/?s={search_term_string}\"},\"query-input\":{\"@type\":\"PropertyValueSpecification\",\"valueRequired\":true,\"valueName\":\"search_term_string\"}}],\"inLanguage\":\"et\"}]}<\/script>\n<!-- \/ Yoast SEO plugin. -->","yoast_head_json":{"title":"3D vaade LOFT PANEL 150x56 cm - MetalTale.com","robots":{"index":"index","follow":"follow","max-snippet":"max-snippet:-1","max-image-preview":"max-image-preview:large","max-video-preview":"max-video-preview:-1"},"canonical":"https:\/\/metaltale.com\/et\/toode\/3d-vaade-loft-panel-150x56-cm\/","og_locale":"et_EE","og_type":"article","og_title":"3D vaade LOFT PANEL 150x56 cm - MetalTale.com","og_description":"Mudel PT. F21004 EAN. 5907772073025 Laius (cm) 150 K\u00f5rgus (cm) 56 Paksus (cm ) 6,5 Materjal Puit, puitlaudis, plastik Orienteerimine","og_url":"https:\/\/metaltale.com\/et\/toode\/3d-vaade-loft-panel-150x56-cm\/","og_site_name":"MetalTale.com","twitter_card":"summary_large_image","twitter_misc":{"Est. reading time":"1 minut"},"schema":{"@context":"https:\/\/schema.org","@graph":[{"@type":"WebPage","@id":"https:\/\/metaltale.com\/et\/toode\/3d-vaade-loft-panel-150x56-cm\/","url":"https:\/\/metaltale.com\/et\/toode\/3d-vaade-loft-panel-150x56-cm\/","name":"3D vaade LOFT PANEL 150x56 cm - MetalTale.com","isPartOf":{"@id":"https:\/\/metaltale.com\/et\/#website"},"primaryImageOfPage":{"@id":"https:\/\/metaltale.com\/et\/toode\/3d-vaade-loft-panel-150x56-cm\/#primaryimage"},"image":{"@id":"https:\/\/metaltale.com\/et\/toode\/3d-vaade-loft-panel-150x56-cm\/#primaryimage"},"thumbnailUrl":"https:\/\/metaltale.com\/wp-content\/uploads\/2023\/11\/3D-vaizdas-LOFT-PANEL.jpg","datePublished":"2024-02-13T12:29:51+00:00","breadcrumb":{"@id":"https:\/\/metaltale.com\/et\/toode\/3d-vaade-loft-panel-150x56-cm\/#breadcrumb"},"inLanguage":"et","potentialAction":[{"@type":"ReadAction","target":["https:\/\/metaltale.com\/et\/toode\/3d-vaade-loft-panel-150x56-cm\/"]}]},{"@type":"ImageObject","inLanguage":"et","@id":"https:\/\/metaltale.com\/et\/toode\/3d-vaade-loft-panel-150x56-cm\/#primaryimage","url":"https:\/\/metaltale.com\/wp-content\/uploads\/2023\/11\/3D-vaizdas-LOFT-PANEL.jpg","contentUrl":"https:\/\/metaltale.com\/wp-content\/uploads\/2023\/11\/3D-vaizdas-LOFT-PANEL.jpg","width":800,"height":800},{"@type":"BreadcrumbList","@id":"https:\/\/metaltale.com\/et\/toode\/3d-vaade-loft-panel-150x56-cm\/#breadcrumb","itemListElement":[{"@type":"ListItem","position":1,"name":"Home","item":"https:\/\/metaltale.com\/et\/kodu\/"},{"@type":"ListItem","position":2,"name":"Kauplus","item":"https:\/\/metaltale.com\/et\/shop\/"},{"@type":"ListItem","position":3,"name":"3D vaade LOFT PANEL 150&#215;56 cm"}]},{"@type":"WebSite","@id":"https:\/\/metaltale.com\/et\/#website","url":"https:\/\/metaltale.com\/et\/","name":"Metaltale.com","description":"","potentialAction":[{"@type":"SearchAction","target":{"@type":"EntryPoint","urlTemplate":"https:\/\/metaltale.com\/et\/?s={search_term_string}"},"query-input":{"@type":"PropertyValueSpecification","valueRequired":true,"valueName":"search_term_string"}}],"inLanguage":"et"}]}},"_links":{"self":[{"href":"https:\/\/metaltale.com\/et\/wp-json\/wp\/v2\/product\/133993","targetHints":{"allow":["GET"]}}],"collection":[{"href":"https:\/\/metaltale.com\/et\/wp-json\/wp\/v2\/product"}],"about":[{"href":"https:\/\/metaltale.com\/et\/wp-json\/wp\/v2\/types\/product"}],"replies":[{"embeddable":true,"href":"https:\/\/metaltale.com\/et\/wp-json\/wp\/v2\/comments?post=133993"}],"version-history":[{"count":0,"href":"https:\/\/metaltale.com\/et\/wp-json\/wp\/v2\/product\/133993\/revisions"}],"wp:featuredmedia":[{"embeddable":true,"href":"https:\/\/metaltale.com\/et\/wp-json\/wp\/v2\/media\/113479"}],"wp:attachment":[{"href":"https:\/\/metaltale.com\/et\/wp-json\/wp\/v2\/media?parent=133993"}],"wp:term":[{"taxonomy":"product_brand","embeddable":true,"href":"https:\/\/metaltale.com\/et\/wp-json\/wp\/v2\/product_brand?post=133993"},{"taxonomy":"product_cat","embeddable":true,"href":"https:\/\/metaltale.com\/et\/wp-json\/wp\/v2\/product_cat?post=133993"},{"taxonomy":"product_tag","embeddable":true,"href":"https:\/\/metaltale.com\/et\/wp-json\/wp\/v2\/product_tag?post=133993"}],"curies":[{"name":"wp","href":"https:\/\/api.w.org\/{rel}","templated":true}]}}