{"id":133969,"date":"2024-02-13T13:39:04","date_gmt":"2024-02-13T11:39:04","guid":{"rendered":"https:\/\/metaltale.com\/produktas\/ummargune-terasest-rippvalgusti-alex\/"},"modified":"2024-02-13T13:39:04","modified_gmt":"2024-02-13T11:39:04","slug":"ummargune-terasest-rippvalgusti-alex","status":"publish","type":"product","link":"https:\/\/metaltale.com\/et\/toode\/ummargune-terasest-rippvalgusti-alex\/","title":{"rendered":"\u00dcmmargune terasest rippvalgusti ALEX"},"content":{"rendered":"<div class=\"prod_data\"><strong>Mudel<\/strong> AF.797.08-PRGR  <br \/><strong>Materjal<\/strong> teras  <br \/><strong>\u00dcldk\u00f5rgus (cm)<\/strong> 82, 98  <br \/><strong>\u00dcldl\u00e4bim\u00f5\u00f5t (cm<\/strong> ) 39, 55  <br \/><strong>V\u00e4rv<\/strong> Must  <\/p>\n<p>&#8211; \u00fcmmargune rippuv k\u00fc\u00fcnlajalg  <br \/>&#8211; valmistatud poolmatt mustaks v\u00e4rvitud terasest<br \/>&#8211; valige k\u00fc\u00fcnlaaluse jaoks k\u00fc\u00fcnal, mille l\u00e4bim\u00f5\u00f5t on 2,2 cm.<br \/>&#8211; sisaldab ketti k\u00fc\u00fcnlajalgade riputamiseks<br \/>&#8211; s\u00e4ilitage kaugus seinast (15 cm).<\/p>\n<hr>\n<p>Oma lihtsuses originaalne, rippuv k\u00fc\u00fcnlajalg on originaalne kaunistus, mis sobib h\u00f5lpsasti igasse interj\u00f6\u00f6ri. Must poolmatt terasviimistlus on ajatu ja sobib nii rustikaalse, moodsa kui ka loft-stiiliga. Kaunistatud pukspuu okste v\u00f5i v\u00e4rskete okastega, muudab Alex oma iseloomu ja muutub kohe stiilseks juhuslikuks kaunistuseks. Komplektis on kett k\u00fc\u00fcnlajalgade riputamiseks. \u00c4rge unustage viimistluse paigaldamisel hoidke seinast ohutusse kaugusesse.<\/p>\n<\/div>\n","protected":false},"excerpt":{"rendered":"<p>Mudel AF.797.08-PRGR Materjal teras \u00dcldk\u00f5rgus (cm) 82, 98 \u00dcldl\u00e4bim\u00f5\u00f5t (cm ) 39, 55 V\u00e4rv Must &#8211; \u00fcmmargune rippuv k\u00fc\u00fcnlajalg &#8211;<\/p>\n","protected":false},"featured_media":79263,"comment_status":"open","ping_status":"closed","template":"","meta":{"_acf_changed":false,"pmpro_default_level":""},"product_brand":[],"product_cat":[24186],"product_tag":[],"class_list":{"0":"post-133969","1":"product","2":"type-product","3":"status-publish","4":"has-post-thumbnail","6":"product_cat-riputatud-kuunlajalad","7":"pmpro-has-access","9":"first","10":"instock","11":"shipping-taxable","12":"purchasable","13":"product-type-simple"},"acf":[],"yoast_head":"<!-- This site is optimized with the Yoast SEO plugin v24.9 - https:\/\/yoast.com\/wordpress\/plugins\/seo\/ -->\n<title>\u00dcmmargune terasest rippvalgusti ALEX - MetalTale.com<\/title>\n<meta name=\"robots\" content=\"index, follow, max-snippet:-1, max-image-preview:large, max-video-preview:-1\" \/>\n<link rel=\"canonical\" href=\"https:\/\/metaltale.com\/et\/toode\/ummargune-terasest-rippvalgusti-alex\/\" \/>\n<meta property=\"og:locale\" content=\"et_EE\" \/>\n<meta property=\"og:type\" content=\"article\" \/>\n<meta property=\"og:title\" content=\"\u00dcmmargune terasest rippvalgusti ALEX - MetalTale.com\" \/>\n<meta property=\"og:description\" content=\"Mudel AF.797.08-PRGR Materjal teras \u00dcldk\u00f5rgus (cm) 82, 98 \u00dcldl\u00e4bim\u00f5\u00f5t (cm ) 39, 55 V\u00e4rv Must &#8211; \u00fcmmargune rippuv k\u00fc\u00fcnlajalg &#8211;\" \/>\n<meta property=\"og:url\" content=\"https:\/\/metaltale.com\/et\/toode\/ummargune-terasest-rippvalgusti-alex\/\" \/>\n<meta property=\"og:site_name\" content=\"MetalTale.com\" \/>\n<meta name=\"twitter:card\" content=\"summary_large_image\" \/>\n<meta name=\"twitter:label1\" content=\"Est. reading time\" \/>\n\t<meta name=\"twitter:data1\" content=\"1 minut\" \/>\n<script type=\"application\/ld+json\" class=\"yoast-schema-graph\">{\"@context\":\"https:\/\/schema.org\",\"@graph\":[{\"@type\":\"WebPage\",\"@id\":\"https:\/\/metaltale.com\/et\/toode\/ummargune-terasest-rippvalgusti-alex\/\",\"url\":\"https:\/\/metaltale.com\/et\/toode\/ummargune-terasest-rippvalgusti-alex\/\",\"name\":\"\u00dcmmargune terasest rippvalgusti ALEX - MetalTale.com\",\"isPartOf\":{\"@id\":\"https:\/\/metaltale.com\/et\/#website\"},\"primaryImageOfPage\":{\"@id\":\"https:\/\/metaltale.com\/et\/toode\/ummargune-terasest-rippvalgusti-alex\/#primaryimage\"},\"image\":{\"@id\":\"https:\/\/metaltale.com\/et\/toode\/ummargune-terasest-rippvalgusti-alex\/#primaryimage\"},\"thumbnailUrl\":\"https:\/\/metaltale.com\/wp-content\/uploads\/2023\/10\/x15Awiecznik-ALEX.jpg\",\"datePublished\":\"2024-02-13T11:39:04+00:00\",\"breadcrumb\":{\"@id\":\"https:\/\/metaltale.com\/et\/toode\/ummargune-terasest-rippvalgusti-alex\/#breadcrumb\"},\"inLanguage\":\"et\",\"potentialAction\":[{\"@type\":\"ReadAction\",\"target\":[\"https:\/\/metaltale.com\/et\/toode\/ummargune-terasest-rippvalgusti-alex\/\"]}]},{\"@type\":\"ImageObject\",\"inLanguage\":\"et\",\"@id\":\"https:\/\/metaltale.com\/et\/toode\/ummargune-terasest-rippvalgusti-alex\/#primaryimage\",\"url\":\"https:\/\/metaltale.com\/wp-content\/uploads\/2023\/10\/x15Awiecznik-ALEX.jpg\",\"contentUrl\":\"https:\/\/metaltale.com\/wp-content\/uploads\/2023\/10\/x15Awiecznik-ALEX.jpg\",\"width\":800,\"height\":800},{\"@type\":\"BreadcrumbList\",\"@id\":\"https:\/\/metaltale.com\/et\/toode\/ummargune-terasest-rippvalgusti-alex\/#breadcrumb\",\"itemListElement\":[{\"@type\":\"ListItem\",\"position\":1,\"name\":\"Home\",\"item\":\"https:\/\/metaltale.com\/et\/kodu\/\"},{\"@type\":\"ListItem\",\"position\":2,\"name\":\"Kauplus\",\"item\":\"https:\/\/metaltale.com\/et\/shop\/\"},{\"@type\":\"ListItem\",\"position\":3,\"name\":\"\u00dcmmargune terasest rippvalgusti ALEX\"}]},{\"@type\":\"WebSite\",\"@id\":\"https:\/\/metaltale.com\/et\/#website\",\"url\":\"https:\/\/metaltale.com\/et\/\",\"name\":\"Metaltale.com\",\"description\":\"\",\"potentialAction\":[{\"@type\":\"SearchAction\",\"target\":{\"@type\":\"EntryPoint\",\"urlTemplate\":\"https:\/\/metaltale.com\/et\/?s={search_term_string}\"},\"query-input\":{\"@type\":\"PropertyValueSpecification\",\"valueRequired\":true,\"valueName\":\"search_term_string\"}}],\"inLanguage\":\"et\"}]}<\/script>\n<!-- \/ Yoast SEO plugin. -->","yoast_head_json":{"title":"\u00dcmmargune terasest rippvalgusti ALEX - MetalTale.com","robots":{"index":"index","follow":"follow","max-snippet":"max-snippet:-1","max-image-preview":"max-image-preview:large","max-video-preview":"max-video-preview:-1"},"canonical":"https:\/\/metaltale.com\/et\/toode\/ummargune-terasest-rippvalgusti-alex\/","og_locale":"et_EE","og_type":"article","og_title":"\u00dcmmargune terasest rippvalgusti ALEX - MetalTale.com","og_description":"Mudel AF.797.08-PRGR Materjal teras \u00dcldk\u00f5rgus (cm) 82, 98 \u00dcldl\u00e4bim\u00f5\u00f5t (cm ) 39, 55 V\u00e4rv Must &#8211; \u00fcmmargune rippuv k\u00fc\u00fcnlajalg &#8211;","og_url":"https:\/\/metaltale.com\/et\/toode\/ummargune-terasest-rippvalgusti-alex\/","og_site_name":"MetalTale.com","twitter_card":"summary_large_image","twitter_misc":{"Est. reading time":"1 minut"},"schema":{"@context":"https:\/\/schema.org","@graph":[{"@type":"WebPage","@id":"https:\/\/metaltale.com\/et\/toode\/ummargune-terasest-rippvalgusti-alex\/","url":"https:\/\/metaltale.com\/et\/toode\/ummargune-terasest-rippvalgusti-alex\/","name":"\u00dcmmargune terasest rippvalgusti ALEX - MetalTale.com","isPartOf":{"@id":"https:\/\/metaltale.com\/et\/#website"},"primaryImageOfPage":{"@id":"https:\/\/metaltale.com\/et\/toode\/ummargune-terasest-rippvalgusti-alex\/#primaryimage"},"image":{"@id":"https:\/\/metaltale.com\/et\/toode\/ummargune-terasest-rippvalgusti-alex\/#primaryimage"},"thumbnailUrl":"https:\/\/metaltale.com\/wp-content\/uploads\/2023\/10\/x15Awiecznik-ALEX.jpg","datePublished":"2024-02-13T11:39:04+00:00","breadcrumb":{"@id":"https:\/\/metaltale.com\/et\/toode\/ummargune-terasest-rippvalgusti-alex\/#breadcrumb"},"inLanguage":"et","potentialAction":[{"@type":"ReadAction","target":["https:\/\/metaltale.com\/et\/toode\/ummargune-terasest-rippvalgusti-alex\/"]}]},{"@type":"ImageObject","inLanguage":"et","@id":"https:\/\/metaltale.com\/et\/toode\/ummargune-terasest-rippvalgusti-alex\/#primaryimage","url":"https:\/\/metaltale.com\/wp-content\/uploads\/2023\/10\/x15Awiecznik-ALEX.jpg","contentUrl":"https:\/\/metaltale.com\/wp-content\/uploads\/2023\/10\/x15Awiecznik-ALEX.jpg","width":800,"height":800},{"@type":"BreadcrumbList","@id":"https:\/\/metaltale.com\/et\/toode\/ummargune-terasest-rippvalgusti-alex\/#breadcrumb","itemListElement":[{"@type":"ListItem","position":1,"name":"Home","item":"https:\/\/metaltale.com\/et\/kodu\/"},{"@type":"ListItem","position":2,"name":"Kauplus","item":"https:\/\/metaltale.com\/et\/shop\/"},{"@type":"ListItem","position":3,"name":"\u00dcmmargune terasest rippvalgusti ALEX"}]},{"@type":"WebSite","@id":"https:\/\/metaltale.com\/et\/#website","url":"https:\/\/metaltale.com\/et\/","name":"Metaltale.com","description":"","potentialAction":[{"@type":"SearchAction","target":{"@type":"EntryPoint","urlTemplate":"https:\/\/metaltale.com\/et\/?s={search_term_string}"},"query-input":{"@type":"PropertyValueSpecification","valueRequired":true,"valueName":"search_term_string"}}],"inLanguage":"et"}]}},"_links":{"self":[{"href":"https:\/\/metaltale.com\/et\/wp-json\/wp\/v2\/product\/133969","targetHints":{"allow":["GET"]}}],"collection":[{"href":"https:\/\/metaltale.com\/et\/wp-json\/wp\/v2\/product"}],"about":[{"href":"https:\/\/metaltale.com\/et\/wp-json\/wp\/v2\/types\/product"}],"replies":[{"embeddable":true,"href":"https:\/\/metaltale.com\/et\/wp-json\/wp\/v2\/comments?post=133969"}],"version-history":[{"count":0,"href":"https:\/\/metaltale.com\/et\/wp-json\/wp\/v2\/product\/133969\/revisions"}],"wp:featuredmedia":[{"embeddable":true,"href":"https:\/\/metaltale.com\/et\/wp-json\/wp\/v2\/media\/79263"}],"wp:attachment":[{"href":"https:\/\/metaltale.com\/et\/wp-json\/wp\/v2\/media?parent=133969"}],"wp:term":[{"taxonomy":"product_brand","embeddable":true,"href":"https:\/\/metaltale.com\/et\/wp-json\/wp\/v2\/product_brand?post=133969"},{"taxonomy":"product_cat","embeddable":true,"href":"https:\/\/metaltale.com\/et\/wp-json\/wp\/v2\/product_cat?post=133969"},{"taxonomy":"product_tag","embeddable":true,"href":"https:\/\/metaltale.com\/et\/wp-json\/wp\/v2\/product_tag?post=133969"}],"curies":[{"name":"wp","href":"https:\/\/api.w.org\/{rel}","templated":true}]}}