{"id":133961,"date":"2024-02-13T14:41:05","date_gmt":"2024-02-13T12:41:05","guid":{"rendered":"https:\/\/metaltale.com\/produktas\/alumiiniumist-seisev-kuunlajalg-erin-1-2\/"},"modified":"2024-02-13T14:41:05","modified_gmt":"2024-02-13T12:41:05","slug":"alumiiniumist-seisev-kuunlajalg-erin-1-2","status":"publish","type":"product","link":"https:\/\/metaltale.com\/et\/toode\/alumiiniumist-seisev-kuunlajalg-erin-1-2\/","title":{"rendered":"Alumiiniumist seisev k\u00fc\u00fcnlajalg ERIN 1"},"content":{"rendered":"<div class=\"prod_data\"><strong>Mudel<\/strong> AF.795.00.1-PRGR  <br \/><strong>Materjal<\/strong> Alumiinium  <br \/><strong>\u00dcldk\u00f5rgus (cm)<\/strong> 13, 18, 23  <br \/><strong>\u00dcldl\u00e4bim\u00f5\u00f5t (cm)<\/strong> 9  <br \/><strong>V\u00e4rv<\/strong> Vask  <\/p>\n<p>&#8211; Seisev k\u00fc\u00fcnlajalg<br \/>&#8211; vase v\u00e4rvi mudel<br \/>&#8211; iseloomulikud pintslij\u00e4ljed ja kriimustused r\u00f5hutavad k\u00fc\u00fcnlajalgade iseloomu<br \/>&#8211; valige k\u00fc\u00fcnlaaluse jaoks k\u00fc\u00fcnal, mille l\u00e4bim\u00f5\u00f5t on 7 cm.<br \/>&#8211; aluse alumine k\u00fclg on valmistatud vildist, mis kaitseb m\u00f6\u00f6blit kriimustuste eest.<\/p>\n<hr>\n<p>Ainulaadne lauakaunistus lihtsate, kuid massiivsete k\u00fc\u00fcnlajalgade kujul on ideaalne seade \u00f5htuseks pidustuseks. ERIN k\u00fc\u00fcnlajalgade vananenud pind sobib suurep\u00e4raselt antiikvase v\u00e4rviga. K\u00fc\u00fcnlaaluse praktilised, k\u00f5rgendatud servad kaitsevad laua v\u00f5i kirstu paksu k\u00fc\u00fcnla vaha eest. Eri k\u00f5rguste ja variantide kombinatsioon sarjast ERIN tagab ainulaadse ja stiilse kaunistamise.<\/p>\n<\/div>\n","protected":false},"excerpt":{"rendered":"<p>Mudel AF.795.00.1-PRGR Materjal Alumiinium \u00dcldk\u00f5rgus (cm) 13, 18, 23 \u00dcldl\u00e4bim\u00f5\u00f5t (cm) 9 V\u00e4rv Vask &#8211; Seisev k\u00fc\u00fcnlajalg&#8211; vase v\u00e4rvi mudel&#8211;<\/p>\n","protected":false},"featured_media":89258,"comment_status":"open","ping_status":"closed","template":"","meta":{"_acf_changed":false,"pmpro_default_level":""},"product_brand":[],"product_cat":[24187],"product_tag":[],"class_list":{"0":"post-133961","1":"product","2":"type-product","3":"status-publish","4":"has-post-thumbnail","6":"product_cat-tostetavad-kuunlajalad","7":"pmpro-has-access","9":"first","10":"instock","11":"shipping-taxable","12":"purchasable","13":"product-type-simple"},"acf":[],"yoast_head":"<!-- This site is optimized with the Yoast SEO plugin v24.9 - https:\/\/yoast.com\/wordpress\/plugins\/seo\/ -->\n<title>Alumiiniumist seisev k\u00fc\u00fcnlajalg ERIN 1 - MetalTale.com<\/title>\n<meta name=\"robots\" content=\"index, follow, max-snippet:-1, max-image-preview:large, max-video-preview:-1\" \/>\n<link rel=\"canonical\" href=\"https:\/\/metaltale.com\/et\/toode\/alumiiniumist-seisev-kuunlajalg-erin-1-2\/\" \/>\n<meta property=\"og:locale\" content=\"et_EE\" \/>\n<meta property=\"og:type\" content=\"article\" \/>\n<meta property=\"og:title\" content=\"Alumiiniumist seisev k\u00fc\u00fcnlajalg ERIN 1 - MetalTale.com\" \/>\n<meta property=\"og:description\" content=\"Mudel AF.795.00.1-PRGR Materjal Alumiinium \u00dcldk\u00f5rgus (cm) 13, 18, 23 \u00dcldl\u00e4bim\u00f5\u00f5t (cm) 9 V\u00e4rv Vask &#8211; Seisev k\u00fc\u00fcnlajalg&#8211; vase v\u00e4rvi mudel&#8211;\" \/>\n<meta property=\"og:url\" content=\"https:\/\/metaltale.com\/et\/toode\/alumiiniumist-seisev-kuunlajalg-erin-1-2\/\" \/>\n<meta property=\"og:site_name\" content=\"MetalTale.com\" \/>\n<meta name=\"twitter:card\" content=\"summary_large_image\" \/>\n<meta name=\"twitter:label1\" content=\"Est. reading time\" \/>\n\t<meta name=\"twitter:data1\" content=\"1 minut\" \/>\n<script type=\"application\/ld+json\" class=\"yoast-schema-graph\">{\"@context\":\"https:\/\/schema.org\",\"@graph\":[{\"@type\":\"WebPage\",\"@id\":\"https:\/\/metaltale.com\/et\/toode\/alumiiniumist-seisev-kuunlajalg-erin-1-2\/\",\"url\":\"https:\/\/metaltale.com\/et\/toode\/alumiiniumist-seisev-kuunlajalg-erin-1-2\/\",\"name\":\"Alumiiniumist seisev k\u00fc\u00fcnlajalg ERIN 1 - MetalTale.com\",\"isPartOf\":{\"@id\":\"https:\/\/metaltale.com\/et\/#website\"},\"primaryImageOfPage\":{\"@id\":\"https:\/\/metaltale.com\/et\/toode\/alumiiniumist-seisev-kuunlajalg-erin-1-2\/#primaryimage\"},\"image\":{\"@id\":\"https:\/\/metaltale.com\/et\/toode\/alumiiniumist-seisev-kuunlajalg-erin-1-2\/#primaryimage\"},\"thumbnailUrl\":\"https:\/\/metaltale.com\/wp-content\/uploads\/2023\/10\/x15Awiecznik-ERIN-1-13cm.jpg\",\"datePublished\":\"2024-02-13T12:41:05+00:00\",\"breadcrumb\":{\"@id\":\"https:\/\/metaltale.com\/et\/toode\/alumiiniumist-seisev-kuunlajalg-erin-1-2\/#breadcrumb\"},\"inLanguage\":\"et\",\"potentialAction\":[{\"@type\":\"ReadAction\",\"target\":[\"https:\/\/metaltale.com\/et\/toode\/alumiiniumist-seisev-kuunlajalg-erin-1-2\/\"]}]},{\"@type\":\"ImageObject\",\"inLanguage\":\"et\",\"@id\":\"https:\/\/metaltale.com\/et\/toode\/alumiiniumist-seisev-kuunlajalg-erin-1-2\/#primaryimage\",\"url\":\"https:\/\/metaltale.com\/wp-content\/uploads\/2023\/10\/x15Awiecznik-ERIN-1-13cm.jpg\",\"contentUrl\":\"https:\/\/metaltale.com\/wp-content\/uploads\/2023\/10\/x15Awiecznik-ERIN-1-13cm.jpg\",\"width\":800,\"height\":800},{\"@type\":\"BreadcrumbList\",\"@id\":\"https:\/\/metaltale.com\/et\/toode\/alumiiniumist-seisev-kuunlajalg-erin-1-2\/#breadcrumb\",\"itemListElement\":[{\"@type\":\"ListItem\",\"position\":1,\"name\":\"Home\",\"item\":\"https:\/\/metaltale.com\/et\/kodu\/\"},{\"@type\":\"ListItem\",\"position\":2,\"name\":\"Kauplus\",\"item\":\"https:\/\/metaltale.com\/et\/shop\/\"},{\"@type\":\"ListItem\",\"position\":3,\"name\":\"Alumiiniumist seisev k\u00fc\u00fcnlajalg ERIN 1\"}]},{\"@type\":\"WebSite\",\"@id\":\"https:\/\/metaltale.com\/et\/#website\",\"url\":\"https:\/\/metaltale.com\/et\/\",\"name\":\"Metaltale.com\",\"description\":\"\",\"potentialAction\":[{\"@type\":\"SearchAction\",\"target\":{\"@type\":\"EntryPoint\",\"urlTemplate\":\"https:\/\/metaltale.com\/et\/?s={search_term_string}\"},\"query-input\":{\"@type\":\"PropertyValueSpecification\",\"valueRequired\":true,\"valueName\":\"search_term_string\"}}],\"inLanguage\":\"et\"}]}<\/script>\n<!-- \/ Yoast SEO plugin. -->","yoast_head_json":{"title":"Alumiiniumist seisev k\u00fc\u00fcnlajalg ERIN 1 - MetalTale.com","robots":{"index":"index","follow":"follow","max-snippet":"max-snippet:-1","max-image-preview":"max-image-preview:large","max-video-preview":"max-video-preview:-1"},"canonical":"https:\/\/metaltale.com\/et\/toode\/alumiiniumist-seisev-kuunlajalg-erin-1-2\/","og_locale":"et_EE","og_type":"article","og_title":"Alumiiniumist seisev k\u00fc\u00fcnlajalg ERIN 1 - MetalTale.com","og_description":"Mudel AF.795.00.1-PRGR Materjal Alumiinium \u00dcldk\u00f5rgus (cm) 13, 18, 23 \u00dcldl\u00e4bim\u00f5\u00f5t (cm) 9 V\u00e4rv Vask &#8211; Seisev k\u00fc\u00fcnlajalg&#8211; vase v\u00e4rvi mudel&#8211;","og_url":"https:\/\/metaltale.com\/et\/toode\/alumiiniumist-seisev-kuunlajalg-erin-1-2\/","og_site_name":"MetalTale.com","twitter_card":"summary_large_image","twitter_misc":{"Est. reading time":"1 minut"},"schema":{"@context":"https:\/\/schema.org","@graph":[{"@type":"WebPage","@id":"https:\/\/metaltale.com\/et\/toode\/alumiiniumist-seisev-kuunlajalg-erin-1-2\/","url":"https:\/\/metaltale.com\/et\/toode\/alumiiniumist-seisev-kuunlajalg-erin-1-2\/","name":"Alumiiniumist seisev k\u00fc\u00fcnlajalg ERIN 1 - MetalTale.com","isPartOf":{"@id":"https:\/\/metaltale.com\/et\/#website"},"primaryImageOfPage":{"@id":"https:\/\/metaltale.com\/et\/toode\/alumiiniumist-seisev-kuunlajalg-erin-1-2\/#primaryimage"},"image":{"@id":"https:\/\/metaltale.com\/et\/toode\/alumiiniumist-seisev-kuunlajalg-erin-1-2\/#primaryimage"},"thumbnailUrl":"https:\/\/metaltale.com\/wp-content\/uploads\/2023\/10\/x15Awiecznik-ERIN-1-13cm.jpg","datePublished":"2024-02-13T12:41:05+00:00","breadcrumb":{"@id":"https:\/\/metaltale.com\/et\/toode\/alumiiniumist-seisev-kuunlajalg-erin-1-2\/#breadcrumb"},"inLanguage":"et","potentialAction":[{"@type":"ReadAction","target":["https:\/\/metaltale.com\/et\/toode\/alumiiniumist-seisev-kuunlajalg-erin-1-2\/"]}]},{"@type":"ImageObject","inLanguage":"et","@id":"https:\/\/metaltale.com\/et\/toode\/alumiiniumist-seisev-kuunlajalg-erin-1-2\/#primaryimage","url":"https:\/\/metaltale.com\/wp-content\/uploads\/2023\/10\/x15Awiecznik-ERIN-1-13cm.jpg","contentUrl":"https:\/\/metaltale.com\/wp-content\/uploads\/2023\/10\/x15Awiecznik-ERIN-1-13cm.jpg","width":800,"height":800},{"@type":"BreadcrumbList","@id":"https:\/\/metaltale.com\/et\/toode\/alumiiniumist-seisev-kuunlajalg-erin-1-2\/#breadcrumb","itemListElement":[{"@type":"ListItem","position":1,"name":"Home","item":"https:\/\/metaltale.com\/et\/kodu\/"},{"@type":"ListItem","position":2,"name":"Kauplus","item":"https:\/\/metaltale.com\/et\/shop\/"},{"@type":"ListItem","position":3,"name":"Alumiiniumist seisev k\u00fc\u00fcnlajalg ERIN 1"}]},{"@type":"WebSite","@id":"https:\/\/metaltale.com\/et\/#website","url":"https:\/\/metaltale.com\/et\/","name":"Metaltale.com","description":"","potentialAction":[{"@type":"SearchAction","target":{"@type":"EntryPoint","urlTemplate":"https:\/\/metaltale.com\/et\/?s={search_term_string}"},"query-input":{"@type":"PropertyValueSpecification","valueRequired":true,"valueName":"search_term_string"}}],"inLanguage":"et"}]}},"_links":{"self":[{"href":"https:\/\/metaltale.com\/et\/wp-json\/wp\/v2\/product\/133961","targetHints":{"allow":["GET"]}}],"collection":[{"href":"https:\/\/metaltale.com\/et\/wp-json\/wp\/v2\/product"}],"about":[{"href":"https:\/\/metaltale.com\/et\/wp-json\/wp\/v2\/types\/product"}],"replies":[{"embeddable":true,"href":"https:\/\/metaltale.com\/et\/wp-json\/wp\/v2\/comments?post=133961"}],"version-history":[{"count":0,"href":"https:\/\/metaltale.com\/et\/wp-json\/wp\/v2\/product\/133961\/revisions"}],"wp:featuredmedia":[{"embeddable":true,"href":"https:\/\/metaltale.com\/et\/wp-json\/wp\/v2\/media\/89258"}],"wp:attachment":[{"href":"https:\/\/metaltale.com\/et\/wp-json\/wp\/v2\/media?parent=133961"}],"wp:term":[{"taxonomy":"product_brand","embeddable":true,"href":"https:\/\/metaltale.com\/et\/wp-json\/wp\/v2\/product_brand?post=133961"},{"taxonomy":"product_cat","embeddable":true,"href":"https:\/\/metaltale.com\/et\/wp-json\/wp\/v2\/product_cat?post=133961"},{"taxonomy":"product_tag","embeddable":true,"href":"https:\/\/metaltale.com\/et\/wp-json\/wp\/v2\/product_tag?post=133961"}],"curies":[{"name":"wp","href":"https:\/\/api.w.org\/{rel}","templated":true}]}}