{"id":133946,"date":"2024-02-13T14:41:41","date_gmt":"2024-02-13T12:41:41","guid":{"rendered":"https:\/\/metaltale.com\/produktas\/valgustatud-3d-retro-silt-coffee-3\/"},"modified":"2024-02-13T14:41:41","modified_gmt":"2024-02-13T12:41:41","slug":"valgustatud-3d-retro-silt-coffee-3","status":"publish","type":"product","link":"https:\/\/metaltale.com\/et\/toode\/valgustatud-3d-retro-silt-coffee-3\/","title":{"rendered":"Valgustatud 3D retro silt COFFEE 3"},"content":{"rendered":"<div class=\"prod_data\"><strong>Mudel<\/strong> YOU.61294  <br \/><strong>EAN.<\/strong>  5905369928079  <br \/><strong>Motiiviinfo<\/strong>, joogid  <br \/><strong>K\u00f5rgus (cm)<\/strong> 29  <br \/><strong>Laius (cm)<\/strong> 40  <br \/><strong>S\u00fcgavus (cm)<\/strong> 5,5  <br \/><strong>Materjal<\/strong> HDF, teras  <br \/><strong>Vormid<\/strong> J\u00e4rgmine  <br \/><strong>Orienteerimine<\/strong> Vertikaalne  <\/p>\n<p>&#8211; metallist seinakattematerjalid<br \/>&#8211; 3D m\u00e4rk t\u00f5eliste v\u00e4ljaulatuvate osadega<br \/>&#8211; Sisseehitatud LED-pirni punktid<br \/>&#8211; m\u00e4rk t\u00f6\u00f6tab AA patareidega (ei kuulu komplekti)<br \/>&#8211; sisse\/v\u00e4lja l\u00fcliti sildi k\u00fclgseinal<\/p>\n<hr>\n<p>Valgustatud b\u00e4nner on ettepanek, mis sobib ideaalselt kohvikute v\u00f5i kondiitrit\u00f6\u00f6kodade stiiliga, mis on kaunistatud vanaaegses kliimas. 3D-seinaplaat r\u00f5\u00f5mustab retrohuvilisi nende kodustes ruumides. LED-m\u00e4rk n\u00e4eb suurep\u00e4raselt v\u00e4lja ka kinodes v\u00f5i muudes stiliseeritud avalikes ruumides.<\/p>\n<\/div>\n","protected":false},"excerpt":{"rendered":"<p>Mudel YOU.61294 EAN. 5905369928079 Motiiviinfo, joogid K\u00f5rgus (cm) 29 Laius (cm) 40 S\u00fcgavus (cm) 5,5 Materjal HDF, teras Vormid J\u00e4rgmine<\/p>\n","protected":false},"featured_media":90066,"comment_status":"open","ping_status":"closed","template":"","meta":{"_acf_changed":false,"pmpro_default_level":""},"product_brand":[],"product_cat":[24167],"product_tag":[],"class_list":{"0":"post-133946","1":"product","2":"type-product","3":"status-publish","4":"has-post-thumbnail","6":"product_cat-3d-valgustatud-margid","7":"pmpro-has-access","9":"first","10":"instock","11":"shipping-taxable","12":"purchasable","13":"product-type-simple"},"acf":[],"yoast_head":"<!-- This site is optimized with the Yoast SEO plugin v24.9 - https:\/\/yoast.com\/wordpress\/plugins\/seo\/ -->\n<title>Valgustatud 3D retro silt COFFEE 3 - MetalTale.com<\/title>\n<meta name=\"robots\" content=\"index, follow, max-snippet:-1, max-image-preview:large, max-video-preview:-1\" \/>\n<link rel=\"canonical\" href=\"https:\/\/metaltale.com\/et\/toode\/valgustatud-3d-retro-silt-coffee-3\/\" \/>\n<meta property=\"og:locale\" content=\"et_EE\" \/>\n<meta property=\"og:type\" content=\"article\" \/>\n<meta property=\"og:title\" content=\"Valgustatud 3D retro silt COFFEE 3 - MetalTale.com\" \/>\n<meta property=\"og:description\" content=\"Mudel YOU.61294 EAN. 5905369928079 Motiiviinfo, joogid K\u00f5rgus (cm) 29 Laius (cm) 40 S\u00fcgavus (cm) 5,5 Materjal HDF, teras Vormid J\u00e4rgmine\" \/>\n<meta property=\"og:url\" content=\"https:\/\/metaltale.com\/et\/toode\/valgustatud-3d-retro-silt-coffee-3\/\" \/>\n<meta property=\"og:site_name\" content=\"MetalTale.com\" \/>\n<meta name=\"twitter:card\" content=\"summary_large_image\" \/>\n<script type=\"application\/ld+json\" class=\"yoast-schema-graph\">{\"@context\":\"https:\/\/schema.org\",\"@graph\":[{\"@type\":\"WebPage\",\"@id\":\"https:\/\/metaltale.com\/et\/toode\/valgustatud-3d-retro-silt-coffee-3\/\",\"url\":\"https:\/\/metaltale.com\/et\/toode\/valgustatud-3d-retro-silt-coffee-3\/\",\"name\":\"Valgustatud 3D retro silt COFFEE 3 - MetalTale.com\",\"isPartOf\":{\"@id\":\"https:\/\/metaltale.com\/et\/#website\"},\"primaryImageOfPage\":{\"@id\":\"https:\/\/metaltale.com\/et\/toode\/valgustatud-3d-retro-silt-coffee-3\/#primaryimage\"},\"image\":{\"@id\":\"https:\/\/metaltale.com\/et\/toode\/valgustatud-3d-retro-silt-coffee-3\/#primaryimage\"},\"thumbnailUrl\":\"https:\/\/metaltale.com\/wp-content\/uploads\/2023\/10\/Apx161viestas-3D-retro-x17Eenklas-COFFEE-3.jpg\",\"datePublished\":\"2024-02-13T12:41:41+00:00\",\"breadcrumb\":{\"@id\":\"https:\/\/metaltale.com\/et\/toode\/valgustatud-3d-retro-silt-coffee-3\/#breadcrumb\"},\"inLanguage\":\"et\",\"potentialAction\":[{\"@type\":\"ReadAction\",\"target\":[\"https:\/\/metaltale.com\/et\/toode\/valgustatud-3d-retro-silt-coffee-3\/\"]}]},{\"@type\":\"ImageObject\",\"inLanguage\":\"et\",\"@id\":\"https:\/\/metaltale.com\/et\/toode\/valgustatud-3d-retro-silt-coffee-3\/#primaryimage\",\"url\":\"https:\/\/metaltale.com\/wp-content\/uploads\/2023\/10\/Apx161viestas-3D-retro-x17Eenklas-COFFEE-3.jpg\",\"contentUrl\":\"https:\/\/metaltale.com\/wp-content\/uploads\/2023\/10\/Apx161viestas-3D-retro-x17Eenklas-COFFEE-3.jpg\",\"width\":800,\"height\":800},{\"@type\":\"BreadcrumbList\",\"@id\":\"https:\/\/metaltale.com\/et\/toode\/valgustatud-3d-retro-silt-coffee-3\/#breadcrumb\",\"itemListElement\":[{\"@type\":\"ListItem\",\"position\":1,\"name\":\"Home\",\"item\":\"https:\/\/metaltale.com\/et\/kodu\/\"},{\"@type\":\"ListItem\",\"position\":2,\"name\":\"Kauplus\",\"item\":\"https:\/\/metaltale.com\/et\/shop\/\"},{\"@type\":\"ListItem\",\"position\":3,\"name\":\"Valgustatud 3D retro silt COFFEE 3\"}]},{\"@type\":\"WebSite\",\"@id\":\"https:\/\/metaltale.com\/et\/#website\",\"url\":\"https:\/\/metaltale.com\/et\/\",\"name\":\"Metaltale.com\",\"description\":\"\",\"potentialAction\":[{\"@type\":\"SearchAction\",\"target\":{\"@type\":\"EntryPoint\",\"urlTemplate\":\"https:\/\/metaltale.com\/et\/?s={search_term_string}\"},\"query-input\":{\"@type\":\"PropertyValueSpecification\",\"valueRequired\":true,\"valueName\":\"search_term_string\"}}],\"inLanguage\":\"et\"}]}<\/script>\n<!-- \/ Yoast SEO plugin. -->","yoast_head_json":{"title":"Valgustatud 3D retro silt COFFEE 3 - MetalTale.com","robots":{"index":"index","follow":"follow","max-snippet":"max-snippet:-1","max-image-preview":"max-image-preview:large","max-video-preview":"max-video-preview:-1"},"canonical":"https:\/\/metaltale.com\/et\/toode\/valgustatud-3d-retro-silt-coffee-3\/","og_locale":"et_EE","og_type":"article","og_title":"Valgustatud 3D retro silt COFFEE 3 - MetalTale.com","og_description":"Mudel YOU.61294 EAN. 5905369928079 Motiiviinfo, joogid K\u00f5rgus (cm) 29 Laius (cm) 40 S\u00fcgavus (cm) 5,5 Materjal HDF, teras Vormid J\u00e4rgmine","og_url":"https:\/\/metaltale.com\/et\/toode\/valgustatud-3d-retro-silt-coffee-3\/","og_site_name":"MetalTale.com","twitter_card":"summary_large_image","schema":{"@context":"https:\/\/schema.org","@graph":[{"@type":"WebPage","@id":"https:\/\/metaltale.com\/et\/toode\/valgustatud-3d-retro-silt-coffee-3\/","url":"https:\/\/metaltale.com\/et\/toode\/valgustatud-3d-retro-silt-coffee-3\/","name":"Valgustatud 3D retro silt COFFEE 3 - MetalTale.com","isPartOf":{"@id":"https:\/\/metaltale.com\/et\/#website"},"primaryImageOfPage":{"@id":"https:\/\/metaltale.com\/et\/toode\/valgustatud-3d-retro-silt-coffee-3\/#primaryimage"},"image":{"@id":"https:\/\/metaltale.com\/et\/toode\/valgustatud-3d-retro-silt-coffee-3\/#primaryimage"},"thumbnailUrl":"https:\/\/metaltale.com\/wp-content\/uploads\/2023\/10\/Apx161viestas-3D-retro-x17Eenklas-COFFEE-3.jpg","datePublished":"2024-02-13T12:41:41+00:00","breadcrumb":{"@id":"https:\/\/metaltale.com\/et\/toode\/valgustatud-3d-retro-silt-coffee-3\/#breadcrumb"},"inLanguage":"et","potentialAction":[{"@type":"ReadAction","target":["https:\/\/metaltale.com\/et\/toode\/valgustatud-3d-retro-silt-coffee-3\/"]}]},{"@type":"ImageObject","inLanguage":"et","@id":"https:\/\/metaltale.com\/et\/toode\/valgustatud-3d-retro-silt-coffee-3\/#primaryimage","url":"https:\/\/metaltale.com\/wp-content\/uploads\/2023\/10\/Apx161viestas-3D-retro-x17Eenklas-COFFEE-3.jpg","contentUrl":"https:\/\/metaltale.com\/wp-content\/uploads\/2023\/10\/Apx161viestas-3D-retro-x17Eenklas-COFFEE-3.jpg","width":800,"height":800},{"@type":"BreadcrumbList","@id":"https:\/\/metaltale.com\/et\/toode\/valgustatud-3d-retro-silt-coffee-3\/#breadcrumb","itemListElement":[{"@type":"ListItem","position":1,"name":"Home","item":"https:\/\/metaltale.com\/et\/kodu\/"},{"@type":"ListItem","position":2,"name":"Kauplus","item":"https:\/\/metaltale.com\/et\/shop\/"},{"@type":"ListItem","position":3,"name":"Valgustatud 3D retro silt COFFEE 3"}]},{"@type":"WebSite","@id":"https:\/\/metaltale.com\/et\/#website","url":"https:\/\/metaltale.com\/et\/","name":"Metaltale.com","description":"","potentialAction":[{"@type":"SearchAction","target":{"@type":"EntryPoint","urlTemplate":"https:\/\/metaltale.com\/et\/?s={search_term_string}"},"query-input":{"@type":"PropertyValueSpecification","valueRequired":true,"valueName":"search_term_string"}}],"inLanguage":"et"}]}},"_links":{"self":[{"href":"https:\/\/metaltale.com\/et\/wp-json\/wp\/v2\/product\/133946","targetHints":{"allow":["GET"]}}],"collection":[{"href":"https:\/\/metaltale.com\/et\/wp-json\/wp\/v2\/product"}],"about":[{"href":"https:\/\/metaltale.com\/et\/wp-json\/wp\/v2\/types\/product"}],"replies":[{"embeddable":true,"href":"https:\/\/metaltale.com\/et\/wp-json\/wp\/v2\/comments?post=133946"}],"version-history":[{"count":0,"href":"https:\/\/metaltale.com\/et\/wp-json\/wp\/v2\/product\/133946\/revisions"}],"wp:featuredmedia":[{"embeddable":true,"href":"https:\/\/metaltale.com\/et\/wp-json\/wp\/v2\/media\/90066"}],"wp:attachment":[{"href":"https:\/\/metaltale.com\/et\/wp-json\/wp\/v2\/media?parent=133946"}],"wp:term":[{"taxonomy":"product_brand","embeddable":true,"href":"https:\/\/metaltale.com\/et\/wp-json\/wp\/v2\/product_brand?post=133946"},{"taxonomy":"product_cat","embeddable":true,"href":"https:\/\/metaltale.com\/et\/wp-json\/wp\/v2\/product_cat?post=133946"},{"taxonomy":"product_tag","embeddable":true,"href":"https:\/\/metaltale.com\/et\/wp-json\/wp\/v2\/product_tag?post=133946"}],"curies":[{"name":"wp","href":"https:\/\/api.w.org\/{rel}","templated":true}]}}