{"id":133895,"date":"2024-02-13T15:19:05","date_gmt":"2024-02-13T13:19:05","guid":{"rendered":"https:\/\/metaltale.com\/produktas\/liuguksekaepide-lugo-3\/"},"modified":"2024-02-13T15:19:05","modified_gmt":"2024-02-13T13:19:05","slug":"liuguksekaepide-lugo-3","status":"publish","type":"product","link":"https:\/\/metaltale.com\/et\/toode\/liuguksekaepide-lugo-3\/","title":{"rendered":"Liuguksek\u00e4epide LUGO-3"},"content":{"rendered":"<div class=\"prod_data\">\n<p><strong>Mudel<\/strong> AG.20053<br \/>\nMaterjal Metall<br \/>\n<strong>\u00dcldine k\u00f5rgus (cm)<\/strong> 29<br \/>\n<strong>\u00dcldlaius (cm)<\/strong> 9,5<br \/>\n<strong>Koguprojektsioon (cm)<\/strong> 5,5<br \/>\nV\u00e4rv Must<br \/>\n<strong>Pinna t\u00fc\u00fcp<\/strong> Silea<\/p>\n<p>&#8211; k\u00e4epide on valmistatud kvaliteetsest terasest, et tagada kasutusohutus<br \/>\n&#8211; Pulbriline pinnakate tagab keskmisest k\u00f5rgema v\u00e4rvikindluse<br \/>\n&#8211; t\u00e4ppisvalmistus ja t\u00e4helepanu detailidele &#8211; t\u00e4ieliku mugavuse garantii<br \/>\n&#8211; K\u00e4epideme universaalsus v\u00f5imaldab seda paigaldada nii l\u00fckandustele kui ka m\u00f6\u00f6bli- ja sahtlifoonidele.<br \/>\n&#8211; toodet saab edukalt kasutada praktilise v\u00e4ravak\u00e4epidemena<br \/>\n&#8211; k\u00e4epideme lihtne arhitektuur muudab selle ideaalselt sobivaks igasse interj\u00f6\u00f6ri, olenemata stiilist.<\/p>\n<hr>\n<p>N\u00e4idatud l\u00fckanduste k\u00e4epidemed on valmistatud detailselt, tagades mugava ja usaldusv\u00e4\u00e4rse kasutamise. Selle kategooria tooted r\u00f5hutavad kogu libiseva s\u00fcsteemi iseloomu ja ilu. Kahe erineva k\u00e4epideme proovimine samal uksel v\u00f5ib ukse stiili t\u00e4ielikult muuta. S\u00f5ltuvalt mudelist lisavad meie pakutavad k\u00e4epidemed tugeva v\u00f5i pehme aktsendi moodsasse, retro- ja loft-interj\u00f6\u00f6rile.<\/p>\n<\/div>\n","protected":false},"excerpt":{"rendered":"<p>Mudel AG.20053 Materjal Metall \u00dcldine k\u00f5rgus (cm) 29 \u00dcldlaius (cm) 9,5 Koguprojektsioon (cm) 5,5 V\u00e4rv Must Pinna t\u00fc\u00fcp Silea &#8211;<\/p>\n","protected":false},"featured_media":104191,"comment_status":"open","ping_status":"closed","template":"","meta":{"_acf_changed":false,"pmpro_default_level":""},"product_brand":[],"product_cat":[24162,24144,23882],"product_tag":[],"class_list":{"0":"post-133895","1":"product","2":"type-product","3":"status-publish","4":"has-post-thumbnail","6":"product_cat-kaepidemed","7":"product_cat-ukse-liugkaepidemed","8":"product_cat-duru-rankenos-duru-rankenos-et","9":"pmpro-has-access","11":"first","12":"instock","13":"shipping-taxable","14":"purchasable","15":"product-type-simple"},"acf":[],"yoast_head":"<!-- This site is optimized with the Yoast SEO plugin v24.9 - https:\/\/yoast.com\/wordpress\/plugins\/seo\/ -->\n<title>Liuguksek\u00e4epide LUGO-3 - MetalTale.com<\/title>\n<meta name=\"robots\" content=\"index, follow, max-snippet:-1, max-image-preview:large, max-video-preview:-1\" \/>\n<link rel=\"canonical\" href=\"https:\/\/metaltale.com\/et\/toode\/liuguksekaepide-lugo-3\/\" \/>\n<meta property=\"og:locale\" content=\"et_EE\" \/>\n<meta property=\"og:type\" content=\"article\" \/>\n<meta property=\"og:title\" content=\"Liuguksek\u00e4epide LUGO-3 - MetalTale.com\" \/>\n<meta property=\"og:description\" content=\"Mudel AG.20053 Materjal Metall \u00dcldine k\u00f5rgus (cm) 29 \u00dcldlaius (cm) 9,5 Koguprojektsioon (cm) 5,5 V\u00e4rv Must Pinna t\u00fc\u00fcp Silea &#8211;\" \/>\n<meta property=\"og:url\" content=\"https:\/\/metaltale.com\/et\/toode\/liuguksekaepide-lugo-3\/\" \/>\n<meta property=\"og:site_name\" content=\"MetalTale.com\" \/>\n<meta property=\"og:image\" content=\"https:\/\/metaltale.com\/wp-content\/uploads\/2023\/11\/LUGO-3-durx173-rankena.jpg\" \/>\n\t<meta property=\"og:image:width\" content=\"800\" \/>\n\t<meta property=\"og:image:height\" content=\"800\" \/>\n\t<meta property=\"og:image:type\" content=\"image\/jpeg\" \/>\n<meta name=\"twitter:card\" content=\"summary_large_image\" \/>\n<meta name=\"twitter:label1\" content=\"Est. reading time\" \/>\n\t<meta name=\"twitter:data1\" content=\"1 minut\" \/>\n<script type=\"application\/ld+json\" class=\"yoast-schema-graph\">{\"@context\":\"https:\/\/schema.org\",\"@graph\":[{\"@type\":\"WebPage\",\"@id\":\"https:\/\/metaltale.com\/et\/toode\/liuguksekaepide-lugo-3\/\",\"url\":\"https:\/\/metaltale.com\/et\/toode\/liuguksekaepide-lugo-3\/\",\"name\":\"Liuguksek\u00e4epide LUGO-3 - MetalTale.com\",\"isPartOf\":{\"@id\":\"https:\/\/metaltale.com\/et\/#website\"},\"primaryImageOfPage\":{\"@id\":\"https:\/\/metaltale.com\/et\/toode\/liuguksekaepide-lugo-3\/#primaryimage\"},\"image\":{\"@id\":\"https:\/\/metaltale.com\/et\/toode\/liuguksekaepide-lugo-3\/#primaryimage\"},\"thumbnailUrl\":\"https:\/\/metaltale.com\/wp-content\/uploads\/2023\/11\/LUGO-3-durx173-rankena.jpg\",\"datePublished\":\"2024-02-13T13:19:05+00:00\",\"breadcrumb\":{\"@id\":\"https:\/\/metaltale.com\/et\/toode\/liuguksekaepide-lugo-3\/#breadcrumb\"},\"inLanguage\":\"et\",\"potentialAction\":[{\"@type\":\"ReadAction\",\"target\":[\"https:\/\/metaltale.com\/et\/toode\/liuguksekaepide-lugo-3\/\"]}]},{\"@type\":\"ImageObject\",\"inLanguage\":\"et\",\"@id\":\"https:\/\/metaltale.com\/et\/toode\/liuguksekaepide-lugo-3\/#primaryimage\",\"url\":\"https:\/\/metaltale.com\/wp-content\/uploads\/2023\/11\/LUGO-3-durx173-rankena.jpg\",\"contentUrl\":\"https:\/\/metaltale.com\/wp-content\/uploads\/2023\/11\/LUGO-3-durx173-rankena.jpg\",\"width\":800,\"height\":800},{\"@type\":\"BreadcrumbList\",\"@id\":\"https:\/\/metaltale.com\/et\/toode\/liuguksekaepide-lugo-3\/#breadcrumb\",\"itemListElement\":[{\"@type\":\"ListItem\",\"position\":1,\"name\":\"Home\",\"item\":\"https:\/\/metaltale.com\/et\/kodu\/\"},{\"@type\":\"ListItem\",\"position\":2,\"name\":\"Kauplus\",\"item\":\"https:\/\/metaltale.com\/et\/shop\/\"},{\"@type\":\"ListItem\",\"position\":3,\"name\":\"Liuguksek\u00e4epide LUGO-3\"}]},{\"@type\":\"WebSite\",\"@id\":\"https:\/\/metaltale.com\/et\/#website\",\"url\":\"https:\/\/metaltale.com\/et\/\",\"name\":\"Metaltale.com\",\"description\":\"\",\"potentialAction\":[{\"@type\":\"SearchAction\",\"target\":{\"@type\":\"EntryPoint\",\"urlTemplate\":\"https:\/\/metaltale.com\/et\/?s={search_term_string}\"},\"query-input\":{\"@type\":\"PropertyValueSpecification\",\"valueRequired\":true,\"valueName\":\"search_term_string\"}}],\"inLanguage\":\"et\"}]}<\/script>\n<!-- \/ Yoast SEO plugin. -->","yoast_head_json":{"title":"Liuguksek\u00e4epide LUGO-3 - MetalTale.com","robots":{"index":"index","follow":"follow","max-snippet":"max-snippet:-1","max-image-preview":"max-image-preview:large","max-video-preview":"max-video-preview:-1"},"canonical":"https:\/\/metaltale.com\/et\/toode\/liuguksekaepide-lugo-3\/","og_locale":"et_EE","og_type":"article","og_title":"Liuguksek\u00e4epide LUGO-3 - MetalTale.com","og_description":"Mudel AG.20053 Materjal Metall \u00dcldine k\u00f5rgus (cm) 29 \u00dcldlaius (cm) 9,5 Koguprojektsioon (cm) 5,5 V\u00e4rv Must Pinna t\u00fc\u00fcp Silea &#8211;","og_url":"https:\/\/metaltale.com\/et\/toode\/liuguksekaepide-lugo-3\/","og_site_name":"MetalTale.com","og_image":[{"width":800,"height":800,"url":"https:\/\/metaltale.com\/wp-content\/uploads\/2023\/11\/LUGO-3-durx173-rankena.jpg","type":"image\/jpeg"}],"twitter_card":"summary_large_image","twitter_misc":{"Est. reading time":"1 minut"},"schema":{"@context":"https:\/\/schema.org","@graph":[{"@type":"WebPage","@id":"https:\/\/metaltale.com\/et\/toode\/liuguksekaepide-lugo-3\/","url":"https:\/\/metaltale.com\/et\/toode\/liuguksekaepide-lugo-3\/","name":"Liuguksek\u00e4epide LUGO-3 - MetalTale.com","isPartOf":{"@id":"https:\/\/metaltale.com\/et\/#website"},"primaryImageOfPage":{"@id":"https:\/\/metaltale.com\/et\/toode\/liuguksekaepide-lugo-3\/#primaryimage"},"image":{"@id":"https:\/\/metaltale.com\/et\/toode\/liuguksekaepide-lugo-3\/#primaryimage"},"thumbnailUrl":"https:\/\/metaltale.com\/wp-content\/uploads\/2023\/11\/LUGO-3-durx173-rankena.jpg","datePublished":"2024-02-13T13:19:05+00:00","breadcrumb":{"@id":"https:\/\/metaltale.com\/et\/toode\/liuguksekaepide-lugo-3\/#breadcrumb"},"inLanguage":"et","potentialAction":[{"@type":"ReadAction","target":["https:\/\/metaltale.com\/et\/toode\/liuguksekaepide-lugo-3\/"]}]},{"@type":"ImageObject","inLanguage":"et","@id":"https:\/\/metaltale.com\/et\/toode\/liuguksekaepide-lugo-3\/#primaryimage","url":"https:\/\/metaltale.com\/wp-content\/uploads\/2023\/11\/LUGO-3-durx173-rankena.jpg","contentUrl":"https:\/\/metaltale.com\/wp-content\/uploads\/2023\/11\/LUGO-3-durx173-rankena.jpg","width":800,"height":800},{"@type":"BreadcrumbList","@id":"https:\/\/metaltale.com\/et\/toode\/liuguksekaepide-lugo-3\/#breadcrumb","itemListElement":[{"@type":"ListItem","position":1,"name":"Home","item":"https:\/\/metaltale.com\/et\/kodu\/"},{"@type":"ListItem","position":2,"name":"Kauplus","item":"https:\/\/metaltale.com\/et\/shop\/"},{"@type":"ListItem","position":3,"name":"Liuguksek\u00e4epide LUGO-3"}]},{"@type":"WebSite","@id":"https:\/\/metaltale.com\/et\/#website","url":"https:\/\/metaltale.com\/et\/","name":"Metaltale.com","description":"","potentialAction":[{"@type":"SearchAction","target":{"@type":"EntryPoint","urlTemplate":"https:\/\/metaltale.com\/et\/?s={search_term_string}"},"query-input":{"@type":"PropertyValueSpecification","valueRequired":true,"valueName":"search_term_string"}}],"inLanguage":"et"}]}},"_links":{"self":[{"href":"https:\/\/metaltale.com\/et\/wp-json\/wp\/v2\/product\/133895","targetHints":{"allow":["GET"]}}],"collection":[{"href":"https:\/\/metaltale.com\/et\/wp-json\/wp\/v2\/product"}],"about":[{"href":"https:\/\/metaltale.com\/et\/wp-json\/wp\/v2\/types\/product"}],"replies":[{"embeddable":true,"href":"https:\/\/metaltale.com\/et\/wp-json\/wp\/v2\/comments?post=133895"}],"version-history":[{"count":0,"href":"https:\/\/metaltale.com\/et\/wp-json\/wp\/v2\/product\/133895\/revisions"}],"wp:featuredmedia":[{"embeddable":true,"href":"https:\/\/metaltale.com\/et\/wp-json\/wp\/v2\/media\/104191"}],"wp:attachment":[{"href":"https:\/\/metaltale.com\/et\/wp-json\/wp\/v2\/media?parent=133895"}],"wp:term":[{"taxonomy":"product_brand","embeddable":true,"href":"https:\/\/metaltale.com\/et\/wp-json\/wp\/v2\/product_brand?post=133895"},{"taxonomy":"product_cat","embeddable":true,"href":"https:\/\/metaltale.com\/et\/wp-json\/wp\/v2\/product_cat?post=133895"},{"taxonomy":"product_tag","embeddable":true,"href":"https:\/\/metaltale.com\/et\/wp-json\/wp\/v2\/product_tag?post=133895"}],"curies":[{"name":"wp","href":"https:\/\/api.w.org\/{rel}","templated":true}]}}