{"id":133871,"date":"2024-02-13T15:19:05","date_gmt":"2024-02-13T13:19:05","guid":{"rendered":"https:\/\/metaltale.com\/produktas\/nurgamoobel-corner-50-mm-must\/"},"modified":"2024-02-13T15:19:05","modified_gmt":"2024-02-13T13:19:05","slug":"nurgamoobel-corner-50-mm-must","status":"publish","type":"product","link":"https:\/\/metaltale.com\/et\/toode\/nurgamoobel-corner-50-mm-must\/","title":{"rendered":"Nurgam\u00f6\u00f6bel CORNER 50 mm must"},"content":{"rendered":"<div class=\"prod_data\">\n<p><strong>Mudel<\/strong> 49.075B.ABW.50<br \/>\n<strong>EAN.<\/strong>  5905369919237<br \/>\n<strong>Materjal<\/strong> teras<br \/>\n<strong>\u00dcldine k\u00f5rgus (cm)<\/strong> 5<br \/>\n<strong>\u00dcldine laius (cm)<\/strong> 5<br \/>\n<strong>Aluse m\u00f5\u00f5tmed (cm<\/strong> ) 5 x 5<br \/>\n<strong>Parema k\u00fclje laius (cm)<\/strong> 5<br \/>\n<strong>Vasaku k\u00fclje laius (cm)<\/strong> 5<br \/>\nV\u00e4rv Must<\/p>\n<p><strong>Country-stiili<\/strong> iseloomulikuks tunnuseks on erinevate m\u00f6\u00f6blitarvikute ja kaunistuste lisamine interj\u00f6\u00f6ri.<\/p>\n<p>Lisaks oma kaitsefunktsioonile tagab m\u00f6\u00f6blinurk ka kaunistatava eseme esteetilise v\u00e4\u00e4rtuse, olgu selleks siis <strong>kirst<\/strong>, <strong>kirst<\/strong> v\u00f5i massiivne kapp. Lai rakenduste valik annab meile peaaegu piiramatud v\u00f5imalused kohandamiseks. Nurk on valmistatud klassikalises tehnikas, kasutades kvaliteetset terast, mida on arendusprotsessi l\u00f5ppj\u00e4rgus teadlikult laagerdatud.<\/p>\n<\/div>\n","protected":false},"excerpt":{"rendered":"<p>Mudel 49.075B.ABW.50 EAN. 5905369919237 Materjal teras \u00dcldine k\u00f5rgus (cm) 5 \u00dcldine laius (cm) 5 Aluse m\u00f5\u00f5tmed (cm ) 5 x<\/p>\n","protected":false},"featured_media":75084,"comment_status":"open","ping_status":"closed","template":"","meta":{"_acf_changed":false,"pmpro_default_level":""},"product_brand":[],"product_cat":[23836,23891],"product_tag":[],"class_list":{"0":"post-133871","1":"product","2":"type-product","3":"status-publish","4":"has-post-thumbnail","6":"product_cat-moobli-tarvikud","7":"product_cat-statybines-ir-baldu-jungtys-et","8":"pmpro-has-access","10":"first","11":"instock","12":"shipping-taxable","13":"purchasable","14":"product-type-simple"},"acf":[],"yoast_head":"<!-- This site is optimized with the Yoast SEO plugin v24.9 - https:\/\/yoast.com\/wordpress\/plugins\/seo\/ -->\n<title>Nurgam\u00f6\u00f6bel CORNER 50 mm must - MetalTale.com<\/title>\n<meta name=\"robots\" content=\"index, follow, max-snippet:-1, max-image-preview:large, max-video-preview:-1\" \/>\n<link rel=\"canonical\" href=\"https:\/\/metaltale.com\/et\/toode\/nurgamoobel-corner-50-mm-must\/\" \/>\n<meta property=\"og:locale\" content=\"et_EE\" \/>\n<meta property=\"og:type\" content=\"article\" \/>\n<meta property=\"og:title\" content=\"Nurgam\u00f6\u00f6bel CORNER 50 mm must - MetalTale.com\" \/>\n<meta property=\"og:description\" content=\"Mudel 49.075B.ABW.50 EAN. 5905369919237 Materjal teras \u00dcldine k\u00f5rgus (cm) 5 \u00dcldine laius (cm) 5 Aluse m\u00f5\u00f5tmed (cm ) 5 x\" \/>\n<meta property=\"og:url\" content=\"https:\/\/metaltale.com\/et\/toode\/nurgamoobel-corner-50-mm-must\/\" \/>\n<meta property=\"og:site_name\" content=\"MetalTale.com\" \/>\n<meta name=\"twitter:card\" content=\"summary_large_image\" \/>\n<script type=\"application\/ld+json\" class=\"yoast-schema-graph\">{\"@context\":\"https:\/\/schema.org\",\"@graph\":[{\"@type\":\"WebPage\",\"@id\":\"https:\/\/metaltale.com\/et\/toode\/nurgamoobel-corner-50-mm-must\/\",\"url\":\"https:\/\/metaltale.com\/et\/toode\/nurgamoobel-corner-50-mm-must\/\",\"name\":\"Nurgam\u00f6\u00f6bel CORNER 50 mm must - MetalTale.com\",\"isPartOf\":{\"@id\":\"https:\/\/metaltale.com\/et\/#website\"},\"primaryImageOfPage\":{\"@id\":\"https:\/\/metaltale.com\/et\/toode\/nurgamoobel-corner-50-mm-must\/#primaryimage\"},\"image\":{\"@id\":\"https:\/\/metaltale.com\/et\/toode\/nurgamoobel-corner-50-mm-must\/#primaryimage\"},\"thumbnailUrl\":\"https:\/\/metaltale.com\/wp-content\/uploads\/2023\/09\/Kampinis-baldx173-blokas-kampinis-blokas-50-juodas.jpg\",\"datePublished\":\"2024-02-13T13:19:05+00:00\",\"breadcrumb\":{\"@id\":\"https:\/\/metaltale.com\/et\/toode\/nurgamoobel-corner-50-mm-must\/#breadcrumb\"},\"inLanguage\":\"et\",\"potentialAction\":[{\"@type\":\"ReadAction\",\"target\":[\"https:\/\/metaltale.com\/et\/toode\/nurgamoobel-corner-50-mm-must\/\"]}]},{\"@type\":\"ImageObject\",\"inLanguage\":\"et\",\"@id\":\"https:\/\/metaltale.com\/et\/toode\/nurgamoobel-corner-50-mm-must\/#primaryimage\",\"url\":\"https:\/\/metaltale.com\/wp-content\/uploads\/2023\/09\/Kampinis-baldx173-blokas-kampinis-blokas-50-juodas.jpg\",\"contentUrl\":\"https:\/\/metaltale.com\/wp-content\/uploads\/2023\/09\/Kampinis-baldx173-blokas-kampinis-blokas-50-juodas.jpg\",\"width\":800,\"height\":800,\"caption\":\"Nurgam\u00f6\u00f6bel CORNER 50 mm must\"},{\"@type\":\"BreadcrumbList\",\"@id\":\"https:\/\/metaltale.com\/et\/toode\/nurgamoobel-corner-50-mm-must\/#breadcrumb\",\"itemListElement\":[{\"@type\":\"ListItem\",\"position\":1,\"name\":\"Home\",\"item\":\"https:\/\/metaltale.com\/et\/kodu\/\"},{\"@type\":\"ListItem\",\"position\":2,\"name\":\"Kauplus\",\"item\":\"https:\/\/metaltale.com\/et\/shop\/\"},{\"@type\":\"ListItem\",\"position\":3,\"name\":\"Nurgam\u00f6\u00f6bel CORNER 50 mm must\"}]},{\"@type\":\"WebSite\",\"@id\":\"https:\/\/metaltale.com\/et\/#website\",\"url\":\"https:\/\/metaltale.com\/et\/\",\"name\":\"Metaltale.com\",\"description\":\"\",\"potentialAction\":[{\"@type\":\"SearchAction\",\"target\":{\"@type\":\"EntryPoint\",\"urlTemplate\":\"https:\/\/metaltale.com\/et\/?s={search_term_string}\"},\"query-input\":{\"@type\":\"PropertyValueSpecification\",\"valueRequired\":true,\"valueName\":\"search_term_string\"}}],\"inLanguage\":\"et\"}]}<\/script>\n<!-- \/ Yoast SEO plugin. -->","yoast_head_json":{"title":"Nurgam\u00f6\u00f6bel CORNER 50 mm must - MetalTale.com","robots":{"index":"index","follow":"follow","max-snippet":"max-snippet:-1","max-image-preview":"max-image-preview:large","max-video-preview":"max-video-preview:-1"},"canonical":"https:\/\/metaltale.com\/et\/toode\/nurgamoobel-corner-50-mm-must\/","og_locale":"et_EE","og_type":"article","og_title":"Nurgam\u00f6\u00f6bel CORNER 50 mm must - MetalTale.com","og_description":"Mudel 49.075B.ABW.50 EAN. 5905369919237 Materjal teras \u00dcldine k\u00f5rgus (cm) 5 \u00dcldine laius (cm) 5 Aluse m\u00f5\u00f5tmed (cm ) 5 x","og_url":"https:\/\/metaltale.com\/et\/toode\/nurgamoobel-corner-50-mm-must\/","og_site_name":"MetalTale.com","twitter_card":"summary_large_image","schema":{"@context":"https:\/\/schema.org","@graph":[{"@type":"WebPage","@id":"https:\/\/metaltale.com\/et\/toode\/nurgamoobel-corner-50-mm-must\/","url":"https:\/\/metaltale.com\/et\/toode\/nurgamoobel-corner-50-mm-must\/","name":"Nurgam\u00f6\u00f6bel CORNER 50 mm must - MetalTale.com","isPartOf":{"@id":"https:\/\/metaltale.com\/et\/#website"},"primaryImageOfPage":{"@id":"https:\/\/metaltale.com\/et\/toode\/nurgamoobel-corner-50-mm-must\/#primaryimage"},"image":{"@id":"https:\/\/metaltale.com\/et\/toode\/nurgamoobel-corner-50-mm-must\/#primaryimage"},"thumbnailUrl":"https:\/\/metaltale.com\/wp-content\/uploads\/2023\/09\/Kampinis-baldx173-blokas-kampinis-blokas-50-juodas.jpg","datePublished":"2024-02-13T13:19:05+00:00","breadcrumb":{"@id":"https:\/\/metaltale.com\/et\/toode\/nurgamoobel-corner-50-mm-must\/#breadcrumb"},"inLanguage":"et","potentialAction":[{"@type":"ReadAction","target":["https:\/\/metaltale.com\/et\/toode\/nurgamoobel-corner-50-mm-must\/"]}]},{"@type":"ImageObject","inLanguage":"et","@id":"https:\/\/metaltale.com\/et\/toode\/nurgamoobel-corner-50-mm-must\/#primaryimage","url":"https:\/\/metaltale.com\/wp-content\/uploads\/2023\/09\/Kampinis-baldx173-blokas-kampinis-blokas-50-juodas.jpg","contentUrl":"https:\/\/metaltale.com\/wp-content\/uploads\/2023\/09\/Kampinis-baldx173-blokas-kampinis-blokas-50-juodas.jpg","width":800,"height":800,"caption":"Nurgam\u00f6\u00f6bel CORNER 50 mm must"},{"@type":"BreadcrumbList","@id":"https:\/\/metaltale.com\/et\/toode\/nurgamoobel-corner-50-mm-must\/#breadcrumb","itemListElement":[{"@type":"ListItem","position":1,"name":"Home","item":"https:\/\/metaltale.com\/et\/kodu\/"},{"@type":"ListItem","position":2,"name":"Kauplus","item":"https:\/\/metaltale.com\/et\/shop\/"},{"@type":"ListItem","position":3,"name":"Nurgam\u00f6\u00f6bel CORNER 50 mm must"}]},{"@type":"WebSite","@id":"https:\/\/metaltale.com\/et\/#website","url":"https:\/\/metaltale.com\/et\/","name":"Metaltale.com","description":"","potentialAction":[{"@type":"SearchAction","target":{"@type":"EntryPoint","urlTemplate":"https:\/\/metaltale.com\/et\/?s={search_term_string}"},"query-input":{"@type":"PropertyValueSpecification","valueRequired":true,"valueName":"search_term_string"}}],"inLanguage":"et"}]}},"_links":{"self":[{"href":"https:\/\/metaltale.com\/et\/wp-json\/wp\/v2\/product\/133871","targetHints":{"allow":["GET"]}}],"collection":[{"href":"https:\/\/metaltale.com\/et\/wp-json\/wp\/v2\/product"}],"about":[{"href":"https:\/\/metaltale.com\/et\/wp-json\/wp\/v2\/types\/product"}],"replies":[{"embeddable":true,"href":"https:\/\/metaltale.com\/et\/wp-json\/wp\/v2\/comments?post=133871"}],"version-history":[{"count":0,"href":"https:\/\/metaltale.com\/et\/wp-json\/wp\/v2\/product\/133871\/revisions"}],"wp:featuredmedia":[{"embeddable":true,"href":"https:\/\/metaltale.com\/et\/wp-json\/wp\/v2\/media\/75084"}],"wp:attachment":[{"href":"https:\/\/metaltale.com\/et\/wp-json\/wp\/v2\/media?parent=133871"}],"wp:term":[{"taxonomy":"product_brand","embeddable":true,"href":"https:\/\/metaltale.com\/et\/wp-json\/wp\/v2\/product_brand?post=133871"},{"taxonomy":"product_cat","embeddable":true,"href":"https:\/\/metaltale.com\/et\/wp-json\/wp\/v2\/product_cat?post=133871"},{"taxonomy":"product_tag","embeddable":true,"href":"https:\/\/metaltale.com\/et\/wp-json\/wp\/v2\/product_tag?post=133871"}],"curies":[{"name":"wp","href":"https:\/\/api.w.org\/{rel}","templated":true}]}}