{"id":133865,"date":"2024-02-13T15:17:46","date_gmt":"2024-02-13T13:17:46","guid":{"rendered":"https:\/\/metaltale.com\/produktas\/votmehoidja-embleem-oval\/"},"modified":"2024-02-13T15:17:46","modified_gmt":"2024-02-13T13:17:46","slug":"votmehoidja-embleem-oval","status":"publish","type":"product","link":"https:\/\/metaltale.com\/et\/toode\/votmehoidja-embleem-oval\/","title":{"rendered":"V\u00f5tmehoidja embleem OVAL"},"content":{"rendered":"<div class=\"prod_data\">\n<p><strong>Mudel<\/strong> 05.349.AI.45<br \/>\n<strong>EAN.<\/strong>  5905369916724<br \/>\nMaterjal Ketus<br \/>\n<strong>\u00dcldine k\u00f5rgus (cm)<\/strong> 4,5<br \/>\n<strong>\u00dcldine laius (cm)<\/strong> 3<br \/>\n<strong>V\u00e4rv<\/strong> teras<\/p>\n<hr>\n<p><span style=\"font-size: medium;\">V\u00e4ga lihtne ja toores malmist v\u00f5tmem\u00e4rk. See t\u00e4iendab suurep\u00e4raselt maaukse iseloomu. Oma suuruse t\u00f5ttu on toode m\u00f5eldud peamiselt uste ja suurema m\u00f6\u00f6bli jaoks.  <\/span><\/p>\n<hr>\n<p><span style=\"color: #d0121a;\"> <\/span><\/p>\n<\/div>\n","protected":false},"excerpt":{"rendered":"<p>Mudel 05.349.AI.45 EAN. 5905369916724 Materjal Ketus \u00dcldine k\u00f5rgus (cm) 4,5 \u00dcldine laius (cm) 3 V\u00e4rv teras V\u00e4ga lihtne ja toores<\/p>\n","protected":false},"featured_media":117270,"comment_status":"open","ping_status":"closed","template":"","meta":{"_acf_changed":false,"pmpro_default_level":""},"product_brand":[],"product_cat":[24177,23836],"product_tag":[],"class_list":{"0":"post-133865","1":"product","2":"type-product","3":"status-publish","4":"has-post-thumbnail","6":"product_cat-keycaps-et","7":"product_cat-moobli-tarvikud","8":"pmpro-has-access","10":"first","11":"instock","12":"shipping-taxable","13":"purchasable","14":"product-type-simple"},"acf":[],"yoast_head":"<!-- This site is optimized with the Yoast SEO plugin v24.9 - https:\/\/yoast.com\/wordpress\/plugins\/seo\/ -->\n<title>V\u00f5tmehoidja embleem OVAL - MetalTale.com<\/title>\n<meta name=\"robots\" content=\"index, follow, max-snippet:-1, max-image-preview:large, max-video-preview:-1\" \/>\n<link rel=\"canonical\" href=\"https:\/\/metaltale.com\/et\/toode\/votmehoidja-embleem-oval\/\" \/>\n<meta property=\"og:locale\" content=\"et_EE\" \/>\n<meta property=\"og:type\" content=\"article\" \/>\n<meta property=\"og:title\" content=\"V\u00f5tmehoidja embleem OVAL - MetalTale.com\" \/>\n<meta property=\"og:description\" content=\"Mudel 05.349.AI.45 EAN. 5905369916724 Materjal Ketus \u00dcldine k\u00f5rgus (cm) 4,5 \u00dcldine laius (cm) 3 V\u00e4rv teras V\u00e4ga lihtne ja toores\" \/>\n<meta property=\"og:url\" content=\"https:\/\/metaltale.com\/et\/toode\/votmehoidja-embleem-oval\/\" \/>\n<meta property=\"og:site_name\" content=\"MetalTale.com\" \/>\n<meta name=\"twitter:card\" content=\"summary_large_image\" \/>\n<script type=\"application\/ld+json\" class=\"yoast-schema-graph\">{\"@context\":\"https:\/\/schema.org\",\"@graph\":[{\"@type\":\"WebPage\",\"@id\":\"https:\/\/metaltale.com\/et\/toode\/votmehoidja-embleem-oval\/\",\"url\":\"https:\/\/metaltale.com\/et\/toode\/votmehoidja-embleem-oval\/\",\"name\":\"V\u00f5tmehoidja embleem OVAL - MetalTale.com\",\"isPartOf\":{\"@id\":\"https:\/\/metaltale.com\/et\/#website\"},\"primaryImageOfPage\":{\"@id\":\"https:\/\/metaltale.com\/et\/toode\/votmehoidja-embleem-oval\/#primaryimage\"},\"image\":{\"@id\":\"https:\/\/metaltale.com\/et\/toode\/votmehoidja-embleem-oval\/#primaryimage\"},\"thumbnailUrl\":\"https:\/\/metaltale.com\/wp-content\/uploads\/2023\/12\/Raktx173-x17Eiedo-emblema-OVAL.jpg\",\"datePublished\":\"2024-02-13T13:17:46+00:00\",\"breadcrumb\":{\"@id\":\"https:\/\/metaltale.com\/et\/toode\/votmehoidja-embleem-oval\/#breadcrumb\"},\"inLanguage\":\"et\",\"potentialAction\":[{\"@type\":\"ReadAction\",\"target\":[\"https:\/\/metaltale.com\/et\/toode\/votmehoidja-embleem-oval\/\"]}]},{\"@type\":\"ImageObject\",\"inLanguage\":\"et\",\"@id\":\"https:\/\/metaltale.com\/et\/toode\/votmehoidja-embleem-oval\/#primaryimage\",\"url\":\"https:\/\/metaltale.com\/wp-content\/uploads\/2023\/12\/Raktx173-x17Eiedo-emblema-OVAL.jpg\",\"contentUrl\":\"https:\/\/metaltale.com\/wp-content\/uploads\/2023\/12\/Raktx173-x17Eiedo-emblema-OVAL.jpg\",\"width\":800,\"height\":800,\"caption\":\"V\u00f5tmehoidja embleem OVAL\"},{\"@type\":\"BreadcrumbList\",\"@id\":\"https:\/\/metaltale.com\/et\/toode\/votmehoidja-embleem-oval\/#breadcrumb\",\"itemListElement\":[{\"@type\":\"ListItem\",\"position\":1,\"name\":\"Home\",\"item\":\"https:\/\/metaltale.com\/et\/kodu\/\"},{\"@type\":\"ListItem\",\"position\":2,\"name\":\"Kauplus\",\"item\":\"https:\/\/metaltale.com\/et\/shop\/\"},{\"@type\":\"ListItem\",\"position\":3,\"name\":\"V\u00f5tmehoidja embleem OVAL\"}]},{\"@type\":\"WebSite\",\"@id\":\"https:\/\/metaltale.com\/et\/#website\",\"url\":\"https:\/\/metaltale.com\/et\/\",\"name\":\"Metaltale.com\",\"description\":\"\",\"potentialAction\":[{\"@type\":\"SearchAction\",\"target\":{\"@type\":\"EntryPoint\",\"urlTemplate\":\"https:\/\/metaltale.com\/et\/?s={search_term_string}\"},\"query-input\":{\"@type\":\"PropertyValueSpecification\",\"valueRequired\":true,\"valueName\":\"search_term_string\"}}],\"inLanguage\":\"et\"}]}<\/script>\n<!-- \/ Yoast SEO plugin. -->","yoast_head_json":{"title":"V\u00f5tmehoidja embleem OVAL - MetalTale.com","robots":{"index":"index","follow":"follow","max-snippet":"max-snippet:-1","max-image-preview":"max-image-preview:large","max-video-preview":"max-video-preview:-1"},"canonical":"https:\/\/metaltale.com\/et\/toode\/votmehoidja-embleem-oval\/","og_locale":"et_EE","og_type":"article","og_title":"V\u00f5tmehoidja embleem OVAL - MetalTale.com","og_description":"Mudel 05.349.AI.45 EAN. 5905369916724 Materjal Ketus \u00dcldine k\u00f5rgus (cm) 4,5 \u00dcldine laius (cm) 3 V\u00e4rv teras V\u00e4ga lihtne ja toores","og_url":"https:\/\/metaltale.com\/et\/toode\/votmehoidja-embleem-oval\/","og_site_name":"MetalTale.com","twitter_card":"summary_large_image","schema":{"@context":"https:\/\/schema.org","@graph":[{"@type":"WebPage","@id":"https:\/\/metaltale.com\/et\/toode\/votmehoidja-embleem-oval\/","url":"https:\/\/metaltale.com\/et\/toode\/votmehoidja-embleem-oval\/","name":"V\u00f5tmehoidja embleem OVAL - MetalTale.com","isPartOf":{"@id":"https:\/\/metaltale.com\/et\/#website"},"primaryImageOfPage":{"@id":"https:\/\/metaltale.com\/et\/toode\/votmehoidja-embleem-oval\/#primaryimage"},"image":{"@id":"https:\/\/metaltale.com\/et\/toode\/votmehoidja-embleem-oval\/#primaryimage"},"thumbnailUrl":"https:\/\/metaltale.com\/wp-content\/uploads\/2023\/12\/Raktx173-x17Eiedo-emblema-OVAL.jpg","datePublished":"2024-02-13T13:17:46+00:00","breadcrumb":{"@id":"https:\/\/metaltale.com\/et\/toode\/votmehoidja-embleem-oval\/#breadcrumb"},"inLanguage":"et","potentialAction":[{"@type":"ReadAction","target":["https:\/\/metaltale.com\/et\/toode\/votmehoidja-embleem-oval\/"]}]},{"@type":"ImageObject","inLanguage":"et","@id":"https:\/\/metaltale.com\/et\/toode\/votmehoidja-embleem-oval\/#primaryimage","url":"https:\/\/metaltale.com\/wp-content\/uploads\/2023\/12\/Raktx173-x17Eiedo-emblema-OVAL.jpg","contentUrl":"https:\/\/metaltale.com\/wp-content\/uploads\/2023\/12\/Raktx173-x17Eiedo-emblema-OVAL.jpg","width":800,"height":800,"caption":"V\u00f5tmehoidja embleem OVAL"},{"@type":"BreadcrumbList","@id":"https:\/\/metaltale.com\/et\/toode\/votmehoidja-embleem-oval\/#breadcrumb","itemListElement":[{"@type":"ListItem","position":1,"name":"Home","item":"https:\/\/metaltale.com\/et\/kodu\/"},{"@type":"ListItem","position":2,"name":"Kauplus","item":"https:\/\/metaltale.com\/et\/shop\/"},{"@type":"ListItem","position":3,"name":"V\u00f5tmehoidja embleem OVAL"}]},{"@type":"WebSite","@id":"https:\/\/metaltale.com\/et\/#website","url":"https:\/\/metaltale.com\/et\/","name":"Metaltale.com","description":"","potentialAction":[{"@type":"SearchAction","target":{"@type":"EntryPoint","urlTemplate":"https:\/\/metaltale.com\/et\/?s={search_term_string}"},"query-input":{"@type":"PropertyValueSpecification","valueRequired":true,"valueName":"search_term_string"}}],"inLanguage":"et"}]}},"_links":{"self":[{"href":"https:\/\/metaltale.com\/et\/wp-json\/wp\/v2\/product\/133865","targetHints":{"allow":["GET"]}}],"collection":[{"href":"https:\/\/metaltale.com\/et\/wp-json\/wp\/v2\/product"}],"about":[{"href":"https:\/\/metaltale.com\/et\/wp-json\/wp\/v2\/types\/product"}],"replies":[{"embeddable":true,"href":"https:\/\/metaltale.com\/et\/wp-json\/wp\/v2\/comments?post=133865"}],"version-history":[{"count":0,"href":"https:\/\/metaltale.com\/et\/wp-json\/wp\/v2\/product\/133865\/revisions"}],"wp:featuredmedia":[{"embeddable":true,"href":"https:\/\/metaltale.com\/et\/wp-json\/wp\/v2\/media\/117270"}],"wp:attachment":[{"href":"https:\/\/metaltale.com\/et\/wp-json\/wp\/v2\/media?parent=133865"}],"wp:term":[{"taxonomy":"product_brand","embeddable":true,"href":"https:\/\/metaltale.com\/et\/wp-json\/wp\/v2\/product_brand?post=133865"},{"taxonomy":"product_cat","embeddable":true,"href":"https:\/\/metaltale.com\/et\/wp-json\/wp\/v2\/product_cat?post=133865"},{"taxonomy":"product_tag","embeddable":true,"href":"https:\/\/metaltale.com\/et\/wp-json\/wp\/v2\/product_tag?post=133865"}],"curies":[{"name":"wp","href":"https:\/\/api.w.org\/{rel}","templated":true}]}}