{"id":133864,"date":"2024-02-13T15:17:46","date_gmt":"2024-02-13T13:17:46","guid":{"rendered":"https:\/\/metaltale.com\/produktas\/lillekell\/"},"modified":"2024-02-13T15:17:46","modified_gmt":"2024-02-13T13:17:46","slug":"lillekell","status":"publish","type":"product","link":"https:\/\/metaltale.com\/et\/toode\/lillekell\/","title":{"rendered":"Lillekell"},"content":{"rendered":"<div class=\"prod_data\"><strong>Mudel<\/strong> 01,358E. AI.90  <br \/><strong>EAN.<\/strong>  5905369916663  <br \/><strong>Materjal<\/strong> Ketus  <br \/>Paksus (cm) 2 <br \/><strong>T\u00f6\u00f6pinge (V)<\/strong> 12-24  <br \/><strong>\u00dcldl\u00e4bim\u00f5\u00f5t (cm)<\/strong> 9  <br \/>V\u00e4rv teras <br \/>Viimistlemine t\u00f6\u00f6tlemata <br \/><strong>LISAINFO<\/strong> Pakkumine kehtib ainult uksekella kohta ja ei sisalda selle t\u00f6\u00f6ks vajalikku 12-24 V t\u00f6\u00f6pingega toiteallikat (nt 12-24 V toiteallikat).  <\/p>\n<hr>\n<p><span style=\"font-size: medium;\">Lillekujuline malmist uksekell. Toode on valmistatud kvaliteetsest vormitud toorainest. Ilma ilmastikukaitseta v\u00f5ib toode roostetada ja selle loomuliku protsessi v\u00e4ltimiseks v\u00f5ib peenist kaitsta lakiga. Paigaldusavade vaheline kaugus on umbes 6,5 cm.  <br \/><\/span><\/p>\n<hr>\n<\/p>\n<\/div>\n","protected":false},"excerpt":{"rendered":"<p>Mudel 01,358E. AI.90 EAN. 5905369916663 Materjal Ketus Paksus (cm) 2 T\u00f6\u00f6pinge (V) 12-24 \u00dcldl\u00e4bim\u00f5\u00f5t (cm) 9 V\u00e4rv teras Viimistlemine t\u00f6\u00f6tlemata<\/p>\n","protected":false},"featured_media":112822,"comment_status":"open","ping_status":"closed","template":"","meta":{"_acf_changed":false,"pmpro_default_level":""},"product_brand":[],"product_cat":[23895],"product_tag":[],"class_list":{"0":"post-133864","1":"product","2":"type-product","3":"status-publish","4":"has-post-thumbnail","6":"product_cat-kaunistused","7":"pmpro-has-access","9":"first","10":"instock","11":"shipping-taxable","12":"purchasable","13":"product-type-simple"},"acf":[],"yoast_head":"<!-- This site is optimized with the Yoast SEO plugin v24.9 - https:\/\/yoast.com\/wordpress\/plugins\/seo\/ -->\n<title>Lillekell - MetalTale.com<\/title>\n<meta name=\"robots\" content=\"index, follow, max-snippet:-1, max-image-preview:large, max-video-preview:-1\" \/>\n<link rel=\"canonical\" href=\"https:\/\/metaltale.com\/et\/toode\/lillekell\/\" \/>\n<meta property=\"og:locale\" content=\"et_EE\" \/>\n<meta property=\"og:type\" content=\"article\" \/>\n<meta property=\"og:title\" content=\"Lillekell - MetalTale.com\" \/>\n<meta property=\"og:description\" content=\"Mudel 01,358E. AI.90 EAN. 5905369916663 Materjal Ketus Paksus (cm) 2 T\u00f6\u00f6pinge (V) 12-24 \u00dcldl\u00e4bim\u00f5\u00f5t (cm) 9 V\u00e4rv teras Viimistlemine t\u00f6\u00f6tlemata\" \/>\n<meta property=\"og:url\" content=\"https:\/\/metaltale.com\/et\/toode\/lillekell\/\" \/>\n<meta property=\"og:site_name\" content=\"MetalTale.com\" \/>\n<meta name=\"twitter:card\" content=\"summary_large_image\" \/>\n<script type=\"application\/ld+json\" class=\"yoast-schema-graph\">{\"@context\":\"https:\/\/schema.org\",\"@graph\":[{\"@type\":\"WebPage\",\"@id\":\"https:\/\/metaltale.com\/et\/toode\/lillekell\/\",\"url\":\"https:\/\/metaltale.com\/et\/toode\/lillekell\/\",\"name\":\"Lillekell - MetalTale.com\",\"isPartOf\":{\"@id\":\"https:\/\/metaltale.com\/et\/#website\"},\"primaryImageOfPage\":{\"@id\":\"https:\/\/metaltale.com\/et\/toode\/lillekell\/#primaryimage\"},\"image\":{\"@id\":\"https:\/\/metaltale.com\/et\/toode\/lillekell\/#primaryimage\"},\"thumbnailUrl\":\"https:\/\/metaltale.com\/wp-content\/uploads\/2023\/11\/Gx116LIx172-durx173-skambutis.jpg\",\"datePublished\":\"2024-02-13T13:17:46+00:00\",\"breadcrumb\":{\"@id\":\"https:\/\/metaltale.com\/et\/toode\/lillekell\/#breadcrumb\"},\"inLanguage\":\"et\",\"potentialAction\":[{\"@type\":\"ReadAction\",\"target\":[\"https:\/\/metaltale.com\/et\/toode\/lillekell\/\"]}]},{\"@type\":\"ImageObject\",\"inLanguage\":\"et\",\"@id\":\"https:\/\/metaltale.com\/et\/toode\/lillekell\/#primaryimage\",\"url\":\"https:\/\/metaltale.com\/wp-content\/uploads\/2023\/11\/Gx116LIx172-durx173-skambutis.jpg\",\"contentUrl\":\"https:\/\/metaltale.com\/wp-content\/uploads\/2023\/11\/Gx116LIx172-durx173-skambutis.jpg\",\"width\":800,\"height\":800},{\"@type\":\"BreadcrumbList\",\"@id\":\"https:\/\/metaltale.com\/et\/toode\/lillekell\/#breadcrumb\",\"itemListElement\":[{\"@type\":\"ListItem\",\"position\":1,\"name\":\"Home\",\"item\":\"https:\/\/metaltale.com\/et\/kodu\/\"},{\"@type\":\"ListItem\",\"position\":2,\"name\":\"Kauplus\",\"item\":\"https:\/\/metaltale.com\/et\/shop\/\"},{\"@type\":\"ListItem\",\"position\":3,\"name\":\"Lillekell\"}]},{\"@type\":\"WebSite\",\"@id\":\"https:\/\/metaltale.com\/et\/#website\",\"url\":\"https:\/\/metaltale.com\/et\/\",\"name\":\"Metaltale.com\",\"description\":\"\",\"potentialAction\":[{\"@type\":\"SearchAction\",\"target\":{\"@type\":\"EntryPoint\",\"urlTemplate\":\"https:\/\/metaltale.com\/et\/?s={search_term_string}\"},\"query-input\":{\"@type\":\"PropertyValueSpecification\",\"valueRequired\":true,\"valueName\":\"search_term_string\"}}],\"inLanguage\":\"et\"}]}<\/script>\n<!-- \/ Yoast SEO plugin. -->","yoast_head_json":{"title":"Lillekell - MetalTale.com","robots":{"index":"index","follow":"follow","max-snippet":"max-snippet:-1","max-image-preview":"max-image-preview:large","max-video-preview":"max-video-preview:-1"},"canonical":"https:\/\/metaltale.com\/et\/toode\/lillekell\/","og_locale":"et_EE","og_type":"article","og_title":"Lillekell - MetalTale.com","og_description":"Mudel 01,358E. AI.90 EAN. 5905369916663 Materjal Ketus Paksus (cm) 2 T\u00f6\u00f6pinge (V) 12-24 \u00dcldl\u00e4bim\u00f5\u00f5t (cm) 9 V\u00e4rv teras Viimistlemine t\u00f6\u00f6tlemata","og_url":"https:\/\/metaltale.com\/et\/toode\/lillekell\/","og_site_name":"MetalTale.com","twitter_card":"summary_large_image","schema":{"@context":"https:\/\/schema.org","@graph":[{"@type":"WebPage","@id":"https:\/\/metaltale.com\/et\/toode\/lillekell\/","url":"https:\/\/metaltale.com\/et\/toode\/lillekell\/","name":"Lillekell - MetalTale.com","isPartOf":{"@id":"https:\/\/metaltale.com\/et\/#website"},"primaryImageOfPage":{"@id":"https:\/\/metaltale.com\/et\/toode\/lillekell\/#primaryimage"},"image":{"@id":"https:\/\/metaltale.com\/et\/toode\/lillekell\/#primaryimage"},"thumbnailUrl":"https:\/\/metaltale.com\/wp-content\/uploads\/2023\/11\/Gx116LIx172-durx173-skambutis.jpg","datePublished":"2024-02-13T13:17:46+00:00","breadcrumb":{"@id":"https:\/\/metaltale.com\/et\/toode\/lillekell\/#breadcrumb"},"inLanguage":"et","potentialAction":[{"@type":"ReadAction","target":["https:\/\/metaltale.com\/et\/toode\/lillekell\/"]}]},{"@type":"ImageObject","inLanguage":"et","@id":"https:\/\/metaltale.com\/et\/toode\/lillekell\/#primaryimage","url":"https:\/\/metaltale.com\/wp-content\/uploads\/2023\/11\/Gx116LIx172-durx173-skambutis.jpg","contentUrl":"https:\/\/metaltale.com\/wp-content\/uploads\/2023\/11\/Gx116LIx172-durx173-skambutis.jpg","width":800,"height":800},{"@type":"BreadcrumbList","@id":"https:\/\/metaltale.com\/et\/toode\/lillekell\/#breadcrumb","itemListElement":[{"@type":"ListItem","position":1,"name":"Home","item":"https:\/\/metaltale.com\/et\/kodu\/"},{"@type":"ListItem","position":2,"name":"Kauplus","item":"https:\/\/metaltale.com\/et\/shop\/"},{"@type":"ListItem","position":3,"name":"Lillekell"}]},{"@type":"WebSite","@id":"https:\/\/metaltale.com\/et\/#website","url":"https:\/\/metaltale.com\/et\/","name":"Metaltale.com","description":"","potentialAction":[{"@type":"SearchAction","target":{"@type":"EntryPoint","urlTemplate":"https:\/\/metaltale.com\/et\/?s={search_term_string}"},"query-input":{"@type":"PropertyValueSpecification","valueRequired":true,"valueName":"search_term_string"}}],"inLanguage":"et"}]}},"_links":{"self":[{"href":"https:\/\/metaltale.com\/et\/wp-json\/wp\/v2\/product\/133864","targetHints":{"allow":["GET"]}}],"collection":[{"href":"https:\/\/metaltale.com\/et\/wp-json\/wp\/v2\/product"}],"about":[{"href":"https:\/\/metaltale.com\/et\/wp-json\/wp\/v2\/types\/product"}],"replies":[{"embeddable":true,"href":"https:\/\/metaltale.com\/et\/wp-json\/wp\/v2\/comments?post=133864"}],"version-history":[{"count":0,"href":"https:\/\/metaltale.com\/et\/wp-json\/wp\/v2\/product\/133864\/revisions"}],"wp:featuredmedia":[{"embeddable":true,"href":"https:\/\/metaltale.com\/et\/wp-json\/wp\/v2\/media\/112822"}],"wp:attachment":[{"href":"https:\/\/metaltale.com\/et\/wp-json\/wp\/v2\/media?parent=133864"}],"wp:term":[{"taxonomy":"product_brand","embeddable":true,"href":"https:\/\/metaltale.com\/et\/wp-json\/wp\/v2\/product_brand?post=133864"},{"taxonomy":"product_cat","embeddable":true,"href":"https:\/\/metaltale.com\/et\/wp-json\/wp\/v2\/product_cat?post=133864"},{"taxonomy":"product_tag","embeddable":true,"href":"https:\/\/metaltale.com\/et\/wp-json\/wp\/v2\/product_tag?post=133864"}],"curies":[{"name":"wp","href":"https:\/\/api.w.org\/{rel}","templated":true}]}}