{"id":133858,"date":"2024-02-13T15:17:46","date_gmt":"2024-02-13T13:17:46","guid":{"rendered":"https:\/\/metaltale.com\/produktas\/toostuslikus-stiilis-telerikapp-teras-puit-2\/"},"modified":"2024-02-13T15:17:46","modified_gmt":"2024-02-13T13:17:46","slug":"toostuslikus-stiilis-telerikapp-teras-puit-2","status":"publish","type":"product","link":"https:\/\/metaltale.com\/et\/toode\/toostuslikus-stiilis-telerikapp-teras-puit-2\/","title":{"rendered":"T\u00f6\u00f6stuslikus stiilis telerikapp TERAS Puit 2"},"content":{"rendered":"<div class=\"prod_data\">\n<p><strong>Mudel<\/strong> ZA.SW.RTV180<br \/>\nSteel Wood <strong>kollektsioon<\/strong><br \/>\n<strong>EAN.<\/strong>  5905369915772<br \/>\n<strong>Materjal<\/strong> m\u00e4nnipuit, teras<br \/>\n<strong>\u00dcldine k\u00f5rgus (cm)<\/strong> 55<br \/>\n<strong>\u00dcldine laius (cm<\/strong> ) 180<br \/>\n<strong>S\u00fcgavus (cm)<\/strong> 38<br \/>\n<strong>Trimmi<\/strong> laiguline<br \/>\n<strong>Tarne t\u00fc\u00fcp<\/strong> T\u00e4ielikult kokkupandud toode<\/p>\n<p>&#8211; TV-kapp, mis on valmistatud m\u00e4nnipuu ja kvaliteetse terase kombinatsioonist<br \/>\n&#8211; konstruktsioon koosnes kahest omavahel \u00fchendatud kinnisest profiilist, mille ristl\u00f5ige oli 2&#215;2 cm.<br \/>\n&#8211; l\u00e4bipaistva kihiga immutatud metallkonstruktsioon<br \/>\n&#8211; ohutus ja kasutusmugavus tagavad k\u00f5ikide ebatasasuste ja keevituspunktide lihvimise<br \/>\n&#8211; k\u00e4sitsi valmistatud m\u00e4nnielemendid s\u00e4ilitavad oma loomuliku struktuuri<br \/>\n&#8211; puitu on t\u00f6\u00f6deldud veeplekkidega kastmismeetodil.<br \/>\n&#8211; kuullaagritega sahtlijuhikud suurendavad kasutusmugavust<br \/>\n&#8211; stiilselt valitud terasest k\u00e4epidemed ees<\/p>\n<hr>\n<p>RTV STEEL WOOD kapp on t\u00f5eline maiuspala t\u00f6\u00f6stusliku stiili austajatele. See on valmistatud terase ja m\u00e4nnipuu kombinatsioonist. Suletud profiilide kasutamine m\u00f6\u00f6bli konstruktsioonis tagab vastupidavuse, samas kui k\u00f5rgeima kvaliteediga t\u00f6\u00f6 v\u00f5imaldab m\u00f6\u00f6blil kaua vastu pidada. Kapil on neli mahukat sahtlit, mis v\u00f5imaldab teil peita koduseid nipsasju, mida te ei taha oma k\u00fclalistele n\u00e4idata. Sellel on ka kaks avarat avatud riiulit teie koduse raamatukollektsiooni v\u00f5i lemmik-CD-de jaoks. Praktilised terasest m\u00f6\u00f6blik\u00e4epidemed t\u00e4iendavad pilti. Kapil on n\u00e4htavad keevitatud \u00f5mblused, mis ainult lisavad m\u00f6\u00f6bli loft iseloomu.<\/p>\n<\/div>\n","protected":false},"excerpt":{"rendered":"<p>Mudel ZA.SW.RTV180 Steel Wood kollektsioon EAN. 5905369915772 Materjal m\u00e4nnipuit, teras \u00dcldine k\u00f5rgus (cm) 55 \u00dcldine laius (cm ) 180 S\u00fcgavus<\/p>\n","protected":false},"featured_media":119568,"comment_status":"open","ping_status":"closed","template":"","meta":{"_acf_changed":false,"pmpro_default_level":""},"product_brand":[],"product_cat":[24172,24138],"product_tag":[],"class_list":{"0":"post-133858","1":"product","2":"type-product","3":"status-publish","4":"has-post-thumbnail","6":"product_cat-televisioonikapid","7":"product_cat-toostusmoobel","8":"pmpro-has-access","10":"first","11":"instock","12":"shipping-taxable","13":"purchasable","14":"product-type-simple"},"acf":[],"yoast_head":"<!-- This site is optimized with the Yoast SEO plugin v24.9 - https:\/\/yoast.com\/wordpress\/plugins\/seo\/ -->\n<title>T\u00f6\u00f6stuslikus stiilis telerikapp TERAS Puit 2 - MetalTale.com<\/title>\n<meta name=\"robots\" content=\"index, follow, max-snippet:-1, max-image-preview:large, max-video-preview:-1\" \/>\n<link rel=\"canonical\" href=\"https:\/\/metaltale.com\/et\/toode\/toostuslikus-stiilis-telerikapp-teras-puit-2\/\" \/>\n<meta property=\"og:locale\" content=\"et_EE\" \/>\n<meta property=\"og:type\" content=\"article\" \/>\n<meta property=\"og:title\" content=\"T\u00f6\u00f6stuslikus stiilis telerikapp TERAS Puit 2 - MetalTale.com\" \/>\n<meta property=\"og:description\" content=\"Mudel ZA.SW.RTV180 Steel Wood kollektsioon EAN. 5905369915772 Materjal m\u00e4nnipuit, teras \u00dcldine k\u00f5rgus (cm) 55 \u00dcldine laius (cm ) 180 S\u00fcgavus\" \/>\n<meta property=\"og:url\" content=\"https:\/\/metaltale.com\/et\/toode\/toostuslikus-stiilis-telerikapp-teras-puit-2\/\" \/>\n<meta property=\"og:site_name\" content=\"MetalTale.com\" \/>\n<meta name=\"twitter:card\" content=\"summary_large_image\" \/>\n<meta name=\"twitter:label1\" content=\"Est. reading time\" \/>\n\t<meta name=\"twitter:data1\" content=\"1 minut\" \/>\n<script type=\"application\/ld+json\" class=\"yoast-schema-graph\">{\"@context\":\"https:\/\/schema.org\",\"@graph\":[{\"@type\":\"WebPage\",\"@id\":\"https:\/\/metaltale.com\/et\/toode\/toostuslikus-stiilis-telerikapp-teras-puit-2\/\",\"url\":\"https:\/\/metaltale.com\/et\/toode\/toostuslikus-stiilis-telerikapp-teras-puit-2\/\",\"name\":\"T\u00f6\u00f6stuslikus stiilis telerikapp TERAS Puit 2 - MetalTale.com\",\"isPartOf\":{\"@id\":\"https:\/\/metaltale.com\/et\/#website\"},\"primaryImageOfPage\":{\"@id\":\"https:\/\/metaltale.com\/et\/toode\/toostuslikus-stiilis-telerikapp-teras-puit-2\/#primaryimage\"},\"image\":{\"@id\":\"https:\/\/metaltale.com\/et\/toode\/toostuslikus-stiilis-telerikapp-teras-puit-2\/#primaryimage\"},\"thumbnailUrl\":\"https:\/\/metaltale.com\/wp-content\/uploads\/2023\/12\/televizoriaus-spintele.jpg\",\"datePublished\":\"2024-02-13T13:17:46+00:00\",\"breadcrumb\":{\"@id\":\"https:\/\/metaltale.com\/et\/toode\/toostuslikus-stiilis-telerikapp-teras-puit-2\/#breadcrumb\"},\"inLanguage\":\"et\",\"potentialAction\":[{\"@type\":\"ReadAction\",\"target\":[\"https:\/\/metaltale.com\/et\/toode\/toostuslikus-stiilis-telerikapp-teras-puit-2\/\"]}]},{\"@type\":\"ImageObject\",\"inLanguage\":\"et\",\"@id\":\"https:\/\/metaltale.com\/et\/toode\/toostuslikus-stiilis-telerikapp-teras-puit-2\/#primaryimage\",\"url\":\"https:\/\/metaltale.com\/wp-content\/uploads\/2023\/12\/televizoriaus-spintele.jpg\",\"contentUrl\":\"https:\/\/metaltale.com\/wp-content\/uploads\/2023\/12\/televizoriaus-spintele.jpg\",\"width\":800,\"height\":800,\"caption\":\"TV-kapp\"},{\"@type\":\"BreadcrumbList\",\"@id\":\"https:\/\/metaltale.com\/et\/toode\/toostuslikus-stiilis-telerikapp-teras-puit-2\/#breadcrumb\",\"itemListElement\":[{\"@type\":\"ListItem\",\"position\":1,\"name\":\"Home\",\"item\":\"https:\/\/metaltale.com\/et\/kodu\/\"},{\"@type\":\"ListItem\",\"position\":2,\"name\":\"Kauplus\",\"item\":\"https:\/\/metaltale.com\/et\/shop\/\"},{\"@type\":\"ListItem\",\"position\":3,\"name\":\"T\u00f6\u00f6stuslikus stiilis telerikapp TERAS Puit 2\"}]},{\"@type\":\"WebSite\",\"@id\":\"https:\/\/metaltale.com\/et\/#website\",\"url\":\"https:\/\/metaltale.com\/et\/\",\"name\":\"Metaltale.com\",\"description\":\"\",\"potentialAction\":[{\"@type\":\"SearchAction\",\"target\":{\"@type\":\"EntryPoint\",\"urlTemplate\":\"https:\/\/metaltale.com\/et\/?s={search_term_string}\"},\"query-input\":{\"@type\":\"PropertyValueSpecification\",\"valueRequired\":true,\"valueName\":\"search_term_string\"}}],\"inLanguage\":\"et\"}]}<\/script>\n<!-- \/ Yoast SEO plugin. -->","yoast_head_json":{"title":"T\u00f6\u00f6stuslikus stiilis telerikapp TERAS Puit 2 - MetalTale.com","robots":{"index":"index","follow":"follow","max-snippet":"max-snippet:-1","max-image-preview":"max-image-preview:large","max-video-preview":"max-video-preview:-1"},"canonical":"https:\/\/metaltale.com\/et\/toode\/toostuslikus-stiilis-telerikapp-teras-puit-2\/","og_locale":"et_EE","og_type":"article","og_title":"T\u00f6\u00f6stuslikus stiilis telerikapp TERAS Puit 2 - MetalTale.com","og_description":"Mudel ZA.SW.RTV180 Steel Wood kollektsioon EAN. 5905369915772 Materjal m\u00e4nnipuit, teras \u00dcldine k\u00f5rgus (cm) 55 \u00dcldine laius (cm ) 180 S\u00fcgavus","og_url":"https:\/\/metaltale.com\/et\/toode\/toostuslikus-stiilis-telerikapp-teras-puit-2\/","og_site_name":"MetalTale.com","twitter_card":"summary_large_image","twitter_misc":{"Est. reading time":"1 minut"},"schema":{"@context":"https:\/\/schema.org","@graph":[{"@type":"WebPage","@id":"https:\/\/metaltale.com\/et\/toode\/toostuslikus-stiilis-telerikapp-teras-puit-2\/","url":"https:\/\/metaltale.com\/et\/toode\/toostuslikus-stiilis-telerikapp-teras-puit-2\/","name":"T\u00f6\u00f6stuslikus stiilis telerikapp TERAS Puit 2 - MetalTale.com","isPartOf":{"@id":"https:\/\/metaltale.com\/et\/#website"},"primaryImageOfPage":{"@id":"https:\/\/metaltale.com\/et\/toode\/toostuslikus-stiilis-telerikapp-teras-puit-2\/#primaryimage"},"image":{"@id":"https:\/\/metaltale.com\/et\/toode\/toostuslikus-stiilis-telerikapp-teras-puit-2\/#primaryimage"},"thumbnailUrl":"https:\/\/metaltale.com\/wp-content\/uploads\/2023\/12\/televizoriaus-spintele.jpg","datePublished":"2024-02-13T13:17:46+00:00","breadcrumb":{"@id":"https:\/\/metaltale.com\/et\/toode\/toostuslikus-stiilis-telerikapp-teras-puit-2\/#breadcrumb"},"inLanguage":"et","potentialAction":[{"@type":"ReadAction","target":["https:\/\/metaltale.com\/et\/toode\/toostuslikus-stiilis-telerikapp-teras-puit-2\/"]}]},{"@type":"ImageObject","inLanguage":"et","@id":"https:\/\/metaltale.com\/et\/toode\/toostuslikus-stiilis-telerikapp-teras-puit-2\/#primaryimage","url":"https:\/\/metaltale.com\/wp-content\/uploads\/2023\/12\/televizoriaus-spintele.jpg","contentUrl":"https:\/\/metaltale.com\/wp-content\/uploads\/2023\/12\/televizoriaus-spintele.jpg","width":800,"height":800,"caption":"TV-kapp"},{"@type":"BreadcrumbList","@id":"https:\/\/metaltale.com\/et\/toode\/toostuslikus-stiilis-telerikapp-teras-puit-2\/#breadcrumb","itemListElement":[{"@type":"ListItem","position":1,"name":"Home","item":"https:\/\/metaltale.com\/et\/kodu\/"},{"@type":"ListItem","position":2,"name":"Kauplus","item":"https:\/\/metaltale.com\/et\/shop\/"},{"@type":"ListItem","position":3,"name":"T\u00f6\u00f6stuslikus stiilis telerikapp TERAS Puit 2"}]},{"@type":"WebSite","@id":"https:\/\/metaltale.com\/et\/#website","url":"https:\/\/metaltale.com\/et\/","name":"Metaltale.com","description":"","potentialAction":[{"@type":"SearchAction","target":{"@type":"EntryPoint","urlTemplate":"https:\/\/metaltale.com\/et\/?s={search_term_string}"},"query-input":{"@type":"PropertyValueSpecification","valueRequired":true,"valueName":"search_term_string"}}],"inLanguage":"et"}]}},"_links":{"self":[{"href":"https:\/\/metaltale.com\/et\/wp-json\/wp\/v2\/product\/133858","targetHints":{"allow":["GET"]}}],"collection":[{"href":"https:\/\/metaltale.com\/et\/wp-json\/wp\/v2\/product"}],"about":[{"href":"https:\/\/metaltale.com\/et\/wp-json\/wp\/v2\/types\/product"}],"replies":[{"embeddable":true,"href":"https:\/\/metaltale.com\/et\/wp-json\/wp\/v2\/comments?post=133858"}],"version-history":[{"count":0,"href":"https:\/\/metaltale.com\/et\/wp-json\/wp\/v2\/product\/133858\/revisions"}],"wp:featuredmedia":[{"embeddable":true,"href":"https:\/\/metaltale.com\/et\/wp-json\/wp\/v2\/media\/119568"}],"wp:attachment":[{"href":"https:\/\/metaltale.com\/et\/wp-json\/wp\/v2\/media?parent=133858"}],"wp:term":[{"taxonomy":"product_brand","embeddable":true,"href":"https:\/\/metaltale.com\/et\/wp-json\/wp\/v2\/product_brand?post=133858"},{"taxonomy":"product_cat","embeddable":true,"href":"https:\/\/metaltale.com\/et\/wp-json\/wp\/v2\/product_cat?post=133858"},{"taxonomy":"product_tag","embeddable":true,"href":"https:\/\/metaltale.com\/et\/wp-json\/wp\/v2\/product_tag?post=133858"}],"curies":[{"name":"wp","href":"https:\/\/api.w.org\/{rel}","templated":true}]}}