{"id":133840,"date":"2024-02-13T15:15:50","date_gmt":"2024-02-13T13:15:50","guid":{"rendered":"https:\/\/metaltale.com\/produktas\/3d-metallist-kujutis-female-act-2-60x100-cm\/"},"modified":"2024-02-13T15:15:50","modified_gmt":"2024-02-13T13:15:50","slug":"3d-metallist-kujutis-female-act-2-60x100-cm","status":"publish","type":"product","link":"https:\/\/metaltale.com\/et\/toode\/3d-metallist-kujutis-female-act-2-60x100-cm\/","title":{"rendered":"3D metallist kujutis FEMALE ACT 2; 60&#215;100 cm"},"content":{"rendered":"<div class=\"prod_data\">\n<p><strong>Mudel<\/strong> PT. L22057<br \/>\n<strong>Laius (cm)<\/strong> 60<br \/>\n<strong>K\u00f5rgus (cm)<\/strong> 100<br \/>\n<strong>Paksus (cm)<\/strong> 5<br \/>\n<strong>Materjal<\/strong> teras<br \/>\nKujundid Ristk\u00fclikukujuline<br \/>\nOrienteerimine Vertikaalne<br \/>\nMotiiv inimesed<\/p>\n<p>metall 3D kujutis, mis on valmistatud \u00fcmbert\u00f6\u00f6deldud terasest<\/p>\n<p>Tegelikud v\u00e4ljaulatuvad osad<\/p>\n<p>v\u00e4rvid, mis on tekkinud v\u00e4rvi v\u00f5i loodusliku v\u00e4rvimuutuse ja korrosiooni tagaj\u00e4rjel<\/p>\n<p>Impregneerimine l\u00e4bipaistva lakiga tagab v\u00e4rvi s\u00e4ilimise ja kriimustuskindluse.<\/p>\n<p>Pildil on naine alasti<\/p>\n<hr>\n<p>N\u00e4idatud kolmem\u00f5\u00f5tmeline kujutis on valmistatud \u00fcmbert\u00f6\u00f6deldud terasest, nii et sellel on t\u00f5elised \u00fclest\u00f5usud. Alasti naine on esitatud minimalistlikult ja maali v\u00e4rvid on hoitud pruunikas toonis, mis koos metallilise tekstuuriga annavad sellele toore iseloomu. See naiselikus nude loft stiilis 3D metallmaal on suurep\u00e4rane t\u00e4iendus kaasaegsetele ja t\u00f6\u00f6stuslikele interj\u00f6\u00f6ridele. Olgu see siis elutoas, magamistoas v\u00f5i stuudios, see t\u00f5mbab kindlasti t\u00e4helepanu ja annab teie ruumile ainulaadse atmosf\u00e4\u00e4ri. 3D-metallpilt on viimistlus, mis murrab vormi, mis on ka suurep\u00e4rane kingiidee. Kunstiteose kinnitamine on v\u00f5imalik t\u00e4nu kaasasolevatele kinnitusklambritele.<\/p>\n<\/div>\n","protected":false},"excerpt":{"rendered":"<p>Mudel PT. L22057 Laius (cm) 60 K\u00f5rgus (cm) 100 Paksus (cm) 5 Materjal teras Kujundid Ristk\u00fclikukujuline Orienteerimine Vertikaalne Motiiv inimesed<\/p>\n","protected":false},"featured_media":74925,"comment_status":"open","ping_status":"closed","template":"","meta":{"_acf_changed":false,"pmpro_default_level":""},"product_brand":[],"product_cat":[23913,23895],"product_tag":[],"class_list":{"0":"post-133840","1":"product","2":"type-product","3":"status-publish","4":"has-post-thumbnail","6":"product_cat-3d-paveikslai-et","7":"product_cat-kaunistused","8":"pmpro-has-access","10":"first","11":"instock","12":"shipping-taxable","13":"purchasable","14":"product-type-simple"},"acf":[],"yoast_head":"<!-- This site is optimized with the Yoast SEO plugin v24.9 - https:\/\/yoast.com\/wordpress\/plugins\/seo\/ -->\n<title>3D metallist kujutis FEMALE ACT 2; 60x100 cm - MetalTale.com<\/title>\n<meta name=\"robots\" content=\"index, follow, max-snippet:-1, max-image-preview:large, max-video-preview:-1\" \/>\n<link rel=\"canonical\" href=\"https:\/\/metaltale.com\/et\/toode\/3d-metallist-kujutis-female-act-2-60x100-cm\/\" \/>\n<meta property=\"og:locale\" content=\"et_EE\" \/>\n<meta property=\"og:type\" content=\"article\" \/>\n<meta property=\"og:title\" content=\"3D metallist kujutis FEMALE ACT 2; 60x100 cm - MetalTale.com\" \/>\n<meta property=\"og:description\" content=\"Mudel PT. L22057 Laius (cm) 60 K\u00f5rgus (cm) 100 Paksus (cm) 5 Materjal teras Kujundid Ristk\u00fclikukujuline Orienteerimine Vertikaalne Motiiv inimesed\" \/>\n<meta property=\"og:url\" content=\"https:\/\/metaltale.com\/et\/toode\/3d-metallist-kujutis-female-act-2-60x100-cm\/\" \/>\n<meta property=\"og:site_name\" content=\"MetalTale.com\" \/>\n<meta name=\"twitter:card\" content=\"summary_large_image\" \/>\n<meta name=\"twitter:label1\" content=\"Est. reading time\" \/>\n\t<meta name=\"twitter:data1\" content=\"1 minut\" \/>\n<script type=\"application\/ld+json\" class=\"yoast-schema-graph\">{\"@context\":\"https:\/\/schema.org\",\"@graph\":[{\"@type\":\"WebPage\",\"@id\":\"https:\/\/metaltale.com\/et\/toode\/3d-metallist-kujutis-female-act-2-60x100-cm\/\",\"url\":\"https:\/\/metaltale.com\/et\/toode\/3d-metallist-kujutis-female-act-2-60x100-cm\/\",\"name\":\"3D metallist kujutis FEMALE ACT 2; 60x100 cm - MetalTale.com\",\"isPartOf\":{\"@id\":\"https:\/\/metaltale.com\/et\/#website\"},\"primaryImageOfPage\":{\"@id\":\"https:\/\/metaltale.com\/et\/toode\/3d-metallist-kujutis-female-act-2-60x100-cm\/#primaryimage\"},\"image\":{\"@id\":\"https:\/\/metaltale.com\/et\/toode\/3d-metallist-kujutis-female-act-2-60x100-cm\/#primaryimage\"},\"thumbnailUrl\":\"https:\/\/metaltale.com\/wp-content\/uploads\/2023\/09\/Metalo-tapybos-3D-palx117px117-MOTERIx160KAS-AKTAS-2.jpg\",\"datePublished\":\"2024-02-13T13:15:50+00:00\",\"breadcrumb\":{\"@id\":\"https:\/\/metaltale.com\/et\/toode\/3d-metallist-kujutis-female-act-2-60x100-cm\/#breadcrumb\"},\"inLanguage\":\"et\",\"potentialAction\":[{\"@type\":\"ReadAction\",\"target\":[\"https:\/\/metaltale.com\/et\/toode\/3d-metallist-kujutis-female-act-2-60x100-cm\/\"]}]},{\"@type\":\"ImageObject\",\"inLanguage\":\"et\",\"@id\":\"https:\/\/metaltale.com\/et\/toode\/3d-metallist-kujutis-female-act-2-60x100-cm\/#primaryimage\",\"url\":\"https:\/\/metaltale.com\/wp-content\/uploads\/2023\/09\/Metalo-tapybos-3D-palx117px117-MOTERIx160KAS-AKTAS-2.jpg\",\"contentUrl\":\"https:\/\/metaltale.com\/wp-content\/uploads\/2023\/09\/Metalo-tapybos-3D-palx117px117-MOTERIx160KAS-AKTAS-2.jpg\",\"width\":800,\"height\":800},{\"@type\":\"BreadcrumbList\",\"@id\":\"https:\/\/metaltale.com\/et\/toode\/3d-metallist-kujutis-female-act-2-60x100-cm\/#breadcrumb\",\"itemListElement\":[{\"@type\":\"ListItem\",\"position\":1,\"name\":\"Home\",\"item\":\"https:\/\/metaltale.com\/et\/kodu\/\"},{\"@type\":\"ListItem\",\"position\":2,\"name\":\"Kauplus\",\"item\":\"https:\/\/metaltale.com\/et\/shop\/\"},{\"@type\":\"ListItem\",\"position\":3,\"name\":\"3D metallist kujutis FEMALE ACT 2; 60&#215;100 cm\"}]},{\"@type\":\"WebSite\",\"@id\":\"https:\/\/metaltale.com\/et\/#website\",\"url\":\"https:\/\/metaltale.com\/et\/\",\"name\":\"Metaltale.com\",\"description\":\"\",\"potentialAction\":[{\"@type\":\"SearchAction\",\"target\":{\"@type\":\"EntryPoint\",\"urlTemplate\":\"https:\/\/metaltale.com\/et\/?s={search_term_string}\"},\"query-input\":{\"@type\":\"PropertyValueSpecification\",\"valueRequired\":true,\"valueName\":\"search_term_string\"}}],\"inLanguage\":\"et\"}]}<\/script>\n<!-- \/ Yoast SEO plugin. -->","yoast_head_json":{"title":"3D metallist kujutis FEMALE ACT 2; 60x100 cm - MetalTale.com","robots":{"index":"index","follow":"follow","max-snippet":"max-snippet:-1","max-image-preview":"max-image-preview:large","max-video-preview":"max-video-preview:-1"},"canonical":"https:\/\/metaltale.com\/et\/toode\/3d-metallist-kujutis-female-act-2-60x100-cm\/","og_locale":"et_EE","og_type":"article","og_title":"3D metallist kujutis FEMALE ACT 2; 60x100 cm - MetalTale.com","og_description":"Mudel PT. L22057 Laius (cm) 60 K\u00f5rgus (cm) 100 Paksus (cm) 5 Materjal teras Kujundid Ristk\u00fclikukujuline Orienteerimine Vertikaalne Motiiv inimesed","og_url":"https:\/\/metaltale.com\/et\/toode\/3d-metallist-kujutis-female-act-2-60x100-cm\/","og_site_name":"MetalTale.com","twitter_card":"summary_large_image","twitter_misc":{"Est. reading time":"1 minut"},"schema":{"@context":"https:\/\/schema.org","@graph":[{"@type":"WebPage","@id":"https:\/\/metaltale.com\/et\/toode\/3d-metallist-kujutis-female-act-2-60x100-cm\/","url":"https:\/\/metaltale.com\/et\/toode\/3d-metallist-kujutis-female-act-2-60x100-cm\/","name":"3D metallist kujutis FEMALE ACT 2; 60x100 cm - MetalTale.com","isPartOf":{"@id":"https:\/\/metaltale.com\/et\/#website"},"primaryImageOfPage":{"@id":"https:\/\/metaltale.com\/et\/toode\/3d-metallist-kujutis-female-act-2-60x100-cm\/#primaryimage"},"image":{"@id":"https:\/\/metaltale.com\/et\/toode\/3d-metallist-kujutis-female-act-2-60x100-cm\/#primaryimage"},"thumbnailUrl":"https:\/\/metaltale.com\/wp-content\/uploads\/2023\/09\/Metalo-tapybos-3D-palx117px117-MOTERIx160KAS-AKTAS-2.jpg","datePublished":"2024-02-13T13:15:50+00:00","breadcrumb":{"@id":"https:\/\/metaltale.com\/et\/toode\/3d-metallist-kujutis-female-act-2-60x100-cm\/#breadcrumb"},"inLanguage":"et","potentialAction":[{"@type":"ReadAction","target":["https:\/\/metaltale.com\/et\/toode\/3d-metallist-kujutis-female-act-2-60x100-cm\/"]}]},{"@type":"ImageObject","inLanguage":"et","@id":"https:\/\/metaltale.com\/et\/toode\/3d-metallist-kujutis-female-act-2-60x100-cm\/#primaryimage","url":"https:\/\/metaltale.com\/wp-content\/uploads\/2023\/09\/Metalo-tapybos-3D-palx117px117-MOTERIx160KAS-AKTAS-2.jpg","contentUrl":"https:\/\/metaltale.com\/wp-content\/uploads\/2023\/09\/Metalo-tapybos-3D-palx117px117-MOTERIx160KAS-AKTAS-2.jpg","width":800,"height":800},{"@type":"BreadcrumbList","@id":"https:\/\/metaltale.com\/et\/toode\/3d-metallist-kujutis-female-act-2-60x100-cm\/#breadcrumb","itemListElement":[{"@type":"ListItem","position":1,"name":"Home","item":"https:\/\/metaltale.com\/et\/kodu\/"},{"@type":"ListItem","position":2,"name":"Kauplus","item":"https:\/\/metaltale.com\/et\/shop\/"},{"@type":"ListItem","position":3,"name":"3D metallist kujutis FEMALE ACT 2; 60&#215;100 cm"}]},{"@type":"WebSite","@id":"https:\/\/metaltale.com\/et\/#website","url":"https:\/\/metaltale.com\/et\/","name":"Metaltale.com","description":"","potentialAction":[{"@type":"SearchAction","target":{"@type":"EntryPoint","urlTemplate":"https:\/\/metaltale.com\/et\/?s={search_term_string}"},"query-input":{"@type":"PropertyValueSpecification","valueRequired":true,"valueName":"search_term_string"}}],"inLanguage":"et"}]}},"_links":{"self":[{"href":"https:\/\/metaltale.com\/et\/wp-json\/wp\/v2\/product\/133840","targetHints":{"allow":["GET"]}}],"collection":[{"href":"https:\/\/metaltale.com\/et\/wp-json\/wp\/v2\/product"}],"about":[{"href":"https:\/\/metaltale.com\/et\/wp-json\/wp\/v2\/types\/product"}],"replies":[{"embeddable":true,"href":"https:\/\/metaltale.com\/et\/wp-json\/wp\/v2\/comments?post=133840"}],"version-history":[{"count":0,"href":"https:\/\/metaltale.com\/et\/wp-json\/wp\/v2\/product\/133840\/revisions"}],"wp:featuredmedia":[{"embeddable":true,"href":"https:\/\/metaltale.com\/et\/wp-json\/wp\/v2\/media\/74925"}],"wp:attachment":[{"href":"https:\/\/metaltale.com\/et\/wp-json\/wp\/v2\/media?parent=133840"}],"wp:term":[{"taxonomy":"product_brand","embeddable":true,"href":"https:\/\/metaltale.com\/et\/wp-json\/wp\/v2\/product_brand?post=133840"},{"taxonomy":"product_cat","embeddable":true,"href":"https:\/\/metaltale.com\/et\/wp-json\/wp\/v2\/product_cat?post=133840"},{"taxonomy":"product_tag","embeddable":true,"href":"https:\/\/metaltale.com\/et\/wp-json\/wp\/v2\/product_tag?post=133840"}],"curies":[{"name":"wp","href":"https:\/\/api.w.org\/{rel}","templated":true}]}}