{"id":133839,"date":"2024-02-13T14:29:51","date_gmt":"2024-02-13T12:29:51","guid":{"rendered":"https:\/\/metaltale.com\/produktas\/3d-metallist-seinakaunistus-loft-nubo-132x58-cm\/"},"modified":"2024-02-13T14:29:51","modified_gmt":"2024-02-13T12:29:51","slug":"3d-metallist-seinakaunistus-loft-nubo-132x58-cm","status":"publish","type":"product","link":"https:\/\/metaltale.com\/et\/toode\/3d-metallist-seinakaunistus-loft-nubo-132x58-cm\/","title":{"rendered":"3D metallist seinakaunistus LOFT NUBO 132&#215;58 cm"},"content":{"rendered":"<div class=\"prod_data\">\n<p><strong>Mudel<\/strong> PT. A20011<br \/>\n<strong>EAN.<\/strong>  5907772073490<br \/>\n<strong>Laius (cm)<\/strong> 132<br \/>\n<strong>K\u00f5rgus (cm)<\/strong> 58<br \/>\n<strong>Paksus (cm)<\/strong> 5<br \/>\n<strong>Materjal<\/strong> teras<br \/>\nOrienteerimine Horisontaalne<br \/>\nMotiiv Loomad<\/p>\n<p>&#8211; 3D metallist seinakattematerjal taaskasutatud terasest<br \/>\n&#8211; tegelikud v\u00e4ljaulatuvad osad<br \/>\n&#8211; vaoshoitud v\u00e4rvid tagavad mitmek\u00fclgsuse ja ajas\u00f5bralikkuse.<br \/>\n&#8211; impregneerimine l\u00e4bipaistva lakiga tagab v\u00e4rvi s\u00e4ilimise ja kriimustuskindluse.<br \/>\n&#8211; kaunistus lindude lendavad v\u00f5ti<\/p>\n<hr>\n<p>Linnuparv taevas on kunstis sageli kasutatav motiiv. 3D metallist seinakaunistus, mis kujutab lendavaid linde, annab uue ja kaasaegse v\u00f5tte klassikalisele teemale. Nubo kompositsiooni lihtsustatud vorm annab sellele kerguse ja \u00f5hulisuse, mis sobib nii kaasaegsetesse ruumidesse kui ka rangematesse v\u00f5i klassikalisematesse ruumidesse. Universaalsed v\u00e4rvid on viimistlusvahend, mis samal ajal ei v\u00f5ta \u00e4ra selle originaalsust. Loodusteema sobib h\u00e4sti elutuppa, magamistuppa ja saali ning kolmem\u00f5\u00f5tmeline efekt j\u00e4\u00e4b kindlasti m\u00e4rkamatuks. K\u00e4sit\u00f6\u00f6 teeb iga eksemplari ainulaadseks. Praktiline ja n\u00e4htamatu esiosa kinnitusk\u00e4epidemest, mis v\u00f5imaldab teil 3D-kujutise h\u00f5lpsasti \u00fcles riputada. Stiilne 3D-seinakaunistus on samuti erakordne kingiidee.<\/p>\n<\/div>\n","protected":false},"excerpt":{"rendered":"<p>Mudel PT. A20011 EAN. 5907772073490 Laius (cm) 132 K\u00f5rgus (cm) 58 Paksus (cm) 5 Materjal teras Orienteerimine Horisontaalne Motiiv Loomad<\/p>\n","protected":false},"featured_media":69867,"comment_status":"open","ping_status":"closed","template":"","meta":{"_acf_changed":false,"pmpro_default_level":""},"product_brand":[],"product_cat":[23913,23895],"product_tag":[],"class_list":{"0":"post-133839","1":"product","2":"type-product","3":"status-publish","4":"has-post-thumbnail","6":"product_cat-3d-paveikslai-et","7":"product_cat-kaunistused","8":"pmpro-has-access","10":"first","11":"instock","12":"shipping-taxable","13":"purchasable","14":"product-type-simple"},"acf":[],"yoast_head":"<!-- This site is optimized with the Yoast SEO plugin v24.9 - https:\/\/yoast.com\/wordpress\/plugins\/seo\/ -->\n<title>3D metallist seinakaunistus LOFT NUBO 132x58 cm - MetalTale.com<\/title>\n<meta name=\"robots\" content=\"index, follow, max-snippet:-1, max-image-preview:large, max-video-preview:-1\" \/>\n<link rel=\"canonical\" href=\"https:\/\/metaltale.com\/et\/toode\/3d-metallist-seinakaunistus-loft-nubo-132x58-cm\/\" \/>\n<meta property=\"og:locale\" content=\"et_EE\" \/>\n<meta property=\"og:type\" content=\"article\" \/>\n<meta property=\"og:title\" content=\"3D metallist seinakaunistus LOFT NUBO 132x58 cm - MetalTale.com\" \/>\n<meta property=\"og:description\" content=\"Mudel PT. A20011 EAN. 5907772073490 Laius (cm) 132 K\u00f5rgus (cm) 58 Paksus (cm) 5 Materjal teras Orienteerimine Horisontaalne Motiiv Loomad\" \/>\n<meta property=\"og:url\" content=\"https:\/\/metaltale.com\/et\/toode\/3d-metallist-seinakaunistus-loft-nubo-132x58-cm\/\" \/>\n<meta property=\"og:site_name\" content=\"MetalTale.com\" \/>\n<meta name=\"twitter:card\" content=\"summary_large_image\" \/>\n<meta name=\"twitter:label1\" content=\"Est. reading time\" \/>\n\t<meta name=\"twitter:data1\" content=\"1 minut\" \/>\n<script type=\"application\/ld+json\" class=\"yoast-schema-graph\">{\"@context\":\"https:\/\/schema.org\",\"@graph\":[{\"@type\":\"WebPage\",\"@id\":\"https:\/\/metaltale.com\/et\/toode\/3d-metallist-seinakaunistus-loft-nubo-132x58-cm\/\",\"url\":\"https:\/\/metaltale.com\/et\/toode\/3d-metallist-seinakaunistus-loft-nubo-132x58-cm\/\",\"name\":\"3D metallist seinakaunistus LOFT NUBO 132x58 cm - MetalTale.com\",\"isPartOf\":{\"@id\":\"https:\/\/metaltale.com\/et\/#website\"},\"primaryImageOfPage\":{\"@id\":\"https:\/\/metaltale.com\/et\/toode\/3d-metallist-seinakaunistus-loft-nubo-132x58-cm\/#primaryimage\"},\"image\":{\"@id\":\"https:\/\/metaltale.com\/et\/toode\/3d-metallist-seinakaunistus-loft-nubo-132x58-cm\/#primaryimage\"},\"thumbnailUrl\":\"https:\/\/metaltale.com\/wp-content\/uploads\/2023\/09\/3D-LOFTO-NUBO-SIENx172-APDAILA.jpg\",\"datePublished\":\"2024-02-13T12:29:51+00:00\",\"breadcrumb\":{\"@id\":\"https:\/\/metaltale.com\/et\/toode\/3d-metallist-seinakaunistus-loft-nubo-132x58-cm\/#breadcrumb\"},\"inLanguage\":\"et\",\"potentialAction\":[{\"@type\":\"ReadAction\",\"target\":[\"https:\/\/metaltale.com\/et\/toode\/3d-metallist-seinakaunistus-loft-nubo-132x58-cm\/\"]}]},{\"@type\":\"ImageObject\",\"inLanguage\":\"et\",\"@id\":\"https:\/\/metaltale.com\/et\/toode\/3d-metallist-seinakaunistus-loft-nubo-132x58-cm\/#primaryimage\",\"url\":\"https:\/\/metaltale.com\/wp-content\/uploads\/2023\/09\/3D-LOFTO-NUBO-SIENx172-APDAILA.jpg\",\"contentUrl\":\"https:\/\/metaltale.com\/wp-content\/uploads\/2023\/09\/3D-LOFTO-NUBO-SIENx172-APDAILA.jpg\",\"width\":800,\"height\":800},{\"@type\":\"BreadcrumbList\",\"@id\":\"https:\/\/metaltale.com\/et\/toode\/3d-metallist-seinakaunistus-loft-nubo-132x58-cm\/#breadcrumb\",\"itemListElement\":[{\"@type\":\"ListItem\",\"position\":1,\"name\":\"Home\",\"item\":\"https:\/\/metaltale.com\/et\/kodu\/\"},{\"@type\":\"ListItem\",\"position\":2,\"name\":\"Kauplus\",\"item\":\"https:\/\/metaltale.com\/et\/shop\/\"},{\"@type\":\"ListItem\",\"position\":3,\"name\":\"3D metallist seinakaunistus LOFT NUBO 132&#215;58 cm\"}]},{\"@type\":\"WebSite\",\"@id\":\"https:\/\/metaltale.com\/et\/#website\",\"url\":\"https:\/\/metaltale.com\/et\/\",\"name\":\"Metaltale.com\",\"description\":\"\",\"potentialAction\":[{\"@type\":\"SearchAction\",\"target\":{\"@type\":\"EntryPoint\",\"urlTemplate\":\"https:\/\/metaltale.com\/et\/?s={search_term_string}\"},\"query-input\":{\"@type\":\"PropertyValueSpecification\",\"valueRequired\":true,\"valueName\":\"search_term_string\"}}],\"inLanguage\":\"et\"}]}<\/script>\n<!-- \/ Yoast SEO plugin. -->","yoast_head_json":{"title":"3D metallist seinakaunistus LOFT NUBO 132x58 cm - MetalTale.com","robots":{"index":"index","follow":"follow","max-snippet":"max-snippet:-1","max-image-preview":"max-image-preview:large","max-video-preview":"max-video-preview:-1"},"canonical":"https:\/\/metaltale.com\/et\/toode\/3d-metallist-seinakaunistus-loft-nubo-132x58-cm\/","og_locale":"et_EE","og_type":"article","og_title":"3D metallist seinakaunistus LOFT NUBO 132x58 cm - MetalTale.com","og_description":"Mudel PT. A20011 EAN. 5907772073490 Laius (cm) 132 K\u00f5rgus (cm) 58 Paksus (cm) 5 Materjal teras Orienteerimine Horisontaalne Motiiv Loomad","og_url":"https:\/\/metaltale.com\/et\/toode\/3d-metallist-seinakaunistus-loft-nubo-132x58-cm\/","og_site_name":"MetalTale.com","twitter_card":"summary_large_image","twitter_misc":{"Est. reading time":"1 minut"},"schema":{"@context":"https:\/\/schema.org","@graph":[{"@type":"WebPage","@id":"https:\/\/metaltale.com\/et\/toode\/3d-metallist-seinakaunistus-loft-nubo-132x58-cm\/","url":"https:\/\/metaltale.com\/et\/toode\/3d-metallist-seinakaunistus-loft-nubo-132x58-cm\/","name":"3D metallist seinakaunistus LOFT NUBO 132x58 cm - MetalTale.com","isPartOf":{"@id":"https:\/\/metaltale.com\/et\/#website"},"primaryImageOfPage":{"@id":"https:\/\/metaltale.com\/et\/toode\/3d-metallist-seinakaunistus-loft-nubo-132x58-cm\/#primaryimage"},"image":{"@id":"https:\/\/metaltale.com\/et\/toode\/3d-metallist-seinakaunistus-loft-nubo-132x58-cm\/#primaryimage"},"thumbnailUrl":"https:\/\/metaltale.com\/wp-content\/uploads\/2023\/09\/3D-LOFTO-NUBO-SIENx172-APDAILA.jpg","datePublished":"2024-02-13T12:29:51+00:00","breadcrumb":{"@id":"https:\/\/metaltale.com\/et\/toode\/3d-metallist-seinakaunistus-loft-nubo-132x58-cm\/#breadcrumb"},"inLanguage":"et","potentialAction":[{"@type":"ReadAction","target":["https:\/\/metaltale.com\/et\/toode\/3d-metallist-seinakaunistus-loft-nubo-132x58-cm\/"]}]},{"@type":"ImageObject","inLanguage":"et","@id":"https:\/\/metaltale.com\/et\/toode\/3d-metallist-seinakaunistus-loft-nubo-132x58-cm\/#primaryimage","url":"https:\/\/metaltale.com\/wp-content\/uploads\/2023\/09\/3D-LOFTO-NUBO-SIENx172-APDAILA.jpg","contentUrl":"https:\/\/metaltale.com\/wp-content\/uploads\/2023\/09\/3D-LOFTO-NUBO-SIENx172-APDAILA.jpg","width":800,"height":800},{"@type":"BreadcrumbList","@id":"https:\/\/metaltale.com\/et\/toode\/3d-metallist-seinakaunistus-loft-nubo-132x58-cm\/#breadcrumb","itemListElement":[{"@type":"ListItem","position":1,"name":"Home","item":"https:\/\/metaltale.com\/et\/kodu\/"},{"@type":"ListItem","position":2,"name":"Kauplus","item":"https:\/\/metaltale.com\/et\/shop\/"},{"@type":"ListItem","position":3,"name":"3D metallist seinakaunistus LOFT NUBO 132&#215;58 cm"}]},{"@type":"WebSite","@id":"https:\/\/metaltale.com\/et\/#website","url":"https:\/\/metaltale.com\/et\/","name":"Metaltale.com","description":"","potentialAction":[{"@type":"SearchAction","target":{"@type":"EntryPoint","urlTemplate":"https:\/\/metaltale.com\/et\/?s={search_term_string}"},"query-input":{"@type":"PropertyValueSpecification","valueRequired":true,"valueName":"search_term_string"}}],"inLanguage":"et"}]}},"_links":{"self":[{"href":"https:\/\/metaltale.com\/et\/wp-json\/wp\/v2\/product\/133839","targetHints":{"allow":["GET"]}}],"collection":[{"href":"https:\/\/metaltale.com\/et\/wp-json\/wp\/v2\/product"}],"about":[{"href":"https:\/\/metaltale.com\/et\/wp-json\/wp\/v2\/types\/product"}],"replies":[{"embeddable":true,"href":"https:\/\/metaltale.com\/et\/wp-json\/wp\/v2\/comments?post=133839"}],"version-history":[{"count":0,"href":"https:\/\/metaltale.com\/et\/wp-json\/wp\/v2\/product\/133839\/revisions"}],"wp:featuredmedia":[{"embeddable":true,"href":"https:\/\/metaltale.com\/et\/wp-json\/wp\/v2\/media\/69867"}],"wp:attachment":[{"href":"https:\/\/metaltale.com\/et\/wp-json\/wp\/v2\/media?parent=133839"}],"wp:term":[{"taxonomy":"product_brand","embeddable":true,"href":"https:\/\/metaltale.com\/et\/wp-json\/wp\/v2\/product_brand?post=133839"},{"taxonomy":"product_cat","embeddable":true,"href":"https:\/\/metaltale.com\/et\/wp-json\/wp\/v2\/product_cat?post=133839"},{"taxonomy":"product_tag","embeddable":true,"href":"https:\/\/metaltale.com\/et\/wp-json\/wp\/v2\/product_tag?post=133839"}],"curies":[{"name":"wp","href":"https:\/\/api.w.org\/{rel}","templated":true}]}}