{"id":133823,"date":"2024-02-13T15:17:05","date_gmt":"2024-02-13T13:17:05","guid":{"rendered":"https:\/\/metaltale.com\/produktas\/3d-metallpilt-loft-gdansk-140x70-cm\/"},"modified":"2024-02-13T15:17:05","modified_gmt":"2024-02-13T13:17:05","slug":"3d-metallpilt-loft-gdansk-140x70-cm","status":"publish","type":"product","link":"https:\/\/metaltale.com\/et\/toode\/3d-metallpilt-loft-gdansk-140x70-cm\/","title":{"rendered":"3D metallpilt LOFT GDA\u0143SK 140&#215;70 cm"},"content":{"rendered":"<div class=\"prod_data\">\n<p><strong>Mudel<\/strong> PT. L22299<br \/>\n<strong>Laius (cm)<\/strong> 140<br \/>\n<strong>K\u00f5rgus (cm)<\/strong> 70<br \/>\n<strong>Paksus (cm)<\/strong> 5<br \/>\n<strong>Materjal<\/strong> teras<br \/>\nKujundid Ristk\u00fclikukujuline<br \/>\nOrienteerimine Horisontaalne<br \/>\nMotiiv Ehitised \/ objektid<\/p>\n<p>metall 3D kujutis, mis on valmistatud \u00fcmbert\u00f6\u00f6deldud terasest<\/p>\n<p>Tegelikud v\u00e4ljaulatuvad osad<\/p>\n<p>v\u00e4rvid, mis on tekkinud v\u00e4rvi v\u00f5i loodusliku v\u00e4rvimuutuse ja korrosiooni tagaj\u00e4rjel<\/p>\n<p>Impregneerimine l\u00e4bipaistva lakiga tagab v\u00e4rvi s\u00e4ilimise ja kriimustuskindluse.<\/p>\n<p>Joonisel 1 on kujutatud Gdanski linna siluett.<\/p>\n<hr>\n<p>3D metallmaalid on ebatavaline kaunistus, mis r\u00f5\u00f5mustab oma t\u00f6\u00f6kvaliteedi ja t\u00f5eliste \u00fclest\u00e4hendustega. Esitatud maal annab meile Gdanski linna \u00f5htuse panoraami. Esiplaanil on Mot\u0142awa j\u00f5gi, mis voolab l\u00e4bi Gdanski, taustal eri v\u00e4rvi hooned. Lisaks traditsioonilistele v\u00e4rvidele kasutati pildi v\u00e4rvimiseks terasele omaseid loomulikke v\u00e4rvimuutusi. Kolmem\u00f5\u00f5tmeline vaade on suurep\u00e4rane t\u00e4iendus sisekujundusele, eriti Gdanski linna v\u00f5i linnapildi austajatele.<\/p>\n<\/div>\n","protected":false},"excerpt":{"rendered":"<p>Mudel PT. L22299 Laius (cm) 140 K\u00f5rgus (cm) 70 Paksus (cm) 5 Materjal teras Kujundid Ristk\u00fclikukujuline Orienteerimine Horisontaalne Motiiv Ehitised<\/p>\n","protected":false},"featured_media":74994,"comment_status":"open","ping_status":"closed","template":"","meta":{"_acf_changed":false,"pmpro_default_level":""},"product_brand":[],"product_cat":[23913,23895],"product_tag":[],"class_list":{"0":"post-133823","1":"product","2":"type-product","3":"status-publish","4":"has-post-thumbnail","6":"product_cat-3d-paveikslai-et","7":"product_cat-kaunistused","8":"pmpro-has-access","10":"first","11":"instock","12":"shipping-taxable","13":"purchasable","14":"product-type-simple"},"acf":[],"yoast_head":"<!-- This site is optimized with the Yoast SEO plugin v24.9 - https:\/\/yoast.com\/wordpress\/plugins\/seo\/ -->\n<title>3D metallpilt LOFT GDA\u0143SK 140x70 cm - MetalTale.com<\/title>\n<meta name=\"robots\" content=\"index, follow, max-snippet:-1, max-image-preview:large, max-video-preview:-1\" \/>\n<link rel=\"canonical\" href=\"https:\/\/metaltale.com\/et\/toode\/3d-metallpilt-loft-gdansk-140x70-cm\/\" \/>\n<meta property=\"og:locale\" content=\"et_EE\" \/>\n<meta property=\"og:type\" content=\"article\" \/>\n<meta property=\"og:title\" content=\"3D metallpilt LOFT GDA\u0143SK 140x70 cm - MetalTale.com\" \/>\n<meta property=\"og:description\" content=\"Mudel PT. L22299 Laius (cm) 140 K\u00f5rgus (cm) 70 Paksus (cm) 5 Materjal teras Kujundid Ristk\u00fclikukujuline Orienteerimine Horisontaalne Motiiv Ehitised\" \/>\n<meta property=\"og:url\" content=\"https:\/\/metaltale.com\/et\/toode\/3d-metallpilt-loft-gdansk-140x70-cm\/\" \/>\n<meta property=\"og:site_name\" content=\"MetalTale.com\" \/>\n<meta name=\"twitter:card\" content=\"summary_large_image\" \/>\n<meta name=\"twitter:label1\" content=\"Est. reading time\" \/>\n\t<meta name=\"twitter:data1\" content=\"1 minut\" \/>\n<script type=\"application\/ld+json\" class=\"yoast-schema-graph\">{\"@context\":\"https:\/\/schema.org\",\"@graph\":[{\"@type\":\"WebPage\",\"@id\":\"https:\/\/metaltale.com\/et\/toode\/3d-metallpilt-loft-gdansk-140x70-cm\/\",\"url\":\"https:\/\/metaltale.com\/et\/toode\/3d-metallpilt-loft-gdansk-140x70-cm\/\",\"name\":\"3D metallpilt LOFT GDA\u0143SK 140x70 cm - MetalTale.com\",\"isPartOf\":{\"@id\":\"https:\/\/metaltale.com\/et\/#website\"},\"primaryImageOfPage\":{\"@id\":\"https:\/\/metaltale.com\/et\/toode\/3d-metallpilt-loft-gdansk-140x70-cm\/#primaryimage\"},\"image\":{\"@id\":\"https:\/\/metaltale.com\/et\/toode\/3d-metallpilt-loft-gdansk-140x70-cm\/#primaryimage\"},\"thumbnailUrl\":\"https:\/\/metaltale.com\/wp-content\/uploads\/2023\/09\/Metalo-tapyba-3D-LOFTAS-GDANSKAS.jpg\",\"datePublished\":\"2024-02-13T13:17:05+00:00\",\"breadcrumb\":{\"@id\":\"https:\/\/metaltale.com\/et\/toode\/3d-metallpilt-loft-gdansk-140x70-cm\/#breadcrumb\"},\"inLanguage\":\"et\",\"potentialAction\":[{\"@type\":\"ReadAction\",\"target\":[\"https:\/\/metaltale.com\/et\/toode\/3d-metallpilt-loft-gdansk-140x70-cm\/\"]}]},{\"@type\":\"ImageObject\",\"inLanguage\":\"et\",\"@id\":\"https:\/\/metaltale.com\/et\/toode\/3d-metallpilt-loft-gdansk-140x70-cm\/#primaryimage\",\"url\":\"https:\/\/metaltale.com\/wp-content\/uploads\/2023\/09\/Metalo-tapyba-3D-LOFTAS-GDANSKAS.jpg\",\"contentUrl\":\"https:\/\/metaltale.com\/wp-content\/uploads\/2023\/09\/Metalo-tapyba-3D-LOFTAS-GDANSKAS.jpg\",\"width\":800,\"height\":800},{\"@type\":\"BreadcrumbList\",\"@id\":\"https:\/\/metaltale.com\/et\/toode\/3d-metallpilt-loft-gdansk-140x70-cm\/#breadcrumb\",\"itemListElement\":[{\"@type\":\"ListItem\",\"position\":1,\"name\":\"Home\",\"item\":\"https:\/\/metaltale.com\/et\/kodu\/\"},{\"@type\":\"ListItem\",\"position\":2,\"name\":\"Kauplus\",\"item\":\"https:\/\/metaltale.com\/et\/shop\/\"},{\"@type\":\"ListItem\",\"position\":3,\"name\":\"3D metallpilt LOFT GDA\u0143SK 140&#215;70 cm\"}]},{\"@type\":\"WebSite\",\"@id\":\"https:\/\/metaltale.com\/et\/#website\",\"url\":\"https:\/\/metaltale.com\/et\/\",\"name\":\"Metaltale.com\",\"description\":\"\",\"potentialAction\":[{\"@type\":\"SearchAction\",\"target\":{\"@type\":\"EntryPoint\",\"urlTemplate\":\"https:\/\/metaltale.com\/et\/?s={search_term_string}\"},\"query-input\":{\"@type\":\"PropertyValueSpecification\",\"valueRequired\":true,\"valueName\":\"search_term_string\"}}],\"inLanguage\":\"et\"}]}<\/script>\n<!-- \/ Yoast SEO plugin. -->","yoast_head_json":{"title":"3D metallpilt LOFT GDA\u0143SK 140x70 cm - MetalTale.com","robots":{"index":"index","follow":"follow","max-snippet":"max-snippet:-1","max-image-preview":"max-image-preview:large","max-video-preview":"max-video-preview:-1"},"canonical":"https:\/\/metaltale.com\/et\/toode\/3d-metallpilt-loft-gdansk-140x70-cm\/","og_locale":"et_EE","og_type":"article","og_title":"3D metallpilt LOFT GDA\u0143SK 140x70 cm - MetalTale.com","og_description":"Mudel PT. L22299 Laius (cm) 140 K\u00f5rgus (cm) 70 Paksus (cm) 5 Materjal teras Kujundid Ristk\u00fclikukujuline Orienteerimine Horisontaalne Motiiv Ehitised","og_url":"https:\/\/metaltale.com\/et\/toode\/3d-metallpilt-loft-gdansk-140x70-cm\/","og_site_name":"MetalTale.com","twitter_card":"summary_large_image","twitter_misc":{"Est. reading time":"1 minut"},"schema":{"@context":"https:\/\/schema.org","@graph":[{"@type":"WebPage","@id":"https:\/\/metaltale.com\/et\/toode\/3d-metallpilt-loft-gdansk-140x70-cm\/","url":"https:\/\/metaltale.com\/et\/toode\/3d-metallpilt-loft-gdansk-140x70-cm\/","name":"3D metallpilt LOFT GDA\u0143SK 140x70 cm - MetalTale.com","isPartOf":{"@id":"https:\/\/metaltale.com\/et\/#website"},"primaryImageOfPage":{"@id":"https:\/\/metaltale.com\/et\/toode\/3d-metallpilt-loft-gdansk-140x70-cm\/#primaryimage"},"image":{"@id":"https:\/\/metaltale.com\/et\/toode\/3d-metallpilt-loft-gdansk-140x70-cm\/#primaryimage"},"thumbnailUrl":"https:\/\/metaltale.com\/wp-content\/uploads\/2023\/09\/Metalo-tapyba-3D-LOFTAS-GDANSKAS.jpg","datePublished":"2024-02-13T13:17:05+00:00","breadcrumb":{"@id":"https:\/\/metaltale.com\/et\/toode\/3d-metallpilt-loft-gdansk-140x70-cm\/#breadcrumb"},"inLanguage":"et","potentialAction":[{"@type":"ReadAction","target":["https:\/\/metaltale.com\/et\/toode\/3d-metallpilt-loft-gdansk-140x70-cm\/"]}]},{"@type":"ImageObject","inLanguage":"et","@id":"https:\/\/metaltale.com\/et\/toode\/3d-metallpilt-loft-gdansk-140x70-cm\/#primaryimage","url":"https:\/\/metaltale.com\/wp-content\/uploads\/2023\/09\/Metalo-tapyba-3D-LOFTAS-GDANSKAS.jpg","contentUrl":"https:\/\/metaltale.com\/wp-content\/uploads\/2023\/09\/Metalo-tapyba-3D-LOFTAS-GDANSKAS.jpg","width":800,"height":800},{"@type":"BreadcrumbList","@id":"https:\/\/metaltale.com\/et\/toode\/3d-metallpilt-loft-gdansk-140x70-cm\/#breadcrumb","itemListElement":[{"@type":"ListItem","position":1,"name":"Home","item":"https:\/\/metaltale.com\/et\/kodu\/"},{"@type":"ListItem","position":2,"name":"Kauplus","item":"https:\/\/metaltale.com\/et\/shop\/"},{"@type":"ListItem","position":3,"name":"3D metallpilt LOFT GDA\u0143SK 140&#215;70 cm"}]},{"@type":"WebSite","@id":"https:\/\/metaltale.com\/et\/#website","url":"https:\/\/metaltale.com\/et\/","name":"Metaltale.com","description":"","potentialAction":[{"@type":"SearchAction","target":{"@type":"EntryPoint","urlTemplate":"https:\/\/metaltale.com\/et\/?s={search_term_string}"},"query-input":{"@type":"PropertyValueSpecification","valueRequired":true,"valueName":"search_term_string"}}],"inLanguage":"et"}]}},"_links":{"self":[{"href":"https:\/\/metaltale.com\/et\/wp-json\/wp\/v2\/product\/133823","targetHints":{"allow":["GET"]}}],"collection":[{"href":"https:\/\/metaltale.com\/et\/wp-json\/wp\/v2\/product"}],"about":[{"href":"https:\/\/metaltale.com\/et\/wp-json\/wp\/v2\/types\/product"}],"replies":[{"embeddable":true,"href":"https:\/\/metaltale.com\/et\/wp-json\/wp\/v2\/comments?post=133823"}],"version-history":[{"count":0,"href":"https:\/\/metaltale.com\/et\/wp-json\/wp\/v2\/product\/133823\/revisions"}],"wp:featuredmedia":[{"embeddable":true,"href":"https:\/\/metaltale.com\/et\/wp-json\/wp\/v2\/media\/74994"}],"wp:attachment":[{"href":"https:\/\/metaltale.com\/et\/wp-json\/wp\/v2\/media?parent=133823"}],"wp:term":[{"taxonomy":"product_brand","embeddable":true,"href":"https:\/\/metaltale.com\/et\/wp-json\/wp\/v2\/product_brand?post=133823"},{"taxonomy":"product_cat","embeddable":true,"href":"https:\/\/metaltale.com\/et\/wp-json\/wp\/v2\/product_cat?post=133823"},{"taxonomy":"product_tag","embeddable":true,"href":"https:\/\/metaltale.com\/et\/wp-json\/wp\/v2\/product_tag?post=133823"}],"curies":[{"name":"wp","href":"https:\/\/api.w.org\/{rel}","templated":true}]}}