{"id":133787,"date":"2024-02-13T15:19:44","date_gmt":"2024-02-13T13:19:44","guid":{"rendered":"https:\/\/metaltale.com\/produktas\/loft-konsool-toostuslik-factory-pine-1\/"},"modified":"2024-02-13T15:19:44","modified_gmt":"2024-02-13T13:19:44","slug":"loft-konsool-toostuslik-factory-pine-1","status":"publish","type":"product","link":"https:\/\/metaltale.com\/et\/toode\/loft-konsool-toostuslik-factory-pine-1\/","title":{"rendered":"Loft konsool t\u00f6\u00f6stuslik FACTORY PINE 1"},"content":{"rendered":"<div class=\"prod_data\">\n<p><strong>Mudel<\/strong> ZA.FAC10<br \/>\nFACTORY PINE <strong>kollektsioon<\/strong><br \/>\n<strong>EAN.<\/strong>  5905369914072<br \/>\n<strong>Materjal<\/strong> m\u00e4nnipuit, teras<br \/>\n<strong>\u00dcldine k\u00f5rgus (cm)<\/strong> 80<br \/>\n\u00dcldine laius (cm) 120<br \/>\n<strong>S\u00fcgavus (cm)<\/strong> 40<br \/>\n<strong>Tarne t\u00fc\u00fcp<\/strong> T\u00e4ielikult kokkupandud toode<\/p>\n<p>&#8211; t\u00f6\u00f6stuslik konsool m\u00e4nnipuidust ja terasest<br \/>\n&#8211; 80&#215;20 mm suletud profiiliga konstruktsioon tagab stabiilsuse ja vastupidavuse.<br \/>\n&#8211; teras, mis on immutatud v\u00e4rvitu lakiga, mis kaitseb kahjustuste ja kriimustuste eest.<br \/>\n&#8211; liimimata paneelide vahel v\u00f5ivad tekkida l\u00fcngad, mis ei m\u00f5juta kasutusmugavust.<br \/>\n&#8211; \u00fcmbert\u00f6\u00f6deldud m\u00e4nnipuit, mis on immutatud veep\u00f5hise lakiga kastmise teel.<br \/>\n&#8211; vanandamise kavandatud m\u00f5ju avaldub n\u00e4htavate kriimustustena pinnal ja tajutava puidutekstuurina.<br \/>\n&#8211; toodete v\u00e4rvus v\u00f5ib erineda galeriis olevatest piltidest tulenevalt individuaalsetest monitoriseadetest ja materjalide iseloomust &#8211; teras ja m\u00e4nnipuit on toorained, mille v\u00e4rvus, toon ja tekstuur v\u00f5ivad erineda \u00fckshaaval v\u00f5i tootmispartiide kaupa.<\/p>\n<hr>\n<p>Tehase Pine loft-stiilis konsool, mis on valmistatud terasest ja \u00fcmbert\u00f6\u00f6deldud puidust. V\u00e4rvitud m\u00e4nni tahtlik karedus ja m\u00f6\u00f6bli metallelementidel n\u00e4htav vananemise efekt tagavad iga m\u00f6\u00f6blieseme originaalsuse ja ainulaadsuse. Puidust konsool ei ole mitte ainult disainielement m\u00f6\u00f6bliesemel, vaid ka praktiline m\u00f6\u00f6blit\u00fckk, mida saab kasutada laua, mini-saare v\u00f5i garderoobilaualauna. Puitm\u00f6\u00f6bli ajatu iseloom leiab koha paljudes interj\u00f6\u00f6rides ning Factory Pine konsooli peen t\u00f6\u00f6stuslik nael sulandub h\u00f5lpsasti isegi moodsasse v\u00f5i retrostiilis interj\u00f6\u00f6ri. Factory kollektsioon on t\u00f5eline m\u00f6\u00f6blitootmise meistriteos. See seeria on t\u00f5eliselt loft-stiilis ning seda iseloomustab k\u00f5rge kvaliteet ja stabiilsus.<\/p>\n<\/div>\n","protected":false},"excerpt":{"rendered":"<p>Mudel ZA.FAC10 FACTORY PINE kollektsioon EAN. 5905369914072 Materjal m\u00e4nnipuit, teras \u00dcldine k\u00f5rgus (cm) 80 \u00dcldine laius (cm) 120 S\u00fcgavus (cm)<\/p>\n","protected":false},"featured_media":119782,"comment_status":"open","ping_status":"closed","template":"","meta":{"_acf_changed":false,"pmpro_default_level":""},"product_brand":[],"product_cat":[24200,24138],"product_tag":[],"class_list":{"0":"post-133787","1":"product","2":"type-product","3":"status-publish","4":"has-post-thumbnail","6":"product_cat-konsoolid","7":"product_cat-toostusmoobel","8":"pmpro-has-access","10":"first","11":"instock","12":"shipping-taxable","13":"purchasable","14":"product-type-simple"},"acf":[],"yoast_head":"<!-- This site is optimized with the Yoast SEO plugin v24.9 - https:\/\/yoast.com\/wordpress\/plugins\/seo\/ -->\n<title>Loft konsool t\u00f6\u00f6stuslik FACTORY PINE 1 - MetalTale.com<\/title>\n<meta name=\"robots\" content=\"index, follow, max-snippet:-1, max-image-preview:large, max-video-preview:-1\" \/>\n<link rel=\"canonical\" href=\"https:\/\/metaltale.com\/et\/toode\/loft-konsool-toostuslik-factory-pine-1\/\" \/>\n<meta property=\"og:locale\" content=\"et_EE\" \/>\n<meta property=\"og:type\" content=\"article\" \/>\n<meta property=\"og:title\" content=\"Loft konsool t\u00f6\u00f6stuslik FACTORY PINE 1 - MetalTale.com\" \/>\n<meta property=\"og:description\" content=\"Mudel ZA.FAC10 FACTORY PINE kollektsioon EAN. 5905369914072 Materjal m\u00e4nnipuit, teras \u00dcldine k\u00f5rgus (cm) 80 \u00dcldine laius (cm) 120 S\u00fcgavus (cm)\" \/>\n<meta property=\"og:url\" content=\"https:\/\/metaltale.com\/et\/toode\/loft-konsool-toostuslik-factory-pine-1\/\" \/>\n<meta property=\"og:site_name\" content=\"MetalTale.com\" \/>\n<meta name=\"twitter:card\" content=\"summary_large_image\" \/>\n<meta name=\"twitter:label1\" content=\"Est. reading time\" \/>\n\t<meta name=\"twitter:data1\" content=\"1 minut\" \/>\n<script type=\"application\/ld+json\" class=\"yoast-schema-graph\">{\"@context\":\"https:\/\/schema.org\",\"@graph\":[{\"@type\":\"WebPage\",\"@id\":\"https:\/\/metaltale.com\/et\/toode\/loft-konsool-toostuslik-factory-pine-1\/\",\"url\":\"https:\/\/metaltale.com\/et\/toode\/loft-konsool-toostuslik-factory-pine-1\/\",\"name\":\"Loft konsool t\u00f6\u00f6stuslik FACTORY PINE 1 - MetalTale.com\",\"isPartOf\":{\"@id\":\"https:\/\/metaltale.com\/et\/#website\"},\"primaryImageOfPage\":{\"@id\":\"https:\/\/metaltale.com\/et\/toode\/loft-konsool-toostuslik-factory-pine-1\/#primaryimage\"},\"image\":{\"@id\":\"https:\/\/metaltale.com\/et\/toode\/loft-konsool-toostuslik-factory-pine-1\/#primaryimage\"},\"thumbnailUrl\":\"https:\/\/metaltale.com\/wp-content\/uploads\/2023\/12\/konsole-4.jpg\",\"datePublished\":\"2024-02-13T13:19:44+00:00\",\"breadcrumb\":{\"@id\":\"https:\/\/metaltale.com\/et\/toode\/loft-konsool-toostuslik-factory-pine-1\/#breadcrumb\"},\"inLanguage\":\"et\",\"potentialAction\":[{\"@type\":\"ReadAction\",\"target\":[\"https:\/\/metaltale.com\/et\/toode\/loft-konsool-toostuslik-factory-pine-1\/\"]}]},{\"@type\":\"ImageObject\",\"inLanguage\":\"et\",\"@id\":\"https:\/\/metaltale.com\/et\/toode\/loft-konsool-toostuslik-factory-pine-1\/#primaryimage\",\"url\":\"https:\/\/metaltale.com\/wp-content\/uploads\/2023\/12\/konsole-4.jpg\",\"contentUrl\":\"https:\/\/metaltale.com\/wp-content\/uploads\/2023\/12\/konsole-4.jpg\",\"width\":800,\"height\":800,\"caption\":\"Konsool\"},{\"@type\":\"BreadcrumbList\",\"@id\":\"https:\/\/metaltale.com\/et\/toode\/loft-konsool-toostuslik-factory-pine-1\/#breadcrumb\",\"itemListElement\":[{\"@type\":\"ListItem\",\"position\":1,\"name\":\"Home\",\"item\":\"https:\/\/metaltale.com\/et\/kodu\/\"},{\"@type\":\"ListItem\",\"position\":2,\"name\":\"Kauplus\",\"item\":\"https:\/\/metaltale.com\/et\/shop\/\"},{\"@type\":\"ListItem\",\"position\":3,\"name\":\"Loft konsool t\u00f6\u00f6stuslik FACTORY PINE 1\"}]},{\"@type\":\"WebSite\",\"@id\":\"https:\/\/metaltale.com\/et\/#website\",\"url\":\"https:\/\/metaltale.com\/et\/\",\"name\":\"Metaltale.com\",\"description\":\"\",\"potentialAction\":[{\"@type\":\"SearchAction\",\"target\":{\"@type\":\"EntryPoint\",\"urlTemplate\":\"https:\/\/metaltale.com\/et\/?s={search_term_string}\"},\"query-input\":{\"@type\":\"PropertyValueSpecification\",\"valueRequired\":true,\"valueName\":\"search_term_string\"}}],\"inLanguage\":\"et\"}]}<\/script>\n<!-- \/ Yoast SEO plugin. -->","yoast_head_json":{"title":"Loft konsool t\u00f6\u00f6stuslik FACTORY PINE 1 - MetalTale.com","robots":{"index":"index","follow":"follow","max-snippet":"max-snippet:-1","max-image-preview":"max-image-preview:large","max-video-preview":"max-video-preview:-1"},"canonical":"https:\/\/metaltale.com\/et\/toode\/loft-konsool-toostuslik-factory-pine-1\/","og_locale":"et_EE","og_type":"article","og_title":"Loft konsool t\u00f6\u00f6stuslik FACTORY PINE 1 - MetalTale.com","og_description":"Mudel ZA.FAC10 FACTORY PINE kollektsioon EAN. 5905369914072 Materjal m\u00e4nnipuit, teras \u00dcldine k\u00f5rgus (cm) 80 \u00dcldine laius (cm) 120 S\u00fcgavus (cm)","og_url":"https:\/\/metaltale.com\/et\/toode\/loft-konsool-toostuslik-factory-pine-1\/","og_site_name":"MetalTale.com","twitter_card":"summary_large_image","twitter_misc":{"Est. reading time":"1 minut"},"schema":{"@context":"https:\/\/schema.org","@graph":[{"@type":"WebPage","@id":"https:\/\/metaltale.com\/et\/toode\/loft-konsool-toostuslik-factory-pine-1\/","url":"https:\/\/metaltale.com\/et\/toode\/loft-konsool-toostuslik-factory-pine-1\/","name":"Loft konsool t\u00f6\u00f6stuslik FACTORY PINE 1 - MetalTale.com","isPartOf":{"@id":"https:\/\/metaltale.com\/et\/#website"},"primaryImageOfPage":{"@id":"https:\/\/metaltale.com\/et\/toode\/loft-konsool-toostuslik-factory-pine-1\/#primaryimage"},"image":{"@id":"https:\/\/metaltale.com\/et\/toode\/loft-konsool-toostuslik-factory-pine-1\/#primaryimage"},"thumbnailUrl":"https:\/\/metaltale.com\/wp-content\/uploads\/2023\/12\/konsole-4.jpg","datePublished":"2024-02-13T13:19:44+00:00","breadcrumb":{"@id":"https:\/\/metaltale.com\/et\/toode\/loft-konsool-toostuslik-factory-pine-1\/#breadcrumb"},"inLanguage":"et","potentialAction":[{"@type":"ReadAction","target":["https:\/\/metaltale.com\/et\/toode\/loft-konsool-toostuslik-factory-pine-1\/"]}]},{"@type":"ImageObject","inLanguage":"et","@id":"https:\/\/metaltale.com\/et\/toode\/loft-konsool-toostuslik-factory-pine-1\/#primaryimage","url":"https:\/\/metaltale.com\/wp-content\/uploads\/2023\/12\/konsole-4.jpg","contentUrl":"https:\/\/metaltale.com\/wp-content\/uploads\/2023\/12\/konsole-4.jpg","width":800,"height":800,"caption":"Konsool"},{"@type":"BreadcrumbList","@id":"https:\/\/metaltale.com\/et\/toode\/loft-konsool-toostuslik-factory-pine-1\/#breadcrumb","itemListElement":[{"@type":"ListItem","position":1,"name":"Home","item":"https:\/\/metaltale.com\/et\/kodu\/"},{"@type":"ListItem","position":2,"name":"Kauplus","item":"https:\/\/metaltale.com\/et\/shop\/"},{"@type":"ListItem","position":3,"name":"Loft konsool t\u00f6\u00f6stuslik FACTORY PINE 1"}]},{"@type":"WebSite","@id":"https:\/\/metaltale.com\/et\/#website","url":"https:\/\/metaltale.com\/et\/","name":"Metaltale.com","description":"","potentialAction":[{"@type":"SearchAction","target":{"@type":"EntryPoint","urlTemplate":"https:\/\/metaltale.com\/et\/?s={search_term_string}"},"query-input":{"@type":"PropertyValueSpecification","valueRequired":true,"valueName":"search_term_string"}}],"inLanguage":"et"}]}},"_links":{"self":[{"href":"https:\/\/metaltale.com\/et\/wp-json\/wp\/v2\/product\/133787","targetHints":{"allow":["GET"]}}],"collection":[{"href":"https:\/\/metaltale.com\/et\/wp-json\/wp\/v2\/product"}],"about":[{"href":"https:\/\/metaltale.com\/et\/wp-json\/wp\/v2\/types\/product"}],"replies":[{"embeddable":true,"href":"https:\/\/metaltale.com\/et\/wp-json\/wp\/v2\/comments?post=133787"}],"version-history":[{"count":0,"href":"https:\/\/metaltale.com\/et\/wp-json\/wp\/v2\/product\/133787\/revisions"}],"wp:featuredmedia":[{"embeddable":true,"href":"https:\/\/metaltale.com\/et\/wp-json\/wp\/v2\/media\/119782"}],"wp:attachment":[{"href":"https:\/\/metaltale.com\/et\/wp-json\/wp\/v2\/media?parent=133787"}],"wp:term":[{"taxonomy":"product_brand","embeddable":true,"href":"https:\/\/metaltale.com\/et\/wp-json\/wp\/v2\/product_brand?post=133787"},{"taxonomy":"product_cat","embeddable":true,"href":"https:\/\/metaltale.com\/et\/wp-json\/wp\/v2\/product_cat?post=133787"},{"taxonomy":"product_tag","embeddable":true,"href":"https:\/\/metaltale.com\/et\/wp-json\/wp\/v2\/product_tag?post=133787"}],"curies":[{"name":"wp","href":"https:\/\/api.w.org\/{rel}","templated":true}]}}