{"id":133784,"date":"2024-02-13T15:19:44","date_gmt":"2024-02-13T13:19:44","guid":{"rendered":"https:\/\/metaltale.com\/produktas\/factory-pine-4-toostuslikus-stiilis-tv-kapp\/"},"modified":"2024-02-13T15:19:44","modified_gmt":"2024-02-13T13:19:44","slug":"factory-pine-4-toostuslikus-stiilis-tv-kapp","status":"publish","type":"product","link":"https:\/\/metaltale.com\/et\/toode\/factory-pine-4-toostuslikus-stiilis-tv-kapp\/","title":{"rendered":"FACTORY PINE 4 t\u00f6\u00f6stuslikus stiilis TV-kapp"},"content":{"rendered":"<div class=\"prod_data\">\n<p><strong>Mudel<\/strong> ZA.FAC.C1<br \/>\nFACTORY PINE <strong>kollektsioon<\/strong><br \/>\n<strong>EAN.<\/strong>  5905369915703<br \/>\n<strong>Materjal<\/strong> m\u00e4nnipuit, teras<br \/>\n<strong>\u00dcldine k\u00f5rgus (cm)<\/strong> 60<br \/>\n<strong>\u00dcldine laius (cm)<\/strong> 225<br \/>\n<strong>S\u00fcgavus (cm)<\/strong> 40<br \/>\n<strong>Tarne t\u00fc\u00fcp<\/strong> T\u00e4ielikult kokkupandud toode<\/p>\n<p>&#8211; t\u00f6\u00f6stuslik telerilaud m\u00e4nnipuidust ja terasest<br \/>\n&#8211; kuullaagritega liugurid h\u00f5lbustavad sahtli eemaldamist<br \/>\n&#8211; riiuleid kattev l\u00fckandfoor on praktiline ja disainerlik lahendus<br \/>\n&#8211; 80&#215;20 mm suletud profiiliga konstruktsioon stabiilsuse ja vastupidavuse tagamiseks<br \/>\n&#8211; teras, mis on immutatud v\u00e4rvitu lakiga, mis kaitseb kahjustuste ja kriimustuste eest.<br \/>\n&#8211; sahtlid on valmistatud t\u00e4ielikult spoonimata puidust &#8211; paigaldamisel kasutatakse n\u00e4htavaid tihvtisid<br \/>\n&#8211; liimimata laudade vahel v\u00f5ivad tekkida l\u00fcngad, mis ei m\u00f5juta kasutusmugavust.<br \/>\n&#8211; \u00fcmbert\u00f6\u00f6deldud m\u00e4nnipuit, mis on immutatud vesilakiga.<br \/>\n&#8211; vanandamise kavandatud m\u00f5ju avaldub n\u00e4htavate kriimustustena pinnal ja tajutava puidutekstuurina.<br \/>\n&#8211; toodete v\u00e4rvus v\u00f5ib erineda galeriis olevatest piltidest tulenevalt individuaalsetest monitoriseadetest ja materjalide iseloomust &#8211; teras ja m\u00e4nnipuit on toorained, mille v\u00e4rvus, toon ja tekstuur v\u00f5ivad n\u00e4idiste v\u00f5i partiide l\u00f5ikes erineda.<\/p>\n<hr>\n<p>Unikaalne loftstiil ja t\u00f6\u00f6stuslik vastupidavus &#8211; see eristab m\u00e4nnist telerialust Factory kollektsioonist. Pehmem ja peenem kui metallfronti ja sahtlitega topeltmudel, on telerikapp originaalne ettepanek k\u00f5igile, kes hindavad originaalsust ja ajatust. Suletud profiiliga teraskonstruktsioonil on keevitatud \u00f5mblused ja kriimustused, mis annavad konstruktsioonile endise tehase ainulaadse ja autentse iseloomu. Taaskasutatav m\u00e4nnipuit on puutetundlik ja peab olema suhteliselt t\u00f6\u00f6tlemata. T\u00f6\u00f6stuslikku atmosf\u00e4\u00e4ri tugevdavad liimimata lauad, mille vahel v\u00f5ib olla rohkem v\u00f5i v\u00e4hem l\u00fcnki &#8211; need ei m\u00f5juta kasutusmugavust. Puidust sahtlite sujuvat libisemist tagavad kuulijuhikud. Sahtlite ja riiulite s\u00fcmmeetriline paigutus, spetsiaalselt selle kollektsiooni jaoks loodud libisev s\u00fcsteem ja teisaldatavad puitfronid on praktiline lahendus &#8211; liuguksed v\u00f5imaldavad luua supik\u00f6\u00f6gi.<\/p>\n<\/div>\n","protected":false},"excerpt":{"rendered":"<p>Mudel ZA.FAC.C1 FACTORY PINE kollektsioon EAN. 5905369915703 Materjal m\u00e4nnipuit, teras \u00dcldine k\u00f5rgus (cm) 60 \u00dcldine laius (cm) 225 S\u00fcgavus (cm)<\/p>\n","protected":false},"featured_media":119610,"comment_status":"open","ping_status":"closed","template":"","meta":{"_acf_changed":false,"pmpro_default_level":""},"product_brand":[],"product_cat":[24172,24138],"product_tag":[],"class_list":{"0":"post-133784","1":"product","2":"type-product","3":"status-publish","4":"has-post-thumbnail","6":"product_cat-televisioonikapid","7":"product_cat-toostusmoobel","8":"pmpro-has-access","10":"first","11":"instock","12":"shipping-taxable","13":"purchasable","14":"product-type-simple"},"acf":[],"yoast_head":"<!-- This site is optimized with the Yoast SEO plugin v24.9 - https:\/\/yoast.com\/wordpress\/plugins\/seo\/ -->\n<title>FACTORY PINE 4 t\u00f6\u00f6stuslikus stiilis TV-kapp - MetalTale.com<\/title>\n<meta name=\"robots\" content=\"index, follow, max-snippet:-1, max-image-preview:large, max-video-preview:-1\" \/>\n<link rel=\"canonical\" href=\"https:\/\/metaltale.com\/et\/toode\/factory-pine-4-toostuslikus-stiilis-tv-kapp\/\" \/>\n<meta property=\"og:locale\" content=\"et_EE\" \/>\n<meta property=\"og:type\" content=\"article\" \/>\n<meta property=\"og:title\" content=\"FACTORY PINE 4 t\u00f6\u00f6stuslikus stiilis TV-kapp - MetalTale.com\" \/>\n<meta property=\"og:description\" content=\"Mudel ZA.FAC.C1 FACTORY PINE kollektsioon EAN. 5905369915703 Materjal m\u00e4nnipuit, teras \u00dcldine k\u00f5rgus (cm) 60 \u00dcldine laius (cm) 225 S\u00fcgavus (cm)\" \/>\n<meta property=\"og:url\" content=\"https:\/\/metaltale.com\/et\/toode\/factory-pine-4-toostuslikus-stiilis-tv-kapp\/\" \/>\n<meta property=\"og:site_name\" content=\"MetalTale.com\" \/>\n<meta name=\"twitter:card\" content=\"summary_large_image\" \/>\n<meta name=\"twitter:label1\" content=\"Est. reading time\" \/>\n\t<meta name=\"twitter:data1\" content=\"1 minut\" \/>\n<script type=\"application\/ld+json\" class=\"yoast-schema-graph\">{\"@context\":\"https:\/\/schema.org\",\"@graph\":[{\"@type\":\"WebPage\",\"@id\":\"https:\/\/metaltale.com\/et\/toode\/factory-pine-4-toostuslikus-stiilis-tv-kapp\/\",\"url\":\"https:\/\/metaltale.com\/et\/toode\/factory-pine-4-toostuslikus-stiilis-tv-kapp\/\",\"name\":\"FACTORY PINE 4 t\u00f6\u00f6stuslikus stiilis TV-kapp - MetalTale.com\",\"isPartOf\":{\"@id\":\"https:\/\/metaltale.com\/et\/#website\"},\"primaryImageOfPage\":{\"@id\":\"https:\/\/metaltale.com\/et\/toode\/factory-pine-4-toostuslikus-stiilis-tv-kapp\/#primaryimage\"},\"image\":{\"@id\":\"https:\/\/metaltale.com\/et\/toode\/factory-pine-4-toostuslikus-stiilis-tv-kapp\/#primaryimage\"},\"thumbnailUrl\":\"https:\/\/metaltale.com\/wp-content\/uploads\/2024\/01\/televizoriaus-spintele-2.jpg\",\"datePublished\":\"2024-02-13T13:19:44+00:00\",\"breadcrumb\":{\"@id\":\"https:\/\/metaltale.com\/et\/toode\/factory-pine-4-toostuslikus-stiilis-tv-kapp\/#breadcrumb\"},\"inLanguage\":\"et\",\"potentialAction\":[{\"@type\":\"ReadAction\",\"target\":[\"https:\/\/metaltale.com\/et\/toode\/factory-pine-4-toostuslikus-stiilis-tv-kapp\/\"]}]},{\"@type\":\"ImageObject\",\"inLanguage\":\"et\",\"@id\":\"https:\/\/metaltale.com\/et\/toode\/factory-pine-4-toostuslikus-stiilis-tv-kapp\/#primaryimage\",\"url\":\"https:\/\/metaltale.com\/wp-content\/uploads\/2024\/01\/televizoriaus-spintele-2.jpg\",\"contentUrl\":\"https:\/\/metaltale.com\/wp-content\/uploads\/2024\/01\/televizoriaus-spintele-2.jpg\",\"width\":800,\"height\":800,\"caption\":\"TV spintele\"},{\"@type\":\"BreadcrumbList\",\"@id\":\"https:\/\/metaltale.com\/et\/toode\/factory-pine-4-toostuslikus-stiilis-tv-kapp\/#breadcrumb\",\"itemListElement\":[{\"@type\":\"ListItem\",\"position\":1,\"name\":\"Home\",\"item\":\"https:\/\/metaltale.com\/et\/kodu\/\"},{\"@type\":\"ListItem\",\"position\":2,\"name\":\"Kauplus\",\"item\":\"https:\/\/metaltale.com\/et\/shop\/\"},{\"@type\":\"ListItem\",\"position\":3,\"name\":\"FACTORY PINE 4 t\u00f6\u00f6stuslikus stiilis TV-kapp\"}]},{\"@type\":\"WebSite\",\"@id\":\"https:\/\/metaltale.com\/et\/#website\",\"url\":\"https:\/\/metaltale.com\/et\/\",\"name\":\"Metaltale.com\",\"description\":\"\",\"potentialAction\":[{\"@type\":\"SearchAction\",\"target\":{\"@type\":\"EntryPoint\",\"urlTemplate\":\"https:\/\/metaltale.com\/et\/?s={search_term_string}\"},\"query-input\":{\"@type\":\"PropertyValueSpecification\",\"valueRequired\":true,\"valueName\":\"search_term_string\"}}],\"inLanguage\":\"et\"}]}<\/script>\n<!-- \/ Yoast SEO plugin. -->","yoast_head_json":{"title":"FACTORY PINE 4 t\u00f6\u00f6stuslikus stiilis TV-kapp - MetalTale.com","robots":{"index":"index","follow":"follow","max-snippet":"max-snippet:-1","max-image-preview":"max-image-preview:large","max-video-preview":"max-video-preview:-1"},"canonical":"https:\/\/metaltale.com\/et\/toode\/factory-pine-4-toostuslikus-stiilis-tv-kapp\/","og_locale":"et_EE","og_type":"article","og_title":"FACTORY PINE 4 t\u00f6\u00f6stuslikus stiilis TV-kapp - MetalTale.com","og_description":"Mudel ZA.FAC.C1 FACTORY PINE kollektsioon EAN. 5905369915703 Materjal m\u00e4nnipuit, teras \u00dcldine k\u00f5rgus (cm) 60 \u00dcldine laius (cm) 225 S\u00fcgavus (cm)","og_url":"https:\/\/metaltale.com\/et\/toode\/factory-pine-4-toostuslikus-stiilis-tv-kapp\/","og_site_name":"MetalTale.com","twitter_card":"summary_large_image","twitter_misc":{"Est. reading time":"1 minut"},"schema":{"@context":"https:\/\/schema.org","@graph":[{"@type":"WebPage","@id":"https:\/\/metaltale.com\/et\/toode\/factory-pine-4-toostuslikus-stiilis-tv-kapp\/","url":"https:\/\/metaltale.com\/et\/toode\/factory-pine-4-toostuslikus-stiilis-tv-kapp\/","name":"FACTORY PINE 4 t\u00f6\u00f6stuslikus stiilis TV-kapp - MetalTale.com","isPartOf":{"@id":"https:\/\/metaltale.com\/et\/#website"},"primaryImageOfPage":{"@id":"https:\/\/metaltale.com\/et\/toode\/factory-pine-4-toostuslikus-stiilis-tv-kapp\/#primaryimage"},"image":{"@id":"https:\/\/metaltale.com\/et\/toode\/factory-pine-4-toostuslikus-stiilis-tv-kapp\/#primaryimage"},"thumbnailUrl":"https:\/\/metaltale.com\/wp-content\/uploads\/2024\/01\/televizoriaus-spintele-2.jpg","datePublished":"2024-02-13T13:19:44+00:00","breadcrumb":{"@id":"https:\/\/metaltale.com\/et\/toode\/factory-pine-4-toostuslikus-stiilis-tv-kapp\/#breadcrumb"},"inLanguage":"et","potentialAction":[{"@type":"ReadAction","target":["https:\/\/metaltale.com\/et\/toode\/factory-pine-4-toostuslikus-stiilis-tv-kapp\/"]}]},{"@type":"ImageObject","inLanguage":"et","@id":"https:\/\/metaltale.com\/et\/toode\/factory-pine-4-toostuslikus-stiilis-tv-kapp\/#primaryimage","url":"https:\/\/metaltale.com\/wp-content\/uploads\/2024\/01\/televizoriaus-spintele-2.jpg","contentUrl":"https:\/\/metaltale.com\/wp-content\/uploads\/2024\/01\/televizoriaus-spintele-2.jpg","width":800,"height":800,"caption":"TV spintele"},{"@type":"BreadcrumbList","@id":"https:\/\/metaltale.com\/et\/toode\/factory-pine-4-toostuslikus-stiilis-tv-kapp\/#breadcrumb","itemListElement":[{"@type":"ListItem","position":1,"name":"Home","item":"https:\/\/metaltale.com\/et\/kodu\/"},{"@type":"ListItem","position":2,"name":"Kauplus","item":"https:\/\/metaltale.com\/et\/shop\/"},{"@type":"ListItem","position":3,"name":"FACTORY PINE 4 t\u00f6\u00f6stuslikus stiilis TV-kapp"}]},{"@type":"WebSite","@id":"https:\/\/metaltale.com\/et\/#website","url":"https:\/\/metaltale.com\/et\/","name":"Metaltale.com","description":"","potentialAction":[{"@type":"SearchAction","target":{"@type":"EntryPoint","urlTemplate":"https:\/\/metaltale.com\/et\/?s={search_term_string}"},"query-input":{"@type":"PropertyValueSpecification","valueRequired":true,"valueName":"search_term_string"}}],"inLanguage":"et"}]}},"_links":{"self":[{"href":"https:\/\/metaltale.com\/et\/wp-json\/wp\/v2\/product\/133784","targetHints":{"allow":["GET"]}}],"collection":[{"href":"https:\/\/metaltale.com\/et\/wp-json\/wp\/v2\/product"}],"about":[{"href":"https:\/\/metaltale.com\/et\/wp-json\/wp\/v2\/types\/product"}],"replies":[{"embeddable":true,"href":"https:\/\/metaltale.com\/et\/wp-json\/wp\/v2\/comments?post=133784"}],"version-history":[{"count":0,"href":"https:\/\/metaltale.com\/et\/wp-json\/wp\/v2\/product\/133784\/revisions"}],"wp:featuredmedia":[{"embeddable":true,"href":"https:\/\/metaltale.com\/et\/wp-json\/wp\/v2\/media\/119610"}],"wp:attachment":[{"href":"https:\/\/metaltale.com\/et\/wp-json\/wp\/v2\/media?parent=133784"}],"wp:term":[{"taxonomy":"product_brand","embeddable":true,"href":"https:\/\/metaltale.com\/et\/wp-json\/wp\/v2\/product_brand?post=133784"},{"taxonomy":"product_cat","embeddable":true,"href":"https:\/\/metaltale.com\/et\/wp-json\/wp\/v2\/product_cat?post=133784"},{"taxonomy":"product_tag","embeddable":true,"href":"https:\/\/metaltale.com\/et\/wp-json\/wp\/v2\/product_tag?post=133784"}],"curies":[{"name":"wp","href":"https:\/\/api.w.org\/{rel}","templated":true}]}}