{"id":133749,"date":"2024-01-25T12:06:13","date_gmt":"2024-01-25T10:06:13","guid":{"rendered":"https:\/\/metaltale.com\/produktas\/koogikraan-valjatommatava-valjavooluga-belper-must\/"},"modified":"2024-01-25T12:06:13","modified_gmt":"2024-01-25T10:06:13","slug":"koogikraan-valjatommatava-valjavooluga-belper-must","status":"publish","type":"product","link":"https:\/\/metaltale.com\/et\/toode\/koogikraan-valjatommatava-valjavooluga-belper-must\/","title":{"rendered":"K\u00f6\u00f6gikraan v\u00e4ljat\u00f5mmatava v\u00e4ljavooluga BELPER, must"},"content":{"rendered":"<div class=\"prod_data\">\n<p><strong>Mudel<\/strong> WX.1227.BLA<br \/>\nLihtsalt Retro <strong>kollektsioon<\/strong><br \/>\n<strong>EAN.<\/strong>  5905369900044<br \/>\n<strong>Kala pikkus (cm<\/strong> ) T\u00f5mmatud umbes 100 cm<br \/>\n<strong>Materjal<\/strong> Messing<br \/>\n<strong>\u00dcldine k\u00f5rgus (cm)<\/strong> 40<br \/>\n<strong>Perlator (\u00f5hutaja)<\/strong> Jah<br \/>\n<strong>P\u00f6\u00f6rlev v\u00e4ljalaskeava<\/strong> Jah<br \/>\nV\u00e4rv Must<br \/>\n<strong>Viimistlus<\/strong> Pehme, satiinne efekt<\/p>\n<p>&#8211; Messingist vabalt seisev segisti v\u00e4ljat\u00f5mmatava v\u00e4ljavooluga<br \/>\n&#8211; p\u00f6\u00f6rlev otsik veevoolu suunamiseks<br \/>\n&#8211; keraamiline pea tagab n\u00f5uetekohase vee jaotuse keskmisest pikema eluea jooksul<br \/>\n&#8211; Aerator &#8211; aerator, mis tagab v\u00e4iksema veetarbimise<br \/>\n&#8211; kaks t\u00fc\u00fcpi \u00fchtlast ja hajutatud voolu v\u00f5imaldavad valida pesemiseks, loputamiseks, valamiseks k\u00f5ige sobivama t\u00fc\u00fcbi<br \/>\n&#8211; Sisse t\u00f5mmatav otsik tagab suurema kasutusmugavuse ja laiema kasutusvaldkonna.<br \/>\n&#8211; k\u00f5igi koostuelementide ja juhiste sisu tagab kiire ja intuitiivse koostamise<\/p>\n<hr>\n<p>Musta v\u00e4rvi k\u00f6\u00f6gikraan koos eemaldatava joatoruga on ideaalne mudel k\u00f6\u00f6gi eri\u00fclesannete t\u00e4itmiseks. P\u00fcsisegisti suur pihusti vastab ka k\u00f5ige n\u00f5udlikuma naise v\u00f5i koduperenaise ootustele. \u00dcks hoob v\u00f5imaldab h\u00f5lpsasti ja kiiresti reguleerida pihusti intensiivsust ja veetemperatuuri. Kaks veejoa re\u017eiimi (tavaline v\u00f5i du\u0161\u0161) koos intuitiivse l\u00fclitiga pihusti k\u00fcljel v\u00f5imaldavad teil omakorda kohandada pihusti t\u00fc\u00fcpi vastavalt teie vajadustele. Klassikalise v\u00e4limusega k\u00f6\u00f6gikraan koos v\u00e4ljat\u00f5mmatava nihkega lisab teie k\u00f6\u00f6ki glamuuri t\u00f6\u00f6stuslikus, rustikaalses v\u00f5i retrostiilis. Vabalt seisva segisti must v\u00e4rvus lisab interj\u00f6\u00f6rile elegantsust, meeldides samas oma minimalistliku v\u00e4limusega.<\/p>\n<\/div>\n","protected":false},"excerpt":{"rendered":"<p>Mudel WX.1227.BLA Lihtsalt Retro kollektsioon EAN. 5905369900044 Kala pikkus (cm ) T\u00f5mmatud umbes 100 cm Materjal Messing \u00dcldine k\u00f5rgus (cm)<\/p>\n","protected":false},"featured_media":97026,"comment_status":"open","ping_status":"closed","template":"","meta":{"_acf_changed":false,"pmpro_default_level":""},"product_brand":[],"product_cat":[24178,24179],"product_tag":[],"class_list":{"0":"post-133749","1":"product","2":"type-product","3":"status-publish","4":"has-post-thumbnail","6":"product_cat-koogisegistid","7":"product_cat-vabalt-seisvad-koogisegistid","8":"pmpro-has-access","10":"first","11":"instock","12":"shipping-taxable","13":"purchasable","14":"product-type-simple"},"acf":[],"yoast_head":"<!-- This site is optimized with the Yoast SEO plugin v24.9 - https:\/\/yoast.com\/wordpress\/plugins\/seo\/ -->\n<title>K\u00f6\u00f6gikraan v\u00e4ljat\u00f5mmatava v\u00e4ljavooluga BELPER, must - MetalTale.com<\/title>\n<meta name=\"robots\" content=\"index, follow, max-snippet:-1, max-image-preview:large, max-video-preview:-1\" \/>\n<link rel=\"canonical\" href=\"https:\/\/metaltale.com\/et\/toode\/koogikraan-valjatommatava-valjavooluga-belper-must\/\" \/>\n<meta property=\"og:locale\" content=\"et_EE\" \/>\n<meta property=\"og:type\" content=\"article\" \/>\n<meta property=\"og:title\" content=\"K\u00f6\u00f6gikraan v\u00e4ljat\u00f5mmatava v\u00e4ljavooluga BELPER, must - MetalTale.com\" \/>\n<meta property=\"og:description\" content=\"Mudel WX.1227.BLA Lihtsalt Retro kollektsioon EAN. 5905369900044 Kala pikkus (cm ) T\u00f5mmatud umbes 100 cm Materjal Messing \u00dcldine k\u00f5rgus (cm)\" \/>\n<meta property=\"og:url\" content=\"https:\/\/metaltale.com\/et\/toode\/koogikraan-valjatommatava-valjavooluga-belper-must\/\" \/>\n<meta property=\"og:site_name\" content=\"MetalTale.com\" \/>\n<meta property=\"og:image\" content=\"https:\/\/metaltale.com\/wp-content\/uploads\/2023\/11\/Virtuvinis-maix161ytuvas-stovi-su-ix161traukiamu-snapeliu-juodai-BELPER.jpg\" \/>\n\t<meta property=\"og:image:width\" content=\"800\" \/>\n\t<meta property=\"og:image:height\" content=\"800\" \/>\n\t<meta property=\"og:image:type\" content=\"image\/jpeg\" \/>\n<meta name=\"twitter:card\" content=\"summary_large_image\" \/>\n<meta name=\"twitter:label1\" content=\"Est. reading time\" \/>\n\t<meta name=\"twitter:data1\" content=\"1 minut\" \/>\n<script type=\"application\/ld+json\" class=\"yoast-schema-graph\">{\"@context\":\"https:\/\/schema.org\",\"@graph\":[{\"@type\":\"WebPage\",\"@id\":\"https:\/\/metaltale.com\/et\/toode\/koogikraan-valjatommatava-valjavooluga-belper-must\/\",\"url\":\"https:\/\/metaltale.com\/et\/toode\/koogikraan-valjatommatava-valjavooluga-belper-must\/\",\"name\":\"K\u00f6\u00f6gikraan v\u00e4ljat\u00f5mmatava v\u00e4ljavooluga BELPER, must - MetalTale.com\",\"isPartOf\":{\"@id\":\"https:\/\/metaltale.com\/et\/#website\"},\"primaryImageOfPage\":{\"@id\":\"https:\/\/metaltale.com\/et\/toode\/koogikraan-valjatommatava-valjavooluga-belper-must\/#primaryimage\"},\"image\":{\"@id\":\"https:\/\/metaltale.com\/et\/toode\/koogikraan-valjatommatava-valjavooluga-belper-must\/#primaryimage\"},\"thumbnailUrl\":\"https:\/\/metaltale.com\/wp-content\/uploads\/2023\/11\/Virtuvinis-maix161ytuvas-stovi-su-ix161traukiamu-snapeliu-juodai-BELPER.jpg\",\"datePublished\":\"2024-01-25T10:06:13+00:00\",\"breadcrumb\":{\"@id\":\"https:\/\/metaltale.com\/et\/toode\/koogikraan-valjatommatava-valjavooluga-belper-must\/#breadcrumb\"},\"inLanguage\":\"et\",\"potentialAction\":[{\"@type\":\"ReadAction\",\"target\":[\"https:\/\/metaltale.com\/et\/toode\/koogikraan-valjatommatava-valjavooluga-belper-must\/\"]}]},{\"@type\":\"ImageObject\",\"inLanguage\":\"et\",\"@id\":\"https:\/\/metaltale.com\/et\/toode\/koogikraan-valjatommatava-valjavooluga-belper-must\/#primaryimage\",\"url\":\"https:\/\/metaltale.com\/wp-content\/uploads\/2023\/11\/Virtuvinis-maix161ytuvas-stovi-su-ix161traukiamu-snapeliu-juodai-BELPER.jpg\",\"contentUrl\":\"https:\/\/metaltale.com\/wp-content\/uploads\/2023\/11\/Virtuvinis-maix161ytuvas-stovi-su-ix161traukiamu-snapeliu-juodai-BELPER.jpg\",\"width\":800,\"height\":800,\"caption\":\"K\u00f6\u00f6gikraan v\u00e4ljat\u00f5mmatava v\u00e4ljavooluga BELPER, must\"},{\"@type\":\"BreadcrumbList\",\"@id\":\"https:\/\/metaltale.com\/et\/toode\/koogikraan-valjatommatava-valjavooluga-belper-must\/#breadcrumb\",\"itemListElement\":[{\"@type\":\"ListItem\",\"position\":1,\"name\":\"Home\",\"item\":\"https:\/\/metaltale.com\/et\/kodu\/\"},{\"@type\":\"ListItem\",\"position\":2,\"name\":\"Kauplus\",\"item\":\"https:\/\/metaltale.com\/et\/shop\/\"},{\"@type\":\"ListItem\",\"position\":3,\"name\":\"K\u00f6\u00f6gikraan v\u00e4ljat\u00f5mmatava v\u00e4ljavooluga BELPER, must\"}]},{\"@type\":\"WebSite\",\"@id\":\"https:\/\/metaltale.com\/et\/#website\",\"url\":\"https:\/\/metaltale.com\/et\/\",\"name\":\"Metaltale.com\",\"description\":\"\",\"potentialAction\":[{\"@type\":\"SearchAction\",\"target\":{\"@type\":\"EntryPoint\",\"urlTemplate\":\"https:\/\/metaltale.com\/et\/?s={search_term_string}\"},\"query-input\":{\"@type\":\"PropertyValueSpecification\",\"valueRequired\":true,\"valueName\":\"search_term_string\"}}],\"inLanguage\":\"et\"}]}<\/script>\n<!-- \/ Yoast SEO plugin. -->","yoast_head_json":{"title":"K\u00f6\u00f6gikraan v\u00e4ljat\u00f5mmatava v\u00e4ljavooluga BELPER, must - MetalTale.com","robots":{"index":"index","follow":"follow","max-snippet":"max-snippet:-1","max-image-preview":"max-image-preview:large","max-video-preview":"max-video-preview:-1"},"canonical":"https:\/\/metaltale.com\/et\/toode\/koogikraan-valjatommatava-valjavooluga-belper-must\/","og_locale":"et_EE","og_type":"article","og_title":"K\u00f6\u00f6gikraan v\u00e4ljat\u00f5mmatava v\u00e4ljavooluga BELPER, must - MetalTale.com","og_description":"Mudel WX.1227.BLA Lihtsalt Retro kollektsioon EAN. 5905369900044 Kala pikkus (cm ) T\u00f5mmatud umbes 100 cm Materjal Messing \u00dcldine k\u00f5rgus (cm)","og_url":"https:\/\/metaltale.com\/et\/toode\/koogikraan-valjatommatava-valjavooluga-belper-must\/","og_site_name":"MetalTale.com","og_image":[{"width":800,"height":800,"url":"https:\/\/metaltale.com\/wp-content\/uploads\/2023\/11\/Virtuvinis-maix161ytuvas-stovi-su-ix161traukiamu-snapeliu-juodai-BELPER.jpg","type":"image\/jpeg"}],"twitter_card":"summary_large_image","twitter_misc":{"Est. reading time":"1 minut"},"schema":{"@context":"https:\/\/schema.org","@graph":[{"@type":"WebPage","@id":"https:\/\/metaltale.com\/et\/toode\/koogikraan-valjatommatava-valjavooluga-belper-must\/","url":"https:\/\/metaltale.com\/et\/toode\/koogikraan-valjatommatava-valjavooluga-belper-must\/","name":"K\u00f6\u00f6gikraan v\u00e4ljat\u00f5mmatava v\u00e4ljavooluga BELPER, must - MetalTale.com","isPartOf":{"@id":"https:\/\/metaltale.com\/et\/#website"},"primaryImageOfPage":{"@id":"https:\/\/metaltale.com\/et\/toode\/koogikraan-valjatommatava-valjavooluga-belper-must\/#primaryimage"},"image":{"@id":"https:\/\/metaltale.com\/et\/toode\/koogikraan-valjatommatava-valjavooluga-belper-must\/#primaryimage"},"thumbnailUrl":"https:\/\/metaltale.com\/wp-content\/uploads\/2023\/11\/Virtuvinis-maix161ytuvas-stovi-su-ix161traukiamu-snapeliu-juodai-BELPER.jpg","datePublished":"2024-01-25T10:06:13+00:00","breadcrumb":{"@id":"https:\/\/metaltale.com\/et\/toode\/koogikraan-valjatommatava-valjavooluga-belper-must\/#breadcrumb"},"inLanguage":"et","potentialAction":[{"@type":"ReadAction","target":["https:\/\/metaltale.com\/et\/toode\/koogikraan-valjatommatava-valjavooluga-belper-must\/"]}]},{"@type":"ImageObject","inLanguage":"et","@id":"https:\/\/metaltale.com\/et\/toode\/koogikraan-valjatommatava-valjavooluga-belper-must\/#primaryimage","url":"https:\/\/metaltale.com\/wp-content\/uploads\/2023\/11\/Virtuvinis-maix161ytuvas-stovi-su-ix161traukiamu-snapeliu-juodai-BELPER.jpg","contentUrl":"https:\/\/metaltale.com\/wp-content\/uploads\/2023\/11\/Virtuvinis-maix161ytuvas-stovi-su-ix161traukiamu-snapeliu-juodai-BELPER.jpg","width":800,"height":800,"caption":"K\u00f6\u00f6gikraan v\u00e4ljat\u00f5mmatava v\u00e4ljavooluga BELPER, must"},{"@type":"BreadcrumbList","@id":"https:\/\/metaltale.com\/et\/toode\/koogikraan-valjatommatava-valjavooluga-belper-must\/#breadcrumb","itemListElement":[{"@type":"ListItem","position":1,"name":"Home","item":"https:\/\/metaltale.com\/et\/kodu\/"},{"@type":"ListItem","position":2,"name":"Kauplus","item":"https:\/\/metaltale.com\/et\/shop\/"},{"@type":"ListItem","position":3,"name":"K\u00f6\u00f6gikraan v\u00e4ljat\u00f5mmatava v\u00e4ljavooluga BELPER, must"}]},{"@type":"WebSite","@id":"https:\/\/metaltale.com\/et\/#website","url":"https:\/\/metaltale.com\/et\/","name":"Metaltale.com","description":"","potentialAction":[{"@type":"SearchAction","target":{"@type":"EntryPoint","urlTemplate":"https:\/\/metaltale.com\/et\/?s={search_term_string}"},"query-input":{"@type":"PropertyValueSpecification","valueRequired":true,"valueName":"search_term_string"}}],"inLanguage":"et"}]}},"_links":{"self":[{"href":"https:\/\/metaltale.com\/et\/wp-json\/wp\/v2\/product\/133749","targetHints":{"allow":["GET"]}}],"collection":[{"href":"https:\/\/metaltale.com\/et\/wp-json\/wp\/v2\/product"}],"about":[{"href":"https:\/\/metaltale.com\/et\/wp-json\/wp\/v2\/types\/product"}],"replies":[{"embeddable":true,"href":"https:\/\/metaltale.com\/et\/wp-json\/wp\/v2\/comments?post=133749"}],"version-history":[{"count":0,"href":"https:\/\/metaltale.com\/et\/wp-json\/wp\/v2\/product\/133749\/revisions"}],"wp:featuredmedia":[{"embeddable":true,"href":"https:\/\/metaltale.com\/et\/wp-json\/wp\/v2\/media\/97026"}],"wp:attachment":[{"href":"https:\/\/metaltale.com\/et\/wp-json\/wp\/v2\/media?parent=133749"}],"wp:term":[{"taxonomy":"product_brand","embeddable":true,"href":"https:\/\/metaltale.com\/et\/wp-json\/wp\/v2\/product_brand?post=133749"},{"taxonomy":"product_cat","embeddable":true,"href":"https:\/\/metaltale.com\/et\/wp-json\/wp\/v2\/product_cat?post=133749"},{"taxonomy":"product_tag","embeddable":true,"href":"https:\/\/metaltale.com\/et\/wp-json\/wp\/v2\/product_tag?post=133749"}],"curies":[{"name":"wp","href":"https:\/\/api.w.org\/{rel}","templated":true}]}}