{"id":133743,"date":"2024-02-13T13:47:43","date_gmt":"2024-02-13T11:47:43","guid":{"rendered":"https:\/\/metaltale.com\/produktas\/koogikraan-seisev-must-telford\/"},"modified":"2024-02-13T13:47:43","modified_gmt":"2024-02-13T11:47:43","slug":"koogikraan-seisev-must-telford","status":"publish","type":"product","link":"https:\/\/metaltale.com\/et\/toode\/koogikraan-seisev-must-telford\/","title":{"rendered":"K\u00f6\u00f6gikraan seisev must TELFORD"},"content":{"rendered":"<div class=\"prod_data\"><strong>Mudel<\/strong> WX. XT.248.BLA.5  <br \/><strong>Kogumisanumad<\/strong>  <br \/><strong>EAN.<\/strong>  5905369900129  <br \/><strong>V\u00e4ljalaskeava pikkus (cm<\/strong> ) 15,5  <br \/>Materjal Messing <br \/>Paigaldusava l\u00e4bim\u00f5\u00f5t 3,2 <br \/>\u00dcldine k\u00f5rgus (cm) 30 <br \/>Perlator (\u00f5hutaja) Jah <br \/>P\u00f6\u00f6rlev v\u00e4ljalaskeava Jah <br \/><strong>V\u00e4rv<\/strong> Must  <br \/><strong>Viimistlus<\/strong> Matte  <br \/>Lisateave Voolik M8x3\/8&#8243; kraani pikkuseks 50cm <\/p>\n<p>&#8211; messingist patarei<br \/>&#8211; p\u00f6\u00f6rlev v\u00e4ljalaskeava<br \/>&#8211; keraamiline pea &#8211; element, mis tagab vee n\u00f5uetekohase jaotumise<br \/>&#8211; Aerator &#8211; aerator, mis tagab v\u00e4iksema veetarbimise<br \/>&#8211; k\u00f5ik komplektis olevad kokkupanekuks vajalikud elemendid (voolikud, kruvi lauaplaadile, tihendid kruvile)<br \/>&#8211; lihtne hooldus &#8211; soe vesi ja PH-neutraalne seep<br \/>&#8211; vaata teisi torude kollektsiooni mudeleid<\/p>\n<hr>\n<p>Kuna avatud ruumid ja k\u00f6\u00f6gid muutuvad \u00fcha populaarsemaks, p\u00f6\u00f6rame \u00fcha enam t\u00e4helepanu planeeringu \u00fcksikasjadele: sisseseadele ja tarvikutele. K\u00f6\u00f6gisegisti valimisel peaksid meid suunama kaks tegurit &#8211; funktsionaalsus ja stiil. Kavandatav mudel on kvaliteetne messingist vabalt seisev segisti, millel on keskmisest suurem praktilisus suure p\u00f6\u00f6rleva valamu n\u00e4ol. H\u00fcdrauliline konstruktsioon sobib ideaalselt t\u00f6\u00f6stus- ja p\u00f6\u00f6ninguk\u00f6\u00f6kidesse. \u00dche kraani punane v\u00e4rvus rikub kraani lihtsust huvitaval viisil, olles samal ajal pilkup\u00fc\u00fcdev element.<\/p>\n<hr>\n<\/div>\n","protected":false},"excerpt":{"rendered":"<p>Mudel WX. XT.248.BLA.5 Kogumisanumad EAN. 5905369900129 V\u00e4ljalaskeava pikkus (cm ) 15,5 Materjal Messing Paigaldusava l\u00e4bim\u00f5\u00f5t 3,2 \u00dcldine k\u00f5rgus (cm) 30<\/p>\n","protected":false},"featured_media":80220,"comment_status":"open","ping_status":"closed","template":"","meta":{"_acf_changed":false,"pmpro_default_level":""},"product_brand":[],"product_cat":[24179],"product_tag":[],"class_list":{"0":"post-133743","1":"product","2":"type-product","3":"status-publish","4":"has-post-thumbnail","6":"product_cat-vabalt-seisvad-koogisegistid","7":"pmpro-has-access","9":"first","10":"instock","11":"shipping-taxable","12":"purchasable","13":"product-type-simple"},"acf":[],"yoast_head":"<!-- This site is optimized with the Yoast SEO plugin v24.9 - https:\/\/yoast.com\/wordpress\/plugins\/seo\/ -->\n<title>K\u00f6\u00f6gikraan seisev must TELFORD - MetalTale.com<\/title>\n<meta name=\"robots\" content=\"index, follow, max-snippet:-1, max-image-preview:large, max-video-preview:-1\" \/>\n<link rel=\"canonical\" href=\"https:\/\/metaltale.com\/et\/toode\/koogikraan-seisev-must-telford\/\" \/>\n<meta property=\"og:locale\" content=\"et_EE\" \/>\n<meta property=\"og:type\" content=\"article\" \/>\n<meta property=\"og:title\" content=\"K\u00f6\u00f6gikraan seisev must TELFORD - MetalTale.com\" \/>\n<meta property=\"og:description\" content=\"Mudel WX. XT.248.BLA.5 Kogumisanumad EAN. 5905369900129 V\u00e4ljalaskeava pikkus (cm ) 15,5 Materjal Messing Paigaldusava l\u00e4bim\u00f5\u00f5t 3,2 \u00dcldine k\u00f5rgus (cm) 30\" \/>\n<meta property=\"og:url\" content=\"https:\/\/metaltale.com\/et\/toode\/koogikraan-seisev-must-telford\/\" \/>\n<meta property=\"og:site_name\" content=\"MetalTale.com\" \/>\n<meta name=\"twitter:card\" content=\"summary_large_image\" \/>\n<meta name=\"twitter:label1\" content=\"Est. reading time\" \/>\n\t<meta name=\"twitter:data1\" content=\"1 minut\" \/>\n<script type=\"application\/ld+json\" class=\"yoast-schema-graph\">{\"@context\":\"https:\/\/schema.org\",\"@graph\":[{\"@type\":\"WebPage\",\"@id\":\"https:\/\/metaltale.com\/et\/toode\/koogikraan-seisev-must-telford\/\",\"url\":\"https:\/\/metaltale.com\/et\/toode\/koogikraan-seisev-must-telford\/\",\"name\":\"K\u00f6\u00f6gikraan seisev must TELFORD - MetalTale.com\",\"isPartOf\":{\"@id\":\"https:\/\/metaltale.com\/et\/#website\"},\"primaryImageOfPage\":{\"@id\":\"https:\/\/metaltale.com\/et\/toode\/koogikraan-seisev-must-telford\/#primaryimage\"},\"image\":{\"@id\":\"https:\/\/metaltale.com\/et\/toode\/koogikraan-seisev-must-telford\/#primaryimage\"},\"thumbnailUrl\":\"https:\/\/metaltale.com\/wp-content\/uploads\/2023\/10\/Virtuvinis-maix161ytuvas-stovi-juodas-TELFORD.jpg\",\"datePublished\":\"2024-02-13T11:47:43+00:00\",\"breadcrumb\":{\"@id\":\"https:\/\/metaltale.com\/et\/toode\/koogikraan-seisev-must-telford\/#breadcrumb\"},\"inLanguage\":\"et\",\"potentialAction\":[{\"@type\":\"ReadAction\",\"target\":[\"https:\/\/metaltale.com\/et\/toode\/koogikraan-seisev-must-telford\/\"]}]},{\"@type\":\"ImageObject\",\"inLanguage\":\"et\",\"@id\":\"https:\/\/metaltale.com\/et\/toode\/koogikraan-seisev-must-telford\/#primaryimage\",\"url\":\"https:\/\/metaltale.com\/wp-content\/uploads\/2023\/10\/Virtuvinis-maix161ytuvas-stovi-juodas-TELFORD.jpg\",\"contentUrl\":\"https:\/\/metaltale.com\/wp-content\/uploads\/2023\/10\/Virtuvinis-maix161ytuvas-stovi-juodas-TELFORD.jpg\",\"width\":800,\"height\":800},{\"@type\":\"BreadcrumbList\",\"@id\":\"https:\/\/metaltale.com\/et\/toode\/koogikraan-seisev-must-telford\/#breadcrumb\",\"itemListElement\":[{\"@type\":\"ListItem\",\"position\":1,\"name\":\"Home\",\"item\":\"https:\/\/metaltale.com\/et\/kodu\/\"},{\"@type\":\"ListItem\",\"position\":2,\"name\":\"Kauplus\",\"item\":\"https:\/\/metaltale.com\/et\/shop\/\"},{\"@type\":\"ListItem\",\"position\":3,\"name\":\"K\u00f6\u00f6gikraan seisev must TELFORD\"}]},{\"@type\":\"WebSite\",\"@id\":\"https:\/\/metaltale.com\/et\/#website\",\"url\":\"https:\/\/metaltale.com\/et\/\",\"name\":\"Metaltale.com\",\"description\":\"\",\"potentialAction\":[{\"@type\":\"SearchAction\",\"target\":{\"@type\":\"EntryPoint\",\"urlTemplate\":\"https:\/\/metaltale.com\/et\/?s={search_term_string}\"},\"query-input\":{\"@type\":\"PropertyValueSpecification\",\"valueRequired\":true,\"valueName\":\"search_term_string\"}}],\"inLanguage\":\"et\"}]}<\/script>\n<!-- \/ Yoast SEO plugin. -->","yoast_head_json":{"title":"K\u00f6\u00f6gikraan seisev must TELFORD - MetalTale.com","robots":{"index":"index","follow":"follow","max-snippet":"max-snippet:-1","max-image-preview":"max-image-preview:large","max-video-preview":"max-video-preview:-1"},"canonical":"https:\/\/metaltale.com\/et\/toode\/koogikraan-seisev-must-telford\/","og_locale":"et_EE","og_type":"article","og_title":"K\u00f6\u00f6gikraan seisev must TELFORD - MetalTale.com","og_description":"Mudel WX. XT.248.BLA.5 Kogumisanumad EAN. 5905369900129 V\u00e4ljalaskeava pikkus (cm ) 15,5 Materjal Messing Paigaldusava l\u00e4bim\u00f5\u00f5t 3,2 \u00dcldine k\u00f5rgus (cm) 30","og_url":"https:\/\/metaltale.com\/et\/toode\/koogikraan-seisev-must-telford\/","og_site_name":"MetalTale.com","twitter_card":"summary_large_image","twitter_misc":{"Est. reading time":"1 minut"},"schema":{"@context":"https:\/\/schema.org","@graph":[{"@type":"WebPage","@id":"https:\/\/metaltale.com\/et\/toode\/koogikraan-seisev-must-telford\/","url":"https:\/\/metaltale.com\/et\/toode\/koogikraan-seisev-must-telford\/","name":"K\u00f6\u00f6gikraan seisev must TELFORD - MetalTale.com","isPartOf":{"@id":"https:\/\/metaltale.com\/et\/#website"},"primaryImageOfPage":{"@id":"https:\/\/metaltale.com\/et\/toode\/koogikraan-seisev-must-telford\/#primaryimage"},"image":{"@id":"https:\/\/metaltale.com\/et\/toode\/koogikraan-seisev-must-telford\/#primaryimage"},"thumbnailUrl":"https:\/\/metaltale.com\/wp-content\/uploads\/2023\/10\/Virtuvinis-maix161ytuvas-stovi-juodas-TELFORD.jpg","datePublished":"2024-02-13T11:47:43+00:00","breadcrumb":{"@id":"https:\/\/metaltale.com\/et\/toode\/koogikraan-seisev-must-telford\/#breadcrumb"},"inLanguage":"et","potentialAction":[{"@type":"ReadAction","target":["https:\/\/metaltale.com\/et\/toode\/koogikraan-seisev-must-telford\/"]}]},{"@type":"ImageObject","inLanguage":"et","@id":"https:\/\/metaltale.com\/et\/toode\/koogikraan-seisev-must-telford\/#primaryimage","url":"https:\/\/metaltale.com\/wp-content\/uploads\/2023\/10\/Virtuvinis-maix161ytuvas-stovi-juodas-TELFORD.jpg","contentUrl":"https:\/\/metaltale.com\/wp-content\/uploads\/2023\/10\/Virtuvinis-maix161ytuvas-stovi-juodas-TELFORD.jpg","width":800,"height":800},{"@type":"BreadcrumbList","@id":"https:\/\/metaltale.com\/et\/toode\/koogikraan-seisev-must-telford\/#breadcrumb","itemListElement":[{"@type":"ListItem","position":1,"name":"Home","item":"https:\/\/metaltale.com\/et\/kodu\/"},{"@type":"ListItem","position":2,"name":"Kauplus","item":"https:\/\/metaltale.com\/et\/shop\/"},{"@type":"ListItem","position":3,"name":"K\u00f6\u00f6gikraan seisev must TELFORD"}]},{"@type":"WebSite","@id":"https:\/\/metaltale.com\/et\/#website","url":"https:\/\/metaltale.com\/et\/","name":"Metaltale.com","description":"","potentialAction":[{"@type":"SearchAction","target":{"@type":"EntryPoint","urlTemplate":"https:\/\/metaltale.com\/et\/?s={search_term_string}"},"query-input":{"@type":"PropertyValueSpecification","valueRequired":true,"valueName":"search_term_string"}}],"inLanguage":"et"}]}},"_links":{"self":[{"href":"https:\/\/metaltale.com\/et\/wp-json\/wp\/v2\/product\/133743","targetHints":{"allow":["GET"]}}],"collection":[{"href":"https:\/\/metaltale.com\/et\/wp-json\/wp\/v2\/product"}],"about":[{"href":"https:\/\/metaltale.com\/et\/wp-json\/wp\/v2\/types\/product"}],"replies":[{"embeddable":true,"href":"https:\/\/metaltale.com\/et\/wp-json\/wp\/v2\/comments?post=133743"}],"version-history":[{"count":0,"href":"https:\/\/metaltale.com\/et\/wp-json\/wp\/v2\/product\/133743\/revisions"}],"wp:featuredmedia":[{"embeddable":true,"href":"https:\/\/metaltale.com\/et\/wp-json\/wp\/v2\/media\/80220"}],"wp:attachment":[{"href":"https:\/\/metaltale.com\/et\/wp-json\/wp\/v2\/media?parent=133743"}],"wp:term":[{"taxonomy":"product_brand","embeddable":true,"href":"https:\/\/metaltale.com\/et\/wp-json\/wp\/v2\/product_brand?post=133743"},{"taxonomy":"product_cat","embeddable":true,"href":"https:\/\/metaltale.com\/et\/wp-json\/wp\/v2\/product_cat?post=133743"},{"taxonomy":"product_tag","embeddable":true,"href":"https:\/\/metaltale.com\/et\/wp-json\/wp\/v2\/product_tag?post=133743"}],"curies":[{"name":"wp","href":"https:\/\/api.w.org\/{rel}","templated":true}]}}