{"id":133739,"date":"2024-02-13T15:09:04","date_gmt":"2024-02-13T13:09:04","guid":{"rendered":"https:\/\/metaltale.com\/produktas\/koogikraan-bent-kroom\/"},"modified":"2024-02-13T15:09:04","modified_gmt":"2024-02-13T13:09:04","slug":"koogikraan-bent-kroom","status":"publish","type":"product","link":"https:\/\/metaltale.com\/et\/toode\/koogikraan-bent-kroom\/","title":{"rendered":"K\u00f6\u00f6gikraan BENT, kroom"},"content":{"rendered":"<div class=\"prod_data\">\n<p><strong>Mudel<\/strong> QZ. CF-022-CH<br \/>\nKaasaegne <strong>kollektsioon<\/strong><br \/>\n<strong>EAN.<\/strong>  5905369929670<br \/>\nK\u00f5rgus (cm) 54<br \/>\n<strong>Laius (cm)<\/strong> 26<br \/>\n<strong>Aluse l\u00e4bim\u00f5\u00f5t (cm)<\/strong> 4,5<br \/>\n<strong>V\u00e4ljalaskeava pikkus (cm<\/strong> ) 19\/17,5<br \/>\n<strong>K\u00f5rgus ninaotsani (cm)<\/strong> 12<br \/>\n<strong>Materjal<\/strong> Messing<br \/>\n<strong>V\u00e4rv<\/strong> Kroom<br \/>\n<strong>Viimistlus<\/strong> l\u00e4ikiv<br \/>\n<strong>P\u00f6\u00f6rlev v\u00e4ljalaskeava<\/strong> Jah<br \/>\n<strong>Perlator (\u00f5hutaja)<\/strong> Jah<br \/>\n<strong>Lisateave<\/strong> Voolik M8x3\/8&#8243; kraani pikkus 60cm<\/p>\n<p>messingist patarei<\/p>\n<p>Segistil on kaks v\u00e4ljalaskeava, millest \u00fcks p\u00f6\u00f6rleb pideva vooluga ja teine v\u00e4ljub du\u0161ijoa poolt.<\/p>\n<p>keraamiline pea &#8211; element, mis tagab vee n\u00f5uetekohase jaotamise<\/p>\n<p>Aerator &#8211; \u00f5hutaja, mis v\u00e4hendab veekulu<\/p>\n<p>k\u00f5ik komplektis olevad paigaldamiseks vajalikud komponendid (voolik, lauakruvi, kruvitihendid)<\/p>\n<p>lihtne hooldus &#8211; soe vesi ja PH-neutraalne seep<\/p>\n<hr>\n<p>Moodne ja funktsionaalne Bent k\u00f6\u00f6gikraan rahuldab k\u00f5iki kaasaegse stiili f\u00e4nne. Segistil on kaks v\u00e4ljalaskeava, millest \u00fchel on pidev veevool ja v\u00e4ljat\u00f5mmataval v\u00e4ljalaskeavas on du\u0161ivool, mis aitab meil kraanikausi ja n\u00f5usid pesta. Kraan on j\u00e4etud kroomi v\u00e4rvi, nii et see sobib suurep\u00e4raselt moodsate kujundustega ja seda on v\u00e4ga lihtne puhtana hoida. T\u00e4nu kahele otsikule ja suurtele m\u00f5\u00f5tmetele sobib see ideaalselt suuremate valamute jaoks.<\/p>\n<\/div>\n","protected":false},"excerpt":{"rendered":"<p>Mudel QZ. CF-022-CH Kaasaegne kollektsioon EAN. 5905369929670 K\u00f5rgus (cm) 54 Laius (cm) 26 Aluse l\u00e4bim\u00f5\u00f5t (cm) 4,5 V\u00e4ljalaskeava pikkus (cm<\/p>\n","protected":false},"featured_media":92205,"comment_status":"open","ping_status":"closed","template":"","meta":{"_acf_changed":false,"pmpro_default_level":""},"product_brand":[],"product_cat":[24178,24179],"product_tag":[],"class_list":{"0":"post-133739","1":"product","2":"type-product","3":"status-publish","4":"has-post-thumbnail","6":"product_cat-koogisegistid","7":"product_cat-vabalt-seisvad-koogisegistid","8":"pmpro-has-access","10":"first","11":"instock","12":"shipping-taxable","13":"purchasable","14":"product-type-simple"},"acf":[],"yoast_head":"<!-- This site is optimized with the Yoast SEO plugin v24.9 - https:\/\/yoast.com\/wordpress\/plugins\/seo\/ -->\n<title>K\u00f6\u00f6gikraan BENT, kroom - MetalTale.com<\/title>\n<meta name=\"robots\" content=\"index, follow, max-snippet:-1, max-image-preview:large, max-video-preview:-1\" \/>\n<link rel=\"canonical\" href=\"https:\/\/metaltale.com\/et\/toode\/koogikraan-bent-kroom\/\" \/>\n<meta property=\"og:locale\" content=\"et_EE\" \/>\n<meta property=\"og:type\" content=\"article\" \/>\n<meta property=\"og:title\" content=\"K\u00f6\u00f6gikraan BENT, kroom - MetalTale.com\" \/>\n<meta property=\"og:description\" content=\"Mudel QZ. CF-022-CH Kaasaegne kollektsioon EAN. 5905369929670 K\u00f5rgus (cm) 54 Laius (cm) 26 Aluse l\u00e4bim\u00f5\u00f5t (cm) 4,5 V\u00e4ljalaskeava pikkus (cm\" \/>\n<meta property=\"og:url\" content=\"https:\/\/metaltale.com\/et\/toode\/koogikraan-bent-kroom\/\" \/>\n<meta property=\"og:site_name\" content=\"MetalTale.com\" \/>\n<meta property=\"og:image\" content=\"https:\/\/metaltale.com\/wp-content\/uploads\/2023\/10\/Virtuvinis-maix161ytuvas-stovintis-chromas-BENT.jpg\" \/>\n\t<meta property=\"og:image:width\" content=\"800\" \/>\n\t<meta property=\"og:image:height\" content=\"800\" \/>\n\t<meta property=\"og:image:type\" content=\"image\/jpeg\" \/>\n<meta name=\"twitter:card\" content=\"summary_large_image\" \/>\n<meta name=\"twitter:label1\" content=\"Est. reading time\" \/>\n\t<meta name=\"twitter:data1\" content=\"1 minut\" \/>\n<script type=\"application\/ld+json\" class=\"yoast-schema-graph\">{\"@context\":\"https:\/\/schema.org\",\"@graph\":[{\"@type\":\"WebPage\",\"@id\":\"https:\/\/metaltale.com\/et\/toode\/koogikraan-bent-kroom\/\",\"url\":\"https:\/\/metaltale.com\/et\/toode\/koogikraan-bent-kroom\/\",\"name\":\"K\u00f6\u00f6gikraan BENT, kroom - MetalTale.com\",\"isPartOf\":{\"@id\":\"https:\/\/metaltale.com\/et\/#website\"},\"primaryImageOfPage\":{\"@id\":\"https:\/\/metaltale.com\/et\/toode\/koogikraan-bent-kroom\/#primaryimage\"},\"image\":{\"@id\":\"https:\/\/metaltale.com\/et\/toode\/koogikraan-bent-kroom\/#primaryimage\"},\"thumbnailUrl\":\"https:\/\/metaltale.com\/wp-content\/uploads\/2023\/10\/Virtuvinis-maix161ytuvas-stovintis-chromas-BENT.jpg\",\"datePublished\":\"2024-02-13T13:09:04+00:00\",\"breadcrumb\":{\"@id\":\"https:\/\/metaltale.com\/et\/toode\/koogikraan-bent-kroom\/#breadcrumb\"},\"inLanguage\":\"et\",\"potentialAction\":[{\"@type\":\"ReadAction\",\"target\":[\"https:\/\/metaltale.com\/et\/toode\/koogikraan-bent-kroom\/\"]}]},{\"@type\":\"ImageObject\",\"inLanguage\":\"et\",\"@id\":\"https:\/\/metaltale.com\/et\/toode\/koogikraan-bent-kroom\/#primaryimage\",\"url\":\"https:\/\/metaltale.com\/wp-content\/uploads\/2023\/10\/Virtuvinis-maix161ytuvas-stovintis-chromas-BENT.jpg\",\"contentUrl\":\"https:\/\/metaltale.com\/wp-content\/uploads\/2023\/10\/Virtuvinis-maix161ytuvas-stovintis-chromas-BENT.jpg\",\"width\":800,\"height\":800,\"caption\":\"K\u00f6\u00f6gikraan BENT, kroom\"},{\"@type\":\"BreadcrumbList\",\"@id\":\"https:\/\/metaltale.com\/et\/toode\/koogikraan-bent-kroom\/#breadcrumb\",\"itemListElement\":[{\"@type\":\"ListItem\",\"position\":1,\"name\":\"Home\",\"item\":\"https:\/\/metaltale.com\/et\/kodu\/\"},{\"@type\":\"ListItem\",\"position\":2,\"name\":\"Kauplus\",\"item\":\"https:\/\/metaltale.com\/et\/shop\/\"},{\"@type\":\"ListItem\",\"position\":3,\"name\":\"K\u00f6\u00f6gikraan BENT, kroom\"}]},{\"@type\":\"WebSite\",\"@id\":\"https:\/\/metaltale.com\/et\/#website\",\"url\":\"https:\/\/metaltale.com\/et\/\",\"name\":\"Metaltale.com\",\"description\":\"\",\"potentialAction\":[{\"@type\":\"SearchAction\",\"target\":{\"@type\":\"EntryPoint\",\"urlTemplate\":\"https:\/\/metaltale.com\/et\/?s={search_term_string}\"},\"query-input\":{\"@type\":\"PropertyValueSpecification\",\"valueRequired\":true,\"valueName\":\"search_term_string\"}}],\"inLanguage\":\"et\"}]}<\/script>\n<!-- \/ Yoast SEO plugin. -->","yoast_head_json":{"title":"K\u00f6\u00f6gikraan BENT, kroom - MetalTale.com","robots":{"index":"index","follow":"follow","max-snippet":"max-snippet:-1","max-image-preview":"max-image-preview:large","max-video-preview":"max-video-preview:-1"},"canonical":"https:\/\/metaltale.com\/et\/toode\/koogikraan-bent-kroom\/","og_locale":"et_EE","og_type":"article","og_title":"K\u00f6\u00f6gikraan BENT, kroom - MetalTale.com","og_description":"Mudel QZ. CF-022-CH Kaasaegne kollektsioon EAN. 5905369929670 K\u00f5rgus (cm) 54 Laius (cm) 26 Aluse l\u00e4bim\u00f5\u00f5t (cm) 4,5 V\u00e4ljalaskeava pikkus (cm","og_url":"https:\/\/metaltale.com\/et\/toode\/koogikraan-bent-kroom\/","og_site_name":"MetalTale.com","og_image":[{"width":800,"height":800,"url":"https:\/\/metaltale.com\/wp-content\/uploads\/2023\/10\/Virtuvinis-maix161ytuvas-stovintis-chromas-BENT.jpg","type":"image\/jpeg"}],"twitter_card":"summary_large_image","twitter_misc":{"Est. reading time":"1 minut"},"schema":{"@context":"https:\/\/schema.org","@graph":[{"@type":"WebPage","@id":"https:\/\/metaltale.com\/et\/toode\/koogikraan-bent-kroom\/","url":"https:\/\/metaltale.com\/et\/toode\/koogikraan-bent-kroom\/","name":"K\u00f6\u00f6gikraan BENT, kroom - MetalTale.com","isPartOf":{"@id":"https:\/\/metaltale.com\/et\/#website"},"primaryImageOfPage":{"@id":"https:\/\/metaltale.com\/et\/toode\/koogikraan-bent-kroom\/#primaryimage"},"image":{"@id":"https:\/\/metaltale.com\/et\/toode\/koogikraan-bent-kroom\/#primaryimage"},"thumbnailUrl":"https:\/\/metaltale.com\/wp-content\/uploads\/2023\/10\/Virtuvinis-maix161ytuvas-stovintis-chromas-BENT.jpg","datePublished":"2024-02-13T13:09:04+00:00","breadcrumb":{"@id":"https:\/\/metaltale.com\/et\/toode\/koogikraan-bent-kroom\/#breadcrumb"},"inLanguage":"et","potentialAction":[{"@type":"ReadAction","target":["https:\/\/metaltale.com\/et\/toode\/koogikraan-bent-kroom\/"]}]},{"@type":"ImageObject","inLanguage":"et","@id":"https:\/\/metaltale.com\/et\/toode\/koogikraan-bent-kroom\/#primaryimage","url":"https:\/\/metaltale.com\/wp-content\/uploads\/2023\/10\/Virtuvinis-maix161ytuvas-stovintis-chromas-BENT.jpg","contentUrl":"https:\/\/metaltale.com\/wp-content\/uploads\/2023\/10\/Virtuvinis-maix161ytuvas-stovintis-chromas-BENT.jpg","width":800,"height":800,"caption":"K\u00f6\u00f6gikraan BENT, kroom"},{"@type":"BreadcrumbList","@id":"https:\/\/metaltale.com\/et\/toode\/koogikraan-bent-kroom\/#breadcrumb","itemListElement":[{"@type":"ListItem","position":1,"name":"Home","item":"https:\/\/metaltale.com\/et\/kodu\/"},{"@type":"ListItem","position":2,"name":"Kauplus","item":"https:\/\/metaltale.com\/et\/shop\/"},{"@type":"ListItem","position":3,"name":"K\u00f6\u00f6gikraan BENT, kroom"}]},{"@type":"WebSite","@id":"https:\/\/metaltale.com\/et\/#website","url":"https:\/\/metaltale.com\/et\/","name":"Metaltale.com","description":"","potentialAction":[{"@type":"SearchAction","target":{"@type":"EntryPoint","urlTemplate":"https:\/\/metaltale.com\/et\/?s={search_term_string}"},"query-input":{"@type":"PropertyValueSpecification","valueRequired":true,"valueName":"search_term_string"}}],"inLanguage":"et"}]}},"_links":{"self":[{"href":"https:\/\/metaltale.com\/et\/wp-json\/wp\/v2\/product\/133739","targetHints":{"allow":["GET"]}}],"collection":[{"href":"https:\/\/metaltale.com\/et\/wp-json\/wp\/v2\/product"}],"about":[{"href":"https:\/\/metaltale.com\/et\/wp-json\/wp\/v2\/types\/product"}],"replies":[{"embeddable":true,"href":"https:\/\/metaltale.com\/et\/wp-json\/wp\/v2\/comments?post=133739"}],"version-history":[{"count":0,"href":"https:\/\/metaltale.com\/et\/wp-json\/wp\/v2\/product\/133739\/revisions"}],"wp:featuredmedia":[{"embeddable":true,"href":"https:\/\/metaltale.com\/et\/wp-json\/wp\/v2\/media\/92205"}],"wp:attachment":[{"href":"https:\/\/metaltale.com\/et\/wp-json\/wp\/v2\/media?parent=133739"}],"wp:term":[{"taxonomy":"product_brand","embeddable":true,"href":"https:\/\/metaltale.com\/et\/wp-json\/wp\/v2\/product_brand?post=133739"},{"taxonomy":"product_cat","embeddable":true,"href":"https:\/\/metaltale.com\/et\/wp-json\/wp\/v2\/product_cat?post=133739"},{"taxonomy":"product_tag","embeddable":true,"href":"https:\/\/metaltale.com\/et\/wp-json\/wp\/v2\/product_tag?post=133739"}],"curies":[{"name":"wp","href":"https:\/\/api.w.org\/{rel}","templated":true}]}}