{"id":133733,"date":"2024-02-13T15:09:04","date_gmt":"2024-02-13T13:09:04","guid":{"rendered":"https:\/\/metaltale.com\/produktas\/koogikraanide-statiiv-antiikmessingist-paprasta\/"},"modified":"2024-02-13T15:09:04","modified_gmt":"2024-02-13T13:09:04","slug":"koogikraanide-statiiv-antiikmessingist-paprasta","status":"publish","type":"product","link":"https:\/\/metaltale.com\/et\/toode\/koogikraanide-statiiv-antiikmessingist-paprasta\/","title":{"rendered":"K\u00f6\u00f6gikraanide statiiv antiikmessingist PAPRASTA"},"content":{"rendered":"<div class=\"prod_data\"><strong>Mudel<\/strong> QZ. CF-001-AMD  <br \/>Kaasaegne <strong>kollektsioon<\/strong>  <br \/><strong>EAN.<\/strong>  5905369929656  <br \/><strong>K\u00f5rgus (cm)<\/strong> 41  <br \/><strong>Laius (cm)<\/strong> 24  <br \/>Aluse l\u00e4bim\u00f5\u00f5t (cm) 5 <br \/>V\u00e4ljalaskeava pikkus (cm ) 16 <br \/>K\u00f5rgus ninaotsani (cm) 20 <br \/><strong>Materjal<\/strong> Roostevaba teras  <br \/>V\u00e4rv Antik messingist <br \/>Viimistlus l\u00e4ikiv <br \/>P\u00f6\u00f6rlev v\u00e4ljalaskeava Jah <br \/>Perlator (\u00f5hutaja) Jah <\/p>\n<p>Vabalt seisev segisti, mis on valmistatud roostevabast terasest<\/p>\n<p>360&#8242; p\u00f6\u00f6rlev otsak<\/p>\n<p>sisset\u00f5mmatav otsik lihtsaks n\u00f5udepesuks<\/p>\n<p>keraamiline pea &#8211; element, mis tagab vee n\u00f5uetekohase jaotamise<\/p>\n<p>Aerator &#8211; \u00f5hutaja, mis v\u00e4hendab veekulu<\/p>\n<p>Reguleeritav veevool nupu abil, kaks v\u00f5imalust<\/p>\n<p>k\u00f5ik komplektis olevad paigaldamiseks vajalikud komponendid (voolik, lauakruvi, kruvitihendid)<\/p>\n<p>lihtne hooldus &#8211; soe vesi ja PH-neutraalne seep<\/p>\n<p>vaata teisi mudeleid Modern kollektsioonist<\/p>\n<hr>\n<p>See k\u00f6\u00f6gisegisti on ideaalne lahendus igasse kaasaegsesse k\u00f6\u00f6ki. Tasub meeles pidada, et lisaks dekoratiivsetele aspektidele peaks k\u00f6\u00f6giseadmed olema ka funktsionaalsed, ja selleks on lihtne kraan. V\u00f5imalus keerata ja samal ajal v\u00e4lja t\u00f5mmata kraanikaussi muudab pesemise palju lihtsamaks. Selle ergonoomiline k\u00e4epide v\u00f5imaldab teil reguleerida veevoolu ja temperatuuri. T\u00e4nu elegantsele disainile ja kroomitud v\u00e4rvile sobib see ideaalselt kaasaegsetesse interj\u00f6\u00f6ridesse.  <\/p>\n<\/div>\n","protected":false},"excerpt":{"rendered":"<p>Mudel QZ. CF-001-AMD Kaasaegne kollektsioon EAN. 5905369929656 K\u00f5rgus (cm) 41 Laius (cm) 24 Aluse l\u00e4bim\u00f5\u00f5t (cm) 5 V\u00e4ljalaskeava pikkus (cm<\/p>\n","protected":false},"featured_media":92371,"comment_status":"open","ping_status":"closed","template":"","meta":{"_acf_changed":false,"pmpro_default_level":""},"product_brand":[],"product_cat":[24179],"product_tag":[],"class_list":{"0":"post-133733","1":"product","2":"type-product","3":"status-publish","4":"has-post-thumbnail","6":"product_cat-vabalt-seisvad-koogisegistid","7":"pmpro-has-access","9":"first","10":"instock","11":"shipping-taxable","12":"purchasable","13":"product-type-simple"},"acf":[],"yoast_head":"<!-- This site is optimized with the Yoast SEO plugin v24.9 - https:\/\/yoast.com\/wordpress\/plugins\/seo\/ -->\n<title>K\u00f6\u00f6gikraanide statiiv antiikmessingist PAPRASTA - MetalTale.com<\/title>\n<meta name=\"robots\" content=\"index, follow, max-snippet:-1, max-image-preview:large, max-video-preview:-1\" \/>\n<link rel=\"canonical\" href=\"https:\/\/metaltale.com\/et\/toode\/koogikraanide-statiiv-antiikmessingist-paprasta\/\" \/>\n<meta property=\"og:locale\" content=\"et_EE\" \/>\n<meta property=\"og:type\" content=\"article\" \/>\n<meta property=\"og:title\" content=\"K\u00f6\u00f6gikraanide statiiv antiikmessingist PAPRASTA - MetalTale.com\" \/>\n<meta property=\"og:description\" content=\"Mudel QZ. CF-001-AMD Kaasaegne kollektsioon EAN. 5905369929656 K\u00f5rgus (cm) 41 Laius (cm) 24 Aluse l\u00e4bim\u00f5\u00f5t (cm) 5 V\u00e4ljalaskeava pikkus (cm\" \/>\n<meta property=\"og:url\" content=\"https:\/\/metaltale.com\/et\/toode\/koogikraanide-statiiv-antiikmessingist-paprasta\/\" \/>\n<meta property=\"og:site_name\" content=\"MetalTale.com\" \/>\n<meta property=\"og:image\" content=\"http:\/\/metaltale.com\/wp-content\/uploads\/2023\/10\/Virtuvinio-maix161ytuvo-stovis-antikvarinis-x17Ealvaris-PAPRASTA.jpg\" \/>\n\t<meta property=\"og:image:width\" content=\"800\" \/>\n\t<meta property=\"og:image:height\" content=\"800\" \/>\n\t<meta property=\"og:image:type\" content=\"image\/jpeg\" \/>\n<meta name=\"twitter:card\" content=\"summary_large_image\" \/>\n<meta name=\"twitter:label1\" content=\"Est. reading time\" \/>\n\t<meta name=\"twitter:data1\" content=\"1 minut\" \/>\n<script type=\"application\/ld+json\" class=\"yoast-schema-graph\">{\"@context\":\"https:\/\/schema.org\",\"@graph\":[{\"@type\":\"WebPage\",\"@id\":\"https:\/\/metaltale.com\/et\/toode\/koogikraanide-statiiv-antiikmessingist-paprasta\/\",\"url\":\"https:\/\/metaltale.com\/et\/toode\/koogikraanide-statiiv-antiikmessingist-paprasta\/\",\"name\":\"K\u00f6\u00f6gikraanide statiiv antiikmessingist PAPRASTA - MetalTale.com\",\"isPartOf\":{\"@id\":\"https:\/\/metaltale.com\/et\/#website\"},\"primaryImageOfPage\":{\"@id\":\"https:\/\/metaltale.com\/et\/toode\/koogikraanide-statiiv-antiikmessingist-paprasta\/#primaryimage\"},\"image\":{\"@id\":\"https:\/\/metaltale.com\/et\/toode\/koogikraanide-statiiv-antiikmessingist-paprasta\/#primaryimage\"},\"thumbnailUrl\":\"https:\/\/metaltale.com\/wp-content\/uploads\/2023\/10\/Virtuvinio-maix161ytuvo-stovis-antikvarinis-x17Ealvaris-PAPRASTA.jpg\",\"datePublished\":\"2024-02-13T13:09:04+00:00\",\"breadcrumb\":{\"@id\":\"https:\/\/metaltale.com\/et\/toode\/koogikraanide-statiiv-antiikmessingist-paprasta\/#breadcrumb\"},\"inLanguage\":\"et\",\"potentialAction\":[{\"@type\":\"ReadAction\",\"target\":[\"https:\/\/metaltale.com\/et\/toode\/koogikraanide-statiiv-antiikmessingist-paprasta\/\"]}]},{\"@type\":\"ImageObject\",\"inLanguage\":\"et\",\"@id\":\"https:\/\/metaltale.com\/et\/toode\/koogikraanide-statiiv-antiikmessingist-paprasta\/#primaryimage\",\"url\":\"https:\/\/metaltale.com\/wp-content\/uploads\/2023\/10\/Virtuvinio-maix161ytuvo-stovis-antikvarinis-x17Ealvaris-PAPRASTA.jpg\",\"contentUrl\":\"https:\/\/metaltale.com\/wp-content\/uploads\/2023\/10\/Virtuvinio-maix161ytuvo-stovis-antikvarinis-x17Ealvaris-PAPRASTA.jpg\",\"width\":800,\"height\":800},{\"@type\":\"BreadcrumbList\",\"@id\":\"https:\/\/metaltale.com\/et\/toode\/koogikraanide-statiiv-antiikmessingist-paprasta\/#breadcrumb\",\"itemListElement\":[{\"@type\":\"ListItem\",\"position\":1,\"name\":\"Home\",\"item\":\"https:\/\/metaltale.com\/et\/kodu\/\"},{\"@type\":\"ListItem\",\"position\":2,\"name\":\"Kauplus\",\"item\":\"https:\/\/metaltale.com\/et\/shop\/\"},{\"@type\":\"ListItem\",\"position\":3,\"name\":\"K\u00f6\u00f6gikraanide statiiv antiikmessingist PAPRASTA\"}]},{\"@type\":\"WebSite\",\"@id\":\"https:\/\/metaltale.com\/et\/#website\",\"url\":\"https:\/\/metaltale.com\/et\/\",\"name\":\"Metaltale.com\",\"description\":\"\",\"potentialAction\":[{\"@type\":\"SearchAction\",\"target\":{\"@type\":\"EntryPoint\",\"urlTemplate\":\"https:\/\/metaltale.com\/et\/?s={search_term_string}\"},\"query-input\":{\"@type\":\"PropertyValueSpecification\",\"valueRequired\":true,\"valueName\":\"search_term_string\"}}],\"inLanguage\":\"et\"}]}<\/script>\n<!-- \/ Yoast SEO plugin. -->","yoast_head_json":{"title":"K\u00f6\u00f6gikraanide statiiv antiikmessingist PAPRASTA - MetalTale.com","robots":{"index":"index","follow":"follow","max-snippet":"max-snippet:-1","max-image-preview":"max-image-preview:large","max-video-preview":"max-video-preview:-1"},"canonical":"https:\/\/metaltale.com\/et\/toode\/koogikraanide-statiiv-antiikmessingist-paprasta\/","og_locale":"et_EE","og_type":"article","og_title":"K\u00f6\u00f6gikraanide statiiv antiikmessingist PAPRASTA - MetalTale.com","og_description":"Mudel QZ. CF-001-AMD Kaasaegne kollektsioon EAN. 5905369929656 K\u00f5rgus (cm) 41 Laius (cm) 24 Aluse l\u00e4bim\u00f5\u00f5t (cm) 5 V\u00e4ljalaskeava pikkus (cm","og_url":"https:\/\/metaltale.com\/et\/toode\/koogikraanide-statiiv-antiikmessingist-paprasta\/","og_site_name":"MetalTale.com","og_image":[{"width":800,"height":800,"url":"http:\/\/metaltale.com\/wp-content\/uploads\/2023\/10\/Virtuvinio-maix161ytuvo-stovis-antikvarinis-x17Ealvaris-PAPRASTA.jpg","type":"image\/jpeg"}],"twitter_card":"summary_large_image","twitter_misc":{"Est. reading time":"1 minut"},"schema":{"@context":"https:\/\/schema.org","@graph":[{"@type":"WebPage","@id":"https:\/\/metaltale.com\/et\/toode\/koogikraanide-statiiv-antiikmessingist-paprasta\/","url":"https:\/\/metaltale.com\/et\/toode\/koogikraanide-statiiv-antiikmessingist-paprasta\/","name":"K\u00f6\u00f6gikraanide statiiv antiikmessingist PAPRASTA - MetalTale.com","isPartOf":{"@id":"https:\/\/metaltale.com\/et\/#website"},"primaryImageOfPage":{"@id":"https:\/\/metaltale.com\/et\/toode\/koogikraanide-statiiv-antiikmessingist-paprasta\/#primaryimage"},"image":{"@id":"https:\/\/metaltale.com\/et\/toode\/koogikraanide-statiiv-antiikmessingist-paprasta\/#primaryimage"},"thumbnailUrl":"https:\/\/metaltale.com\/wp-content\/uploads\/2023\/10\/Virtuvinio-maix161ytuvo-stovis-antikvarinis-x17Ealvaris-PAPRASTA.jpg","datePublished":"2024-02-13T13:09:04+00:00","breadcrumb":{"@id":"https:\/\/metaltale.com\/et\/toode\/koogikraanide-statiiv-antiikmessingist-paprasta\/#breadcrumb"},"inLanguage":"et","potentialAction":[{"@type":"ReadAction","target":["https:\/\/metaltale.com\/et\/toode\/koogikraanide-statiiv-antiikmessingist-paprasta\/"]}]},{"@type":"ImageObject","inLanguage":"et","@id":"https:\/\/metaltale.com\/et\/toode\/koogikraanide-statiiv-antiikmessingist-paprasta\/#primaryimage","url":"https:\/\/metaltale.com\/wp-content\/uploads\/2023\/10\/Virtuvinio-maix161ytuvo-stovis-antikvarinis-x17Ealvaris-PAPRASTA.jpg","contentUrl":"https:\/\/metaltale.com\/wp-content\/uploads\/2023\/10\/Virtuvinio-maix161ytuvo-stovis-antikvarinis-x17Ealvaris-PAPRASTA.jpg","width":800,"height":800},{"@type":"BreadcrumbList","@id":"https:\/\/metaltale.com\/et\/toode\/koogikraanide-statiiv-antiikmessingist-paprasta\/#breadcrumb","itemListElement":[{"@type":"ListItem","position":1,"name":"Home","item":"https:\/\/metaltale.com\/et\/kodu\/"},{"@type":"ListItem","position":2,"name":"Kauplus","item":"https:\/\/metaltale.com\/et\/shop\/"},{"@type":"ListItem","position":3,"name":"K\u00f6\u00f6gikraanide statiiv antiikmessingist PAPRASTA"}]},{"@type":"WebSite","@id":"https:\/\/metaltale.com\/et\/#website","url":"https:\/\/metaltale.com\/et\/","name":"Metaltale.com","description":"","potentialAction":[{"@type":"SearchAction","target":{"@type":"EntryPoint","urlTemplate":"https:\/\/metaltale.com\/et\/?s={search_term_string}"},"query-input":{"@type":"PropertyValueSpecification","valueRequired":true,"valueName":"search_term_string"}}],"inLanguage":"et"}]}},"_links":{"self":[{"href":"https:\/\/metaltale.com\/et\/wp-json\/wp\/v2\/product\/133733","targetHints":{"allow":["GET"]}}],"collection":[{"href":"https:\/\/metaltale.com\/et\/wp-json\/wp\/v2\/product"}],"about":[{"href":"https:\/\/metaltale.com\/et\/wp-json\/wp\/v2\/types\/product"}],"replies":[{"embeddable":true,"href":"https:\/\/metaltale.com\/et\/wp-json\/wp\/v2\/comments?post=133733"}],"version-history":[{"count":0,"href":"https:\/\/metaltale.com\/et\/wp-json\/wp\/v2\/product\/133733\/revisions"}],"wp:featuredmedia":[{"embeddable":true,"href":"https:\/\/metaltale.com\/et\/wp-json\/wp\/v2\/media\/92371"}],"wp:attachment":[{"href":"https:\/\/metaltale.com\/et\/wp-json\/wp\/v2\/media?parent=133733"}],"wp:term":[{"taxonomy":"product_brand","embeddable":true,"href":"https:\/\/metaltale.com\/et\/wp-json\/wp\/v2\/product_brand?post=133733"},{"taxonomy":"product_cat","embeddable":true,"href":"https:\/\/metaltale.com\/et\/wp-json\/wp\/v2\/product_cat?post=133733"},{"taxonomy":"product_tag","embeddable":true,"href":"https:\/\/metaltale.com\/et\/wp-json\/wp\/v2\/product_tag?post=133733"}],"curies":[{"name":"wp","href":"https:\/\/api.w.org\/{rel}","templated":true}]}}