{"id":133726,"date":"2024-02-13T15:25:05","date_gmt":"2024-02-13T13:25:05","guid":{"rendered":"https:\/\/metaltale.com\/produktas\/one-board-premium-tammepuidust-liuguksed-looduslik-oli\/"},"modified":"2024-02-13T15:25:05","modified_gmt":"2024-02-13T13:25:05","slug":"one-board-premium-tammepuidust-liuguksed-looduslik-oli","status":"publish","type":"product","link":"https:\/\/metaltale.com\/et\/toode\/one-board-premium-tammepuidust-liuguksed-looduslik-oli\/","title":{"rendered":"ONE BOARD PREMIUM Tammepuidust liuguksed Looduslik \u00f5li"},"content":{"rendered":"<div class=\"prod_data\"><strong>Mudel<\/strong> ONE.P-OL-95X210-WYPRZ  <br \/><strong>Materjal<\/strong> Tammepuit  <br \/><strong>Paksus (cm<\/strong> ) 3,5  <br \/>\u00dcldine k\u00f5rgus (cm) 210 <br \/><strong>\u00dcldlaius (cm)<\/strong> 95-130  <br \/><strong>V\u00e4rv<\/strong> Puit &#8211; naturaalne \u00f5li  <br \/><strong>Viimistlemine<\/strong> \u00f5liriidega  <br \/>LISATEAVE Pakkumine kehtib ainult \u00fche ukselaua kohta ja ei sisalda libisevuss\u00fcsteemi ega muid lisaseadmeid. <\/p>\n<hr>\n<p>One Board Premium liuguks on One Board Basic mudeli julgem, iseloomulikum ja as\u00fcmmeetrilisem versioon.<\/p>\n<p>&#8220;One Board Premium on kaasaegne pakkumine n\u00f5udlikele looduses\u00f5pradele, mis \u00fchendab endas tippkvaliteedi, kasutusmugavuse ja suurep\u00e4rase disaini.<\/p>\n<p>One Board Premium on liuguks, mis on valmistatud spetsiaalselt valitud tammepuidust, mis on \u00e4\u00e4rmiselt tugev ja vastupidav, mist\u00f5ttu sobib see ideaalselt igap\u00e4evaseks kasutamiseks. One Board Premium uste ebatasased servad annavad neile loomuliku ja ebakorrap\u00e4rase kuju, mis muudab iga t\u00fcki ainulaadseks.<\/p>\n<p><strong>One Board Premium uksi iseloomustavad looduslikult tekkivad v\u00e4rvimuutused ja praod. Praod uksepinnal, s\u00fcvendid v\u00f5i s\u00f5lmeaugud ja tuvisaba\u00fchendused lisavad iseloomu ja originaalsust.<\/strong><\/p>\n<p>Maksimaalse vastupidavuse tagamiseks on One Board Premium uksed varustatud t\u00e4iendava kaitsega v\u00e4\u00e4ndumise vastu. Terade vaheldumine ja tugevdusribad l\u00fchematel servadel t\u00e4idavad kaitsefunktsiooni ning tooraine, millest uks on valmistatud, on keskmisest vastupidavam.<\/p>\n<p>Iga One Board Premium uks on oma kuju ja ebatasase pinna t\u00f5ttu ainulaadne. Selleks, et teie uks peegeldaks k\u00f5ige paremini selle ruumi iseloomu, kuhu see paigaldatakse, soovitame teil valida meie kaupluses saadaval olevad juhikud, k\u00e4epidemed ja muud tarvikud. Pakume t\u00f6\u00f6tlemata v\u00f5i naturaalse v\u00f5i pruuni \u00f5liga v\u00e4rvitud uksi. V\u00f5imalus konfigureerida \u00fcksikuid elemente muudab uksed ainulaadseks ja individuaalsetele eelistustele ja maitsele vastavaks.<\/p>\n<p>One Board Premium sobib nii moodsasse, loft- kui ka maal\u00e4hedasesse interj\u00f6\u00f6ri. Vaatamata tammepuidust uste loomup\u00e4rasele soliidsusele ei ole need ruumid \u00fcle j\u00f5u k\u00e4ivad, vaid v\u00f5tavad palju v\u00e4hem ruumi kui traditsioonilised uksed, ning puidu naturaalsus t\u00e4hendab, et see on alati moes ja ajatu.<\/p>\n<p>One Board Premiumi uksed sobivad teie interj\u00f6\u00f6ri ideaalselt:<br \/>&#8211; loomulikkus,<br \/>&#8211; unikaalsus &#8211; iga teos on individuaalne loodusteos,<br \/>&#8211; k\u00f5rgeim t\u00f6\u00f6tlemiskvaliteet,<br \/>&#8211; \u00c4\u00e4rmiselt vastupidav ja tugev t\u00e4ispuidust tammepuit.<\/p>\n<hr>\n<p><strong>ONE BOARDi liuguksele sobiva alumise r\u00f6\u00f6pa saamiseks vaadake allpool olevat vahekaarti &#8220;Seotud tooted&#8221;.<\/strong><strong><br \/><\/strong><\/p>\n<\/p>\n<\/div>\n","protected":false},"excerpt":{"rendered":"<p>Mudel ONE.P-OL-95X210-WYPRZ Materjal Tammepuit Paksus (cm ) 3,5 \u00dcldine k\u00f5rgus (cm) 210 \u00dcldlaius (cm) 95-130 V\u00e4rv Puit &#8211; naturaalne \u00f5li<\/p>\n","protected":false},"featured_media":115128,"comment_status":"open","ping_status":"closed","template":"","meta":{"_acf_changed":false,"pmpro_default_level":""},"product_brand":[],"product_cat":[24155],"product_tag":[],"class_list":{"0":"post-133726","1":"product","2":"type-product","3":"status-publish","4":"has-post-thumbnail","6":"product_cat-tammepuust-lukanduksed","7":"pmpro-has-access","9":"first","10":"instock","11":"shipping-taxable","12":"purchasable","13":"product-type-simple"},"acf":[],"yoast_head":"<!-- This site is optimized with the Yoast SEO plugin v24.9 - https:\/\/yoast.com\/wordpress\/plugins\/seo\/ -->\n<title>ONE BOARD PREMIUM Tammepuidust liuguksed Looduslik \u00f5li - MetalTale.com<\/title>\n<meta name=\"robots\" content=\"index, follow, max-snippet:-1, max-image-preview:large, max-video-preview:-1\" \/>\n<link rel=\"canonical\" href=\"https:\/\/metaltale.com\/et\/toode\/one-board-premium-tammepuidust-liuguksed-looduslik-oli\/\" \/>\n<meta property=\"og:locale\" content=\"et_EE\" \/>\n<meta property=\"og:type\" content=\"article\" \/>\n<meta property=\"og:title\" content=\"ONE BOARD PREMIUM Tammepuidust liuguksed Looduslik \u00f5li - MetalTale.com\" \/>\n<meta property=\"og:description\" content=\"Mudel ONE.P-OL-95X210-WYPRZ Materjal Tammepuit Paksus (cm ) 3,5 \u00dcldine k\u00f5rgus (cm) 210 \u00dcldlaius (cm) 95-130 V\u00e4rv Puit &#8211; naturaalne \u00f5li\" \/>\n<meta property=\"og:url\" content=\"https:\/\/metaltale.com\/et\/toode\/one-board-premium-tammepuidust-liuguksed-looduslik-oli\/\" \/>\n<meta property=\"og:site_name\" content=\"MetalTale.com\" \/>\n<meta name=\"twitter:card\" content=\"summary_large_image\" \/>\n<meta name=\"twitter:label1\" content=\"Est. reading time\" \/>\n\t<meta name=\"twitter:data1\" content=\"2 minutit\" \/>\n<script type=\"application\/ld+json\" class=\"yoast-schema-graph\">{\"@context\":\"https:\/\/schema.org\",\"@graph\":[{\"@type\":\"WebPage\",\"@id\":\"https:\/\/metaltale.com\/et\/toode\/one-board-premium-tammepuidust-liuguksed-looduslik-oli\/\",\"url\":\"https:\/\/metaltale.com\/et\/toode\/one-board-premium-tammepuidust-liuguksed-looduslik-oli\/\",\"name\":\"ONE BOARD PREMIUM Tammepuidust liuguksed Looduslik \u00f5li - MetalTale.com\",\"isPartOf\":{\"@id\":\"https:\/\/metaltale.com\/et\/#website\"},\"primaryImageOfPage\":{\"@id\":\"https:\/\/metaltale.com\/et\/toode\/one-board-premium-tammepuidust-liuguksed-looduslik-oli\/#primaryimage\"},\"image\":{\"@id\":\"https:\/\/metaltale.com\/et\/toode\/one-board-premium-tammepuidust-liuguksed-looduslik-oli\/#primaryimage\"},\"thumbnailUrl\":\"https:\/\/metaltale.com\/wp-content\/uploads\/2023\/11\/Durys-ONE-BOARD-PREMIUM-95-130x210-Natx16Brali-alyva.jpg\",\"datePublished\":\"2024-02-13T13:25:05+00:00\",\"breadcrumb\":{\"@id\":\"https:\/\/metaltale.com\/et\/toode\/one-board-premium-tammepuidust-liuguksed-looduslik-oli\/#breadcrumb\"},\"inLanguage\":\"et\",\"potentialAction\":[{\"@type\":\"ReadAction\",\"target\":[\"https:\/\/metaltale.com\/et\/toode\/one-board-premium-tammepuidust-liuguksed-looduslik-oli\/\"]}]},{\"@type\":\"ImageObject\",\"inLanguage\":\"et\",\"@id\":\"https:\/\/metaltale.com\/et\/toode\/one-board-premium-tammepuidust-liuguksed-looduslik-oli\/#primaryimage\",\"url\":\"https:\/\/metaltale.com\/wp-content\/uploads\/2023\/11\/Durys-ONE-BOARD-PREMIUM-95-130x210-Natx16Brali-alyva.jpg\",\"contentUrl\":\"https:\/\/metaltale.com\/wp-content\/uploads\/2023\/11\/Durys-ONE-BOARD-PREMIUM-95-130x210-Natx16Brali-alyva.jpg\",\"width\":800,\"height\":800},{\"@type\":\"BreadcrumbList\",\"@id\":\"https:\/\/metaltale.com\/et\/toode\/one-board-premium-tammepuidust-liuguksed-looduslik-oli\/#breadcrumb\",\"itemListElement\":[{\"@type\":\"ListItem\",\"position\":1,\"name\":\"Home\",\"item\":\"https:\/\/metaltale.com\/et\/kodu\/\"},{\"@type\":\"ListItem\",\"position\":2,\"name\":\"Kauplus\",\"item\":\"https:\/\/metaltale.com\/et\/shop\/\"},{\"@type\":\"ListItem\",\"position\":3,\"name\":\"ONE BOARD PREMIUM Tammepuidust liuguksed Looduslik \u00f5li\"}]},{\"@type\":\"WebSite\",\"@id\":\"https:\/\/metaltale.com\/et\/#website\",\"url\":\"https:\/\/metaltale.com\/et\/\",\"name\":\"Metaltale.com\",\"description\":\"\",\"potentialAction\":[{\"@type\":\"SearchAction\",\"target\":{\"@type\":\"EntryPoint\",\"urlTemplate\":\"https:\/\/metaltale.com\/et\/?s={search_term_string}\"},\"query-input\":{\"@type\":\"PropertyValueSpecification\",\"valueRequired\":true,\"valueName\":\"search_term_string\"}}],\"inLanguage\":\"et\"}]}<\/script>\n<!-- \/ Yoast SEO plugin. -->","yoast_head_json":{"title":"ONE BOARD PREMIUM Tammepuidust liuguksed Looduslik \u00f5li - MetalTale.com","robots":{"index":"index","follow":"follow","max-snippet":"max-snippet:-1","max-image-preview":"max-image-preview:large","max-video-preview":"max-video-preview:-1"},"canonical":"https:\/\/metaltale.com\/et\/toode\/one-board-premium-tammepuidust-liuguksed-looduslik-oli\/","og_locale":"et_EE","og_type":"article","og_title":"ONE BOARD PREMIUM Tammepuidust liuguksed Looduslik \u00f5li - MetalTale.com","og_description":"Mudel ONE.P-OL-95X210-WYPRZ Materjal Tammepuit Paksus (cm ) 3,5 \u00dcldine k\u00f5rgus (cm) 210 \u00dcldlaius (cm) 95-130 V\u00e4rv Puit &#8211; naturaalne \u00f5li","og_url":"https:\/\/metaltale.com\/et\/toode\/one-board-premium-tammepuidust-liuguksed-looduslik-oli\/","og_site_name":"MetalTale.com","twitter_card":"summary_large_image","twitter_misc":{"Est. reading time":"2 minutit"},"schema":{"@context":"https:\/\/schema.org","@graph":[{"@type":"WebPage","@id":"https:\/\/metaltale.com\/et\/toode\/one-board-premium-tammepuidust-liuguksed-looduslik-oli\/","url":"https:\/\/metaltale.com\/et\/toode\/one-board-premium-tammepuidust-liuguksed-looduslik-oli\/","name":"ONE BOARD PREMIUM Tammepuidust liuguksed Looduslik \u00f5li - MetalTale.com","isPartOf":{"@id":"https:\/\/metaltale.com\/et\/#website"},"primaryImageOfPage":{"@id":"https:\/\/metaltale.com\/et\/toode\/one-board-premium-tammepuidust-liuguksed-looduslik-oli\/#primaryimage"},"image":{"@id":"https:\/\/metaltale.com\/et\/toode\/one-board-premium-tammepuidust-liuguksed-looduslik-oli\/#primaryimage"},"thumbnailUrl":"https:\/\/metaltale.com\/wp-content\/uploads\/2023\/11\/Durys-ONE-BOARD-PREMIUM-95-130x210-Natx16Brali-alyva.jpg","datePublished":"2024-02-13T13:25:05+00:00","breadcrumb":{"@id":"https:\/\/metaltale.com\/et\/toode\/one-board-premium-tammepuidust-liuguksed-looduslik-oli\/#breadcrumb"},"inLanguage":"et","potentialAction":[{"@type":"ReadAction","target":["https:\/\/metaltale.com\/et\/toode\/one-board-premium-tammepuidust-liuguksed-looduslik-oli\/"]}]},{"@type":"ImageObject","inLanguage":"et","@id":"https:\/\/metaltale.com\/et\/toode\/one-board-premium-tammepuidust-liuguksed-looduslik-oli\/#primaryimage","url":"https:\/\/metaltale.com\/wp-content\/uploads\/2023\/11\/Durys-ONE-BOARD-PREMIUM-95-130x210-Natx16Brali-alyva.jpg","contentUrl":"https:\/\/metaltale.com\/wp-content\/uploads\/2023\/11\/Durys-ONE-BOARD-PREMIUM-95-130x210-Natx16Brali-alyva.jpg","width":800,"height":800},{"@type":"BreadcrumbList","@id":"https:\/\/metaltale.com\/et\/toode\/one-board-premium-tammepuidust-liuguksed-looduslik-oli\/#breadcrumb","itemListElement":[{"@type":"ListItem","position":1,"name":"Home","item":"https:\/\/metaltale.com\/et\/kodu\/"},{"@type":"ListItem","position":2,"name":"Kauplus","item":"https:\/\/metaltale.com\/et\/shop\/"},{"@type":"ListItem","position":3,"name":"ONE BOARD PREMIUM Tammepuidust liuguksed Looduslik \u00f5li"}]},{"@type":"WebSite","@id":"https:\/\/metaltale.com\/et\/#website","url":"https:\/\/metaltale.com\/et\/","name":"Metaltale.com","description":"","potentialAction":[{"@type":"SearchAction","target":{"@type":"EntryPoint","urlTemplate":"https:\/\/metaltale.com\/et\/?s={search_term_string}"},"query-input":{"@type":"PropertyValueSpecification","valueRequired":true,"valueName":"search_term_string"}}],"inLanguage":"et"}]}},"_links":{"self":[{"href":"https:\/\/metaltale.com\/et\/wp-json\/wp\/v2\/product\/133726","targetHints":{"allow":["GET"]}}],"collection":[{"href":"https:\/\/metaltale.com\/et\/wp-json\/wp\/v2\/product"}],"about":[{"href":"https:\/\/metaltale.com\/et\/wp-json\/wp\/v2\/types\/product"}],"replies":[{"embeddable":true,"href":"https:\/\/metaltale.com\/et\/wp-json\/wp\/v2\/comments?post=133726"}],"version-history":[{"count":0,"href":"https:\/\/metaltale.com\/et\/wp-json\/wp\/v2\/product\/133726\/revisions"}],"wp:featuredmedia":[{"embeddable":true,"href":"https:\/\/metaltale.com\/et\/wp-json\/wp\/v2\/media\/115128"}],"wp:attachment":[{"href":"https:\/\/metaltale.com\/et\/wp-json\/wp\/v2\/media?parent=133726"}],"wp:term":[{"taxonomy":"product_brand","embeddable":true,"href":"https:\/\/metaltale.com\/et\/wp-json\/wp\/v2\/product_brand?post=133726"},{"taxonomy":"product_cat","embeddable":true,"href":"https:\/\/metaltale.com\/et\/wp-json\/wp\/v2\/product_cat?post=133726"},{"taxonomy":"product_tag","embeddable":true,"href":"https:\/\/metaltale.com\/et\/wp-json\/wp\/v2\/product_tag?post=133726"}],"curies":[{"name":"wp","href":"https:\/\/api.w.org\/{rel}","templated":true}]}}